


{"id":24183,"date":"2024-01-23T13:36:42","date_gmt":"2024-01-23T12:36:42","guid":{"rendered":"https:\/\/pbp.womczest.edu.pl\/new\/?page_id=24183"},"modified":"2024-01-23T13:46:52","modified_gmt":"2024-01-23T12:46:52","slug":"ulice-na-wrzosowaiaku","status":"publish","type":"page","link":"https:\/\/pbp.womczest.edu.pl\/new\/ulice-na-wrzosowaiaku\/","title":{"rendered":"Ulice na Wrzosowaiaku"},"content":{"rendered":"<div class=\"xdj266r x11i5rnm xat24cr x1mh8g0r x1vvkbs x126k92a\">\n<div dir=\"auto\"><\/div>\n<\/div>\n<div class=\"x11i5rnm xat24cr x1mh8g0r x1vvkbs xtlvy1s x126k92a\">\n<div dir=\"auto\"><\/div>\n<div dir=\"auto\">16 stycznia 2024 r. nasi pracownicy dr Agata Arkabus i Anna P\u0142usa wzi\u0119\u0142y udzia\u0142 w sesji popularyzatorskiej \u201eUlice na Wrzosowiaku\u201d. Sesja zosta\u0142a zorganizowana w Szkole Podstawowej nr 53 z Oddzia\u0142ami Integracyjnymi im. Marii Sk\u0142odowskiej-Curie w Cz\u0119stochowie w ramach mi\u0119dzyszkolnego projektu &#8222;Literacka mapa Cz\u0119stochowy&#8221;, przygotowana przez dr Renat\u0119 Sowad\u0119. Koordynatorem projektu jest Publiczna Biblioteka Pedagogiczna RODN &#8222;WOM&#8221; w Cz\u0119stochowie&#8221;. Celem projektu jest popularyzacja postaci oraz tw\u00f3rczo\u015bci polskich pisarzy i poet\u00f3w, kszta\u0142towanie poczucia w\u0142asnej to\u017csamo\u015bci, jako podstawy zaanga\u017cowania si\u0119 w funkcjonowanie we w\u0142asnym \u015brodowisku. Odbiorcami dzia\u0142a\u0144 s\u0105 uczniowie i nauczyciele ze szk\u00f3\u0142 podstawowych i ponadpodstawowych Cz\u0119stochowy i regionu. Podczas sesji wyst\u0105pi\u0142 prelegent dr Pawe\u0142 Michalski z O\u015brodka Dokumentacji Dziej\u00f3w Cz\u0119stochowy Muzeum Cz\u0119stochowskiego oraz swoje prezentacje om\u00f3wili uczniowie bior\u0105cy udzia\u0142 w projekcie.<\/div>\n<\/div>\n<div dir=\"auto\"><\/div>\n<div dir=\"auto\"><a href=\"https:\/\/sp53czest.szkolnastrona.pl\/art,542,ulice-na-wrzosowiaku-sesja-popularyzatorska\">Sesja popularyzatorska w SP nr 53 w Cz\u0119stochowie<\/a><\/div>\n<div class=\"x11i5rnm xat24cr x1mh8g0r x1vvkbs xtlvy1s x126k92a\">\n<div dir=\"auto\" style=\"text-align: right;\"><em>Tekst: Anna P\u0142usa<\/em><\/div>\n<\/div>\n","protected":false},"excerpt":{"rendered":"<p>16 stycznia 2024 r. nasi pracownicy dr Agata Arkabus i Anna P\u0142usa wzi\u0119\u0142y udzia\u0142 w sesji popularyzatorskiej \u201eUlice na Wrzosowiaku\u201d. Sesja zosta\u0142a zorganizowana w Szkole Podstawowej nr 53 z Oddzia\u0142ami Integracyjnymi im. Marii Sk\u0142odowskiej-Curie w Cz\u0119stochowie w ramach mi\u0119dzyszkolnego projektu &#8222;Literacka mapa Cz\u0119stochowy&#8221;, przygotowana przez dr Renat\u0119 Sowad\u0119. Koordynatorem projektu jest Publiczna Biblioteka Pedagogiczna RODN &#8222;WOM&#8221; w Cz\u0119stochowie&#8221;. Celem projektu jest popularyzacja postaci oraz tw\u00f3rczo\u015bci polskich pisarzy i poet\u00f3w, kszta\u0142towanie<span class=\"ellipsis\">&hellip;<\/span><\/p>\n<div class=\"read-more\"><a href=\"https:\/\/pbp.womczest.edu.pl\/new\/ulice-na-wrzosowaiaku\/\">Czytaj wi\u0119cej &#8250;<\/a><\/div>\n<p><!-- end of .read-more --><\/p>\n","protected":false},"author":6,"featured_media":0,"parent":0,"menu_order":0,"comment_status":"closed","ping_status":"closed","template":"","meta":{"footnotes":""},"jetpack_sharing_enabled":true,"jetpack_shortlink":"https:\/\/wp.me\/PgmV4H-6i3","_links":{"self":[{"href":"https:\/\/pbp.womczest.edu.pl\/new\/wp-json\/wp\/v2\/pages\/24183"}],"collection":[{"href":"https:\/\/pbp.womczest.edu.pl\/new\/wp-json\/wp\/v2\/pages"}],"about":[{"href":"https:\/\/pbp.womczest.edu.pl\/new\/wp-json\/wp\/v2\/types\/page"}],"author":[{"embeddable":true,"href":"https:\/\/pbp.womczest.edu.pl\/new\/wp-json\/wp\/v2\/users\/6"}],"replies":[{"embeddable":true,"href":"https:\/\/pbp.womczest.edu.pl\/new\/wp-json\/wp\/v2\/comments?post=24183"}],"version-history":[{"count":6,"href":"https:\/\/pbp.womczest.edu.pl\/new\/wp-json\/wp\/v2\/pages\/24183\/revisions"}],"predecessor-version":[{"id":24193,"href":"https:\/\/pbp.womczest.edu.pl\/new\/wp-json\/wp\/v2\/pages\/24183\/revisions\/24193"}],"wp:attachment":[{"href":"https:\/\/pbp.womczest.edu.pl\/new\/wp-json\/wp\/v2\/media?parent=24183"}],"curies":[{"name":"wp","href":"https:\/\/api.w.org\/{rel}","templated":true}]}}