


{"id":24160,"date":"2024-01-22T14:29:47","date_gmt":"2024-01-22T13:29:47","guid":{"rendered":"https:\/\/pbp.womczest.edu.pl\/new\/?page_id=24160"},"modified":"2024-01-22T14:29:47","modified_gmt":"2024-01-22T13:29:47","slug":"czytanie-wartosci-2023-2024","status":"publish","type":"page","link":"https:\/\/pbp.womczest.edu.pl\/new\/czytanie-wartosci-2023-2024\/","title":{"rendered":"&#8222;Czytanie warto\u015bci&#8221; 2023\/2024"},"content":{"rendered":"<p><a href=\"https:\/\/pbp.womczest.edu.pl\/new\/wp-content\/uploads\/2024\/01\/czytanie_lelow-scaled.jpg\"><img decoding=\"async\" loading=\"lazy\" class=\"wp-image-24155 alignleft\" src=\"https:\/\/pbp.womczest.edu.pl\/new\/wp-content\/uploads\/2024\/01\/czytanie_lelow-scaled.jpg\" alt=\"\" width=\"297\" height=\"388\" srcset=\"https:\/\/pbp.womczest.edu.pl\/new\/wp-content\/uploads\/2024\/01\/czytanie_lelow-scaled.jpg 1961w, https:\/\/pbp.womczest.edu.pl\/new\/wp-content\/uploads\/2024\/01\/czytanie_lelow-230x300.jpg 230w, https:\/\/pbp.womczest.edu.pl\/new\/wp-content\/uploads\/2024\/01\/czytanie_lelow-766x1000.jpg 766w, https:\/\/pbp.womczest.edu.pl\/new\/wp-content\/uploads\/2024\/01\/czytanie_lelow-768x1002.jpg 768w, https:\/\/pbp.womczest.edu.pl\/new\/wp-content\/uploads\/2024\/01\/czytanie_lelow-1177x1536.jpg 1177w, https:\/\/pbp.womczest.edu.pl\/new\/wp-content\/uploads\/2024\/01\/czytanie_lelow-1569x2048.jpg 1569w, https:\/\/pbp.womczest.edu.pl\/new\/wp-content\/uploads\/2024\/01\/czytanie_lelow-100x131.jpg 100w, https:\/\/pbp.womczest.edu.pl\/new\/wp-content\/uploads\/2024\/01\/czytanie_lelow-150x196.jpg 150w, https:\/\/pbp.womczest.edu.pl\/new\/wp-content\/uploads\/2024\/01\/czytanie_lelow-200x261.jpg 200w, https:\/\/pbp.womczest.edu.pl\/new\/wp-content\/uploads\/2024\/01\/czytanie_lelow-300x392.jpg 300w, https:\/\/pbp.womczest.edu.pl\/new\/wp-content\/uploads\/2024\/01\/czytanie_lelow-450x587.jpg 450w, https:\/\/pbp.womczest.edu.pl\/new\/wp-content\/uploads\/2024\/01\/czytanie_lelow-600x783.jpg 600w, https:\/\/pbp.womczest.edu.pl\/new\/wp-content\/uploads\/2024\/01\/czytanie_lelow-900x1175.jpg 900w\" sizes=\"(max-width: 297px) 100vw, 297px\" \/><\/a>W roku szkolnym 2023\/2024 zako\u0144czyli\u015bmy dziesi\u0105t\u0105 edycj\u0119 spotka\u0144 z uczniami\u00a0 klasy I a i I b Zespo\u0142u Szkolno Przedszkolnego w Lelowie w ramach projektu <strong><em>Czytanie warto\u015bci. <\/em><\/strong>Zaj\u0119cia rozpocz\u0119\u0142y si\u0119 <strong>06. 10. 2023 r<\/strong>. i trwa\u0142y do <strong>19. 01. 2024 r<\/strong>. Og\u00f3\u0142em odby\u0142o si\u0119 16 spotka\u0144, kt\u00f3rych celem by\u0142o budowanie systemu warto\u015bci dziecka, wskazywanie tego co dobre i z\u0142e, rozpoznawanie i nazywanie uczu\u0107 &#8211; emocji, podejmowanie pr\u00f3b kontrolowania swojego zachowania, skierowanie uwagi dzieci na ponad czasowy przekaz warto\u015bci zawartych w bajkach, ba\u015bniach, opowiadaniach. Tematyka czytanych warto\u015bci dotyczy\u0142a czterech obszar\u00f3w: rodziny-emocji, patriotyzmu, uczciwo\u015bci-szacunku, odpowiedzialno\u015bci-dobra \u2013 z\u0142a.<\/p>\n<p>\u201e<em>Wspomaganie wychowawczej roli rodziny poprzez pomoc w kszta\u0142towaniu u wychowank\u00f3w i uczni\u00f3w sta\u0142ych sprawno\u015bci w czynieniu dobra, rzeteln\u0105 diagnoz\u0119 potrzeb rozwojowych dzieci i m\u0142odzie\u017cy, realizacj\u0119 adekwatnego programu wychowawczo-profilaktycznego oraz zaj\u0119\u0107 wychowania do \u017cycia w rodzinie\u201d, <\/em>to jeden z kierunk\u00f3w polityki o\u015bwiatowej pa\u0144stwa w roku szkolnym 2023\/2024, kt\u00f3ry wpisywa\u0142 si\u0119 w tre\u015bci prowadzonych zaj\u0119\u0107. Uczniowie ch\u0119tnie uczestniczyli w organizowanych zaj\u0119ciach. Potrafili oceni\u0107 zachowanie i post\u0119powanie ksi\u0105\u017ckowych bohater\u00f3w oraz por\u00f3wna\u0107 je do r\u00f3\u017cnych, znanych sobie przyk\u0142ad\u00f3w. Zaj\u0119cia zosta\u0142y zorganizowane i przeprowadzone przez nauczycieli bibliotekarzy<b> <\/b>PBP RODN \u201eWOM\u201d w\u00a0Cz\u0119stochowie Filia w\u00a0Lelowie.<\/p>\n<p><strong>Wychowawczyniom \u00a0klasy I a i I b serdecznie dzi\u0119kujemy za wsp\u00f3\u0142prac\u0119.<\/strong><\/p>\n<p style=\"text-align: right;\"><em>Tekst: Dorota Kulawiak<\/em><\/p>\n","protected":false},"excerpt":{"rendered":"<p>W roku szkolnym 2023\/2024 zako\u0144czyli\u015bmy dziesi\u0105t\u0105 edycj\u0119 spotka\u0144 z uczniami\u00a0 klasy I a i I b Zespo\u0142u Szkolno Przedszkolnego w Lelowie w ramach projektu Czytanie warto\u015bci. Zaj\u0119cia rozpocz\u0119\u0142y si\u0119 06. 10. 2023 r. i trwa\u0142y do 19. 01. 2024 r. Og\u00f3\u0142em odby\u0142o si\u0119 16 spotka\u0144, kt\u00f3rych celem by\u0142o budowanie systemu warto\u015bci dziecka, wskazywanie tego co dobre i z\u0142e, rozpoznawanie i nazywanie uczu\u0107 &#8211; emocji, podejmowanie pr\u00f3b kontrolowania swojego zachowania, skierowanie<span class=\"ellipsis\">&hellip;<\/span><\/p>\n<div class=\"read-more\"><a href=\"https:\/\/pbp.womczest.edu.pl\/new\/czytanie-wartosci-2023-2024\/\">Czytaj wi\u0119cej &#8250;<\/a><\/div>\n<p><!-- end of .read-more --><\/p>\n","protected":false},"author":6,"featured_media":0,"parent":0,"menu_order":0,"comment_status":"closed","ping_status":"closed","template":"","meta":{"footnotes":""},"jetpack_sharing_enabled":true,"jetpack_shortlink":"https:\/\/wp.me\/PgmV4H-6hG","_links":{"self":[{"href":"https:\/\/pbp.womczest.edu.pl\/new\/wp-json\/wp\/v2\/pages\/24160"}],"collection":[{"href":"https:\/\/pbp.womczest.edu.pl\/new\/wp-json\/wp\/v2\/pages"}],"about":[{"href":"https:\/\/pbp.womczest.edu.pl\/new\/wp-json\/wp\/v2\/types\/page"}],"author":[{"embeddable":true,"href":"https:\/\/pbp.womczest.edu.pl\/new\/wp-json\/wp\/v2\/users\/6"}],"replies":[{"embeddable":true,"href":"https:\/\/pbp.womczest.edu.pl\/new\/wp-json\/wp\/v2\/comments?post=24160"}],"version-history":[{"count":1,"href":"https:\/\/pbp.womczest.edu.pl\/new\/wp-json\/wp\/v2\/pages\/24160\/revisions"}],"predecessor-version":[{"id":24161,"href":"https:\/\/pbp.womczest.edu.pl\/new\/wp-json\/wp\/v2\/pages\/24160\/revisions\/24161"}],"wp:attachment":[{"href":"https:\/\/pbp.womczest.edu.pl\/new\/wp-json\/wp\/v2\/media?parent=24160"}],"curies":[{"name":"wp","href":"https:\/\/api.w.org\/{rel}","templated":true}]}}