


{"id":23926,"date":"2023-11-28T11:27:29","date_gmt":"2023-11-28T10:27:29","guid":{"rendered":"https:\/\/pbp.womczest.edu.pl\/new\/?page_id=23926"},"modified":"2023-11-29T11:44:00","modified_gmt":"2023-11-29T10:44:00","slug":"dzien-pluszowego-misia-2023","status":"publish","type":"page","link":"https:\/\/pbp.womczest.edu.pl\/new\/dzien-pluszowego-misia-2023\/","title":{"rendered":"Dzie\u0144 Pluszowego Misia 2023"},"content":{"rendered":"<p>25\u00a0 listopada 2023 r. obchodzony jest \u015awiatowy Dzie\u0144 Pluszowego Misia. Z tej okazji Publiczna Biblioteka Pedagogiczna RODN \u201eWOM\u201d w Cz\u0119stochowie Filia w Lelowie i Gminna Biblioteka Publiczna w Lelowie zorganizowa\u0142y 27 listopada 2023 r. spotkanie dla uczni\u00f3w klas I \u2013 III Zespo\u0142u Szkolno Przedszkolnego w Lelowie, kt\u00f3re odby\u0142o si\u0119 w Gminnej Bibliotece Publicznej w Lelowie. Na spotkanie z Misiem przyby\u0142o 70 uczni\u00f3w wraz opiekunami.<\/p>\n<p>Podczas spotkania dzieci wys\u0142ucha\u0142y kr\u00f3tkiej historii Pluszowego Misia, z\u0142o\u017cy\u0142y solenizantowi \u017cyczenia, wr\u0119czy\u0142y laurk\u0119 i za\u015bpiewa\u0142y 100 lat. Urodzinowemu przyj\u0119ciu towarzyszy\u0142y wsp\u00f3lna zabawa i pl\u0105sy. Podsumowano r\u00f3wnie\u017c konkurs plastyczny pt. <em>\u201eBy\u0142 sobie pewien Mi\u015b\u201d,<\/em> wr\u0119czono laureatom dyplomy i nagrody. Ponadto ka\u017cda klasa otrzyma\u0142a dyplom Przyjaciela Pluszowego Misia i zrobi\u0142a pami\u0105tkowe zdj\u0119cie w towarzystwie pluszak\u00f3w. Wszyscy uczestnicy obejrzeli r\u00f3wnie\u017c wystaw\u0119 prac konkursowych.<\/p>\n<p>Na zako\u0144czenie Mi\u015b podzi\u0119kowa\u0142 swoim go\u015bciom za przybycie, pocz\u0119stowa\u0142 ma\u0142ym co nieco i zaprosi\u0142 na kolejne spotkanie za rok.<\/p>\n<p>Dzi\u0119kujemy wszystkim za wsp\u00f3\u0142prac\u0119 i udzia\u0142 w spotkaniu.<\/p>\n<p style=\"text-align: right;\"><em>Tekst: Jadwiga G\u00f3recka<br \/>\n<\/em><em>Zdj\u0119cia: Magdalena Dors<\/em><\/p>\n","protected":false},"excerpt":{"rendered":"<p>25\u00a0 listopada 2023 r. obchodzony jest \u015awiatowy Dzie\u0144 Pluszowego Misia. Z tej okazji Publiczna Biblioteka Pedagogiczna RODN \u201eWOM\u201d w Cz\u0119stochowie Filia w Lelowie i Gminna Biblioteka Publiczna w Lelowie zorganizowa\u0142y 27 listopada 2023 r. spotkanie dla uczni\u00f3w klas I \u2013 III Zespo\u0142u Szkolno Przedszkolnego w Lelowie, kt\u00f3re odby\u0142o si\u0119 w Gminnej Bibliotece Publicznej w Lelowie. Na spotkanie z Misiem przyby\u0142o 70 uczni\u00f3w wraz opiekunami. Podczas spotkania dzieci wys\u0142ucha\u0142y kr\u00f3tkiej historii<span class=\"ellipsis\">&hellip;<\/span><\/p>\n<div class=\"read-more\"><a href=\"https:\/\/pbp.womczest.edu.pl\/new\/dzien-pluszowego-misia-2023\/\">Czytaj wi\u0119cej &#8250;<\/a><\/div>\n<p><!-- end of .read-more --><\/p>\n","protected":false},"author":6,"featured_media":0,"parent":0,"menu_order":0,"comment_status":"closed","ping_status":"closed","template":"","meta":{"footnotes":""},"jetpack_sharing_enabled":true,"jetpack_shortlink":"https:\/\/wp.me\/PgmV4H-6dU","_links":{"self":[{"href":"https:\/\/pbp.womczest.edu.pl\/new\/wp-json\/wp\/v2\/pages\/23926"}],"collection":[{"href":"https:\/\/pbp.womczest.edu.pl\/new\/wp-json\/wp\/v2\/pages"}],"about":[{"href":"https:\/\/pbp.womczest.edu.pl\/new\/wp-json\/wp\/v2\/types\/page"}],"author":[{"embeddable":true,"href":"https:\/\/pbp.womczest.edu.pl\/new\/wp-json\/wp\/v2\/users\/6"}],"replies":[{"embeddable":true,"href":"https:\/\/pbp.womczest.edu.pl\/new\/wp-json\/wp\/v2\/comments?post=23926"}],"version-history":[{"count":2,"href":"https:\/\/pbp.womczest.edu.pl\/new\/wp-json\/wp\/v2\/pages\/23926\/revisions"}],"predecessor-version":[{"id":23955,"href":"https:\/\/pbp.womczest.edu.pl\/new\/wp-json\/wp\/v2\/pages\/23926\/revisions\/23955"}],"wp:attachment":[{"href":"https:\/\/pbp.womczest.edu.pl\/new\/wp-json\/wp\/v2\/media?parent=23926"}],"curies":[{"name":"wp","href":"https:\/\/api.w.org\/{rel}","templated":true}]}}