


{"id":23834,"date":"2023-11-09T09:41:32","date_gmt":"2023-11-09T08:41:32","guid":{"rendered":"https:\/\/pbp.womczest.edu.pl\/new\/?page_id=23834"},"modified":"2023-11-14T11:08:32","modified_gmt":"2023-11-14T10:08:32","slug":"przeglad-piesni-i-piosenek-o-kosmosie-pod-honorowym-patronatem-dyrektora-muzeum-mikolaja-kopernika-we-fromborku","status":"publish","type":"page","link":"https:\/\/pbp.womczest.edu.pl\/new\/przeglad-piesni-i-piosenek-o-kosmosie-pod-honorowym-patronatem-dyrektora-muzeum-mikolaja-kopernika-we-fromborku\/","title":{"rendered":"Przegl\u0105d Pie\u015bni i Piosenek o Kosmosie  pod honorowym patronatem  Dyrektora Muzeum Miko\u0142aja Kopernika we Fromborku"},"content":{"rendered":"<p><a href=\"https:\/\/pbp.womczest.edu.pl\/new\/wp-content\/uploads\/2023\/09\/logo_kosmos.jpg\"><img decoding=\"async\" loading=\"lazy\" class=\"wp-image-23561 alignleft\" src=\"https:\/\/pbp.womczest.edu.pl\/new\/wp-content\/uploads\/2023\/09\/logo_kosmos.jpg\" alt=\"Planeta z pier\u015bcieniami - logo konkursu\" width=\"257\" height=\"186\" srcset=\"https:\/\/pbp.womczest.edu.pl\/new\/wp-content\/uploads\/2023\/09\/logo_kosmos.jpg 819w, https:\/\/pbp.womczest.edu.pl\/new\/wp-content\/uploads\/2023\/09\/logo_kosmos-300x217.jpg 300w, https:\/\/pbp.womczest.edu.pl\/new\/wp-content\/uploads\/2023\/09\/logo_kosmos-768x556.jpg 768w, https:\/\/pbp.womczest.edu.pl\/new\/wp-content\/uploads\/2023\/09\/logo_kosmos-100x72.jpg 100w, https:\/\/pbp.womczest.edu.pl\/new\/wp-content\/uploads\/2023\/09\/logo_kosmos-150x109.jpg 150w, https:\/\/pbp.womczest.edu.pl\/new\/wp-content\/uploads\/2023\/09\/logo_kosmos-200x145.jpg 200w, https:\/\/pbp.womczest.edu.pl\/new\/wp-content\/uploads\/2023\/09\/logo_kosmos-450x326.jpg 450w, https:\/\/pbp.womczest.edu.pl\/new\/wp-content\/uploads\/2023\/09\/logo_kosmos-600x434.jpg 600w\" sizes=\"(max-width: 257px) 100vw, 257px\" \/><\/a>W zwi\u0105zku z 550. rocznic\u0105 urodzin Miko\u0142aja Kopernika oraz wk\u0142adem polskiego astronoma w\u00a0rozw\u00f3j \u015bwiatowej nauki, Publiczna Biblioteka Pedagogiczna RODN \u201eWOM\u201d w Cz\u0119stochowie i Miejskie Przedszkole nr 25 im. Przyjaci\u00f3\u0142 Kubusia Puchatka w Cz\u0119stochowie w\u0142\u0105czy\u0142y si\u0119 w\u00a0obchody i promocj\u0119 wydarze\u0144 zwi\u0105zanych z\u00a0 uczczeniem wybitnego Polaka i astronoma.<\/p>\n<p>7 listopada 2023 r. w Publicznej Bibliotece Pedagogicznej RODN \u201eWOM\u201d w Cz\u0119stochowie odby\u0142 si\u0119 <em>Przegl\u0105d Pie\u015bni i Piosenek o Kosmosie<\/em> pod honorowym patronatem Dyrektora Muzeum Miko\u0142aja Kopernika we Fromborku Pana Miros\u0142awa Jonakowskiego.<\/p>\n<p>Przegl\u0105d Pie\u015bni i Piosenki to ju\u017c sz\u00f3sta edycja konkursu skierowanego do dzieci sze\u015bcioletnich z Cz\u0119stochowy i powiatu cz\u0119stochowskiego, lublinieckiego i k\u0142obuckiego. Dotychczas odby\u0142y si\u0119 edycje: \u201ePrzegl\u0105d Piosenki i Pie\u015bni o Mojej Ziemi Ojczystej\u201d pod patronatem Europejskiego Roku Dziedzictwa Kulturowego (2018 r.),\u201ePrzegl\u0105d Pie\u015bni Ludowych Zespo\u0142u Pie\u015bni i Ta\u0144ca \u201c\u015al\u0105sk\u201d im. Stanis\u0142awa Hadyny\u201d (2019 r.), \u201ePrzegl\u0105d Pie\u015bni i\u00a0 Piosenek o \u015awi\u0119tym Janie Pawle II\u201d (2021 r.), \u201ePrzegl\u0105d Pie\u015bni i Piosenek G\u00f3rali Polskich\u201d pod patronatem Zwi\u0105zku G\u00f3rali Polskich im. \u015awi\u0119tego Jana Paw\u0142a II (2021 r.) oraz \u201ePrzegl\u0105d Pie\u015bni i Piosenek G\u00f3rnego \u015al\u0105ska\u201d pod patronatem Dyrektora Oddzia\u0142u Instytutu Pami\u0119ci Narodowej w Katowicach (2022 r.).<\/p>\n<p>Koordynatorami konkursu byli nauczyciele bibliotekarze dr Agata Arkabus i Anna P\u0142usa oraz nauczyciele wychowania przedszkolnego Iwona Ledwo\u0144 i Ma\u0142gorzata Stachurska \u2013 dyrektor Miejskiego Przedszkola nr 25 im. Przyjaci\u00f3\u0142 Kubusia Puchatka w Cz\u0119stochowie.<\/p>\n<p>Cele konkursu:<\/p>\n<p>&#8211; Wspieranie integralnego rozwoju dzieci w zakresie tw\u00f3rczo\u015bci artystycznej poprzez umo\u017cliwienie prezentacji ich umiej\u0119tno\u015bci wokalnych.<br \/>\n&#8211; Popularyzacja pie\u015bni i piosenek o kosmosie, gwiazdach, planetach i innych elementach przestrzeni pozaziemskiej.<br \/>\n&#8211; Upami\u0119tnienie 550. rocznicy urodzin Miko\u0142aja Kopernika oraz wk\u0142adu polskiego astronoma w\u00a0 rozw\u00f3j \u015bwiatowej nauki.<br \/>\n&#8211; Zach\u0119cenie nauczycieli i dzieci do poszerzania wiadomo\u015bci z zakresu astronomii.<\/p>\n<p>W konkursie udzia\u0142 wzi\u0119\u0142y dwuosobowe zespo\u0142y dzieci z przedszkoli oraz oddzia\u0142\u00f3w przedszkolnych.<\/p>\n<p>Wyst\u0119py dzieci ocenia\u0142a komisja konkursowa w sk\u0142ad kt\u00f3rej weszli:<\/p>\n<p>Piotr Hankus \u2013 przewodnicz\u0105cy komisji konkursowej, wieloletni solista Zespo\u0142u Pie\u015bni Ta\u0144ca \u201e\u015al\u0105sk\u201d. Specjalista ds. edukacyjnych; prowadzi mi\u0119dzy innymi warsztaty wokalne, taneczne i\u00a0 teatralne. Pracownik \u015al\u0105skiego Centrum Edukacji Regionalnej w Kosz\u0119cinie. W 2015 r. uhonorowany tytu\u0142em Mistrza Mowy Polskiej. Pan Piotr Hankus uczestniczy\u0142 w obradach\u00a0 wielu komisji konkurs\u00f3w artystycznych.<\/p>\n<p>Ilona Kall-Szczypi\u00f3r &#8211; cz\u0142onek komisji \u2013 nauczyciel i pedagog Zespo\u0142u Szk\u00f3\u0142 Muzycznych im. Marcina J\u00f3zefa \u017bebrowskiego w Cz\u0119stochowie. Prowadzi zaj\u0119cia z dzie\u0107mi w szkole muzycznej I stopnia; akompaniatorka. Nauczycielka warsztat\u00f3w pianistycznych w Gminnym O\u015brodku Kultury w Mied\u017anie oraz cz\u0142onek komisji w Amatorskim Konkursie Pianistycznym w Mied\u017anie.<\/p>\n<p>Komisja konkursowa dokona\u0142a oceny wszystkich uczestnik\u00f3w wed\u0142ug nast\u0119puj\u0105cych kryteri\u00f3w:<\/p>\n<p>&#8211; dob\u00f3r repertuaru &#8211; tre\u015b\u0107 i charakter zgodne z za\u0142o\u017ceniami regulaminu;<br \/>\n&#8211; warto\u015b\u0107 artystyczna utwor\u00f3w oraz ich dob\u00f3r do mo\u017cliwo\u015bci wykonawczych uczestnika;<br \/>\n&#8211; muzykalno\u015b\u0107 i warunki g\u0142osowe wykonawc\u00f3w (emisja, dykcja, intonacja);<br \/>\n&#8211; interpretacja utwor\u00f3w;<br \/>\n&#8211; og\u00f3lny wyraz artystyczny i estetyczny.<\/p>\n<p>Komisja konkursowa <em>Przegl\u0105du Pie\u015bni i Piosenek o Kosmosie<\/em> pod honorowym patronatem Dyrektora Muzeum Miko\u0142aja Kopernika we Fromborku na posiedzeniu komisji konkursowej w dniu 7 listopada 2023 r. wy\u0142oni\u0142a nast\u0119puj\u0105cych laureat\u00f3w:<\/p>\n<p><strong>I miejsce:<\/strong><\/p>\n<p>Miejskie Przedszkole nr 12 im. Ireny Szewi\u0144skiej w Cz\u0119stochowie<br \/>\nALICJA BORKOWSKA,\u00a0 JULIA BORKOWSKA<br \/>\n\u201eKosmiczna podr\u00f3\u017c\u201d<\/p>\n<p><strong>II miejsce:<\/strong><\/p>\n<p>Miejskie Przedszkole nr 9 w Cz\u0119stochowie<br \/>\nANTONINA RAJCZYKOWSKA, STANIS\u0141AW GUCWA<br \/>\n\u201eUfoludki na urlopie\u201d<\/p>\n<p><strong>III miejsce:<\/strong><br \/>\nMiejskie Przedszkole nr 38 w Cz\u0119stochowie<br \/>\nPOLA KO\u015aCIA\u0143SKA, MIKO\u0141AJ G\u0141ADYSZ<br \/>\n\u201eZielone ufoludki\u201d<\/p>\n<p><strong>Wyr\u00f3\u017cnienia:<\/strong><\/p>\n<p>Miejskie Przedszkole nr 25 im. Przyjaci\u00f3\u0142 Kubusia Puchatka w Cz\u0119stochowie<br \/>\nZOFIA NIZIO\u0141, AMELIA PITNER<br \/>\n\u201eKosmiczne wirowanie\u201d<\/p>\n<p>Szko\u0142a Podstawowa w Bia\u0142ej<br \/>\nLENA POCH, WERONIKA SKRZYPCZAK<br \/>\n\u201eUk\u0142ad s\u0142oneczny\u201d<\/p>\n<p>Miejskie Przedszkole Integracyjne nr 43 w Cz\u0119stochowie<br \/>\nANNA JASI\u0143SKA, JAKUB PIECH<br \/>\n\u201eZiemia, S\u0142o\u0144ce, Wenus, Mars\u201d<\/p>\n<p>Kr\u00f3lestwo Przedszkolaka Przedszkole Niepubliczne w Cz\u0119stochowie<br \/>\nLARA ADAMCZYK, POLA RADECKA<br \/>\n\u201eMisja w\u015br\u00f3d gwiazd\u201d<\/p>\n<p>Kreatywne Przedszkole Niepubliczne \u201eMa\u0142e Skarby\u201d Stradom w Cz\u0119stochowie<br \/>\nLAURA NOSZCZYK, MAKSYMILIAN WALASZCZYK<br \/>\n\u201eKosmiczna wyprawa\u201d<\/p>\n<p>Miejskie Przedszkole nr 33 w Cz\u0119stochowie<br \/>\nIDALIA ZATO\u0143SKA, KLAUDIA KMIECIK<br \/>\n\u201eKosmiczne wirowanie\u201d<\/p>\n<p>Nagrody dla uczestnik\u00f3w konkursu ufundowali sponsorzy:<\/p>\n<p>&#8211; Dyrektor Muzeum Miko\u0142aja Kopernika we Fromborku Pan Miros\u0142aw Jonakowski dla zwyci\u0119zc\u00f3w pierwszego miejsca ufundowa\u0142 rodzinne vouchery na bezp\u0142atne zwiedzanie wszystkich obiekt\u00f3w muzeum Miko\u0142aja Kopernika we Fromborku: Gmachu G\u0142\u00f3wnego, Wie\u017cy Kopernika, Dzia\u0142u Historii Medycyny, Parku Astronomicznego oraz seans w Planetarium.<\/p>\n<p>&#8211; Zesp\u00f3\u0142 Pie\u015bni i Ta\u0144ca \u201e\u015al\u0105sk\u201d im. Stanis\u0142awa Hadyny w Kosz\u0119cinie.<\/p>\n<p>&#8211; Miejskie Przedszkole nr 25 im. Przyjaci\u00f3\u0142 Kubusia Puchatka w Cz\u0119stochowie.<\/p>\n<p>Podczas obrad jury dzieci uczestniczy\u0142y w warsztatach naukowych \u201eWok\u00f3\u0142 planet \u2013 gry i zabawy\u201d prowadzonych przez nauczycieli bibliotekarzy: Anet\u0119 Przyby\u0142owicz i Ernesta Pidzika. Doro\u015bli w tym czasie ogl\u0105dali wystaw\u0119 \u201eZanim nasta\u0142y media cyfrowe\u201d zlokalizowanej w Publicznej Bibliotece Pedagogicznej RODN \u201eWOM\u201d w Cz\u0119stochowie.<\/p>\n<p>Prezentacje uczestnik\u00f3w oraz rozdanie dyplom\u00f3w i nagr\u00f3d odby\u0142o si\u0119 w Auli Forum Regionalnego O\u015brodka Doskonalenia Nauczycieli \u201eWOM\u201d w Cz\u0119stochowie. M\u0142odym wykonawcom podczas wyst\u0119p\u00f3w towarzyszyli nauczyciele oraz rodzice.<\/p>\n<p style=\"text-align: right;\"><em>dr Agata Arkabus<br \/>\nfot. Izabela Bajor<br \/>\n<\/em><a href=\"https:\/\/pbp.womczest.edu.pl\/new\/galeria\/przeglad-piesni-i-piosenek-o-kosmosie-pod-honorowym-patronatem-dyrektora-muzeum-we-fromborku-2023\/\"><strong>galeria<\/strong><\/a><em><br \/>\n<\/em><\/p>\n","protected":false},"excerpt":{"rendered":"<p>W zwi\u0105zku z 550. rocznic\u0105 urodzin Miko\u0142aja Kopernika oraz wk\u0142adem polskiego astronoma w\u00a0rozw\u00f3j \u015bwiatowej nauki, Publiczna Biblioteka Pedagogiczna RODN \u201eWOM\u201d w Cz\u0119stochowie i Miejskie Przedszkole nr 25 im. Przyjaci\u00f3\u0142 Kubusia Puchatka w Cz\u0119stochowie w\u0142\u0105czy\u0142y si\u0119 w\u00a0obchody i promocj\u0119 wydarze\u0144 zwi\u0105zanych z\u00a0 uczczeniem wybitnego Polaka i astronoma. 7 listopada 2023 r. w Publicznej Bibliotece Pedagogicznej RODN \u201eWOM\u201d w Cz\u0119stochowie odby\u0142 si\u0119 Przegl\u0105d Pie\u015bni i Piosenek o Kosmosie pod honorowym patronatem Dyrektora<span class=\"ellipsis\">&hellip;<\/span><\/p>\n<div class=\"read-more\"><a href=\"https:\/\/pbp.womczest.edu.pl\/new\/przeglad-piesni-i-piosenek-o-kosmosie-pod-honorowym-patronatem-dyrektora-muzeum-mikolaja-kopernika-we-fromborku\/\">Czytaj wi\u0119cej &#8250;<\/a><\/div>\n<p><!-- end of .read-more --><\/p>\n","protected":false},"author":6,"featured_media":0,"parent":0,"menu_order":0,"comment_status":"closed","ping_status":"closed","template":"","meta":{"footnotes":""},"jetpack_sharing_enabled":true,"jetpack_shortlink":"https:\/\/wp.me\/PgmV4H-6cq","_links":{"self":[{"href":"https:\/\/pbp.womczest.edu.pl\/new\/wp-json\/wp\/v2\/pages\/23834"}],"collection":[{"href":"https:\/\/pbp.womczest.edu.pl\/new\/wp-json\/wp\/v2\/pages"}],"about":[{"href":"https:\/\/pbp.womczest.edu.pl\/new\/wp-json\/wp\/v2\/types\/page"}],"author":[{"embeddable":true,"href":"https:\/\/pbp.womczest.edu.pl\/new\/wp-json\/wp\/v2\/users\/6"}],"replies":[{"embeddable":true,"href":"https:\/\/pbp.womczest.edu.pl\/new\/wp-json\/wp\/v2\/comments?post=23834"}],"version-history":[{"count":5,"href":"https:\/\/pbp.womczest.edu.pl\/new\/wp-json\/wp\/v2\/pages\/23834\/revisions"}],"predecessor-version":[{"id":23856,"href":"https:\/\/pbp.womczest.edu.pl\/new\/wp-json\/wp\/v2\/pages\/23834\/revisions\/23856"}],"wp:attachment":[{"href":"https:\/\/pbp.womczest.edu.pl\/new\/wp-json\/wp\/v2\/media?parent=23834"}],"curies":[{"name":"wp","href":"https:\/\/api.w.org\/{rel}","templated":true}]}}