


{"id":23769,"date":"2023-10-25T11:35:54","date_gmt":"2023-10-25T09:35:54","guid":{"rendered":"https:\/\/pbp.womczest.edu.pl\/new\/?page_id=23769"},"modified":"2023-11-08T08:25:32","modified_gmt":"2023-11-08T07:25:32","slug":"powiatowy-konkurs-recytatorski-poetyckie-krajobrazy-pod-honorowym-patronatem-starosty-czestochowskiego-oraz-towarzystwa-nauczycieli-bibliotekarzy-szkol-polskich-oddzial-w-czestochowie","status":"publish","type":"page","link":"https:\/\/pbp.womczest.edu.pl\/new\/powiatowy-konkurs-recytatorski-poetyckie-krajobrazy-pod-honorowym-patronatem-starosty-czestochowskiego-oraz-towarzystwa-nauczycieli-bibliotekarzy-szkol-polskich-oddzial-w-czestochowie\/","title":{"rendered":"Powiatowy Konkurs Recytatorski Poetyckie Krajobrazy pod honorowym patronatem Starosty Cz\u0119stochowskiego i Towarzystwa Nauczycieli Bibliotekarzy Szk\u00f3\u0142 Polskich Oddzia\u0142 w Cz\u0119stochowie"},"content":{"rendered":"<p>19 pa\u017adziernika 2023 roku w\u00a0Publicznej Bibliotece Pedagogicznej Regionalnego O\u015brodka Doskonalenia Nauczycieli \u201eWOM\u201d w\u00a0Cz\u0119stochowie odby\u0142a si\u0119 trzynasta edycja Powiatowego Konkursu Recytatorskiego\u00a0<em>Poetyckie Krajobrazy<\/em>, po\u015bwi\u0119conego poezji Konstantego Ildefonsa Ga\u0142czy\u0144skiego.<\/p>\n<p>Konkurs, adresowany do\u00a0uczni\u00f3w klas 7 i\u00a08 szk\u00f3\u0142 podstawowych z\u00a0miasta Cz\u0119stochowy oraz\u00a0powiatu cz\u0119stochowskiego, zorganizowa\u0142a Publiczna Biblioteka Pedagogiczna RODN \u201eWOM\u201d w\u00a0Cz\u0119stochowie. Osob\u0105 odpowiedzialn\u0105 za\u00a0przygotowanie konkursu by\u0142a Katarzyna Kucharzewska \u2013 nauczyciel bibliotekarz PBP RODN \u201eWOM\u201d w\u00a0Cz\u0119stochowie.<\/p>\n<p>Konkurs odby\u0142 si\u0119 w\u00a0zwi\u0105zku z\u00a070. rocznic\u0105 \u015bmierci poety, kt\u00f3ra\u00a0przypada 6 grudnia 2023 roku.<\/p>\n<p>Honorowy patronat obj\u0105\u0142 Pan Krzysztof Smela, Starosta Cz\u0119stochowski oraz\u00a0 Pani Alina Grabna, Prezes Cz\u0119stochowskiego Oddzia\u0142u Towarzystwa Nauczycieli Bibliotekarzy Szk\u00f3\u0142 Polskich.<\/p>\n<p>Go\u015bciem konkursu by\u0142a Pani Renata Terlicka \u2013 przedstawiciel Starosty Cz\u0119stochowskiego, inspektor z\u00a0Wydzia\u0142u Edukacji, Zdrowia, Kultury, Sportu i\u00a0Promocji Powiatu.<\/p>\n<p>Mottem konkursu by\u0142y s\u0142owa poety Konstantego Ildefonsa Ga\u0142czy\u0144skiego:<\/p>\n<p><em>Chcia\u0142bym i\u00a0m\u00f3j\u00a0\u015blad na\u00a0drogach<br \/>\n<\/em><em>ocali\u0107 od\u00a0zapomnienia.\u00a0 (Pie\u015bni)<\/em><\/p>\n<p>Celem konkursu by\u0142o upami\u0119tnienie tw\u00f3rczo\u015bci poety Konstantego Ildefonsa Ga\u0142czy\u0144skiego, popularyzacja jego dorobku artystycznego, rozwijanie recytatorskich i\u00a0aktorskich uzdolnie\u0144 m\u0142odzie\u017cy, upowszechnianie kultury j\u0119zyka polskiego, inspirowanie m\u0142odego pokolenia do\u00a0aktywnego uczestnictwa w\u00a0kulturze, wzbudzenie zainteresowania poezj\u0105 polsk\u0105 oraz\u00a0krzewienie kultury \u017cywego s\u0142owa.<\/p>\n<p>W\u00a0tegorocznej edycji udzia\u0142 wzi\u0119\u0142o 13 uczni\u00f3w z\u00a0Cz\u0119stochowy i\u00a0powiatu cz\u0119stochowskiego (6 uczni\u00f3w z\u00a0Cz\u0119stochowy i\u00a07 uczni\u00f3w z\u00a0powiatu cz\u0119stochowskiego). Opiek\u0119 merytoryczn\u0105 nad\u00a0uczniami sprawowali nauczyciele z\u00a0danej szko\u0142y. Uczniowie prezentowali jeden, wybrany przez\u00a0siebie wiersz poety.<\/p>\n<p>Wyst\u0119py uczestnik\u00f3w ocenia\u0142a komisja konkursowa w\u00a0sk\u0142adzie:<\/p>\n<ul>\n<li>Beata Raczy\u0144ska \u2013 przewodnicz\u0105ca komisji konkursowej, nauczyciel bibliotekarz Publicznej Biblioteki Pedagogicznej RODN \u201eWOM\u201d w\u00a0Cz\u0119stochowie.<\/li>\n<li>Beata Gendek-Barhoumi \u2013 nauczyciel j\u0119zyka polskiego VII Liceum Og\u00f3lnokszta\u0142c\u0105cego im.\u00a0Miko\u0142aja Kopernika w\u00a0Cz\u0119stochowie, nauczyciel-doradca metodyczny j\u0119zyka polskiego w\u00a0Regionalnym O\u015brodku Doskonalenia Nauczycieli \u201eWOM\u201d w\u00a0Cz\u0119stochowie, animator kultury, prowadzi teatr szkolny\u00a0<em>Grupa pod\u00a0Wisz\u0105cym Kotem.<\/em>\u00a0Zdoby\u0142a tytu\u0142 Animatora Kultury w\u00a0presti\u017cowym Og\u00f3lnopolskim Konkursie Nauczyciel Roku 2015. Zwi\u0105zana z\u00a0Wydzia\u0142em Polonistyki Uniwersytetu Jagiello\u0144skiego i\u00a0 Gda\u0144skim Wydawnictwem O\u015bwiatowym.<\/li>\n<li>Aleksandra Kowalska \u2013 nauczyciel plastyki i\u00a0techniki Szko\u0142y Podstawowej im.\u00a0\u015bw.\u00a0Jana de\u00a0La\u00a0Salle, nauczyciel wspomagaj\u0105cy w\u00a0Zespole Szkolno-Przedszkolnym nr\u00a06 w\u00a0Cz\u0119stochowie. Przez\u00a0wiele lat pracowa\u0142a jako kustosz w\u00a0Muzeum Regionalnym im.\u00a0Zygmunta Krasi\u0144skiego w\u00a0Z\u0142otym Potoku. Malarka, kompozytorka i\u00a0wokalistka zespo\u0142u \u201eImpast\u201d. Aleksandra Kowalska uprawia grafik\u0119 artystyczn\u0105, rysunek, a\u00a0tak\u017ce malarstwo oraz\u00a0metaloplastyk\u0119. Nale\u017cy do\u00a0cz\u0119stochowskiego oddzia\u0142u Zwi\u0105zku Polskich Artyst\u00f3w Plastyk\u00f3w, a\u00a0tak\u017ce jest cz\u0142onkiem Stowarzyszenia Muzealnik\u00f3w Polskich.<\/li>\n<li>Ilona Kowalska \u2013 bibliotekarz, kierownik Filii nr\u00a09 Biblioteki Publicznej im.\u00a0dr.\u00a0W\u0142adys\u0142awa Biega\u0144skiego w\u00a0Cz\u0119stochowie. Jest organizatork\u0105 licznych konkurs\u00f3w, spotka\u0144 literackich i\u00a0przedsi\u0119wzi\u0119\u0107 czytelniczych, tak\u017ce licznych spotka\u0144 czytelniczych online.<\/li>\n<li>Piotr Hankus \u2013 Mistrz Mowy Polskiej Vox Populi, d\u0142ugoletni pracownik artystyczny Zespo\u0142u Pie\u015bni i\u00a0Ta\u0144ca \u201e\u015al\u0105sk\u201d im.\u00a0Stanis\u0142awa Hadyny w\u00a0Kosz\u0119cinie. W\u00a0swojej pracy zawodowej pe\u0142ni role konferansjera oraz\u00a0prowadzi mi\u0119dzy innymi warsztaty wokalne, taneczne i\u00a0teatralne w\u00a0\u015al\u0105skim Centrum Edukacji Regionalnej w\u00a0Kosz\u0119cinie. Od\u00a0kilku lat zasiada w\u00a0jury konkursu organizowanego przez\u00a0Publiczn\u0105 Bibliotek\u0119 Pedagogiczn\u0105 \u00a0RODN \u201eWOM\u201d w\u00a0Cz\u0119stochowie \u2013\u00a0<em>Przegl\u0105d Pie\u015bni i\u00a0Piosenek.<\/em><\/li>\n<\/ul>\n<p>Zgodnie z\u00a0regulaminem na\u00a0ocen\u0119 recytacji mia\u0142y wp\u0142yw nast\u0119puj\u0105ce elementy: dob\u00f3r repertuaru, stopie\u0144 opanowania tekstu, artystyczna interpretacja utworu, kultura s\u0142owa i\u00a0og\u00f3lne wra\u017cenia artystyczne.<\/p>\n<p>Decyzj\u0105 jury przyznano nast\u0119puj\u0105ce miejsca:<\/p>\n<p><strong>I\u00a0miejsce<br \/>\n<\/strong><strong>Matylda So\u0142tysik,<\/strong>\u00a0Jasnog\u00f3rska Publiczna Og\u00f3lnokszta\u0142c\u0105ca Szko\u0142a Muzyczna I\u00a0stopnia w\u00a0Cz\u0119stochowie, wiersz pt.\u00a0\u201eZaproszenie na\u00a0wycieczk\u0119\u201d K. I. Ga\u0142czy\u0144ski.<\/p>\n<p><strong>II\u00a0miejsce<br \/>\n<\/strong><strong>Zofia G\u0142owacka<\/strong>, Szko\u0142a Podstawowa nr\u00a011 im.\u00a0Marii D\u0105browskiej w\u00a0Cz\u0119stochowie, wiersz pt.\u00a0\u201eSatyra na\u00a0bo\u017c\u0105 kr\u00f3wk\u0119\u201d, K. I. Ga\u0142czy\u0144ski.<\/p>\n<p><strong>III miejsce<br \/>\n<\/strong><strong>Zuzanna \u017bak<\/strong>, Szko\u0142a Podstawowa nr\u00a031 im.\u00a0Or\u0142a Bia\u0142ego w\u00a0Cz\u0119stochowie, wiersz pt.\u00a0\u201eStrasna zaba\u201d, K. I\u00a0Ga\u0142czy\u0144ski.<\/p>\n<p><strong>Wyr\u00f3\u017cnienia:<\/strong><\/p>\n<p><strong>Marta Sikorska<\/strong>, Szko\u0142a Podstawowa im.\u00a0J\u00f3zefa Lompy w\u00a0Starczy, wiersz \u201eMuzeum i\u00a0dziewczyna\u201d, K. I. Ga\u0142czy\u0144ski;<br \/>\n<strong>Weronika Boral,<\/strong>\u00a0Szko\u0142a Podstawowa nr\u00a042 im.\u00a0Jana Brzechwy w\u00a0Cz\u0119stochowie, wiersz pt.\u00a0\u201eZaczarowana doro\u017cka, K. I. Ga\u0142czy\u0144ski;<br \/>\n<strong>Witold Rozpondek<\/strong>, Szko\u0142a Podstawowa im.\u00a0Gustawa Morcinka w\u00a0Zespole Szkolno-Przedszkolnym nr\u00a01\u00a0w R\u0119dzinach, wiersz pt.\u00a0\u201eSkumbrie w\u00a0tomacie\u201d, K. I. Ga\u0142czy\u0144ski.<\/p>\n<p>Zwyci\u0119zcy otrzymali nagrody ksi\u0105\u017ckowe i\u00a0rzeczowe ufundowane przez\u00a0Starost\u0119 Cz\u0119stochowskiego Pan Krzysztof Smela oraz\u00a0Zesp\u00f3\u0142 Pie\u015bni i\u00a0Ta\u0144ca \u201e\u015al\u0105sk\u201d im.\u00a0Stanis\u0142awa Hadyny w\u00a0Kosz\u0119cinie.<\/p>\n<p>Konkursowi towarzyszy\u0142a wystawa po\u015bwi\u0119cona tw\u00f3rczo\u015bci poety Konstantego Ildefonsa Ga\u0142czy\u0144skiego. Laureatom oraz\u00a0wszystkim uczestnikom dzi\u0119kujemy za\u00a0udzia\u0142 oraz\u00a0niezapomniane wra\u017cenia artystyczne. Nauczycielom dzi\u0119kujemy za\u00a0przygotowanie uczni\u00f3w do\u00a0udzia\u0142u w\u00a0naszym konkursie, a\u00a0uczniom \u017cyczymy dalszych sukces\u00f3w.<\/p>\n<p style=\"text-align: right;\"><em>Tekst: Katarzyna Kucharzewska<br \/>\n<\/em><em>Zdj\u0119cia: Izabela Bajor<br \/>\n<\/em><a href=\"https:\/\/pbp.womczest.edu.pl\/new\/galeria\/powiatowy-konkurs-recytatorski-poetyckie-krajobrazy-poswiecony-poezji-konstantego-ildefonsa-galczynskiego-pod-honorowym-patronatem-starosty-czestochowskiego-oraz-towarzystwa-nauczycieli-bibliotekarzy\/\"><strong>galeria<\/strong><\/a><em><br \/>\n<\/em><\/p>\n","protected":false},"excerpt":{"rendered":"<p>19 pa\u017adziernika 2023 roku w\u00a0Publicznej Bibliotece Pedagogicznej Regionalnego O\u015brodka Doskonalenia Nauczycieli \u201eWOM\u201d w\u00a0Cz\u0119stochowie odby\u0142a si\u0119 trzynasta edycja Powiatowego Konkursu Recytatorskiego\u00a0Poetyckie Krajobrazy, po\u015bwi\u0119conego poezji Konstantego Ildefonsa Ga\u0142czy\u0144skiego. Konkurs, adresowany do\u00a0uczni\u00f3w klas 7 i\u00a08 szk\u00f3\u0142 podstawowych z\u00a0miasta Cz\u0119stochowy oraz\u00a0powiatu cz\u0119stochowskiego, zorganizowa\u0142a Publiczna Biblioteka Pedagogiczna RODN \u201eWOM\u201d w\u00a0Cz\u0119stochowie. Osob\u0105 odpowiedzialn\u0105 za\u00a0przygotowanie konkursu by\u0142a Katarzyna Kucharzewska \u2013 nauczyciel bibliotekarz PBP RODN \u201eWOM\u201d w\u00a0Cz\u0119stochowie. Konkurs odby\u0142 si\u0119 w\u00a0zwi\u0105zku z\u00a070. rocznic\u0105 \u015bmierci poety, kt\u00f3ra\u00a0przypada 6 grudnia<span class=\"ellipsis\">&hellip;<\/span><\/p>\n<div class=\"read-more\"><a href=\"https:\/\/pbp.womczest.edu.pl\/new\/powiatowy-konkurs-recytatorski-poetyckie-krajobrazy-pod-honorowym-patronatem-starosty-czestochowskiego-oraz-towarzystwa-nauczycieli-bibliotekarzy-szkol-polskich-oddzial-w-czestochowie\/\">Czytaj wi\u0119cej &#8250;<\/a><\/div>\n<p><!-- end of .read-more --><\/p>\n","protected":false},"author":6,"featured_media":0,"parent":0,"menu_order":0,"comment_status":"closed","ping_status":"closed","template":"","meta":{"footnotes":""},"jetpack_sharing_enabled":true,"jetpack_shortlink":"https:\/\/wp.me\/PgmV4H-6bn","_links":{"self":[{"href":"https:\/\/pbp.womczest.edu.pl\/new\/wp-json\/wp\/v2\/pages\/23769"}],"collection":[{"href":"https:\/\/pbp.womczest.edu.pl\/new\/wp-json\/wp\/v2\/pages"}],"about":[{"href":"https:\/\/pbp.womczest.edu.pl\/new\/wp-json\/wp\/v2\/types\/page"}],"author":[{"embeddable":true,"href":"https:\/\/pbp.womczest.edu.pl\/new\/wp-json\/wp\/v2\/users\/6"}],"replies":[{"embeddable":true,"href":"https:\/\/pbp.womczest.edu.pl\/new\/wp-json\/wp\/v2\/comments?post=23769"}],"version-history":[{"count":3,"href":"https:\/\/pbp.womczest.edu.pl\/new\/wp-json\/wp\/v2\/pages\/23769\/revisions"}],"predecessor-version":[{"id":23827,"href":"https:\/\/pbp.womczest.edu.pl\/new\/wp-json\/wp\/v2\/pages\/23769\/revisions\/23827"}],"wp:attachment":[{"href":"https:\/\/pbp.womczest.edu.pl\/new\/wp-json\/wp\/v2\/media?parent=23769"}],"curies":[{"name":"wp","href":"https:\/\/api.w.org\/{rel}","templated":true}]}}