


{"id":23676,"date":"2023-10-11T09:26:04","date_gmt":"2023-10-11T07:26:04","guid":{"rendered":"https:\/\/pbp.womczest.edu.pl\/new\/?page_id=23676"},"modified":"2023-10-11T09:31:56","modified_gmt":"2023-10-11T07:31:56","slug":"konkurs-plastyczny-narysuj-rodzine","status":"publish","type":"page","link":"https:\/\/pbp.womczest.edu.pl\/new\/konkurs-plastyczny-narysuj-rodzine\/","title":{"rendered":"Konkurs plastyczny \u201eNarysuj rodzin\u0119\u201d"},"content":{"rendered":"<p><a href=\"https:\/\/pbp.womczest.edu.pl\/new\/wp-content\/uploads\/2022\/11\/boy-g9754e209f_1280.png\"><img decoding=\"async\" loading=\"lazy\" class=\"wp-image-21657 alignleft\" src=\"https:\/\/pbp.womczest.edu.pl\/new\/wp-content\/uploads\/2022\/11\/boy-g9754e209f_1280.png\" alt=\"Mama, tata, syn, c\u00f3rka machaj\u0105 r\u0119k\u0105\" width=\"340\" height=\"170\" srcset=\"https:\/\/pbp.womczest.edu.pl\/new\/wp-content\/uploads\/2022\/11\/boy-g9754e209f_1280.png 1280w, https:\/\/pbp.womczest.edu.pl\/new\/wp-content\/uploads\/2022\/11\/boy-g9754e209f_1280-300x150.png 300w, https:\/\/pbp.womczest.edu.pl\/new\/wp-content\/uploads\/2022\/11\/boy-g9754e209f_1280-1000x500.png 1000w, https:\/\/pbp.womczest.edu.pl\/new\/wp-content\/uploads\/2022\/11\/boy-g9754e209f_1280-768x384.png 768w, https:\/\/pbp.womczest.edu.pl\/new\/wp-content\/uploads\/2022\/11\/boy-g9754e209f_1280-100x50.png 100w, https:\/\/pbp.womczest.edu.pl\/new\/wp-content\/uploads\/2022\/11\/boy-g9754e209f_1280-150x75.png 150w, https:\/\/pbp.womczest.edu.pl\/new\/wp-content\/uploads\/2022\/11\/boy-g9754e209f_1280-200x100.png 200w, https:\/\/pbp.womczest.edu.pl\/new\/wp-content\/uploads\/2022\/11\/boy-g9754e209f_1280-450x225.png 450w, https:\/\/pbp.womczest.edu.pl\/new\/wp-content\/uploads\/2022\/11\/boy-g9754e209f_1280-600x300.png 600w, https:\/\/pbp.womczest.edu.pl\/new\/wp-content\/uploads\/2022\/11\/boy-g9754e209f_1280-900x450.png 900w\" sizes=\"(max-width: 340px) 100vw, 340px\" \/><\/a>Publiczna Biblioteka Pedagogiczna Regionalnego O\u015brodka Doskonalenia Nauczycieli \u201eWOM\u201d w Cz\u0119stochowie w partnerstwie z Uniwersytetem Humanistyczno-Przyrodniczym im. Jana D\u0142ugosza w Cz\u0119stochowie Wydzia\u0142em Nauk Spo\u0142ecznych Katedr\u0105 Psychologii zorganizowa\u0142a w roku szkolnym 2022\/2023 konkurs plastyczny \u201eNarysuj rodzin\u0119\u201d. Honorowy patronat nad konkursem obj\u0119li Rektor Uniwersytetu Humanistyczno-Przyrodniczego im. Jana D\u0142ugosza w Cz\u0119stochowie Jej Magnificencja prof. dr hab. Anna Wypych-Gawro\u0144ska oraz Dziekan Wydzia\u0142u Nauk Spo\u0142ecznych dr hab. Daniel Kukla profesor Uniwersytetu Humanistyczno-Przyrodniczego im. Jana D\u0142ugosza w Cz\u0119stochowie. Konkurs skierowany by\u0142 do dzieci 5,6-letnich i uczni\u00f3w klas I-III szk\u00f3\u0142 podstawowych z Cz\u0119stochowy oraz powiatu cz\u0119stochowskiego, k\u0142obuckiego, lublinieckiego i myszkowskiego i cieszy\u0142 si\u0119 bardzo du\u017cym zainteresowaniem. Wp\u0142yn\u0119\u0142o 181 rysunk\u00f3w dzieci z przedszkoli oraz 172 prace uczni\u00f3w z klas I-III szk\u00f3\u0142 podstawowych, w sumie 353 rysunki. Nades\u0142ane prace by\u0142y oryginalne, pomys\u0142owe i symboliczne w zobrazowaniu przes\u0142ania konkursu jakim by\u0142a tematyka rodziny.<\/p>\n<p>Wyboru prac laureat\u00f3w oraz prac wyr\u00f3\u017cnionych w konkursie dokona\u0142a komisja w sk\u0142adzie:<\/p>\n<ul>\n<li>dr hab. El\u017cbieta Napora, prof. Uniwersytetem Humanistyczno-Przyrodniczym im. Jana D\u0142ugosza w Cz\u0119stochowie,<\/li>\n<li>dr El\u017cbieta Kornacka-Skwara,<\/li>\n<li>Julita Kieli\u0144ska,<\/li>\n<li>Izabela Bajor,<\/li>\n<li>Marek Czarno\u0142\u0119ski.<\/li>\n<\/ul>\n<p><strong>Zwyci\u0119scy konkursu:<\/strong><\/p>\n<p><em>Kategoria szko\u0142a podstawowa<\/em><\/p>\n<p>I miejsce:<br \/>\nLiliana Ulfik \u2013 Szko\u0142a Podstawowa im. Adama Mickiewicza we Wr\u0119czycy Wielkiej<\/p>\n<p>II miejsce:<br \/>\nPola \u015aciebura \u2013 Zesp\u00f3\u0142 Szkolno-Przedszkolny im. gen. J\u00f3zefa Bema w Kamyku<br \/>\nJulia M\u0119cka \u2013 Publiczna Szko\u0142a Podstawowa im. Adama Mickiewicza w Borze Zajaci\u0144skim<\/p>\n<p>III miejsce:<br \/>\nMichalina Banasiak \u2013 Szko\u0142a Podstawowa im. Gustawa Morcinka w Poczesnej<br \/>\nMarcin Wierzganowski \u2013 Szko\u0142a Podstawowa w Turowie<\/p>\n<p>Wyr\u00f3\u017cnienia:<br \/>\nMonika Ja\u0144ska \u2013 Szko\u0142a Podstawowa im. Gustawa Morcinka w Poczesnej<br \/>\nMarta Ma\u0144ka \u2013 Katolicki Zesp\u00f3\u0142 Szkolno-Przedszkolny im. \u015aw. Edyty Stein Fundacji Edukacji Katolickiej w Lubli\u0144cu<\/p>\n<p><em>Kategoria przedszkole<\/em><\/p>\n<p>I miejsce:<br \/>\nKlementyna Dr\u00f3\u017cd\u017c \u2013 Oddzia\u0142 Przedszkolny Szko\u0142y Podstawowej w Konarach<br \/>\nZuzanna J\u0119drzejczyk \u2013 Gminne Przedszkole w Kruszynie<\/p>\n<p>II miejsce:<br \/>\nAlicja Owczarek \u2013 Oddzia\u0142 Przedszkolny Szko\u0142y Podstawowej w \u0141a\u017acu<br \/>\nWiktor Szyda \u2013 Przedszkole w K\u0142omnicach<\/p>\n<p>III miejsce:<br \/>\nJakub Turek \u2013 Zesp\u00f3\u0142 Szkolno-Przedszkolny w Mykanowie<br \/>\nNatalia Knop \u2013 Katolicki Zesp\u00f3\u0142 Szkolno-Przedszkolny im. Edyty Stein Fundacji Edukacji Katolickiej w Lubli\u0144cu<\/p>\n<p>Wyr\u00f3\u017cnienia:<br \/>\nZuzanna Stroce\u0144 \u2013 Przedszkole Miejskie nr 8 w Lubli\u0144cu<br \/>\nDawid Zas\u0119pa \u2013 Zesp\u00f3\u0142 Szkolno-Przedszkolny w Lgocie Ma\u0142ej<br \/>\nBorys Imie\u0142owski \u2013 Zesp\u00f3\u0142 Szkolno-Przedszkolny w Wierzchowisku<br \/>\nSzymon Janik \u2013 Oddzia\u0142 Przedszkolny w Szkole Podstawowej w Borowem<br \/>\nPola Sietnik \u2013 Przedszkole Miejskie nr 6 w Lubli\u0144cu<\/p>\n<p><em>Kategoria szko\u0142a specjalna<\/em><\/p>\n<p>Wyr\u00f3\u017cnienia:<br \/>\nMaja Pasemko \u2013 Niepubliczna Szko\u0142a Podstawowa Specjalna im. O. Augustyna Kordeckiego w Cz\u0119stochowie<br \/>\nMykhailo Holets \u2013 Przedszkole Specjalne nr 9 w Specjalnym O\u015brodku Szkolno-Wychowawczym w Lubli\u0144cu<br \/>\nKrzysztof Misiur \u2013 Zesp\u00f3\u0142 Szk\u00f3\u0142 Specjalnych nr 28 w Cz\u0119stochowie<br \/>\nSzymon S\u0142abik \u2013 Zesp\u00f3\u0142 Szk\u00f3\u0142 Specjalnych nr 28 w Cz\u0119stochowie<\/p>\n<p>21 kwietnia 2023 r., podczas &#8222;Dni Psychologii&#8221; zorganizowanych na Wydziale Nauk Spo\u0142ecznych Uniwersytetu Humanistyczno-Przyrodniczego im. Jana D\u0142ugosza w Cz\u0119stochowie, odby\u0142o si\u0119 uroczyste podsumowanie konkursu. Wszystkim dzieciom dzi\u0119kujemy za zaanga\u017cowanie i wykonanie ciekawych prac plastycznych, nauczycielom i opiekunom za wsparcie merytoryczne uczestnik\u00f3w konkursu.<\/p>\n<p style=\"text-align: right;\"><em>Tekst: Renata Lipniewska<br \/>\n<\/em><em>Zdj\u0119cia: Izabela Bajor<\/em><\/p>\n<p>&nbsp;<\/p>\n","protected":false},"excerpt":{"rendered":"<p>Publiczna Biblioteka Pedagogiczna Regionalnego O\u015brodka Doskonalenia Nauczycieli \u201eWOM\u201d w Cz\u0119stochowie w partnerstwie z Uniwersytetem Humanistyczno-Przyrodniczym im. Jana D\u0142ugosza w Cz\u0119stochowie Wydzia\u0142em Nauk Spo\u0142ecznych Katedr\u0105 Psychologii zorganizowa\u0142a w roku szkolnym 2022\/2023 konkurs plastyczny \u201eNarysuj rodzin\u0119\u201d. Honorowy patronat nad konkursem obj\u0119li Rektor Uniwersytetu Humanistyczno-Przyrodniczego im. Jana D\u0142ugosza w Cz\u0119stochowie Jej Magnificencja prof. dr hab. Anna Wypych-Gawro\u0144ska oraz Dziekan Wydzia\u0142u Nauk Spo\u0142ecznych dr hab. Daniel Kukla profesor Uniwersytetu Humanistyczno-Przyrodniczego im. Jana D\u0142ugosza w<span class=\"ellipsis\">&hellip;<\/span><\/p>\n<div class=\"read-more\"><a href=\"https:\/\/pbp.womczest.edu.pl\/new\/konkurs-plastyczny-narysuj-rodzine\/\">Czytaj wi\u0119cej &#8250;<\/a><\/div>\n<p><!-- end of .read-more --><\/p>\n","protected":false},"author":6,"featured_media":0,"parent":0,"menu_order":0,"comment_status":"closed","ping_status":"closed","template":"","meta":{"footnotes":""},"jetpack_sharing_enabled":true,"jetpack_shortlink":"https:\/\/wp.me\/PgmV4H-69S","_links":{"self":[{"href":"https:\/\/pbp.womczest.edu.pl\/new\/wp-json\/wp\/v2\/pages\/23676"}],"collection":[{"href":"https:\/\/pbp.womczest.edu.pl\/new\/wp-json\/wp\/v2\/pages"}],"about":[{"href":"https:\/\/pbp.womczest.edu.pl\/new\/wp-json\/wp\/v2\/types\/page"}],"author":[{"embeddable":true,"href":"https:\/\/pbp.womczest.edu.pl\/new\/wp-json\/wp\/v2\/users\/6"}],"replies":[{"embeddable":true,"href":"https:\/\/pbp.womczest.edu.pl\/new\/wp-json\/wp\/v2\/comments?post=23676"}],"version-history":[{"count":3,"href":"https:\/\/pbp.womczest.edu.pl\/new\/wp-json\/wp\/v2\/pages\/23676\/revisions"}],"predecessor-version":[{"id":23679,"href":"https:\/\/pbp.womczest.edu.pl\/new\/wp-json\/wp\/v2\/pages\/23676\/revisions\/23679"}],"wp:attachment":[{"href":"https:\/\/pbp.womczest.edu.pl\/new\/wp-json\/wp\/v2\/media?parent=23676"}],"curies":[{"name":"wp","href":"https:\/\/api.w.org\/{rel}","templated":true}]}}