


{"id":23672,"date":"2023-10-11T09:11:52","date_gmt":"2023-10-11T07:11:52","guid":{"rendered":"https:\/\/pbp.womczest.edu.pl\/new\/?page_id=23672"},"modified":"2023-10-12T12:30:45","modified_gmt":"2023-10-12T10:30:45","slug":"noc-bibliotek-absurd-nie-czytac","status":"publish","type":"page","link":"https:\/\/pbp.womczest.edu.pl\/new\/noc-bibliotek-absurd-nie-czytac\/","title":{"rendered":"Noc Bibliotek \u2013 Absurd nie czyta\u0107"},"content":{"rendered":"<p><strong><a href=\"https:\/\/pbp.womczest.edu.pl\/new\/wp-content\/uploads\/2023\/09\/NB_23_kolo-2-1.png\"><img decoding=\"async\" loading=\"lazy\" class=\"wp-image-23575 alignleft\" src=\"https:\/\/pbp.womczest.edu.pl\/new\/wp-content\/uploads\/2023\/09\/NB_23_kolo-2-1.png\" alt=\"Na granatowym tle w kole napis Noc Bibliotek\" width=\"228\" height=\"221\" srcset=\"https:\/\/pbp.womczest.edu.pl\/new\/wp-content\/uploads\/2023\/09\/NB_23_kolo-2-1.png 1890w, https:\/\/pbp.womczest.edu.pl\/new\/wp-content\/uploads\/2023\/09\/NB_23_kolo-2-1-300x292.png 300w, https:\/\/pbp.womczest.edu.pl\/new\/wp-content\/uploads\/2023\/09\/NB_23_kolo-2-1-1000x972.png 1000w, https:\/\/pbp.womczest.edu.pl\/new\/wp-content\/uploads\/2023\/09\/NB_23_kolo-2-1-768x746.png 768w, https:\/\/pbp.womczest.edu.pl\/new\/wp-content\/uploads\/2023\/09\/NB_23_kolo-2-1-1536x1493.png 1536w, https:\/\/pbp.womczest.edu.pl\/new\/wp-content\/uploads\/2023\/09\/NB_23_kolo-2-1-100x97.png 100w, https:\/\/pbp.womczest.edu.pl\/new\/wp-content\/uploads\/2023\/09\/NB_23_kolo-2-1-150x146.png 150w, https:\/\/pbp.womczest.edu.pl\/new\/wp-content\/uploads\/2023\/09\/NB_23_kolo-2-1-200x194.png 200w, https:\/\/pbp.womczest.edu.pl\/new\/wp-content\/uploads\/2023\/09\/NB_23_kolo-2-1-450x437.png 450w, https:\/\/pbp.womczest.edu.pl\/new\/wp-content\/uploads\/2023\/09\/NB_23_kolo-2-1-600x583.png 600w, https:\/\/pbp.womczest.edu.pl\/new\/wp-content\/uploads\/2023\/09\/NB_23_kolo-2-1-900x875.png 900w\" sizes=\"(max-width: 228px) 100vw, 228px\" \/><\/a>W\u00a0sobot\u0119 7 pa\u017adziernika 2023\u00a0r. w\u00a0Publicznej Bibliotece Pedagogicznej RODN \u201eWOM\u201d w\u00a0Cz\u0119stochowie odby\u0142a si\u0119 IX edycja og\u00f3lnopolskiej akcji N<\/strong><strong>oc Bibliotek pod\u00a0has\u0142em \u201eAbsurd nie\u00a0czyta\u0107\u201d.<\/strong>\u00a0Jak co\u00a0roku na\u00a0uczestnik\u00f3w czeka\u0142o wiele atrakcji.<\/p>\n<p>O\u00a0godz.\u00a016.30 w\u00a0<em>Auli Forum<\/em>\u00a0Regionalnego O\u015brodka Doskonalenia Nauczycieli \u201eWOM\u201d w\u00a0Cz\u0119stochowie nast\u0105pi\u0142o oficjalne powitanie i\u00a0rozpocz\u0119cie wydarzenia. Przyby\u0142ych uczestnik\u00f3w powita\u0142a Pani Renata Lipniewska \u2013 wicedyrektor ds.\u00a0bibliotek pedagogicznych. Nast\u0119pnie odby\u0142a si\u0119 projekcja filmu\u00a0<strong><em>Moja mama Gorylica<\/em><\/strong>\u00a0(2021, re\u017c. Linda Hamb\u00e4ck, Szwecja, Norwegia, Dania) animowanej adaptacji znanej w\u00a0Polsce ksi\u0105\u017cki Fridy Nilsson o\u00a0mi\u0142o\u015bci, inno\u015bci, empatii i\u00a0trosce o\u00a0s\u0142abszych. Po\u00a0projekcji filmu uczestnicy mogli skorzysta\u0107 z\u00a0bogatej oferty zaj\u0119\u0107 i\u00a0warsztat\u00f3w proponowanych przez\u00a0pracownik\u00f3w biblioteki oraz\u00a0zaproszonych go\u015bci.<\/p>\n<p><strong><em>Hokus Pokus \u2013 HOLO GRAMY AWA TARY I\u00a0AR!<\/em><\/strong>\u00a0\u2013 podczas tych zaj\u0119\u0107 zar\u00f3wno m\u0142odzi jak i\u00a0doro\u015bli mogli pobawi\u0107 si\u0119 wykorzystuj\u0105c do\u00a0tego komputery, tablety i\u00a0smartfony. Gry i\u00a0zabawy z\u00a0wykorzystaniem sztucznej inteligencji, hologram\u00f3w i\u00a0awatar\u00f3w cieszy\u0142y si\u0119 ogromnym zainteresowaniem.\u00a0<strong><em>Absurd nie\u00a0czyta\u0107, stw\u00f3rz w\u0142asn\u0105 fabu\u0142\u0119<\/em><\/strong>\u2026. \u2013 ta\u00a0zabawa improwizacyjna dostarczy\u0142a wiele rado\u015bci i\u00a0\u015bmiechu. Podczas zaj\u0119\u0107<strong><em>\u00a0Tw\u00f3rczy przedszkolak<\/em><\/strong>\u00a0dzieci z\u00a0ma\u0142\u0105 pomoc\u0105 doros\u0142ych opiekun\u00f3w stworzy\u0142y pi\u0119kne zak\u0142adki do\u00a0ksi\u0105\u017cek. Ogromne wra\u017cenie na\u00a0przyby\u0142ych zrobi\u0142\u00a0<strong><em>Nieoczywisty teatr cieni<\/em><\/strong>, przepi\u0119kne mini przedstawienie z\u00a0nastrojow\u0105 muzyk\u0105, po\u00a0kt\u00f3rym\u00a0odby\u0142y si\u0119 warsztaty z\u00a0tworzenia figurek do\u00a0teatrzyku cieni.\u00a0<strong><em>Magiczne szyde\u0142ko<\/em><\/strong>, warsztaty z\u00a0rob\u00f3tek r\u0119cznych zawsze ciesz\u0105 si\u0119 du\u017cym zainteresowaniem, szczeg\u00f3lnie w\u015br\u00f3d uczestniczek. Pod\u00a0czujnym okiem instruktorki powsta\u0142y pi\u0119kne bransoletki, koszyczki i\u00a0ozdoby. Niemal ka\u017cdy uczestnik Nocy Bibliotek przeszed\u0142\u00a0<strong><em>trening pierwszej pomocy przedmedycznej<\/em><\/strong>, by\u0142o to\u00a0nie\u00a0lada do\u015bwiadczenie, szczeg\u00f3lnie dla najm\u0142odszych.\u00a0<strong><em>Plansz\u00f3wkowe Nocne Granie<\/em><\/strong>\u00a0i\u00a0<strong><em>Rozgrywki gier fabularnych<\/em><\/strong>\u00a0zgromadzi\u0142y mi\u0142o\u015bnik\u00f3w gier RPG oraz\u00a0r\u00f3\u017cnorodnych gier planszowych i\u00a0karcianych.\u00a0<strong><em>Ta\u0144ce, pl\u0105sy i\u00a0harcerskie zabawy\u00a0<\/em><\/strong>poprowadzi\u0142y druhny z\u00a03\u00a0Cz\u0119stochowskiej Dru\u017cyny Harcerskiej \u201eWertepy\u201d. W\u00a0k\u0105ciku malucha dzieci mog\u0142y sp\u0119dzi\u0107 mi\u0142o czas na\u00a0kolorowaniu, grach i\u00a0zabawach oraz\u00a0s\u0142uchaniu bajek i\u00a0ba\u015bni. Punktem kulminacyjnym tegorocznej edycji Nocy Bibliotek by\u0142 wyst\u0119p\u00a0<strong><em>Ma\u017coretek \u201eSzyk\u201d.\u00a0<\/em><\/strong>Na\u00a0zako\u0144czenie wszyscy udali si\u0119 na\u00a0nocne zwiedzanie biblioteki, po\u0142\u0105czone z\u00a0oprowadzaniem po\u00a0wystawie \u201eZanim nasta\u0142y media cyfrowe\u2026\u201d. Pami\u0105tk\u0105 tegorocznej Nocy Bibliotek jest wsp\u00f3lnie stworzona kompozycja<strong><em>\u00a0Przywitaj si\u0119 z\u00a0bibliotek\u0105<\/em><\/strong>.<\/p>\n<p>Noc Bibliotek to\u00a0og\u00f3lnopolska akcja przekonuj\u0105ca do\u00a0czytania poprzez promocj\u0119 lokalnych bibliotek jako najbli\u017cszych miejsc spotka\u0144 z\u00a0kultur\u0105, z\u00a0r\u00f3\u017cnorodnymi zasobami i\u00a0bezp\u0142atn\u0105 ofert\u0105 dla spo\u0142eczno\u015bci, sprzyjaj\u0105cych wymianie idei i\u00a0integracji. Centrum Edukacji Obywatelskiej akcj\u0119 zainicjowa\u0142o i\u00a0rozwija pod\u00a0patronatem Biblioteki Narodowej, z\u00a0udzia\u0142em wsp\u00f3\u0142organizator\u00f3w \u2013 Fundacji ABCXXI \u2013 Ca\u0142a Polska czyta dzieciom oraz\u00a0Fundacji Rozwoju Spo\u0142ecze\u0144stwa Informacyjnego, a\u00a0tak\u017ce licznych partner\u00f3w i\u00a0patron\u00f3w.<\/p>\n<p>Wszystkim zaanga\u017cowanym w stworzenie atrakcyjnej oferty zaj\u0119\u0107 i warsztat\u00f3w serdecznie dzi\u0119kujemy. W szczeg\u00f3lno\u015bci dzi\u0119kujemy zaproszonym go\u015bciom, kt\u00f3rzy zechcieli podzieli\u0107 si\u0119 swoj\u0105 pasj\u0105 i po\u015bwi\u0119ci\u0107 sw\u00f3j czas.<\/p>\n<p style=\"text-align: right;\"><em>Tekst: Anna D\u0105browska<br \/>\n<\/em><em>Fot.: Agata Arkabus,\u00a0<\/em><em>Anna Hiller<br \/>\n<\/em><a href=\"https:\/\/pbp.womczest.edu.pl\/new\/galeria\/ogolnopolska-noc-bibliotek-2023\/\"><strong>galeria<\/strong><\/a><em><br \/>\n<\/em><\/p>\n","protected":false},"excerpt":{"rendered":"<p>W\u00a0sobot\u0119 7 pa\u017adziernika 2023\u00a0r. w\u00a0Publicznej Bibliotece Pedagogicznej RODN \u201eWOM\u201d w\u00a0Cz\u0119stochowie odby\u0142a si\u0119 IX edycja og\u00f3lnopolskiej akcji Noc Bibliotek pod\u00a0has\u0142em \u201eAbsurd nie\u00a0czyta\u0107\u201d.\u00a0Jak co\u00a0roku na\u00a0uczestnik\u00f3w czeka\u0142o wiele atrakcji. O\u00a0godz.\u00a016.30 w\u00a0Auli Forum\u00a0Regionalnego O\u015brodka Doskonalenia Nauczycieli \u201eWOM\u201d w\u00a0Cz\u0119stochowie nast\u0105pi\u0142o oficjalne powitanie i\u00a0rozpocz\u0119cie wydarzenia. Przyby\u0142ych uczestnik\u00f3w powita\u0142a Pani Renata Lipniewska \u2013 wicedyrektor ds.\u00a0bibliotek pedagogicznych. Nast\u0119pnie odby\u0142a si\u0119 projekcja filmu\u00a0Moja mama Gorylica\u00a0(2021, re\u017c. Linda Hamb\u00e4ck, Szwecja, Norwegia, Dania) animowanej adaptacji znanej w\u00a0Polsce ksi\u0105\u017cki Fridy Nilsson o\u00a0mi\u0142o\u015bci,<span class=\"ellipsis\">&hellip;<\/span><\/p>\n<div class=\"read-more\"><a href=\"https:\/\/pbp.womczest.edu.pl\/new\/noc-bibliotek-absurd-nie-czytac\/\">Czytaj wi\u0119cej &#8250;<\/a><\/div>\n<p><!-- end of .read-more --><\/p>\n","protected":false},"author":6,"featured_media":0,"parent":0,"menu_order":0,"comment_status":"closed","ping_status":"closed","template":"","meta":{"footnotes":""},"jetpack_sharing_enabled":true,"jetpack_shortlink":"https:\/\/wp.me\/PgmV4H-69O","_links":{"self":[{"href":"https:\/\/pbp.womczest.edu.pl\/new\/wp-json\/wp\/v2\/pages\/23672"}],"collection":[{"href":"https:\/\/pbp.womczest.edu.pl\/new\/wp-json\/wp\/v2\/pages"}],"about":[{"href":"https:\/\/pbp.womczest.edu.pl\/new\/wp-json\/wp\/v2\/types\/page"}],"author":[{"embeddable":true,"href":"https:\/\/pbp.womczest.edu.pl\/new\/wp-json\/wp\/v2\/users\/6"}],"replies":[{"embeddable":true,"href":"https:\/\/pbp.womczest.edu.pl\/new\/wp-json\/wp\/v2\/comments?post=23672"}],"version-history":[{"count":3,"href":"https:\/\/pbp.womczest.edu.pl\/new\/wp-json\/wp\/v2\/pages\/23672\/revisions"}],"predecessor-version":[{"id":23694,"href":"https:\/\/pbp.womczest.edu.pl\/new\/wp-json\/wp\/v2\/pages\/23672\/revisions\/23694"}],"wp:attachment":[{"href":"https:\/\/pbp.womczest.edu.pl\/new\/wp-json\/wp\/v2\/media?parent=23672"}],"curies":[{"name":"wp","href":"https:\/\/api.w.org\/{rel}","templated":true}]}}