


{"id":23627,"date":"2023-10-06T12:39:09","date_gmt":"2023-10-06T10:39:09","guid":{"rendered":"https:\/\/pbp.womczest.edu.pl\/new\/?page_id=23627"},"modified":"2023-10-26T12:25:28","modified_gmt":"2023-10-26T10:25:28","slug":"narodowy-program-rozwoju-czytelnictwa-nowosci-czytelnicze-czesc-1","status":"publish","type":"page","link":"https:\/\/pbp.womczest.edu.pl\/new\/narodowy-program-rozwoju-czytelnictwa-nowosci-czytelnicze-czesc-1\/","title":{"rendered":"Narodowy Program Rozwoju Czytelnictwa w PBP RODN &#8222;WOM&#8221; w Cz\u0119stochowie"},"content":{"rendered":"<p>&nbsp;<\/p>\n<ul>\n<li><a href=\"https:\/\/pbp.womczest.edu.pl\/new\/nprc-nowosci-czytelnicze-czesc-1\/\">Narodowy Program Rozwoju Czytelnictwa &#8211; nowo\u015bci czytelnicze, cz\u0119\u015b\u0107 1<\/a><\/li>\n<li><a href=\"https:\/\/pbp.womczest.edu.pl\/new\/nprc-nowosci-czytelnicze-czesc-2\/\">Narodowy Program Rozwoju Czytelnictwa &#8211; nowo\u015bci czytelnicze, cz\u0119\u015b\u0107 2<\/a><\/li>\n<li><a href=\"https:\/\/pbp.womczest.edu.pl\/new\/nprc-nowosci-czytelnicze-czesc-3\/\">Narodowy Program Rozwoju Czytelnictwa &#8211; nowo\u015bci czytelnicze, cz\u0119\u015b\u0107 3<\/a><\/li>\n<li><a href=\"https:\/\/pbp.womczest.edu.pl\/new\/narodowy-program-rozwoju-czytelnictwa-nowosci-czytelnicze-czesc-4\/\">Narodowy Program Rozwoju Czytelnictwa &#8211; nowo\u015bci czytelnicze, cz\u0119\u015b\u0107 4<\/a><\/li>\n<\/ul>\n","protected":false},"excerpt":{"rendered":"<p>&nbsp; Narodowy Program Rozwoju Czytelnictwa &#8211; nowo\u015bci czytelnicze, cz\u0119\u015b\u0107 1 Narodowy Program Rozwoju Czytelnictwa &#8211; nowo\u015bci czytelnicze, cz\u0119\u015b\u0107 2 Narodowy Program Rozwoju Czytelnictwa &#8211; nowo\u015bci czytelnicze, cz\u0119\u015b\u0107 3 Narodowy Program Rozwoju Czytelnictwa &#8211; nowo\u015bci czytelnicze, cz\u0119\u015b\u0107 4<\/p>\n","protected":false},"author":6,"featured_media":0,"parent":0,"menu_order":0,"comment_status":"closed","ping_status":"closed","template":"","meta":{"footnotes":""},"jetpack_sharing_enabled":true,"jetpack_shortlink":"https:\/\/wp.me\/PgmV4H-695","_links":{"self":[{"href":"https:\/\/pbp.womczest.edu.pl\/new\/wp-json\/wp\/v2\/pages\/23627"}],"collection":[{"href":"https:\/\/pbp.womczest.edu.pl\/new\/wp-json\/wp\/v2\/pages"}],"about":[{"href":"https:\/\/pbp.womczest.edu.pl\/new\/wp-json\/wp\/v2\/types\/page"}],"author":[{"embeddable":true,"href":"https:\/\/pbp.womczest.edu.pl\/new\/wp-json\/wp\/v2\/users\/6"}],"replies":[{"embeddable":true,"href":"https:\/\/pbp.womczest.edu.pl\/new\/wp-json\/wp\/v2\/comments?post=23627"}],"version-history":[{"count":23,"href":"https:\/\/pbp.womczest.edu.pl\/new\/wp-json\/wp\/v2\/pages\/23627\/revisions"}],"predecessor-version":[{"id":23797,"href":"https:\/\/pbp.womczest.edu.pl\/new\/wp-json\/wp\/v2\/pages\/23627\/revisions\/23797"}],"wp:attachment":[{"href":"https:\/\/pbp.womczest.edu.pl\/new\/wp-json\/wp\/v2\/media?parent=23627"}],"curies":[{"name":"wp","href":"https:\/\/api.w.org\/{rel}","templated":true}]}}