


{"id":23620,"date":"2023-10-06T12:34:54","date_gmt":"2023-10-06T10:34:54","guid":{"rendered":"https:\/\/pbp.womczest.edu.pl\/new\/?page_id=23620"},"modified":"2023-10-06T12:36:15","modified_gmt":"2023-10-06T10:36:15","slug":"23620-2","status":"publish","type":"page","link":"https:\/\/pbp.womczest.edu.pl\/new\/23620-2\/","title":{"rendered":"Narodowy Program Rozwoju Czytelnictwa 2.0. na lata 2016-2020"},"content":{"rendered":"<h3><img decoding=\"async\" loading=\"lazy\" class=\"aligncenter wp-image-7886\" src=\"https:\/\/pbp.womczest.edu.pl\/new\/wp-content\/uploads\/2016\/05\/NPRC_malinowy.jpg\" alt=\"NPRC_malinowy\" width=\"246\" height=\"93\" srcset=\"https:\/\/pbp.womczest.edu.pl\/new\/wp-content\/uploads\/2016\/05\/NPRC_malinowy.jpg 492w, https:\/\/pbp.womczest.edu.pl\/new\/wp-content\/uploads\/2016\/05\/NPRC_malinowy-300x113.jpg 300w, https:\/\/pbp.womczest.edu.pl\/new\/wp-content\/uploads\/2016\/05\/NPRC_malinowy-100x38.jpg 100w, https:\/\/pbp.womczest.edu.pl\/new\/wp-content\/uploads\/2016\/05\/NPRC_malinowy-150x57.jpg 150w, https:\/\/pbp.womczest.edu.pl\/new\/wp-content\/uploads\/2016\/05\/NPRC_malinowy-200x76.jpg 200w, https:\/\/pbp.womczest.edu.pl\/new\/wp-content\/uploads\/2016\/05\/NPRC_malinowy-450x170.jpg 450w\" sizes=\"(max-width: 246px) 100vw, 246px\" \/><\/h3>\n<h3 style=\"text-align: center;\"><span style=\"color: #800000;\"><strong>Narodowy Program Rozwoju Czytelnictwa 2.0. na lata 2016-2020<\/strong><\/span><\/h3>\n<p>&nbsp;<\/p>\n<ul>\n<li><strong>Akty prawne<br \/>\n<\/strong>&#8211; <a href=\"https:\/\/pbp.womczest.edu.pl\/new\/wp-content\/uploads\/2016\/05\/Rozporz\u0105dzenie.pdf\">Rozporz\u0105dzenie Rady Ministr\u00f3w z dnia 6 pa\u017adziernika 2015 r. w sprawie szczeg\u00f3\u0142owych warunk\u00f3w, form i trybu realizacji Priorytetu 3 \u201eNarodowego Programu Rozwoju Czytelnictwa\u201d<br \/>\n&#8211; Uchwa\u0142a 180\/2015 Rady Ministr\u00f3w z dnia 6 pa\u017adziernika 2015 r. w sprawie ustanowienia programu wieloletniego \u201eNarodowy Program Rozwoju Czytelnictwa\u201d<br \/>\n<\/a><\/li>\n<li><strong>Polecane strony:<\/strong><br \/>\n&#8211;\u00a0<a href=\"https:\/\/www.gov.pl\/web\/edukacja\/narodowy-program-rozwoju-czytelnictwa\">Ministerstwo Edukacji Narodowej<\/a><br \/>\n&#8211; <a href=\"https:\/\/www.gov.pl\/web\/edukacja\/formularze-sprawozdan-z-realizacji-narodowego-programu-rozwoju-czytelnictwa\">Formularze sprawozda\u0144 z realizacji Narodowego Programu Rozwoju Czytelnictwa<\/a><br \/>\n<a href=\"https:\/\/www.bn.org.pl\/dla-bibliotekarzy\/zakup-nowosci-wydawniczych-do-bibliotek\/2020\/\">&#8211; Program Wieloletni \u201eNarodowy Program Rozwoju Czytelnictwa\u201d 2020 &#8211; Biblioteka Narodowa<\/a><br \/>\n&#8211; <a href=\"https:\/\/bibliotekawszkole.pl\/Poradnik_NPRCz_BwS.pdf\">Miniporadnik dla nauczycieli bibliotekarzy i dyrektor\u00f3w szk\u00f3\u0142<\/a><br \/>\n<a href=\"https:\/\/forum.biblioteka.pl\/search.php?keywords=narodowy+program+rozwoju&amp;fid%5B0%5D=1\">&#8211; NPRC &#8211; Forum &#8222;Biblioteki w Szkole&#8221;<\/a><\/li>\n<li><strong>Dokumenty<\/strong><br \/>\n&#8211; Realizacja planu NPRC w szko\u0142ach i bibliotekach pedagogicznych w okresie trwania epidemii &#8211; stanowisko MEN &#8211; <a href=\"https:\/\/pbp.womczest.edu.pl\/new\/wp-content\/uploads\/2020\/09\/nprc_men_plan.pdf\">pismo_nprc_men<\/a>, <a href=\"https:\/\/pbp.womczest.edu.pl\/new\/wp-content\/uploads\/2020\/09\/odp_men_realizacja_plan_nprc.pdf\">odp_men_realizacja_plan_nprc<\/a><br \/>\n&#8211; Uwagi i rekomendacje do projektu programu \u201eNarodowy Program Rozwoju Czytelnictwa\u201d &#8211; Priorytet 3 \u2013 Rozwijanie zainteresowa\u0144 uczni\u00f3w poprzez promowanie i wspieranie rozwoju czytelnictwa w\u015br\u00f3d dzieci i m\u0142odzie\u017cy, w tym zakup nowo\u015bci wydawniczych &#8211; <a href=\"https:\/\/pbp.womczest.edu.pl\/new\/wp-content\/uploads\/2020\/09\/nprc_uwagi_arkabus_wasilewski.pdf\">nprc_uwagi_arkabus_wasilewski<\/a><br \/>\n&#8211; Wniosek o zmian\u0119 terminu (przed\u0142u\u017cenia) realizacji NPRCz w szko\u0142ach do ko\u0144ca roku szkolnego &#8211; <a href=\"https:\/\/pbp.womczest.edu.pl\/new\/wp-content\/uploads\/2020\/09\/Odpowied\u017a-na-list-dotycz\u0105cy-Narodowego-Programu-Rozwoju-Czytelnictwa.pdf\">Odpowied\u017a MEN dotycz\u0105cy Narodowego Programu Rozwoju Czytelnictwa<\/a><br \/>\n&#8211; <a href=\"https:\/\/pbp.womczest.edu.pl\/new\/wp-content\/uploads\/2020\/09\/nowo\u015bci_wydawnicze_stanowisko_men.pdf\">Nowo\u015bci wydawnicze w NPRC &#8211; stanowisko_MEN<\/a><br \/>\n&#8211; <a href=\"https:\/\/pbp.womczest.edu.pl\/new\/wp-content\/uploads\/2020\/09\/zakupy_nprc_men.pdf\">Zakupy nowo\u015bci w NPRC &#8211; odpowied\u017a MEN<\/a><\/li>\n<\/ul>\n<p>&nbsp;<\/p>\n","protected":false},"excerpt":{"rendered":"<p>Narodowy Program Rozwoju Czytelnictwa 2.0. na lata 2016-2020 &nbsp; Akty prawne &#8211; Rozporz\u0105dzenie Rady Ministr\u00f3w z dnia 6 pa\u017adziernika 2015 r. w sprawie szczeg\u00f3\u0142owych warunk\u00f3w, form i trybu realizacji Priorytetu 3 \u201eNarodowego Programu Rozwoju Czytelnictwa\u201d &#8211; Uchwa\u0142a 180\/2015 Rady Ministr\u00f3w z dnia 6 pa\u017adziernika 2015 r. w sprawie ustanowienia programu wieloletniego \u201eNarodowy Program Rozwoju Czytelnictwa\u201d Polecane strony: &#8211;\u00a0Ministerstwo Edukacji Narodowej &#8211; Formularze sprawozda\u0144 z realizacji Narodowego Programu Rozwoju Czytelnictwa &#8211;<span class=\"ellipsis\">&hellip;<\/span><\/p>\n<div class=\"read-more\"><a href=\"https:\/\/pbp.womczest.edu.pl\/new\/23620-2\/\">Czytaj wi\u0119cej &#8250;<\/a><\/div>\n<p><!-- end of .read-more --><\/p>\n","protected":false},"author":6,"featured_media":0,"parent":0,"menu_order":0,"comment_status":"closed","ping_status":"closed","template":"","meta":{"footnotes":""},"jetpack_sharing_enabled":true,"jetpack_shortlink":"https:\/\/wp.me\/PgmV4H-68Y","_links":{"self":[{"href":"https:\/\/pbp.womczest.edu.pl\/new\/wp-json\/wp\/v2\/pages\/23620"}],"collection":[{"href":"https:\/\/pbp.womczest.edu.pl\/new\/wp-json\/wp\/v2\/pages"}],"about":[{"href":"https:\/\/pbp.womczest.edu.pl\/new\/wp-json\/wp\/v2\/types\/page"}],"author":[{"embeddable":true,"href":"https:\/\/pbp.womczest.edu.pl\/new\/wp-json\/wp\/v2\/users\/6"}],"replies":[{"embeddable":true,"href":"https:\/\/pbp.womczest.edu.pl\/new\/wp-json\/wp\/v2\/comments?post=23620"}],"version-history":[{"count":3,"href":"https:\/\/pbp.womczest.edu.pl\/new\/wp-json\/wp\/v2\/pages\/23620\/revisions"}],"predecessor-version":[{"id":23625,"href":"https:\/\/pbp.womczest.edu.pl\/new\/wp-json\/wp\/v2\/pages\/23620\/revisions\/23625"}],"wp:attachment":[{"href":"https:\/\/pbp.womczest.edu.pl\/new\/wp-json\/wp\/v2\/media?parent=23620"}],"curies":[{"name":"wp","href":"https:\/\/api.w.org\/{rel}","templated":true}]}}