


{"id":23244,"date":"2023-06-29T13:38:35","date_gmt":"2023-06-29T11:38:35","guid":{"rendered":"https:\/\/pbp.womczest.edu.pl\/new\/?page_id=23244"},"modified":"2023-06-29T13:38:35","modified_gmt":"2023-06-29T11:38:35","slug":"bo-rodzina-to-jest-sila","status":"publish","type":"page","link":"https:\/\/pbp.womczest.edu.pl\/new\/bo-rodzina-to-jest-sila\/","title":{"rendered":"\u201eBo rodzina to jest si\u0142a\u201d"},"content":{"rendered":"<p>5. czerwca 2023\u00a0r. w\u00a0Publicznej Bibliotece Pedagogicznej RODN \u201eWOM\u201d w\u00a0Cz\u0119stochowie odby\u0142o si\u0119 rozstrzygni\u0119cie\u00a0konkursu czytelniczo-plastycznego na\u00a0projekt ok\u0142adki ksi\u0105\u017cki o\u00a0tematyce rodzinnej dla dzieci i\u00a0m\u0142odzie\u017cy pn.\u00a0\u201eBo rodzina to\u00a0jest si\u0142a\u201d. Konkurs organizowany by\u0142 we\u00a0wsp\u00f3\u0142pracy ze\u00a0Szko\u0142\u0105 Podstawow\u0105 nr\u00a031 im.\u00a0Or\u0142a Bia\u0142ego w\u00a0Cz\u0119stochowie. Przedmiotem konkursu by\u0142o wykonanie projektu ok\u0142adki do\u00a0ksi\u0105\u017cki dla dzieci i\u00a0m\u0142odzie\u017cy, kt\u00f3ra\u00a0w\u00a0ciekawy i\u00a0nowatorski spos\u00f3b nawi\u0105zywa\u0142a do\u00a0istniej\u0105cego utworu prozatorskiego lub poetyckiego. Konkurs skierowany by\u0142 do\u00a0uczni\u00f3w klas IV-VIII szk\u00f3\u0142 podstawowych Cz\u0119stochowy i\u00a0regionu. Cele konkursu to\u00a0upowszechnianie czytelnictwa w\u015br\u00f3d uczni\u00f3w, rozwijanie ich kompetencji czytelniczych oraz\u00a0popularyzowanie prezentacji tw\u00f3rczo\u015bci literackiej w\u00a0formie graficznej.<\/p>\n<p>W\u00a0konkursie wzi\u0119\u0142o udzia\u0142 27 uczni\u00f3w i\u00a021 nauczycieli.<\/p>\n<p>Komisja w\u00a0sk\u0142adzie:<br \/>\nPrzewodnicz\u0105ca: Izabela Bajor,<br \/>\nCz\u0142onkowie: Anna P\u0142usa, Marek Czarno\u0142\u0119ski,<\/p>\n<p>uwzgl\u0119dniaj\u0105c poni\u017csze kryteria:<\/p>\n<ul>\n<li>oryginalno\u015bci, innowacyjno\u015bci i\u00a0estetyki wykonania,<\/li>\n<li>zgodno\u015bci z\u00a0tre\u015bci\u0105 wybranego utworu,<\/li>\n<li>poprawno\u015bci j\u0119zykowej, ortograficznej i\u00a0interpunkcyjnej,<\/li>\n<\/ul>\n<p>wy\u0142oni\u0142a nast\u0119puj\u0105cych laureat\u00f3w konkursu:<\/p>\n<p><strong>I\u00a0miejsce<\/strong><\/p>\n<p>ucze\u0144: Trystian Marchewka, nauczyciel: Urszula T\u0105del, Zesp\u00f3\u0142 Szkolno-Przedszkolny w\u00a0Borownie, tytu\u0142: \u201eMagiczne drzewo. Czerwone krzes\u0142o\u201d<\/p>\n<p>uczennica: Nela Krakowiak, nauczyciel: Ilona Nawrot, Zesp\u00f3\u0142 Szkolno-Przedszkolny nr\u00a01 w\u00a0Cz\u0119stochowie, tytu\u0142: \u201eBo rodzina to\u00a0jest si\u0142a\u201d<\/p>\n<p>uczennica: Amelia Brz\u0119czek, nauczyciel: Lidia St\u0119pie\u0144, Ewelina Brz\u0119czek, Szko\u0142a Podstawowa im.\u00a0T. Ko\u015bciuszki w\u00a0Pankach, tytu\u0142: O\u00a0mojej\u00a0rodzince\u201d<\/p>\n<p><strong>II\u00a0miejsce<\/strong><\/p>\n<p>uczennica: Klementyna Kulik, nauczyciel: Renata Urbaniak, Szko\u0142a Podstawowa nr\u00a030 im.\u00a0Por. M. Brzeskiego w\u00a0Cz\u0119stochowie, tytu\u0142: \u201eWojownicy\u201d<\/p>\n<p>ucze\u0144: Jordan Pros, nauczyciel: Ilona Nawrot, Zesp\u00f3\u0142 Szkolno-Przedszkolny nr\u00a01 w\u00a0Cz\u0119stochowie, tytu\u0142: \u201eBo rodzina to\u00a0jest si\u0142a\u201d<\/p>\n<p>uczennica: Nikola Gloc, nauczyciel: Lidia St\u0119pie\u0144, Szko\u0142a Podstawowa im.\u00a0T. Ko\u015bciuszki w\u00a0Pankach, tytu\u0142: \u201eDom dziecka\u201d<\/p>\n<p><strong>III miejsce<\/strong><\/p>\n<p>uczennica: Roksana Janik, nauczyciel: Dorota Popa, Szko\u0142a Podstawowa im.\u00a0M. Konopnickiej w\u00a0Borowem, tytu\u0142: \u201eRazem weselej\u201d<\/p>\n<p>uczennica: Wiktoria Wo\u0142osz, nauczyciel: Joanna Nagel, Szko\u0142a Podstawowa nr\u00a013 im.\u00a0K. Makuszy\u0144skiego w\u00a0Cz\u0119stochowie, tytu\u0142: \u201eSpoko rodzinka\u201d<\/p>\n<p><strong>Wyr\u00f3\u017cnienie<\/strong><\/p>\n<p>uczennica: Lena Kubat, nauczyciel: Ola Tukaj, Szko\u0142a Podstawowa im\u00a0M. Konopnickiej w\u00a0Borowem, tytu\u0142: \u201eNowa rodzina Ani\u201d<\/p>\n<p style=\"text-align: right;\"><em>Anna P\u0142usa<\/em><\/p>\n<p>&nbsp;<\/p>\n","protected":false},"excerpt":{"rendered":"<p>5. czerwca 2023\u00a0r. w\u00a0Publicznej Bibliotece Pedagogicznej RODN \u201eWOM\u201d w\u00a0Cz\u0119stochowie odby\u0142o si\u0119 rozstrzygni\u0119cie\u00a0konkursu czytelniczo-plastycznego na\u00a0projekt ok\u0142adki ksi\u0105\u017cki o\u00a0tematyce rodzinnej dla dzieci i\u00a0m\u0142odzie\u017cy pn.\u00a0\u201eBo rodzina to\u00a0jest si\u0142a\u201d. Konkurs organizowany by\u0142 we\u00a0wsp\u00f3\u0142pracy ze\u00a0Szko\u0142\u0105 Podstawow\u0105 nr\u00a031 im.\u00a0Or\u0142a Bia\u0142ego w\u00a0Cz\u0119stochowie. Przedmiotem konkursu by\u0142o wykonanie projektu ok\u0142adki do\u00a0ksi\u0105\u017cki dla dzieci i\u00a0m\u0142odzie\u017cy, kt\u00f3ra\u00a0w\u00a0ciekawy i\u00a0nowatorski spos\u00f3b nawi\u0105zywa\u0142a do\u00a0istniej\u0105cego utworu prozatorskiego lub poetyckiego. Konkurs skierowany by\u0142 do\u00a0uczni\u00f3w klas IV-VIII szk\u00f3\u0142 podstawowych Cz\u0119stochowy i\u00a0regionu. Cele konkursu to\u00a0upowszechnianie czytelnictwa w\u015br\u00f3d uczni\u00f3w,<span class=\"ellipsis\">&hellip;<\/span><\/p>\n<div class=\"read-more\"><a href=\"https:\/\/pbp.womczest.edu.pl\/new\/bo-rodzina-to-jest-sila\/\">Czytaj wi\u0119cej &#8250;<\/a><\/div>\n<p><!-- end of .read-more --><\/p>\n","protected":false},"author":6,"featured_media":0,"parent":0,"menu_order":0,"comment_status":"closed","ping_status":"closed","template":"","meta":{"footnotes":""},"jetpack_sharing_enabled":true,"jetpack_shortlink":"https:\/\/wp.me\/PgmV4H-62U","_links":{"self":[{"href":"https:\/\/pbp.womczest.edu.pl\/new\/wp-json\/wp\/v2\/pages\/23244"}],"collection":[{"href":"https:\/\/pbp.womczest.edu.pl\/new\/wp-json\/wp\/v2\/pages"}],"about":[{"href":"https:\/\/pbp.womczest.edu.pl\/new\/wp-json\/wp\/v2\/types\/page"}],"author":[{"embeddable":true,"href":"https:\/\/pbp.womczest.edu.pl\/new\/wp-json\/wp\/v2\/users\/6"}],"replies":[{"embeddable":true,"href":"https:\/\/pbp.womczest.edu.pl\/new\/wp-json\/wp\/v2\/comments?post=23244"}],"version-history":[{"count":1,"href":"https:\/\/pbp.womczest.edu.pl\/new\/wp-json\/wp\/v2\/pages\/23244\/revisions"}],"predecessor-version":[{"id":23246,"href":"https:\/\/pbp.womczest.edu.pl\/new\/wp-json\/wp\/v2\/pages\/23244\/revisions\/23246"}],"wp:attachment":[{"href":"https:\/\/pbp.womczest.edu.pl\/new\/wp-json\/wp\/v2\/media?parent=23244"}],"curies":[{"name":"wp","href":"https:\/\/api.w.org\/{rel}","templated":true}]}}