


{"id":23240,"date":"2023-06-29T13:34:02","date_gmt":"2023-06-29T11:34:02","guid":{"rendered":"https:\/\/pbp.womczest.edu.pl\/new\/?page_id=23240"},"modified":"2023-07-05T10:23:30","modified_gmt":"2023-07-05T08:23:30","slug":"sukces-w-konkursie-ogolnopolskim-ten-geniallny-kopernik","status":"publish","type":"page","link":"https:\/\/pbp.womczest.edu.pl\/new\/sukces-w-konkursie-ogolnopolskim-ten-geniallny-kopernik\/","title":{"rendered":"Sukces w konkursie og\u00f3lnopolskim \u201eTEN GENIALLNY KOPERNIK!\u201d"},"content":{"rendered":"<div dir=\"auto\"><\/div>\n<div dir=\"auto\">Mi\u0142o nam poinformowa\u0107, \u017ce\u00a0nauczyciel bibliotekarz Publicznej Biblioteki Pedagogicznej RODN \u201eWOM\u201d w\u00a0Cz\u0119stochowie Pani Aneta Przyby\u0142owicz, zdoby\u0142a II\u00a0miejsce w\u00a0og\u00f3lnopolskim konkursie \u201eTen Geniallny Kopernik!\u201d organizowanym przez\u00a0Warmi\u0144sko-Mazursk\u0105 Bibliotek\u0119 Pedagogiczn\u0105 im.\u00a0Karola Wojty\u0142y w\u00a0Elbl\u0105gu.<\/div>\n<div dir=\"auto\">WMBP w Elbl\u0105gu w\u0142\u0105czy\u0142a si\u0119 w obchody jubileuszu organizowanego przez Samorz\u0105d Wojew\u00f3dztwa Warmi\u0144sko-Mazurskiego pod has\u0142em \u201eKopernika cztery dziewi\u0119ciolecia\u201d. Propozycja konkursu \u0142\u0105czy\u0142a popularyzowanie wiedzy o znakomitym astronomie i rozwijanie kompetencji cyfrowych uczni\u00f3w i nauczycieli. Zadaniem nauczycieli by\u0142o przygotowanie escape roomu przybli\u017caj\u0105cego posta\u0107 Miko\u0142aja Kopernika. Wyniki konkursu organizator opublikowa\u0142a 1 czerwca 2023 r.<\/div>\n<div dir=\"auto\">Nagrodzona praca konkursowa dost\u0119pna jest na\u00a0stronie:\u00a0<a class=\"x1i10hfl xjbqb8w x6umtig x1b1mbwd xaqea5y xav7gou x9f619 x1ypdohk xt0psk2 xe8uvvx xdj266r x11i5rnm xat24cr x1mh8g0r xexx8yu x4uap5 x18d9i69 xkhd6sd x16tdsg8 x1hl2dhg xggy1nq x1a2a7pz xt0b8zv x1fey0fg\" tabindex=\"0\" role=\"link\" href=\"https:\/\/view.genial.ly\/64674604de334100195f1ec2\/interactive-content-mk?fbclid=IwAR2y3h5tyGBa2ZUO5lm8vHbvZlgSHOMXfDXuUjkuVEOfQUX28x4Qzn8n_PE\" target=\"_blank\" rel=\"nofollow noopener noreferrer\">https:\/\/view.genial.ly\/64674604de3\u2026\/interactive-content-mk<\/a><\/div>\n<div dir=\"auto\">Gratulujemy!<\/div>\n","protected":false},"excerpt":{"rendered":"<p>Mi\u0142o nam poinformowa\u0107, \u017ce\u00a0nauczyciel bibliotekarz Publicznej Biblioteki Pedagogicznej RODN \u201eWOM\u201d w\u00a0Cz\u0119stochowie Pani Aneta Przyby\u0142owicz, zdoby\u0142a II\u00a0miejsce w\u00a0og\u00f3lnopolskim konkursie \u201eTen Geniallny Kopernik!\u201d organizowanym przez\u00a0Warmi\u0144sko-Mazursk\u0105 Bibliotek\u0119 Pedagogiczn\u0105 im.\u00a0Karola Wojty\u0142y w\u00a0Elbl\u0105gu. WMBP w Elbl\u0105gu w\u0142\u0105czy\u0142a si\u0119 w obchody jubileuszu organizowanego przez Samorz\u0105d Wojew\u00f3dztwa Warmi\u0144sko-Mazurskiego pod has\u0142em \u201eKopernika cztery dziewi\u0119ciolecia\u201d. Propozycja konkursu \u0142\u0105czy\u0142a popularyzowanie wiedzy o znakomitym astronomie i rozwijanie kompetencji cyfrowych uczni\u00f3w i nauczycieli. Zadaniem nauczycieli by\u0142o przygotowanie escape roomu przybli\u017caj\u0105cego posta\u0107 Miko\u0142aja<span class=\"ellipsis\">&hellip;<\/span><\/p>\n<div class=\"read-more\"><a href=\"https:\/\/pbp.womczest.edu.pl\/new\/sukces-w-konkursie-ogolnopolskim-ten-geniallny-kopernik\/\">Czytaj wi\u0119cej &#8250;<\/a><\/div>\n<p><!-- end of .read-more --><\/p>\n","protected":false},"author":6,"featured_media":0,"parent":0,"menu_order":0,"comment_status":"closed","ping_status":"closed","template":"","meta":{"footnotes":""},"jetpack_sharing_enabled":true,"jetpack_shortlink":"https:\/\/wp.me\/PgmV4H-62Q","_links":{"self":[{"href":"https:\/\/pbp.womczest.edu.pl\/new\/wp-json\/wp\/v2\/pages\/23240"}],"collection":[{"href":"https:\/\/pbp.womczest.edu.pl\/new\/wp-json\/wp\/v2\/pages"}],"about":[{"href":"https:\/\/pbp.womczest.edu.pl\/new\/wp-json\/wp\/v2\/types\/page"}],"author":[{"embeddable":true,"href":"https:\/\/pbp.womczest.edu.pl\/new\/wp-json\/wp\/v2\/users\/6"}],"replies":[{"embeddable":true,"href":"https:\/\/pbp.womczest.edu.pl\/new\/wp-json\/wp\/v2\/comments?post=23240"}],"version-history":[{"count":2,"href":"https:\/\/pbp.womczest.edu.pl\/new\/wp-json\/wp\/v2\/pages\/23240\/revisions"}],"predecessor-version":[{"id":23302,"href":"https:\/\/pbp.womczest.edu.pl\/new\/wp-json\/wp\/v2\/pages\/23240\/revisions\/23302"}],"wp:attachment":[{"href":"https:\/\/pbp.womczest.edu.pl\/new\/wp-json\/wp\/v2\/media?parent=23240"}],"curies":[{"name":"wp","href":"https:\/\/api.w.org\/{rel}","templated":true}]}}