


{"id":23171,"date":"2023-06-14T14:14:21","date_gmt":"2023-06-14T12:14:21","guid":{"rendered":"https:\/\/pbp.womczest.edu.pl\/new\/?page_id=23171"},"modified":"2023-06-20T09:31:58","modified_gmt":"2023-06-20T07:31:58","slug":"miedzyszkolny-mol-biblioteczny-2022-2023-podsumowanie","status":"publish","type":"page","link":"https:\/\/pbp.womczest.edu.pl\/new\/miedzyszkolny-mol-biblioteczny-2022-2023-podsumowanie\/","title":{"rendered":"Mi\u0119dzyszkolny M\u00f3l Biblioteczny 2022\/2023 &#8211; podsumowanie"},"content":{"rendered":"<p>14 czerwca 2023\u00a0r. w\u00a0naszej bibliotece odby\u0142o si\u0119 podsumowanie VII edycji mi\u0119dzyszkolnego konkursu czytelniczego\u00a0<em>W\u00a0ka\u017cdej szkole s\u0105\u00a0ksi\u0105\u017ckowe mole,\u00a0<\/em>kt\u00f3rego\u00a0organizatorem by\u0142a Publiczna Biblioteka Pedagogiczna RODN \u201eWOM\u201d w\u00a0Cz\u0119stochowie Filia w\u00a0Lelowie.<\/p>\n<p>Konkurs skierowany by\u0142 do\u00a0wszystkich uczni\u00f3w Szk\u00f3\u0142 Podstawowych z\u00a0terenu Gminy Lel\u00f3w i\u00a0trwa\u0142 od\u00a01 wrze\u015bnia 2022\u00a0r. do\u00a031 maja 2023\u00a0r.<\/p>\n<p>Celem konkursu by\u0142o promowanie czytelnictwa w\u015br\u00f3d dzieci i\u00a0m\u0142odzie\u017cy, wy\u0142onienie uczni\u00f3w, kt\u00f3rzy\u00a0najaktywniej korzystali z\u00a0zasob\u00f3w swojej biblioteki szkolnej w\u00a0roku szkolnym 2022\/2023 i\u00a0zostali\u00a0<em>Szkolnymi Molami Bibliotecznymi.<\/em><\/p>\n<p>O\u00a0tytu\u0142\u00a0\u00a0<strong><em>Mi\u0119dzyszkolnego Mola Bibliotecznego 2022\/ 2023\u00a0<\/em><\/strong>\u00a0rywalizowali uczniowie ze\u00a0Szko\u0142y Podstawowej Zespo\u0142u Szkolno-Przedszkolnego w\u00a0Lelowie, Szko\u0142y Podstawowej w\u00a0Podlesiu\u00a0 i\u00a0Szko\u0142y Podstawowej w\u00a0\u015al\u0119zanach.<\/p>\n<p><strong>Tytu\u0142 i\u00a0statuetk\u0119\u00a0<\/strong><strong>Mi\u0119dzyszkolnego\u00a0 Mola Bibliotecznego 2022\/2023\u00a0<\/strong><strong>otrzyma\u0142a:\u00a0<\/strong><strong>Emilia Bielas \u2013 uczennica kl. III\u00a0 Szko\u0142y Podstawowej w\u00a0Podlesiu<\/strong><\/p>\n<p><strong>II\u00a0miejsce zaj\u0119\u0142a\u00a0<\/strong><strong>Ma\u0142gorzata Pi\u0119tak \u2013 uczennica\u00a0 kl. VI \u00a0\u00a0Szko\u0142y Podstawowej w\u00a0\u015al\u0119zanach<\/strong><\/p>\n<p><strong>III miejsce zaj\u0105\u0142\u00a0<\/strong><strong>Szymon Milczarek \u2013 ucze\u0144\u00a0 kl. V\u00a0Zespo\u0142u Szkolno-Przedszkolnego w\u00a0Lelowie<\/strong><\/p>\n<p>Wszyscy laureaci otrzymali dyplomy oraz\u00a0ksi\u0105\u017cki. Zwyci\u0119zcom konkursu serdecznie\u00a0 gratulujemy\u00a0 i\u00a0\u017cyczymy wielu ciekawych lektur. Nauczycielom bibliotekarzom bibliotek szkolnych dzi\u0119kujemy za\u00a0wsp\u00f3\u0142prac\u0119.<\/p>\n<p style=\"text-align: right;\"><em>Tekst: Dorota Kulawiak<br \/>\n<style id=\"bwg-style-0\">    #bwg_container1_0 #bwg_container2_0 .bwg-container-0.bwg-standard-thumbnails {      width: 904px;              justify-content: center;        margin:0 auto !important;              background-color: rgba(255, 255, 255, 0.00);            padding-left: 4px;      padding-top: 4px;      max-width: 100%;            }        #bwg_container1_0 #bwg_container2_0 .bwg-container-0.bwg-standard-thumbnails .bwg-item {    justify-content: flex-start;      max-width: 180px;            width: 180px !important;          }    #bwg_container1_0 #bwg_container2_0 .bwg-container-0.bwg-standard-thumbnails .bwg-item a {       margin-right: 4px;       margin-bottom: 4px;    }    #bwg_container1_0 #bwg_container2_0 .bwg-container-0.bwg-standard-thumbnails .bwg-item0 {      padding: 0px;            background-color:rgba(255,255,255, 0.30);      border: 0px none #CCCCCC;      opacity: 1.00;      border-radius: 0;      box-shadow: 0px 0px 0px #888888;    }    #bwg_container1_0 #bwg_container2_0 .bwg-container-0.bwg-standard-thumbnails .bwg-item1 img {      max-height: none;      max-width: none;      padding: 0 !important;    }        @media only screen and (min-width: 480px) {      #bwg_container1_0 #bwg_container2_0 .bwg-container-0.bwg-standard-thumbnails .bwg-item0 {        transition: all 0.3s ease 0s;-webkit-transition: all 0.3s ease 0s;      }      #bwg_container1_0 #bwg_container2_0 .bwg-container-0.bwg-standard-thumbnails .bwg-item0:hover {        -ms-transform: scale(1.1);        -webkit-transform: scale(1.1);        transform: scale(1.1);      }    }          #bwg_container1_0 #bwg_container2_0 .bwg-container-0.bwg-standard-thumbnails .bwg-item1 {      padding-top: 50%;    }        #bwg_container1_0 #bwg_container2_0 .bwg-container-0.bwg-standard-thumbnails .bwg-title2,    #bwg_container1_0 #bwg_container2_0 .bwg-container-0.bwg-standard-thumbnails .bwg-ecommerce2 {      color: #CCCCCC;      font-family: segoe ui;      font-size: 16px;      font-weight: bold;      padding: 2px;      text-shadow: 0px 0px 0px #888888;      max-height: 100%;    }    #bwg_container1_0 #bwg_container2_0 .bwg-container-0.bwg-standard-thumbnails .bwg-thumb-description span {    color: #323A45;    font-family: Ubuntu;    font-size: 12px;    max-height: 100%;    word-wrap: break-word;    }    #bwg_container1_0 #bwg_container2_0 .bwg-container-0.bwg-standard-thumbnails .bwg-play-icon2 {      font-size: 32px;    }    #bwg_container1_0 #bwg_container2_0 .bwg-container-0.bwg-standard-thumbnails .bwg-ecommerce2 {      font-size: 19.2px;      color: #CCCCCC;    }    <\/style>    <div id=\"bwg_container1_0\"         class=\"bwg_container bwg_thumbnail bwg_thumbnails \"         data-right-click-protection=\"0\"         data-bwg=\"0\"         data-scroll=\"0\"         data-gallery-type=\"thumbnails\"         data-gallery-view-type=\"thumbnails\"         data-current-url=\"\/new\/wp-json\/wp\/v2\/pages\/23171\"         data-lightbox-url=\"https:\/\/pbp.womczest.edu.pl\/new\/wp-admin\/admin-ajax.php?action=GalleryBox&#038;current_view=0&#038;gallery_id=462&#038;tag=0&#038;theme_id=1&#038;shortcode_id=1138&#038;sort_by=order&#038;order_by=asc&#038;current_url=%2Fnew%2Fwp-json%2Fwp%2Fv2%2Fpages%2F23171\"         data-gallery-id=\"462\"         data-popup-width=\"800\"         data-popup-height=\"500\"         data-is-album=\"gallery\"         data-buttons-position=\"bottom\">      <div id=\"bwg_container2_0\">             <div id=\"ajax_loading_0\" class=\"bwg_loading_div_1\">      <div class=\"bwg_loading_div_2\">        <div class=\"bwg_loading_div_3\">          <div id=\"loading_div_0\" class=\"bwg_spider_ajax_loading\">          <\/div>        <\/div>      <\/div>    <\/div>            <form id=\"gal_front_form_0\"              class=\"bwg-hidden\"              method=\"post\"              action=\"#\"              data-current=\"0\"              data-shortcode-id=\"1138\"              data-gallery-type=\"thumbnails\"              data-gallery-id=\"462\"              data-tag=\"0\"              data-album-id=\"0\"              data-theme-id=\"1\"              data-ajax-url=\"https:\/\/pbp.womczest.edu.pl\/new\/wp-admin\/admin-ajax.php?action=bwg_frontend_data\">          <div id=\"bwg_container3_0\" class=\"bwg-background bwg-background-0\">                <div data-max-count=\"5\"         data-thumbnail-width=\"180\"         data-bwg=\"0\"         data-gallery-id=\"462\"         data-lightbox-url=\"https:\/\/pbp.womczest.edu.pl\/new\/wp-admin\/admin-ajax.php?action=GalleryBox&amp;current_view=0&amp;gallery_id=462&amp;tag=0&amp;theme_id=1&amp;shortcode_id=1138&amp;sort_by=order&amp;order_by=asc&amp;current_url=%2Fnew%2Fwp-json%2Fwp%2Fv2%2Fpages%2F23171\"         id=\"bwg_thumbnails_0\"         class=\"bwg-container-0 bwg-thumbnails bwg-standard-thumbnails bwg-container bwg-border-box\">            <div class=\"bwg-item\">        <a class=\"bwg-a  bwg_lightbox\"  data-image-id=\"7491\" href=\"https:\/\/pbp.womczest.edu.pl\/new\/wp-content\/uploads\/photo-gallery\/2023_mol_lelow\/IMG_1703.jpg?bwg=1686746558\" data-elementor-open-lightbox=\"no\">                <div class=\"bwg-item0 \">          <div class=\"bwg-item1 \">            <div class=\"bwg-item2\">              <img class=\"skip-lazy bwg_standart_thumb_img_0 \"                   data-id=\"7491\"                   data-width=\"256.00\"                   data-height=\"300.00\"                   data-src=\"https:\/\/pbp.womczest.edu.pl\/new\/wp-content\/uploads\/photo-gallery\/2023_mol_lelow\/thumb\/IMG_1703.jpg?bwg=1686746558\"                   src=\"https:\/\/pbp.womczest.edu.pl\/new\/wp-content\/uploads\/photo-gallery\/2023_mol_lelow\/thumb\/IMG_1703.jpg?bwg=1686746558\"                   alt=\"IMG 1703\"                   title=\"IMG 1703\" \/>            <\/div>            <div class=\"\">                                                      <\/div>          <\/div>        <\/div>                        <\/a>              <\/div>            <div class=\"bwg-item\">        <a class=\"bwg-a  bwg_lightbox\"  data-image-id=\"7492\" href=\"https:\/\/pbp.womczest.edu.pl\/new\/wp-content\/uploads\/photo-gallery\/2023_mol_lelow\/IMG_1700.jpg?bwg=1686746558\" data-elementor-open-lightbox=\"no\">                <div class=\"bwg-item0 \">          <div class=\"bwg-item1 \">            <div class=\"bwg-item2\">              <img class=\"skip-lazy bwg_standart_thumb_img_0 \"                   data-id=\"7492\"                   data-width=\"250.00\"                   data-height=\"300.00\"                   data-src=\"https:\/\/pbp.womczest.edu.pl\/new\/wp-content\/uploads\/photo-gallery\/2023_mol_lelow\/thumb\/IMG_1700.jpg?bwg=1686746558\"                   src=\"https:\/\/pbp.womczest.edu.pl\/new\/wp-content\/uploads\/photo-gallery\/2023_mol_lelow\/thumb\/IMG_1700.jpg?bwg=1686746558\"                   alt=\"IMG 1700\"                   title=\"IMG 1700\" \/>            <\/div>            <div class=\"\">                                                      <\/div>          <\/div>        <\/div>                        <\/a>              <\/div>            <div class=\"bwg-item\">        <a class=\"bwg-a  bwg_lightbox\"  data-image-id=\"7493\" href=\"https:\/\/pbp.womczest.edu.pl\/new\/wp-content\/uploads\/photo-gallery\/2023_mol_lelow\/IMG_1695.jpg?bwg=1686746558\" data-elementor-open-lightbox=\"no\">                <div class=\"bwg-item0 \">          <div class=\"bwg-item1 \">            <div class=\"bwg-item2\">              <img class=\"skip-lazy bwg_standart_thumb_img_0 \"                   data-id=\"7493\"                   data-width=\"300.00\"                   data-height=\"257.00\"                   data-src=\"https:\/\/pbp.womczest.edu.pl\/new\/wp-content\/uploads\/photo-gallery\/2023_mol_lelow\/thumb\/IMG_1695.jpg?bwg=1686746558\"                   src=\"https:\/\/pbp.womczest.edu.pl\/new\/wp-content\/uploads\/photo-gallery\/2023_mol_lelow\/thumb\/IMG_1695.jpg?bwg=1686746558\"                   alt=\"IMG 1695\"                   title=\"IMG 1695\" \/>            <\/div>            <div class=\"\">                                                      <\/div>          <\/div>        <\/div>                        <\/a>              <\/div>            <div class=\"bwg-item\">        <a class=\"bwg-a  bwg_lightbox\"  data-image-id=\"7494\" href=\"https:\/\/pbp.womczest.edu.pl\/new\/wp-content\/uploads\/photo-gallery\/2023_mol_lelow\/IMG_1697.jpg?bwg=1686746558\" data-elementor-open-lightbox=\"no\">                <div class=\"bwg-item0 \">          <div class=\"bwg-item1 \">            <div class=\"bwg-item2\">              <img class=\"skip-lazy bwg_standart_thumb_img_0 \"                   data-id=\"7494\"                   data-width=\"175.00\"                   data-height=\"300.00\"                   data-src=\"https:\/\/pbp.womczest.edu.pl\/new\/wp-content\/uploads\/photo-gallery\/2023_mol_lelow\/thumb\/IMG_1697.jpg?bwg=1686746558\"                   src=\"https:\/\/pbp.womczest.edu.pl\/new\/wp-content\/uploads\/photo-gallery\/2023_mol_lelow\/thumb\/IMG_1697.jpg?bwg=1686746558\"                   alt=\"IMG 1697\"                   title=\"IMG 1697\" \/>            <\/div>            <div class=\"\">                                                      <\/div>          <\/div>        <\/div>                        <\/a>              <\/div>            <div class=\"bwg-item\">        <a class=\"bwg-a  bwg_lightbox\"  data-image-id=\"7495\" href=\"https:\/\/pbp.womczest.edu.pl\/new\/wp-content\/uploads\/photo-gallery\/2023_mol_lelow\/IMG_1698.jpg?bwg=1686746558\" data-elementor-open-lightbox=\"no\">                <div class=\"bwg-item0 \">          <div class=\"bwg-item1 \">            <div class=\"bwg-item2\">              <img class=\"skip-lazy bwg_standart_thumb_img_0 \"                   data-id=\"7495\"                   data-width=\"225.00\"                   data-height=\"300.00\"                   data-src=\"https:\/\/pbp.womczest.edu.pl\/new\/wp-content\/uploads\/photo-gallery\/2023_mol_lelow\/thumb\/IMG_1698.jpg?bwg=1686746558\"                   src=\"https:\/\/pbp.womczest.edu.pl\/new\/wp-content\/uploads\/photo-gallery\/2023_mol_lelow\/thumb\/IMG_1698.jpg?bwg=1686746558\"                   alt=\"IMG 1698\"                   title=\"IMG 1698\" \/>            <\/div>            <div class=\"\">                                                      <\/div>          <\/div>        <\/div>                        <\/a>              <\/div>            <div class=\"bwg-item\">        <a class=\"bwg-a  bwg_lightbox\"  data-image-id=\"7496\" href=\"https:\/\/pbp.womczest.edu.pl\/new\/wp-content\/uploads\/photo-gallery\/2023_mol_lelow\/IMG_1711.jpg?bwg=1686746558\" data-elementor-open-lightbox=\"no\">                <div class=\"bwg-item0 \">          <div class=\"bwg-item1 \">            <div class=\"bwg-item2\">              <img class=\"skip-lazy bwg_standart_thumb_img_0 \"                   data-id=\"7496\"                   data-width=\"240.00\"                   data-height=\"300.00\"                   data-src=\"https:\/\/pbp.womczest.edu.pl\/new\/wp-content\/uploads\/photo-gallery\/2023_mol_lelow\/thumb\/IMG_1711.jpg?bwg=1686746558\"                   src=\"https:\/\/pbp.womczest.edu.pl\/new\/wp-content\/uploads\/photo-gallery\/2023_mol_lelow\/thumb\/IMG_1711.jpg?bwg=1686746558\"                   alt=\"IMG 1711\"                   title=\"IMG 1711\" \/>            <\/div>            <div class=\"\">                                                      <\/div>          <\/div>        <\/div>                        <\/a>              <\/div>            <div class=\"bwg-item\">        <a class=\"bwg-a  bwg_lightbox\"  data-image-id=\"7497\" href=\"https:\/\/pbp.womczest.edu.pl\/new\/wp-content\/uploads\/photo-gallery\/2023_mol_lelow\/IMG_1708.jpg?bwg=1686746558\" data-elementor-open-lightbox=\"no\">                <div class=\"bwg-item0 \">          <div class=\"bwg-item1 \">            <div class=\"bwg-item2\">              <img class=\"skip-lazy bwg_standart_thumb_img_0 \"                   data-id=\"7497\"                   data-width=\"277.00\"                   data-height=\"300.00\"                   data-src=\"https:\/\/pbp.womczest.edu.pl\/new\/wp-content\/uploads\/photo-gallery\/2023_mol_lelow\/thumb\/IMG_1708.jpg?bwg=1686746558\"                   src=\"https:\/\/pbp.womczest.edu.pl\/new\/wp-content\/uploads\/photo-gallery\/2023_mol_lelow\/thumb\/IMG_1708.jpg?bwg=1686746558\"                   alt=\"IMG 1708\"                   title=\"IMG 1708\" \/>            <\/div>            <div class=\"\">                                                      <\/div>          <\/div>        <\/div>                        <\/a>              <\/div>          <\/div>    <style>      \/*pagination styles*\/      #bwg_container1_0 #bwg_container2_0 .tablenav-pages_0 {\t\t\t\ttext-align: center;\t\t\t\tfont-size: 12px;\t\t\t\tfont-family: segoe ui;\t\t\t\tfont-weight: bold;\t\t\t\tcolor: #666666;\t\t\t\tmargin: 6px 0 4px;\t\t\t\tdisplay: block;      }      @media only screen and (max-width : 320px) {      #bwg_container1_0 #bwg_container2_0 .displaying-num_0 {     \t display: none;      }      }      #bwg_container1_0 #bwg_container2_0 .displaying-num_0 {\t\t\t\tfont-size: 12px;\t\t\t\tfont-family: segoe ui;\t\t\t\tfont-weight: bold;\t\t\t\tcolor: #666666;\t\t\t\tmargin-right: 10px;\t\t\t\tvertical-align: middle;      }      #bwg_container1_0 #bwg_container2_0 .paging-input_0 {\t\t\t\tfont-size: 12px;\t\t\t\tfont-family: segoe ui;\t\t\t\tfont-weight: bold;\t\t\t\tcolor: #666666;\t\t\t\tvertical-align: middle;      }      #bwg_container1_0 #bwg_container2_0 .tablenav-pages_0 a.disabled,      #bwg_container1_0 #bwg_container2_0 .tablenav-pages_0 a.disabled:hover,      #bwg_container1_0 #bwg_container2_0 .tablenav-pages_0 a.disabled:focus,\t\t\t#bwg_container1_0 #bwg_container2_0 .tablenav-pages_0 input.bwg_current_page {\t\t\t\tcursor: default;\t\t\t\tcolor: rgba(102, 102, 102, 0.5);      }      #bwg_container1_0 #bwg_container2_0 .tablenav-pages_0 a,      #bwg_container1_0 #bwg_container2_0 .tablenav-pages_0 input.bwg_current_page {\t\t\t\tcursor: pointer;\t\t\t\ttext-align: center;\t\t\t\tfont-size: 12px;\t\t\t\tfont-family: segoe ui;\t\t\t\tfont-weight: bold;\t\t\t\tcolor: #666666;\t\t\t\ttext-decoration: none;\t\t\t\tpadding: 3px 6px;\t\t\t\tmargin: 0;\t\t\t\tborder-radius: 0;\t\t\t\tborder-style: solid;\t\t\t\tborder-width: 1px;\t\t\t\tborder-color: #E3E3E3;\t\t\t\t\t\t\t\tbackground-color: rgba(255, 255, 255, 1.00);\t\t\t\tbox-shadow: 0;\t\t\t\ttransition: all 0.3s ease 0s;-webkit-transition: all 0.3s ease 0s;      }      <\/style>      <span class=\"bwg_nav_cont_0\">              <div class=\"tablenav-pages_0\">                  <\/div>                <input type=\"hidden\" id=\"page_number_0\" name=\"page_number_0\" value=\"1\" \/>      <script type=\"text\/javascript\">        if( jQuery('.bwg_nav_cont_0').length > 1 ) {          jQuery('.bwg_nav_cont_0').first().remove()        }        function spider_page_0(cur, x, y, load_more) {          if (typeof load_more == \"undefined\") {            var load_more = false;          }          if (jQuery(cur).hasClass('disabled')) {            return false;          }          var items_county_0 = 1;          switch (y) {            case 1:              if (x >= items_county_0) {                document.getElementById('page_number_0').value = items_county_0;              }              else {                document.getElementById('page_number_0').value = x + 1;              }              break;            case 2:              document.getElementById('page_number_0').value = items_county_0;              break;            case -1:              if (x == 1) {                document.getElementById('page_number_0').value = 1;              }              else {                document.getElementById('page_number_0').value = x - 1;              }              break;            case -2:              document.getElementById('page_number_0').value = 1;              break;\t\t\t\t\t\tcase 0:              document.getElementById('page_number_0').value = x;              break;            default:              document.getElementById('page_number_0').value = 1;          }          bwg_ajax('gal_front_form_0', '0', 'bwg_thumbnails_0', '0', '', 'gallery', 0, '', '', load_more, '', 1);        }                    jQuery('.first-page-0').on('click', function () {              spider_page_0(this, 1, -2, 'numeric');              return false;            });            jQuery('.prev-page-0').on('click', function () {              spider_page_0(this, 1, -1, 'numeric');              return false;            });            jQuery('.next-page-0').on('click', function () {              spider_page_0(this, 1, 1, 'numeric');              return false;            });            jQuery('.last-page-0').on('click', function () {              spider_page_0(this, 1, 2, 'numeric');              return false;            });        \t\t\t\t\/* Change page on input enter. *\/        function bwg_change_page_0( e, that ) {          if (  e.key == 'Enter' ) {            var to_page = parseInt(jQuery(that).val());            var pages_count = jQuery(that).parents(\".pagination-links\").data(\"pages-count\");            var current_url_param = jQuery(that).attr('data-url-info');            if (to_page > pages_count) {              to_page = 1;            }\t \t\t\t\t\t\t\t\t\t\t\t\tspider_page_0(this, to_page, 0, 'numeric');\t\t\t\t\t\t\treturn false;\t\t\t\t\t\t          }          return true;        }        jQuery('.bwg_load_btn_0').on('click', function () {            spider_page_0(this, 1, 1, true);            return false;        });      <\/script>      <\/span>                <\/div>        <\/form>        <style>          #bwg_container1_0 #bwg_container2_0 #spider_popup_overlay_0 {          background-color: #000000;          opacity: 0.70;          }          <\/style>        <div id=\"bwg_spider_popup_loading_0\" class=\"bwg_spider_popup_loading\"><\/div>        <div id=\"spider_popup_overlay_0\" class=\"spider_popup_overlay\" onclick=\"spider_destroypopup(1000)\"><\/div>        <input type=\"hidden\" id=\"bwg_random_seed_0\" value=\"2081205671\">                <\/div>    <\/div>    <script>      if (document.readyState === 'complete') {        if( typeof bwg_main_ready == 'function' ) {          if ( jQuery(\"#bwg_container1_0\").height() ) {            bwg_main_ready(jQuery(\"#bwg_container1_0\"));          }        }      } else {        document.addEventListener('DOMContentLoaded', function() {          if( typeof bwg_main_ready == 'function' ) {            if ( jQuery(\"#bwg_container1_0\").height() ) {             bwg_main_ready(jQuery(\"#bwg_container1_0\"));            }          }        });      }    <\/script>    \n<p><\/em><\/p>\n","protected":false},"excerpt":{"rendered":"<p>14 czerwca 2023\u00a0r. w\u00a0naszej bibliotece odby\u0142o si\u0119 podsumowanie VII edycji mi\u0119dzyszkolnego konkursu czytelniczego\u00a0W\u00a0ka\u017cdej szkole s\u0105\u00a0ksi\u0105\u017ckowe mole,\u00a0kt\u00f3rego\u00a0organizatorem by\u0142a Publiczna Biblioteka Pedagogiczna RODN \u201eWOM\u201d w\u00a0Cz\u0119stochowie Filia w\u00a0Lelowie. Konkurs skierowany by\u0142 do\u00a0wszystkich uczni\u00f3w Szk\u00f3\u0142 Podstawowych z\u00a0terenu Gminy Lel\u00f3w i\u00a0trwa\u0142 od\u00a01 wrze\u015bnia 2022\u00a0r. do\u00a031 maja 2023\u00a0r. Celem konkursu by\u0142o promowanie czytelnictwa w\u015br\u00f3d dzieci i\u00a0m\u0142odzie\u017cy, wy\u0142onienie uczni\u00f3w, kt\u00f3rzy\u00a0najaktywniej korzystali z\u00a0zasob\u00f3w swojej biblioteki szkolnej w\u00a0roku szkolnym 2022\/2023 i\u00a0zostali\u00a0Szkolnymi Molami Bibliotecznymi. O\u00a0tytu\u0142\u00a0\u00a0Mi\u0119dzyszkolnego Mola Bibliotecznego 2022\/ 2023\u00a0\u00a0rywalizowali uczniowie<span class=\"ellipsis\">&hellip;<\/span><\/p>\n<div class=\"read-more\"><a href=\"https:\/\/pbp.womczest.edu.pl\/new\/miedzyszkolny-mol-biblioteczny-2022-2023-podsumowanie\/\">Czytaj wi\u0119cej &#8250;<\/a><\/div>\n<p><!-- end of .read-more --><\/p>\n","protected":false},"author":6,"featured_media":0,"parent":0,"menu_order":0,"comment_status":"closed","ping_status":"closed","template":"","meta":{"footnotes":""},"jetpack_sharing_enabled":true,"jetpack_shortlink":"https:\/\/wp.me\/PgmV4H-61J","_links":{"self":[{"href":"https:\/\/pbp.womczest.edu.pl\/new\/wp-json\/wp\/v2\/pages\/23171"}],"collection":[{"href":"https:\/\/pbp.womczest.edu.pl\/new\/wp-json\/wp\/v2\/pages"}],"about":[{"href":"https:\/\/pbp.womczest.edu.pl\/new\/wp-json\/wp\/v2\/types\/page"}],"author":[{"embeddable":true,"href":"https:\/\/pbp.womczest.edu.pl\/new\/wp-json\/wp\/v2\/users\/6"}],"replies":[{"embeddable":true,"href":"https:\/\/pbp.womczest.edu.pl\/new\/wp-json\/wp\/v2\/comments?post=23171"}],"version-history":[{"count":2,"href":"https:\/\/pbp.womczest.edu.pl\/new\/wp-json\/wp\/v2\/pages\/23171\/revisions"}],"predecessor-version":[{"id":23197,"href":"https:\/\/pbp.womczest.edu.pl\/new\/wp-json\/wp\/v2\/pages\/23171\/revisions\/23197"}],"wp:attachment":[{"href":"https:\/\/pbp.womczest.edu.pl\/new\/wp-json\/wp\/v2\/media?parent=23171"}],"curies":[{"name":"wp","href":"https:\/\/api.w.org\/{rel}","templated":true}]}}