


{"id":23117,"date":"2023-05-29T11:53:20","date_gmt":"2023-05-29T09:53:20","guid":{"rendered":"https:\/\/pbp.womczest.edu.pl\/new\/?page_id=23117"},"modified":"2023-05-29T11:53:20","modified_gmt":"2023-05-29T09:53:20","slug":"miedzyszkolny-konkurs-pieknego-czytania-litery-znam-wiec-czytam-sam","status":"publish","type":"page","link":"https:\/\/pbp.womczest.edu.pl\/new\/miedzyszkolny-konkurs-pieknego-czytania-litery-znam-wiec-czytam-sam\/","title":{"rendered":"Mi\u0119dzyszkolny konkurs pi\u0119knego czytania \u201eLitery znam, wi\u0119c\u00a0czytam sam\u201d"},"content":{"rendered":"<p>17 maja 2023 roku w\u00a0Publicznej Bibliotece Pedagogicznej RODN \u201eWOM\u201d w\u00a0Cz\u0119stochowie Filia w\u00a0Lelowie odby\u0142a si\u0119 VII edycja Mi\u0119dzyszkolnego konkursu pi\u0119knego czytania \u201e<em>Litery znam, wi\u0119c\u00a0czytam sam<\/em>\u201d. W\u00a0konkursie udzia\u0142 wzi\u0119\u0142o 9 najlepiej czytaj\u0105cych uczni\u00f3w klas III szk\u00f3\u0142 podstawowych z\u00a0terenu Gminy Lel\u00f3w. Do\u00a0konkursu przyst\u0105pi\u0142 r\u00f3wnie\u017c ucze\u0144 pochodzenia ukrai\u0144skiego, ucz\u0105cy si\u0119 w\u00a0Szkole Podstawowej w\u00a0\u015al\u0119zanach. Uczniowie czytali tekst wyuczony i\u00a0tekst nowy. Ucze\u0144 z\u00a0Ukrainy czyta\u0142 tekst wyuczony po\u00a0polsku, a\u00a0tekst nowy w\u00a0swoim ojczystym j\u0119zyku. Zmagania czytelnicze ocenia\u0142a komisja konkursowa, kt\u00f3ra\u00a0wy\u0142oni\u0142a zwyci\u0119zc\u00f3w.<\/p>\n<p><strong>I\u00a0miejsce<\/strong>\u00a0\u2013\u00a0<strong>Julia Szafra\u0144ska<\/strong>\u00a0\u2013 Zesp\u00f3\u0142 Szkolno-Przedszkolny w\u00a0Lelowie<br \/>\n<strong>II\u00a0miejsce<\/strong>\u00a0\u2013\u00a0<strong>Paulina Kocela<\/strong>\u00a0\u2013 Zesp\u00f3\u0142 Szkolno-Przedszkolny w\u00a0Lelowie<br \/>\n<strong>III miejsce<\/strong>\u00a0\u2013\u00a0<strong>Zofia \u015awierczyna<\/strong>\u00a0\u2013 Zesp\u00f3\u0142 Szkolno-Przedszkolny w\u00a0Lelowie<br \/>\n<strong>Wyr\u00f3\u017cnienie<\/strong>\u00a0\u2013\u00a0<strong>Jura Demenchuk<\/strong>\u00a0\u2013 Szko\u0142a Podstawowa w\u00a0\u015al\u0119zanach<br \/>\n<strong>Wyr\u00f3\u017cnienie<\/strong>\u00a0\u2013\u00a0<strong>Nikola Szymczak<\/strong>\u00a0\u2013 Szko\u0142a Podstawowa w\u00a0Podlesiu<\/p>\n<p style=\"text-align: right;\"><em>Tekst i zdj\u0119cia: Dorota Kulawiak<\/em><\/p>\n<p>&nbsp;<\/p>\n","protected":false},"excerpt":{"rendered":"<p>17 maja 2023 roku w\u00a0Publicznej Bibliotece Pedagogicznej RODN \u201eWOM\u201d w\u00a0Cz\u0119stochowie Filia w\u00a0Lelowie odby\u0142a si\u0119 VII edycja Mi\u0119dzyszkolnego konkursu pi\u0119knego czytania \u201eLitery znam, wi\u0119c\u00a0czytam sam\u201d. W\u00a0konkursie udzia\u0142 wzi\u0119\u0142o 9 najlepiej czytaj\u0105cych uczni\u00f3w klas III szk\u00f3\u0142 podstawowych z\u00a0terenu Gminy Lel\u00f3w. Do\u00a0konkursu przyst\u0105pi\u0142 r\u00f3wnie\u017c ucze\u0144 pochodzenia ukrai\u0144skiego, ucz\u0105cy si\u0119 w\u00a0Szkole Podstawowej w\u00a0\u015al\u0119zanach. Uczniowie czytali tekst wyuczony i\u00a0tekst nowy. Ucze\u0144 z\u00a0Ukrainy czyta\u0142 tekst wyuczony po\u00a0polsku, a\u00a0tekst nowy w\u00a0swoim ojczystym j\u0119zyku. Zmagania czytelnicze ocenia\u0142a komisja<span class=\"ellipsis\">&hellip;<\/span><\/p>\n<div class=\"read-more\"><a href=\"https:\/\/pbp.womczest.edu.pl\/new\/miedzyszkolny-konkurs-pieknego-czytania-litery-znam-wiec-czytam-sam\/\">Czytaj wi\u0119cej &#8250;<\/a><\/div>\n<p><!-- end of .read-more --><\/p>\n","protected":false},"author":6,"featured_media":0,"parent":0,"menu_order":0,"comment_status":"closed","ping_status":"closed","template":"","meta":{"footnotes":""},"jetpack_sharing_enabled":true,"jetpack_shortlink":"https:\/\/wp.me\/PgmV4H-60R","_links":{"self":[{"href":"https:\/\/pbp.womczest.edu.pl\/new\/wp-json\/wp\/v2\/pages\/23117"}],"collection":[{"href":"https:\/\/pbp.womczest.edu.pl\/new\/wp-json\/wp\/v2\/pages"}],"about":[{"href":"https:\/\/pbp.womczest.edu.pl\/new\/wp-json\/wp\/v2\/types\/page"}],"author":[{"embeddable":true,"href":"https:\/\/pbp.womczest.edu.pl\/new\/wp-json\/wp\/v2\/users\/6"}],"replies":[{"embeddable":true,"href":"https:\/\/pbp.womczest.edu.pl\/new\/wp-json\/wp\/v2\/comments?post=23117"}],"version-history":[{"count":1,"href":"https:\/\/pbp.womczest.edu.pl\/new\/wp-json\/wp\/v2\/pages\/23117\/revisions"}],"predecessor-version":[{"id":23118,"href":"https:\/\/pbp.womczest.edu.pl\/new\/wp-json\/wp\/v2\/pages\/23117\/revisions\/23118"}],"wp:attachment":[{"href":"https:\/\/pbp.womczest.edu.pl\/new\/wp-json\/wp\/v2\/media?parent=23117"}],"curies":[{"name":"wp","href":"https:\/\/api.w.org\/{rel}","templated":true}]}}