


{"id":23012,"date":"2023-05-04T11:21:06","date_gmt":"2023-05-04T09:21:06","guid":{"rendered":"https:\/\/pbp.womczest.edu.pl\/new\/?page_id=23012"},"modified":"2023-05-09T14:06:31","modified_gmt":"2023-05-09T12:06:31","slug":"powiatowy-konkurs-przyrodniczo-recytatorski-przyroda-uczy-najpiekniej-4","status":"publish","type":"page","link":"https:\/\/pbp.womczest.edu.pl\/new\/powiatowy-konkurs-przyrodniczo-recytatorski-przyroda-uczy-najpiekniej-4\/","title":{"rendered":"Powiatowy Konkurs Przyrodniczo-Recytatorski \u201ePrzyroda uczy najpi\u0119kniej\u201d"},"content":{"rendered":"<p>26 kwietnia 2023 roku w\u00a0Auli Forum Regionalnego O\u015brodka Doskonalenia Nauczycieli \u201eWOM\u201d w\u00a0Cz\u0119stochowie odby\u0142 si\u0119 <strong>Powiatowy Konkurs Przyrodniczo-Recytatorski \u201ePrzyroda uczy najpi\u0119kniej\u201d<\/strong>.<\/p>\n<p>Organizatorami konkursu by\u0142a Publiczna Biblioteka Pedagogiczna Regionalnego O\u015brodka Doskonalenia Nauczycieli \u201eWOM\u201d w\u00a0Cz\u0119stochowie oraz\u00a0Szko\u0142a Podstawowa nr\u00a031 im.\u00a0Or\u0142a Bia\u0142ego w\u00a0Cz\u0119stochowie. Przedsi\u0119wzi\u0119cie odby\u0142o si\u0119 pod\u00a0honorowym patronatem Prezydenta Miasta Cz\u0119stochowy Krzysztofa Matyjaszczyka i\u00a0Starosty Cz\u0119stochowskiego Krzysztofa Smeli. Konkurs skierowany by\u0142 do\u00a0uczni\u00f3w szk\u00f3\u0142 podstawowych klas I-VIII.<\/p>\n<p><strong>Koordynatorzy konkursu:<br \/>\n<\/strong>dr Agata Arkabus, Anna P\u0142usa \u2013 nauczyciele bibliotekarze Publicznej Biblioteki Pedagogicznej Regionalnego O\u015brodka Doskonalenia Nauczycieli \u201eWOM\u201d w\u00a0Cz\u0119stochowie,<br \/>\nJoanna Paw\u0142owska-Kramer \u2013 nauczyciel Szko\u0142y Podstawowej nr\u00a031 im.\u00a0Or\u0142a Bia\u0142ego w\u00a0Cz\u0119stochowie.<\/p>\n<p><strong>Cele konkursu to:<\/strong><\/p>\n<ol>\n<li>Popularyzacja tw\u00f3rczo\u015bci poetyckiej.<\/li>\n<li>Kszta\u0142towanie wra\u017cliwo\u015bci na\u00a0pi\u0119kno i\u00a0bogactwo j\u0119zyka literackiego.<\/li>\n<li>Rozwijanie recytatorskich uzdolnie\u0144 m\u0142odzie\u017cy.<\/li>\n<li>Upowszechnianie kultury j\u0119zyka.<\/li>\n<li>Inspirowanie m\u0142odego pokolenia do\u00a0aktywnego uczestnictwa w\u00a0kulturze.<\/li>\n<\/ol>\n<p>Sponsorami konkursu byli: Prezydent Miasta Cz\u0119stochowy Krzysztof Matyjaszczyk, Starosta Cz\u0119stochowski Krzysztof Smela, Teatr im.\u00a0Adama Mickiewicza w\u00a0Cz\u0119stochowie, Wydzia\u0142 Ochrony \u015arodowiska, Rolnictwa i\u00a0Le\u015bnictwa Urz\u0119du Miasta w\u00a0Cz\u0119stochowie i\u00a0Zarz\u0105d Okr\u0119gu Ligii Ochrony Przyrody w\u00a0Cz\u0119stochowie.<\/p>\n<p>W\u00a0przedsi\u0119wzi\u0119ciu wzi\u0119\u0142o udzia\u0142 45 uczni\u00f3w.<\/p>\n<p><strong>Komisja konkursowa <\/strong><strong>kategoria I-III <\/strong><\/p>\n<p>Przewodnicz\u0105ca:<br \/>\n<strong>Iwona Walczak <\/strong>\u2013 nauczyciel bibliotekarz Szko\u0142y Podstawowej nr 21 im. Ks. Stanis\u0142awa Konarskiego w Cz\u0119stochowie<br \/>\nCz\u0142onkowie:<br \/>\n<strong>Katarzyna \u015aliwi\u0144ska <\/strong>\u2013 inspektor Wydzia\u0142u Ochrony \u015arodowiska, Rolnictwa i Le\u015bnictwa Urz\u0119du Miasta Cz\u0119stochowy<br \/>\n<strong>dr Agata Arkabus <\/strong>&#8211; nauczyciel bibliotekarz PBP RODN \u201eWOM\u201d w Cz\u0119stochowie, nauczyciel edukacji wczesnoszkolnej<\/p>\n<p><strong>Komisja konkursowa: kategoria IV-VI i kategoria VII-VIII<\/strong><\/p>\n<p>Przewodnicz\u0105ca:<br \/>\n<strong>Beata Raczy\u0144ska <\/strong>\u2013 nauczyciel j\u0119zyka polskiego, nauczyciel bibliotekarz PBP RODN \u201eWOM\u201d w Cz\u0119stochowie<br \/>\nCz\u0142onkowie:<br \/>\n<strong>Maria Jasi\u0144ska <\/strong>\u2013 wiceprezes Zarz\u0105du Okr\u0119gu Ligii Ochrony Przyrody w Cz\u0119stochowie<br \/>\n<strong>Teresa Dzielska <\/strong>\u2013 aktorka Teatru im. Adama Mickiewicza w Cz\u0119stochowie<br \/>\n<strong>Tomasz \u0141uczy\u0144ski <\/strong>&#8211; inspektor Wydzia\u0142u Ochrony \u015arodowiska, Rolnictwa i Le\u015bnictwa Urz\u0119du Miasta Cz\u0119stochowy<\/p>\n<p>Komisje konkursowe przyzna\u0142y miejsca i wyr\u00f3\u017cnienia:<\/p>\n<p><strong>Kategoria I-III<\/strong><\/p>\n<p><strong>I miejsce &#8211; <\/strong><strong>Natalia Pusty &#8211; <\/strong>Szko\u0142a Podstawowa nr 30 im. por. Micha\u0142a Brzeskiego w Cz\u0119stochowie<\/p>\n<p><strong>II miejsce &#8211; <\/strong><strong>Ksawery Be\u015bka<\/strong> &#8211; Szko\u0142a Podstawowa nr 31 im. Or\u0142a Bia\u0142ego w Cz\u0119stochowie<\/p>\n<p><strong>III miejsce &#8211; <\/strong><strong>Zofia Szyma\u0144ska<\/strong> &#8211; Szko\u0142a Podstawowa w Wo\u017anikach \u2013 Ligota Wo\u017anicka<\/p>\n<p><strong>Wyr\u00f3\u017cnienia:<\/strong><\/p>\n<p><strong>Aleksandra Miko\u0142ajczyk<\/strong> &#8211; Zesp\u00f3\u0142 Szkolno-Przedszkolny w S\u0142owiku<br \/>\n<strong>Ernest Waszczyk<\/strong> &#8211; Szko\u0142a Podstawowa im. Marii Konopnickiej w Koninie<br \/>\n<strong>Natalia Du\u015b<\/strong> &#8211; Szko\u0142a Podstawowa nr 2 im. J\u00f3zefa Pi\u0142sudskiego w Koniecpolu<br \/>\n<strong>Gabriel Kowalski<\/strong> &#8211; Publiczna Szko\u0142a Podstawowa im. Matki Zofii Szulc Si\u00f3str Zmartwychwstanek w Cz\u0119stochowie<br \/>\n<strong>Zuzanna Dygudaj<\/strong> &#8211; Szko\u0142a Podstawowa \u00a0nr 49 im. Janusza Kusoci\u0144skiego w Cz\u0119stochowie<br \/>\n<strong>Jakub W\u0105si\u0144ski<\/strong> &#8211; Szko\u0142a Podstawowa nr 41 im. Jana Matejki w Cz\u0119stochowie<br \/>\n<strong>Ewa Kulinicz<\/strong> &#8211; Szko\u0142a Podstawowa nr 42 im. Jana Brzechwy w Cz\u0119stochowie<\/p>\n<p><strong>Kategoria: klasy IV-VI<\/strong><\/p>\n<p><strong>I miejsce &#8211; Nadia Kowalik<\/strong> &#8211; Szko\u0142a Podstawowa im. Henryka Sienkiewicza w Rzerz\u0119czycach oraz <strong>Izabela Barton<\/strong> &#8211; Szko\u0142a Podstawowa nr 42 im. Jana Brzechwy w Cz\u0119stochowie<\/p>\n<p><strong>II miejsce &#8211; <\/strong><strong>Liwia Satalecka<\/strong> &#8211; Prywatna Szko\u0142a Podstawowa \u201eSokrates\u201d<\/p>\n<p><strong>III miejsce &#8211; <\/strong><strong>Lena Lisiecka<\/strong> &#8211; Szko\u0142a Podstawowa nr 31 im. Or\u0142a Bia\u0142ego w Cz\u0119stochowie oraz <strong>Mateusz Le\u015bniak<\/strong> &#8211; Szko\u0142a Podstawowa nr 2 im. J\u00f3zefa Pi\u0142sudskiego w Koniecpolu<\/p>\n<p><strong>Wyr\u00f3\u017cnienia:<br \/>\nMarta Gogacz<\/strong> &#8211; Publiczna Szko\u0142a Podstawowa Stowarzyszenia Przyjaci\u00f3\u0142 Szk\u00f3\u0142 Katolickich im. \u015awi\u0119tych Dzieci z Fatimy w Rybnej<br \/>\n<strong>Hanna Filipecka<\/strong> &#8211; Szko\u0142a Podstawowa nr 31 im. Or\u0142a Bia\u0142ego w Cz\u0119stochowie<br \/>\n<strong>Nikola Ma\u0142ecka<\/strong> &#8211; Szko\u0142a Podstawowa im<strong>. <\/strong>Wo\u0142y\u0144skiej Brygady Kawalerii \u00a0w Starym Kocinie<\/p>\n<p><strong>Kategoria: klasy VII-VIII<\/strong><\/p>\n<p><strong>I miejsce &#8211; <\/strong><strong>Adam Jarz\u0105bek<\/strong> &#8211; Szko\u0142a Podstawowa nr 42 im. Jana Brzechwy w Cz\u0119stochowie<\/p>\n<p><strong>II miejsce &#8211; <\/strong><strong>Dominik<\/strong> <strong>G\u0142adysz<\/strong> &#8211; Szko\u0142a Podstawowa nr 42 im. Jana Brzechwy w Cz\u0119stochowie<\/p>\n<p><strong>III miejsce &#8211; Maria Czupryna<\/strong> &#8211; Szko\u0142a Podstawowa nr 30 im. por. Micha\u0142a Brzeskiego w Cz\u0119stochowie oraz <strong>Agata Kardas<\/strong> &#8211; Szko\u0142a Podstawowa nr 14 im. Henryka Sienkiewicza w Cz\u0119stochowie<\/p>\n<p><strong>Wyr\u00f3\u017cnienie:<\/strong><\/p>\n<p><strong>Karolina Tom\u017cy\u0144ska<\/strong> &#8211; Szko\u0142a Podstawowa nr 30 im. por. Micha\u0142a Brzeskiego w Cz\u0119stochowie<\/p>\n<p style=\"text-align: right;\"><em>Tekst: Anna P\u0142usa; z<\/em><em>dj\u0119cia: Izabela Bajor, Marcin B\u0142och<br \/>\n<a href=\"https:\/\/pbp.womczest.edu.pl\/new\/galeria\/powiatowy-konkurs-przyrodniczo-recytatorski-przyroda-uczy-najpiekniej-2023\/\">galeria<\/a><br \/>\n<\/em><\/p>\n","protected":false},"excerpt":{"rendered":"<p>26 kwietnia 2023 roku w\u00a0Auli Forum Regionalnego O\u015brodka Doskonalenia Nauczycieli \u201eWOM\u201d w\u00a0Cz\u0119stochowie odby\u0142 si\u0119 Powiatowy Konkurs Przyrodniczo-Recytatorski \u201ePrzyroda uczy najpi\u0119kniej\u201d. Organizatorami konkursu by\u0142a Publiczna Biblioteka Pedagogiczna Regionalnego O\u015brodka Doskonalenia Nauczycieli \u201eWOM\u201d w\u00a0Cz\u0119stochowie oraz\u00a0Szko\u0142a Podstawowa nr\u00a031 im.\u00a0Or\u0142a Bia\u0142ego w\u00a0Cz\u0119stochowie. Przedsi\u0119wzi\u0119cie odby\u0142o si\u0119 pod\u00a0honorowym patronatem Prezydenta Miasta Cz\u0119stochowy Krzysztofa Matyjaszczyka i\u00a0Starosty Cz\u0119stochowskiego Krzysztofa Smeli. Konkurs skierowany by\u0142 do\u00a0uczni\u00f3w szk\u00f3\u0142 podstawowych klas I-VIII. Koordynatorzy konkursu: dr Agata Arkabus, Anna P\u0142usa \u2013 nauczyciele bibliotekarze<span class=\"ellipsis\">&hellip;<\/span><\/p>\n<div class=\"read-more\"><a href=\"https:\/\/pbp.womczest.edu.pl\/new\/powiatowy-konkurs-przyrodniczo-recytatorski-przyroda-uczy-najpiekniej-4\/\">Czytaj wi\u0119cej &#8250;<\/a><\/div>\n<p><!-- end of .read-more --><\/p>\n","protected":false},"author":5,"featured_media":0,"parent":0,"menu_order":0,"comment_status":"closed","ping_status":"closed","template":"","meta":{"footnotes":""},"jetpack_sharing_enabled":true,"jetpack_shortlink":"https:\/\/wp.me\/PgmV4H-5Za","_links":{"self":[{"href":"https:\/\/pbp.womczest.edu.pl\/new\/wp-json\/wp\/v2\/pages\/23012"}],"collection":[{"href":"https:\/\/pbp.womczest.edu.pl\/new\/wp-json\/wp\/v2\/pages"}],"about":[{"href":"https:\/\/pbp.womczest.edu.pl\/new\/wp-json\/wp\/v2\/types\/page"}],"author":[{"embeddable":true,"href":"https:\/\/pbp.womczest.edu.pl\/new\/wp-json\/wp\/v2\/users\/5"}],"replies":[{"embeddable":true,"href":"https:\/\/pbp.womczest.edu.pl\/new\/wp-json\/wp\/v2\/comments?post=23012"}],"version-history":[{"count":4,"href":"https:\/\/pbp.womczest.edu.pl\/new\/wp-json\/wp\/v2\/pages\/23012\/revisions"}],"predecessor-version":[{"id":23043,"href":"https:\/\/pbp.womczest.edu.pl\/new\/wp-json\/wp\/v2\/pages\/23012\/revisions\/23043"}],"wp:attachment":[{"href":"https:\/\/pbp.womczest.edu.pl\/new\/wp-json\/wp\/v2\/media?parent=23012"}],"curies":[{"name":"wp","href":"https:\/\/api.w.org\/{rel}","templated":true}]}}