


{"id":22989,"date":"2023-04-28T12:34:48","date_gmt":"2023-04-28T10:34:48","guid":{"rendered":"https:\/\/pbp.womczest.edu.pl\/new\/?page_id=22989"},"modified":"2023-04-28T12:48:25","modified_gmt":"2023-04-28T10:48:25","slug":"laczy-nas-pamiec-akcja-zonkile-2","status":"publish","type":"page","link":"https:\/\/pbp.womczest.edu.pl\/new\/laczy-nas-pamiec-akcja-zonkile-2\/","title":{"rendered":"\u0141\u0105czy nas pami\u0119\u0107 &#8211; akcja \u017bonkile"},"content":{"rendered":"<p>Akcja spo\u0142eczno-edukacyjna \u017bonkile ma na celu upami\u0119tnienie powstania w getcie warszawskim, kt\u00f3re wybuch\u0142o 19 kwietnia 1943 roku.\u00a0 Organizatorem akcji jest\u00a0 Muzeum Historii \u017byd\u00f3w Polskich POLIN, a jej symbolem s\u0105 \u017conkile. Wi\u0105\u017c\u0105 si\u0119 one z postaci\u0105 Marka Edelmana, ostatniego dow\u00f3dcy \u017bydowskiej Organizacji Bojowej, kt\u00f3ry razem z \u017bydowskim Zwi\u0105zkiem Wojskowym zorganizowa\u0142 powstanie. Edelman by\u0142 jednym z nielicznych ocala\u0142ych bojowc\u00f3w i po wojnie, w rocznice powstania, sk\u0142ada\u0142 pod Pomnikiem Bohater\u00f3w Getta na Muranowie bukiet \u017c\u00f3\u0142tych kwiat\u00f3w. Muzeum POLIN kontynuuje t\u0119 tradycj\u0119, rozdaj\u0105c 19 kwietnia tysi\u0105ce papierowych kwiat\u00f3w i ulotki informuj\u0105ce o powstaniu. Nosz\u0105c \u017conkile pokazujemy, \u017ce \u0142\u0105czy nas pami\u0119\u0107 o tych, kt\u00f3rzy zgin\u0119li w walce o godno\u015b\u0107. 19 kwietnia 2023 roku obchodzili\u015bmy 80. rocznic\u0119 wybuchu powstawania.<\/p>\n<p>W zwi\u0105zku z tym wydarzeniem PBP RODN \u201eWOM\u201d w Cz\u0119stochowie Filia w Lelowie we wsp\u00f3\u0142pracy z Szko\u0142\u0105 Podstawow\u0105 Zespo\u0142u Szkolno-Przedszkolnego w Lelowie do\u0142\u0105czy\u0142a do akcji \u017bonkile. Wsp\u00f3lnie z uczniami klasy VI a odwiedzili\u015bmy\u00a0 lokalne instytucje prezentuj\u0105c kr\u00f3tk\u0105 histori\u0119 akcji i wr\u0119czaj\u0105c\u00a0 \u017conkile\u00a0 jako symbol zbiorowej pami\u0119ci. Kwiaty rozdawane by\u0142y r\u00f3wnie\u017c przechodniom na ulicy.\u00a0 Ponadto uczniowie w oparciu o gotowe szablony w\u0142asnor\u0119cznie wykonali papierowe \u017c\u00f3\u0142te \u017conkile, kt\u00f3re wr\u0119czali spo\u0142eczno\u015bci szkolnej.<\/p>\n<p>W klasach VI a i VI b, w obecno\u015bci Pani Wicedyrektor szko\u0142y i nauczyciela bibliotekarza naszej biblioteki, Pani dr Ewa K\u0142opot \u2013 nauczyciel historii przeprowadzi\u0142a zaj\u0119cia dydaktyczne wykorzystuj\u0105c min. materia\u0142y \u00a0udost\u0119pnione przez Muzeum Historii \u017byd\u00f3w Polskich POLIN. \u00a0Uczniowie wys\u0142uchali opowiadania Katarzyny Ryrych\u00a0\u00a0<em>\u201eTakich dw\u00f3ch jak nas trzech\u201d<\/em>\u00a0w\u00a0interpretacji Aleksandry \u017bebrowskiej, na\u00a0podstawie kt\u00f3rego\u00a0uzupe\u0142niali \u00a0karty pracy, prezentowali swoje wyniki, przemy\u015blenia i\u00a0odczucia. Akcja zako\u0144czy\u0142a si\u0119 pami\u0105tkowym zdj\u0119ciem.<\/p>\n<p style=\"text-align: right;\"><em>Tekst i zdj\u0119cia: Dorota Kulawiak<br \/>\n<style id=\"bwg-style-0\">    #bwg_container1_0 #bwg_container2_0 .bwg-container-0.bwg-standard-thumbnails {      width: 904px;              justify-content: center;        margin:0 auto !important;              background-color: rgba(255, 255, 255, 0.00);            padding-left: 4px;      padding-top: 4px;      max-width: 100%;            }        #bwg_container1_0 #bwg_container2_0 .bwg-container-0.bwg-standard-thumbnails .bwg-item {    justify-content: flex-start;      max-width: 180px;            width: 180px !important;          }    #bwg_container1_0 #bwg_container2_0 .bwg-container-0.bwg-standard-thumbnails .bwg-item a {       margin-right: 4px;       margin-bottom: 4px;    }    #bwg_container1_0 #bwg_container2_0 .bwg-container-0.bwg-standard-thumbnails .bwg-item0 {      padding: 0px;            background-color:rgba(255,255,255, 0.30);      border: 0px none #CCCCCC;      opacity: 1.00;      border-radius: 0;      box-shadow: 0px 0px 0px #888888;    }    #bwg_container1_0 #bwg_container2_0 .bwg-container-0.bwg-standard-thumbnails .bwg-item1 img {      max-height: none;      max-width: none;      padding: 0 !important;    }        @media only screen and (min-width: 480px) {      #bwg_container1_0 #bwg_container2_0 .bwg-container-0.bwg-standard-thumbnails .bwg-item0 {        transition: all 0.3s ease 0s;-webkit-transition: all 0.3s ease 0s;      }      #bwg_container1_0 #bwg_container2_0 .bwg-container-0.bwg-standard-thumbnails .bwg-item0:hover {        -ms-transform: scale(1.1);        -webkit-transform: scale(1.1);        transform: scale(1.1);      }    }          #bwg_container1_0 #bwg_container2_0 .bwg-container-0.bwg-standard-thumbnails .bwg-item1 {      padding-top: 50%;    }        #bwg_container1_0 #bwg_container2_0 .bwg-container-0.bwg-standard-thumbnails .bwg-title2,    #bwg_container1_0 #bwg_container2_0 .bwg-container-0.bwg-standard-thumbnails .bwg-ecommerce2 {      color: #CCCCCC;      font-family: segoe ui;      font-size: 16px;      font-weight: bold;      padding: 2px;      text-shadow: 0px 0px 0px #888888;      max-height: 100%;    }    #bwg_container1_0 #bwg_container2_0 .bwg-container-0.bwg-standard-thumbnails .bwg-thumb-description span {    color: #323A45;    font-family: Ubuntu;    font-size: 12px;    max-height: 100%;    word-wrap: break-word;    }    #bwg_container1_0 #bwg_container2_0 .bwg-container-0.bwg-standard-thumbnails .bwg-play-icon2 {      font-size: 32px;    }    #bwg_container1_0 #bwg_container2_0 .bwg-container-0.bwg-standard-thumbnails .bwg-ecommerce2 {      font-size: 19.2px;      color: #CCCCCC;    }    <\/style>    <div id=\"bwg_container1_0\"         class=\"bwg_container bwg_thumbnail bwg_thumbnails \"         data-right-click-protection=\"0\"         data-bwg=\"0\"         data-scroll=\"0\"         data-gallery-type=\"thumbnails\"         data-gallery-view-type=\"thumbnails\"         data-current-url=\"\/new\/wp-json\/wp\/v2\/pages\/22989\"         data-lightbox-url=\"https:\/\/pbp.womczest.edu.pl\/new\/wp-admin\/admin-ajax.php?action=GalleryBox&#038;current_view=0&#038;gallery_id=456&#038;tag=0&#038;theme_id=1&#038;shortcode_id=1123&#038;sort_by=order&#038;order_by=asc&#038;current_url=%2Fnew%2Fwp-json%2Fwp%2Fv2%2Fpages%2F22989\"         data-gallery-id=\"456\"         data-popup-width=\"800\"         data-popup-height=\"500\"         data-is-album=\"gallery\"         data-buttons-position=\"bottom\">      <div id=\"bwg_container2_0\">             <div id=\"ajax_loading_0\" class=\"bwg_loading_div_1\">      <div class=\"bwg_loading_div_2\">        <div class=\"bwg_loading_div_3\">          <div id=\"loading_div_0\" class=\"bwg_spider_ajax_loading\">          <\/div>        <\/div>      <\/div>    <\/div>            <form id=\"gal_front_form_0\"              class=\"bwg-hidden\"              method=\"post\"              action=\"#\"              data-current=\"0\"              data-shortcode-id=\"1123\"              data-gallery-type=\"thumbnails\"              data-gallery-id=\"456\"              data-tag=\"0\"              data-album-id=\"0\"              data-theme-id=\"1\"              data-ajax-url=\"https:\/\/pbp.womczest.edu.pl\/new\/wp-admin\/admin-ajax.php?action=bwg_frontend_data\">          <div id=\"bwg_container3_0\" class=\"bwg-background bwg-background-0\">                <div data-max-count=\"5\"         data-thumbnail-width=\"180\"         data-bwg=\"0\"         data-gallery-id=\"456\"         data-lightbox-url=\"https:\/\/pbp.womczest.edu.pl\/new\/wp-admin\/admin-ajax.php?action=GalleryBox&amp;current_view=0&amp;gallery_id=456&amp;tag=0&amp;theme_id=1&amp;shortcode_id=1123&amp;sort_by=order&amp;order_by=asc&amp;current_url=%2Fnew%2Fwp-json%2Fwp%2Fv2%2Fpages%2F22989\"         id=\"bwg_thumbnails_0\"         class=\"bwg-container-0 bwg-thumbnails bwg-standard-thumbnails bwg-container bwg-border-box\">            <div class=\"bwg-item\">        <a class=\"bwg-a  bwg_lightbox\"  data-image-id=\"7273\" href=\"https:\/\/pbp.womczest.edu.pl\/new\/wp-content\/uploads\/photo-gallery\/2023_04_zonkile_lelow\/IMG_1495.jpg?bwg=1682504119\" data-elementor-open-lightbox=\"no\">                <div class=\"bwg-item0 \">          <div class=\"bwg-item1 \">            <div class=\"bwg-item2\">              <img class=\"skip-lazy bwg_standart_thumb_img_0 \"                   data-id=\"7273\"                   data-width=\"222.00\"                   data-height=\"300.00\"                   data-src=\"https:\/\/pbp.womczest.edu.pl\/new\/wp-content\/uploads\/photo-gallery\/2023_04_zonkile_lelow\/thumb\/IMG_1495.jpg?bwg=1682504119\"                   src=\"https:\/\/pbp.womczest.edu.pl\/new\/wp-content\/uploads\/photo-gallery\/2023_04_zonkile_lelow\/thumb\/IMG_1495.jpg?bwg=1682504119\"                   alt=\"IMG 1495\"                   title=\"IMG 1495\" \/>            <\/div>            <div class=\"\">                                                      <\/div>          <\/div>        <\/div>                        <\/a>              <\/div>            <div class=\"bwg-item\">        <a class=\"bwg-a  bwg_lightbox\"  data-image-id=\"7274\" href=\"https:\/\/pbp.womczest.edu.pl\/new\/wp-content\/uploads\/photo-gallery\/2023_04_zonkile_lelow\/IMG_1498.jpg?bwg=1682504119\" data-elementor-open-lightbox=\"no\">                <div class=\"bwg-item0 \">          <div class=\"bwg-item1 \">            <div class=\"bwg-item2\">              <img class=\"skip-lazy bwg_standart_thumb_img_0 \"                   data-id=\"7274\"                   data-width=\"208.00\"                   data-height=\"300.00\"                   data-src=\"https:\/\/pbp.womczest.edu.pl\/new\/wp-content\/uploads\/photo-gallery\/2023_04_zonkile_lelow\/thumb\/IMG_1498.jpg?bwg=1682504119\"                   src=\"https:\/\/pbp.womczest.edu.pl\/new\/wp-content\/uploads\/photo-gallery\/2023_04_zonkile_lelow\/thumb\/IMG_1498.jpg?bwg=1682504119\"                   alt=\"IMG 1498\"                   title=\"IMG 1498\" \/>            <\/div>            <div class=\"\">                                                      <\/div>          <\/div>        <\/div>                        <\/a>              <\/div>            <div class=\"bwg-item\">        <a class=\"bwg-a  bwg_lightbox\"  data-image-id=\"7275\" href=\"https:\/\/pbp.womczest.edu.pl\/new\/wp-content\/uploads\/photo-gallery\/2023_04_zonkile_lelow\/IMG_1488.jpg?bwg=1682504119\" data-elementor-open-lightbox=\"no\">                <div class=\"bwg-item0 \">          <div class=\"bwg-item1 \">            <div class=\"bwg-item2\">              <img class=\"skip-lazy bwg_standart_thumb_img_0 \"                   data-id=\"7275\"                   data-width=\"300.00\"                   data-height=\"197.00\"                   data-src=\"https:\/\/pbp.womczest.edu.pl\/new\/wp-content\/uploads\/photo-gallery\/2023_04_zonkile_lelow\/thumb\/IMG_1488.jpg?bwg=1682504119\"                   src=\"https:\/\/pbp.womczest.edu.pl\/new\/wp-content\/uploads\/photo-gallery\/2023_04_zonkile_lelow\/thumb\/IMG_1488.jpg?bwg=1682504119\"                   alt=\"IMG 1488\"                   title=\"IMG 1488\" \/>            <\/div>            <div class=\"\">                                                      <\/div>          <\/div>        <\/div>                        <\/a>              <\/div>            <div class=\"bwg-item\">        <a class=\"bwg-a  bwg_lightbox\"  data-image-id=\"7276\" href=\"https:\/\/pbp.womczest.edu.pl\/new\/wp-content\/uploads\/photo-gallery\/2023_04_zonkile_lelow\/IMG_1487.jpg?bwg=1682504119\" data-elementor-open-lightbox=\"no\">                <div class=\"bwg-item0 \">          <div class=\"bwg-item1 \">            <div class=\"bwg-item2\">              <img class=\"skip-lazy bwg_standart_thumb_img_0 \"                   data-id=\"7276\"                   data-width=\"300.00\"                   data-height=\"296.00\"                   data-src=\"https:\/\/pbp.womczest.edu.pl\/new\/wp-content\/uploads\/photo-gallery\/2023_04_zonkile_lelow\/thumb\/IMG_1487.jpg?bwg=1682504119\"                   src=\"https:\/\/pbp.womczest.edu.pl\/new\/wp-content\/uploads\/photo-gallery\/2023_04_zonkile_lelow\/thumb\/IMG_1487.jpg?bwg=1682504119\"                   alt=\"IMG 1487\"                   title=\"IMG 1487\" \/>            <\/div>            <div class=\"\">                                                      <\/div>          <\/div>        <\/div>                        <\/a>              <\/div>            <div class=\"bwg-item\">        <a class=\"bwg-a  bwg_lightbox\"  data-image-id=\"7277\" href=\"https:\/\/pbp.womczest.edu.pl\/new\/wp-content\/uploads\/photo-gallery\/2023_04_zonkile_lelow\/IMG_1493.jpg?bwg=1682504119\" data-elementor-open-lightbox=\"no\">                <div class=\"bwg-item0 \">          <div class=\"bwg-item1 \">            <div class=\"bwg-item2\">              <img class=\"skip-lazy bwg_standart_thumb_img_0 \"                   data-id=\"7277\"                   data-width=\"202.00\"                   data-height=\"300.00\"                   data-src=\"https:\/\/pbp.womczest.edu.pl\/new\/wp-content\/uploads\/photo-gallery\/2023_04_zonkile_lelow\/thumb\/IMG_1493.jpg?bwg=1682504119\"                   src=\"https:\/\/pbp.womczest.edu.pl\/new\/wp-content\/uploads\/photo-gallery\/2023_04_zonkile_lelow\/thumb\/IMG_1493.jpg?bwg=1682504119\"                   alt=\"IMG 1493\"                   title=\"IMG 1493\" \/>            <\/div>            <div class=\"\">                                                      <\/div>          <\/div>        <\/div>                        <\/a>              <\/div>            <div class=\"bwg-item\">        <a class=\"bwg-a  bwg_lightbox\"  data-image-id=\"7278\" href=\"https:\/\/pbp.womczest.edu.pl\/new\/wp-content\/uploads\/photo-gallery\/2023_04_zonkile_lelow\/IMG_1507.jpg?bwg=1682504119\" data-elementor-open-lightbox=\"no\">                <div class=\"bwg-item0 \">          <div class=\"bwg-item1 \">            <div class=\"bwg-item2\">              <img class=\"skip-lazy bwg_standart_thumb_img_0 \"                   data-id=\"7278\"                   data-width=\"211.00\"                   data-height=\"300.00\"                   data-src=\"https:\/\/pbp.womczest.edu.pl\/new\/wp-content\/uploads\/photo-gallery\/2023_04_zonkile_lelow\/thumb\/IMG_1507.jpg?bwg=1682504119\"                   src=\"https:\/\/pbp.womczest.edu.pl\/new\/wp-content\/uploads\/photo-gallery\/2023_04_zonkile_lelow\/thumb\/IMG_1507.jpg?bwg=1682504119\"                   alt=\"IMG 1507\"                   title=\"IMG 1507\" \/>            <\/div>            <div class=\"\">                                                      <\/div>          <\/div>        <\/div>                        <\/a>              <\/div>            <div class=\"bwg-item\">        <a class=\"bwg-a  bwg_lightbox\"  data-image-id=\"7279\" href=\"https:\/\/pbp.womczest.edu.pl\/new\/wp-content\/uploads\/photo-gallery\/2023_04_zonkile_lelow\/IMG_1534.jpg?bwg=1682504119\" data-elementor-open-lightbox=\"no\">                <div class=\"bwg-item0 \">          <div class=\"bwg-item1 \">            <div class=\"bwg-item2\">              <img class=\"skip-lazy bwg_standart_thumb_img_0 \"                   data-id=\"7279\"                   data-width=\"300.00\"                   data-height=\"225.00\"                   data-src=\"https:\/\/pbp.womczest.edu.pl\/new\/wp-content\/uploads\/photo-gallery\/2023_04_zonkile_lelow\/thumb\/IMG_1534.jpg?bwg=1682504119\"                   src=\"https:\/\/pbp.womczest.edu.pl\/new\/wp-content\/uploads\/photo-gallery\/2023_04_zonkile_lelow\/thumb\/IMG_1534.jpg?bwg=1682504119\"                   alt=\"IMG 1534\"                   title=\"IMG 1534\" \/>            <\/div>            <div class=\"\">                                                      <\/div>          <\/div>        <\/div>                        <\/a>              <\/div>            <div class=\"bwg-item\">        <a class=\"bwg-a  bwg_lightbox\"  data-image-id=\"7280\" href=\"https:\/\/pbp.womczest.edu.pl\/new\/wp-content\/uploads\/photo-gallery\/2023_04_zonkile_lelow\/IMG_1518.jpg?bwg=1682504119\" data-elementor-open-lightbox=\"no\">                <div class=\"bwg-item0 \">          <div class=\"bwg-item1 \">            <div class=\"bwg-item2\">              <img class=\"skip-lazy bwg_standart_thumb_img_0 \"                   data-id=\"7280\"                   data-width=\"300.00\"                   data-height=\"245.00\"                   data-src=\"https:\/\/pbp.womczest.edu.pl\/new\/wp-content\/uploads\/photo-gallery\/2023_04_zonkile_lelow\/thumb\/IMG_1518.jpg?bwg=1682504119\"                   src=\"https:\/\/pbp.womczest.edu.pl\/new\/wp-content\/uploads\/photo-gallery\/2023_04_zonkile_lelow\/thumb\/IMG_1518.jpg?bwg=1682504119\"                   alt=\"IMG 1518\"                   title=\"IMG 1518\" \/>            <\/div>            <div class=\"\">                                                      <\/div>          <\/div>        <\/div>                        <\/a>              <\/div>            <div class=\"bwg-item\">        <a class=\"bwg-a  bwg_lightbox\"  data-image-id=\"7281\" href=\"https:\/\/pbp.womczest.edu.pl\/new\/wp-content\/uploads\/photo-gallery\/2023_04_zonkile_lelow\/IMG_1506.jpg?bwg=1682504119\" data-elementor-open-lightbox=\"no\">                <div class=\"bwg-item0 \">          <div class=\"bwg-item1 \">            <div class=\"bwg-item2\">              <img class=\"skip-lazy bwg_standart_thumb_img_0 \"                   data-id=\"7281\"                   data-width=\"187.00\"                   data-height=\"300.00\"                   data-src=\"https:\/\/pbp.womczest.edu.pl\/new\/wp-content\/uploads\/photo-gallery\/2023_04_zonkile_lelow\/thumb\/IMG_1506.jpg?bwg=1682504119\"                   src=\"https:\/\/pbp.womczest.edu.pl\/new\/wp-content\/uploads\/photo-gallery\/2023_04_zonkile_lelow\/thumb\/IMG_1506.jpg?bwg=1682504119\"                   alt=\"IMG 1506\"                   title=\"IMG 1506\" \/>            <\/div>            <div class=\"\">                                                      <\/div>          <\/div>        <\/div>                        <\/a>              <\/div>            <div class=\"bwg-item\">        <a class=\"bwg-a  bwg_lightbox\"  data-image-id=\"7282\" href=\"https:\/\/pbp.womczest.edu.pl\/new\/wp-content\/uploads\/photo-gallery\/2023_04_zonkile_lelow\/IMG_1503.jpg?bwg=1682504119\" data-elementor-open-lightbox=\"no\">                <div class=\"bwg-item0 \">          <div class=\"bwg-item1 \">            <div class=\"bwg-item2\">              <img class=\"skip-lazy bwg_standart_thumb_img_0 \"                   data-id=\"7282\"                   data-width=\"176.00\"                   data-height=\"300.00\"                   data-src=\"https:\/\/pbp.womczest.edu.pl\/new\/wp-content\/uploads\/photo-gallery\/2023_04_zonkile_lelow\/thumb\/IMG_1503.jpg?bwg=1682504119\"                   src=\"https:\/\/pbp.womczest.edu.pl\/new\/wp-content\/uploads\/photo-gallery\/2023_04_zonkile_lelow\/thumb\/IMG_1503.jpg?bwg=1682504119\"                   alt=\"IMG 1503\"                   title=\"IMG 1503\" \/>            <\/div>            <div class=\"\">                                                      <\/div>          <\/div>        <\/div>                        <\/a>              <\/div>          <\/div>    <style>      \/*pagination styles*\/      #bwg_container1_0 #bwg_container2_0 .tablenav-pages_0 {\t\t\t\ttext-align: center;\t\t\t\tfont-size: 12px;\t\t\t\tfont-family: segoe ui;\t\t\t\tfont-weight: bold;\t\t\t\tcolor: #666666;\t\t\t\tmargin: 6px 0 4px;\t\t\t\tdisplay: block;      }      @media only screen and (max-width : 320px) {      #bwg_container1_0 #bwg_container2_0 .displaying-num_0 {     \t display: none;      }      }      #bwg_container1_0 #bwg_container2_0 .displaying-num_0 {\t\t\t\tfont-size: 12px;\t\t\t\tfont-family: segoe ui;\t\t\t\tfont-weight: bold;\t\t\t\tcolor: #666666;\t\t\t\tmargin-right: 10px;\t\t\t\tvertical-align: middle;      }      #bwg_container1_0 #bwg_container2_0 .paging-input_0 {\t\t\t\tfont-size: 12px;\t\t\t\tfont-family: segoe ui;\t\t\t\tfont-weight: bold;\t\t\t\tcolor: #666666;\t\t\t\tvertical-align: middle;      }      #bwg_container1_0 #bwg_container2_0 .tablenav-pages_0 a.disabled,      #bwg_container1_0 #bwg_container2_0 .tablenav-pages_0 a.disabled:hover,      #bwg_container1_0 #bwg_container2_0 .tablenav-pages_0 a.disabled:focus,\t\t\t#bwg_container1_0 #bwg_container2_0 .tablenav-pages_0 input.bwg_current_page {\t\t\t\tcursor: default;\t\t\t\tcolor: rgba(102, 102, 102, 0.5);      }      #bwg_container1_0 #bwg_container2_0 .tablenav-pages_0 a,      #bwg_container1_0 #bwg_container2_0 .tablenav-pages_0 input.bwg_current_page {\t\t\t\tcursor: pointer;\t\t\t\ttext-align: center;\t\t\t\tfont-size: 12px;\t\t\t\tfont-family: segoe ui;\t\t\t\tfont-weight: bold;\t\t\t\tcolor: #666666;\t\t\t\ttext-decoration: none;\t\t\t\tpadding: 3px 6px;\t\t\t\tmargin: 0;\t\t\t\tborder-radius: 0;\t\t\t\tborder-style: solid;\t\t\t\tborder-width: 1px;\t\t\t\tborder-color: #E3E3E3;\t\t\t\t\t\t\t\tbackground-color: rgba(255, 255, 255, 1.00);\t\t\t\tbox-shadow: 0;\t\t\t\ttransition: all 0.3s ease 0s;-webkit-transition: all 0.3s ease 0s;      }      <\/style>      <span class=\"bwg_nav_cont_0\">              <div class=\"tablenav-pages_0\">                  <\/div>                <input type=\"hidden\" id=\"page_number_0\" name=\"page_number_0\" value=\"1\" \/>      <script type=\"text\/javascript\">        if( jQuery('.bwg_nav_cont_0').length > 1 ) {          jQuery('.bwg_nav_cont_0').first().remove()        }        function spider_page_0(cur, x, y, load_more) {          if (typeof load_more == \"undefined\") {            var load_more = false;          }          if (jQuery(cur).hasClass('disabled')) {            return false;          }          var items_county_0 = 1;          switch (y) {            case 1:              if (x >= items_county_0) {                document.getElementById('page_number_0').value = items_county_0;              }              else {                document.getElementById('page_number_0').value = x + 1;              }              break;            case 2:              document.getElementById('page_number_0').value = items_county_0;              break;            case -1:              if (x == 1) {                document.getElementById('page_number_0').value = 1;              }              else {                document.getElementById('page_number_0').value = x - 1;              }              break;            case -2:              document.getElementById('page_number_0').value = 1;              break;\t\t\t\t\t\tcase 0:              document.getElementById('page_number_0').value = x;              break;            default:              document.getElementById('page_number_0').value = 1;          }          bwg_ajax('gal_front_form_0', '0', 'bwg_thumbnails_0', '0', '', 'gallery', 0, '', '', load_more, '', 1);        }                    jQuery('.first-page-0').on('click', function () {              spider_page_0(this, 1, -2, 'numeric');              return false;            });            jQuery('.prev-page-0').on('click', function () {              spider_page_0(this, 1, -1, 'numeric');              return false;            });            jQuery('.next-page-0').on('click', function () {              spider_page_0(this, 1, 1, 'numeric');              return false;            });            jQuery('.last-page-0').on('click', function () {              spider_page_0(this, 1, 2, 'numeric');              return false;            });        \t\t\t\t\/* Change page on input enter. *\/        function bwg_change_page_0( e, that ) {          if (  e.key == 'Enter' ) {            var to_page = parseInt(jQuery(that).val());            var pages_count = jQuery(that).parents(\".pagination-links\").data(\"pages-count\");            var current_url_param = jQuery(that).attr('data-url-info');            if (to_page > pages_count) {              to_page = 1;            }\t \t\t\t\t\t\t\t\t\t\t\t\tspider_page_0(this, to_page, 0, 'numeric');\t\t\t\t\t\t\treturn false;\t\t\t\t\t\t          }          return true;        }        jQuery('.bwg_load_btn_0').on('click', function () {            spider_page_0(this, 1, 1, true);            return false;        });      <\/script>      <\/span>                <\/div>        <\/form>        <style>          #bwg_container1_0 #bwg_container2_0 #spider_popup_overlay_0 {          background-color: #000000;          opacity: 0.70;          }          <\/style>        <div id=\"bwg_spider_popup_loading_0\" class=\"bwg_spider_popup_loading\"><\/div>        <div id=\"spider_popup_overlay_0\" class=\"spider_popup_overlay\" onclick=\"spider_destroypopup(1000)\"><\/div>        <input type=\"hidden\" id=\"bwg_random_seed_0\" value=\"2030572767\">                <\/div>    <\/div>    <script>      if (document.readyState === 'complete') {        if( typeof bwg_main_ready == 'function' ) {          if ( jQuery(\"#bwg_container1_0\").height() ) {            bwg_main_ready(jQuery(\"#bwg_container1_0\"));          }        }      } else {        document.addEventListener('DOMContentLoaded', function() {          if( typeof bwg_main_ready == 'function' ) {            if ( jQuery(\"#bwg_container1_0\").height() ) {             bwg_main_ready(jQuery(\"#bwg_container1_0\"));            }          }        });      }    <\/script>    \n<\/em><\/p>\n","protected":false},"excerpt":{"rendered":"<p>Akcja spo\u0142eczno-edukacyjna \u017bonkile ma na celu upami\u0119tnienie powstania w getcie warszawskim, kt\u00f3re wybuch\u0142o 19 kwietnia 1943 roku.\u00a0 Organizatorem akcji jest\u00a0 Muzeum Historii \u017byd\u00f3w Polskich POLIN, a jej symbolem s\u0105 \u017conkile. Wi\u0105\u017c\u0105 si\u0119 one z postaci\u0105 Marka Edelmana, ostatniego dow\u00f3dcy \u017bydowskiej Organizacji Bojowej, kt\u00f3ry razem z \u017bydowskim Zwi\u0105zkiem Wojskowym zorganizowa\u0142 powstanie. Edelman by\u0142 jednym z nielicznych ocala\u0142ych bojowc\u00f3w i po wojnie, w rocznice powstania, sk\u0142ada\u0142 pod Pomnikiem Bohater\u00f3w Getta na Muranowie<span class=\"ellipsis\">&hellip;<\/span><\/p>\n<div class=\"read-more\"><a href=\"https:\/\/pbp.womczest.edu.pl\/new\/laczy-nas-pamiec-akcja-zonkile-2\/\">Czytaj wi\u0119cej &#8250;<\/a><\/div>\n<p><!-- end of .read-more --><\/p>\n","protected":false},"author":6,"featured_media":0,"parent":0,"menu_order":0,"comment_status":"closed","ping_status":"closed","template":"","meta":{"footnotes":""},"jetpack_sharing_enabled":true,"jetpack_shortlink":"https:\/\/wp.me\/PgmV4H-5YN","_links":{"self":[{"href":"https:\/\/pbp.womczest.edu.pl\/new\/wp-json\/wp\/v2\/pages\/22989"}],"collection":[{"href":"https:\/\/pbp.womczest.edu.pl\/new\/wp-json\/wp\/v2\/pages"}],"about":[{"href":"https:\/\/pbp.womczest.edu.pl\/new\/wp-json\/wp\/v2\/types\/page"}],"author":[{"embeddable":true,"href":"https:\/\/pbp.womczest.edu.pl\/new\/wp-json\/wp\/v2\/users\/6"}],"replies":[{"embeddable":true,"href":"https:\/\/pbp.womczest.edu.pl\/new\/wp-json\/wp\/v2\/comments?post=22989"}],"version-history":[{"count":2,"href":"https:\/\/pbp.womczest.edu.pl\/new\/wp-json\/wp\/v2\/pages\/22989\/revisions"}],"predecessor-version":[{"id":23000,"href":"https:\/\/pbp.womczest.edu.pl\/new\/wp-json\/wp\/v2\/pages\/22989\/revisions\/23000"}],"wp:attachment":[{"href":"https:\/\/pbp.womczest.edu.pl\/new\/wp-json\/wp\/v2\/media?parent=22989"}],"curies":[{"name":"wp","href":"https:\/\/api.w.org\/{rel}","templated":true}]}}