


{"id":22620,"date":"2023-03-10T08:59:45","date_gmt":"2023-03-10T07:59:45","guid":{"rendered":"https:\/\/pbp.womczest.edu.pl\/new\/?page_id=22620"},"modified":"2023-03-10T08:59:45","modified_gmt":"2023-03-10T07:59:45","slug":"v-miedzyszkolny-konkurs-recytatorski-czarowanie-slowem","status":"publish","type":"page","link":"https:\/\/pbp.womczest.edu.pl\/new\/v-miedzyszkolny-konkurs-recytatorski-czarowanie-slowem\/","title":{"rendered":"V Mi\u0119dzyszkolny Konkurs Recytatorski \u201eCzarowanie s\u0142owem\u201d"},"content":{"rendered":"<p>23 lutego 2023 r. w\u00a0Auli Forum Regionalnego O\u015brodka Doskonalenia Nauczycieli \u201eWOM\u201d w\u00a0Cz\u0119stochowie odby\u0142 si\u0119 V\u00a0Mi\u0119dzyszkolny Konkurs Recytatorski \u201eCzarowanie s\u0142owem\u201d. Organizatorem by\u0142 Specjalny O\u015brodek Szkolno-Wychowawczy nr\u00a01 w\u00a0Cz\u0119stochowie w\u00a0partnerstwie z\u00a0Publiczn\u0105 Bibliotek\u0105 Pedagogiczn\u0105 RODN \u201eWOM\u201d w\u00a0Cz\u0119stochowie. Konkurs skierowany by\u0142 do\u00a0uczni\u00f3w z\u00a0niepe\u0142nosprawno\u015bci\u0105 intelektualn\u0105 szk\u00f3\u0142 podstawowych, szk\u00f3\u0142 przysposabiaj\u0105cych do\u00a0pracy oraz\u00a0szk\u00f3\u0142 bran\u017cowych. Celem konkursu by\u0142o szerzenie kultury \u017cywego s\u0142owa, rozbudzanie wra\u017cliwo\u015bci na\u00a0pi\u0119kno poezji oraz\u00a0integracja \u015brodowiska uczniowskiego.<\/p>\n<p>Jury w\u00a0sk\u0142adzie:<\/p>\n<p>Teresa Dzielska \u2013 aktorka Teatru im.\u00a0Adama Mickiewicza w\u00a0Cz\u0119stochowie,<\/p>\n<p>Danuta Kr\u00f3liszewska \u2013 artystka malarka,<\/p>\n<p>Anna P\u0142usa \u2013 nauczyciel bibliotekarz PBP RODN \u201eWOM\u201d w\u00a0Cz\u0119stochowie,<\/p>\n<p>Agnieszka \u015aciga\u0142a-Psiuk \u2013 dyrektor SOSW nr\u00a01 w\u00a0Cz\u0119stochowie,<\/p>\n<p>przyzna\u0142o nagrody i\u00a0wyr\u00f3\u017cnienia w\u00a0czterech kategoriach:<\/p>\n<p><strong>Klasy I-III:<\/strong><\/p>\n<p>I\u00a0miejsce: Natasza Czernecka, Natalia Bartnik, Mateusz Bracki<\/p>\n<p>II\u00a0miejsce: Julia Pasemko, Lena Chrz\u0119szczyk<\/p>\n<p><strong>Klasy IV-VI:<\/strong><\/p>\n<p>I\u00a0miejsce: Hubert Berski, Roksana Konieczna, Julia Or\u0142owska<\/p>\n<p>Wyr\u00f3\u017cnienia: Igor Zato\u0144, Filip Rudek<\/p>\n<p><strong>Klasy VII-VIII:<\/strong><\/p>\n<p>I\u00a0miejsce: Bart\u0142omiej Grzybowski, Szymon Kury\u0142o, Sebastian Sikora<\/p>\n<p>Wyr\u00f3\u017cnienia: Izabela Majchrzak, Kinga Buras<\/p>\n<p><strong>Szko\u0142y ponadpodstawowe:<\/strong><\/p>\n<p>I\u00a0miejsce: Eryk Pie\u0144czykowski, Zuzanna Kramkowska, Wiktoria Janosz<\/p>\n<p>Wyr\u00f3\u017cnienia: Natalia Zyzik, Daria Ko\u015bcio\u0142ek, Bartosz Zi\u0119tek<\/p>\n<p>Konkurs dostarczy\u0142 zar\u00f3wno uczestnikom jak i widowni zgromadzonej w auli prawdziwych wzrusze\u0144 i emocji.<\/p>\n<p>Relacje z\u00a0wydarzenia:<br \/>\n\u2013\u00a0<a href=\"http:\/\/www.tvorion.pl\/czarowali-nie-tylko-slowem\/?fbclid=IwAR2r_hLGJhujWOQ-1JnVzLtQI0Wg-S1LDLjacwS0_IEmDKbeK0pSnIgcojc\">TV Orion<\/a><br \/>\n\u2013\u00a0<a href=\"https:\/\/www.niedziela.pl\/artykul\/89173\/Czuja-to-co-mowia-Konkurs-recytatorski\">Tygodnik Katolicki Niedziela<\/a><\/p>\n<p style=\"text-align: right;\"><em>Anna D\u0105browska<\/em><\/p>\n","protected":false},"excerpt":{"rendered":"<p>23 lutego 2023 r. w\u00a0Auli Forum Regionalnego O\u015brodka Doskonalenia Nauczycieli \u201eWOM\u201d w\u00a0Cz\u0119stochowie odby\u0142 si\u0119 V\u00a0Mi\u0119dzyszkolny Konkurs Recytatorski \u201eCzarowanie s\u0142owem\u201d. Organizatorem by\u0142 Specjalny O\u015brodek Szkolno-Wychowawczy nr\u00a01 w\u00a0Cz\u0119stochowie w\u00a0partnerstwie z\u00a0Publiczn\u0105 Bibliotek\u0105 Pedagogiczn\u0105 RODN \u201eWOM\u201d w\u00a0Cz\u0119stochowie. Konkurs skierowany by\u0142 do\u00a0uczni\u00f3w z\u00a0niepe\u0142nosprawno\u015bci\u0105 intelektualn\u0105 szk\u00f3\u0142 podstawowych, szk\u00f3\u0142 przysposabiaj\u0105cych do\u00a0pracy oraz\u00a0szk\u00f3\u0142 bran\u017cowych. Celem konkursu by\u0142o szerzenie kultury \u017cywego s\u0142owa, rozbudzanie wra\u017cliwo\u015bci na\u00a0pi\u0119kno poezji oraz\u00a0integracja \u015brodowiska uczniowskiego. Jury w\u00a0sk\u0142adzie: Teresa Dzielska \u2013 aktorka Teatru im.\u00a0Adama Mickiewicza w\u00a0Cz\u0119stochowie,<span class=\"ellipsis\">&hellip;<\/span><\/p>\n<div class=\"read-more\"><a href=\"https:\/\/pbp.womczest.edu.pl\/new\/v-miedzyszkolny-konkurs-recytatorski-czarowanie-slowem\/\">Czytaj wi\u0119cej &#8250;<\/a><\/div>\n<p><!-- end of .read-more --><\/p>\n","protected":false},"author":6,"featured_media":0,"parent":0,"menu_order":0,"comment_status":"closed","ping_status":"closed","template":"","meta":{"footnotes":""},"jetpack_sharing_enabled":true,"jetpack_shortlink":"https:\/\/wp.me\/PgmV4H-5SQ","_links":{"self":[{"href":"https:\/\/pbp.womczest.edu.pl\/new\/wp-json\/wp\/v2\/pages\/22620"}],"collection":[{"href":"https:\/\/pbp.womczest.edu.pl\/new\/wp-json\/wp\/v2\/pages"}],"about":[{"href":"https:\/\/pbp.womczest.edu.pl\/new\/wp-json\/wp\/v2\/types\/page"}],"author":[{"embeddable":true,"href":"https:\/\/pbp.womczest.edu.pl\/new\/wp-json\/wp\/v2\/users\/6"}],"replies":[{"embeddable":true,"href":"https:\/\/pbp.womczest.edu.pl\/new\/wp-json\/wp\/v2\/comments?post=22620"}],"version-history":[{"count":1,"href":"https:\/\/pbp.womczest.edu.pl\/new\/wp-json\/wp\/v2\/pages\/22620\/revisions"}],"predecessor-version":[{"id":22621,"href":"https:\/\/pbp.womczest.edu.pl\/new\/wp-json\/wp\/v2\/pages\/22620\/revisions\/22621"}],"wp:attachment":[{"href":"https:\/\/pbp.womczest.edu.pl\/new\/wp-json\/wp\/v2\/media?parent=22620"}],"curies":[{"name":"wp","href":"https:\/\/api.w.org\/{rel}","templated":true}]}}