


{"id":22556,"date":"2023-03-08T09:43:32","date_gmt":"2023-03-08T08:43:32","guid":{"rendered":"https:\/\/pbp.womczest.edu.pl\/new\/?page_id=22556"},"modified":"2023-03-08T11:02:12","modified_gmt":"2023-03-08T10:02:12","slug":"basnie-legendy-i-podania-gornego-slaska","status":"publish","type":"page","link":"https:\/\/pbp.womczest.edu.pl\/new\/basnie-legendy-i-podania-gornego-slaska\/","title":{"rendered":"BA\u015aNIE, LEGENDY I PODANIA G\u00d3RNEGO \u015aL\u0104SKA"},"content":{"rendered":"<p>10 listopada 2022 r. komisja konkursowa w\u00a0sk\u0142adzie: Izabela Bajor i\u00a0Marek Czarno\u0142\u0119ski, nauczyciele bibliotekarze Publicznej Biblioteki Pedagogicznej RODN \u201eWOM\u201d w\u00a0Cz\u0119stochowie, oceni\u0142a prace uczni\u00f3w klas V\u00a0szk\u00f3\u0142 podstawowych powiatu lublinieckiego.<\/p>\n<p><strong>I\u00a0miejsce<\/strong> zaj\u0119\u0142a Emilia Sosnowska \u2013 uczennica Szko\u0142y Podstawowej nr\u00a04 w\u00a0Lubli\u0144cu za\u00a0prac\u0119 \u201eZaginione miasto Rozenau\u201d.<\/p>\n<p><strong>II\u00a0miejsce<\/strong> zaj\u0105\u0142 Antoni Ciwi\u0144ski \u2013 ucze\u0144 Szko\u0142y Podstawowej nr\u00a01 w\u00a0Lubli\u0144cu za\u00a0prac\u0119 \u201eTa g\u00f3ra jest mi\u00a0Lubsza\u201d.<\/p>\n<p><strong>III\u00a0miejsce<\/strong> zaj\u0119\u0142a Wiktoria Bry\u0142a \u2013 uczennica Zespo\u0142u Szkolno-Przedszkolnego w\u00a0Olszynie za\u00a0prac\u0119 \u201eDobry duch kopalni\u201d.<\/p>\n<p><strong>Wyr\u00f3\u017cnienia otrzymali:<\/strong><\/p>\n<p>Ewa Dziuk \u2013 uczennica Szko\u0142y Podstawowej Specjalnej nr 2 SOSW w Lubli\u0144cu za prac\u0119 \u201eUtopce \u2013 Legendy kosz\u0119ci\u0144skie\u201d.<\/p>\n<p>Oskar Kardas \u2013 ucze\u0144 Szko\u0142y Podstawowej nr 1 w Lubli\u0144cu za prac\u0119 \u201eLegenda o ko\u015bciele \u015bw. Tr\u00f3jcy w Kosz\u0119cinie\u201d.<\/p>\n<p>Zuzanna Skop \u2013 uczennica Zespo\u0142u Szkolno-Przedszkolnego w Olszynie za prac\u0119 \u201eDiabe\u0142 zabiera dziewczyn\u0119 do piek\u0142a\u201d.<\/p>\n<p>Milena Sosi\u0144ska-Grzyb \u2013 uczennica Zespo\u0142u Szk\u00f3\u0142 w Kochanowicach za prac\u0119 \u201eLegenda o ko\u015bciele \u015bw. Tr\u00f3jcy w Kosz\u0119cinie\u201d.<\/p>\n<p>Dzi\u0119kujemy nauczycielom i\u00a0uczniom za\u00a0udzia\u0142 w\u00a0konkursie.<style id=\"bwg-style-0\">    #bwg_container1_0 #bwg_container2_0 .bwg-container-0.bwg-standard-thumbnails {      width: 904px;              justify-content: center;        margin:0 auto !important;              background-color: rgba(255, 255, 255, 0.00);            padding-left: 4px;      padding-top: 4px;      max-width: 100%;            }        #bwg_container1_0 #bwg_container2_0 .bwg-container-0.bwg-standard-thumbnails .bwg-item {    justify-content: flex-start;      max-width: 180px;            width: 180px !important;          }    #bwg_container1_0 #bwg_container2_0 .bwg-container-0.bwg-standard-thumbnails .bwg-item a {       margin-right: 4px;       margin-bottom: 4px;    }    #bwg_container1_0 #bwg_container2_0 .bwg-container-0.bwg-standard-thumbnails .bwg-item0 {      padding: 0px;            background-color:rgba(255,255,255, 0.30);      border: 0px none #CCCCCC;      opacity: 1.00;      border-radius: 0;      box-shadow: 0px 0px 0px #888888;    }    #bwg_container1_0 #bwg_container2_0 .bwg-container-0.bwg-standard-thumbnails .bwg-item1 img {      max-height: none;      max-width: none;      padding: 0 !important;    }        @media only screen and (min-width: 480px) {      #bwg_container1_0 #bwg_container2_0 .bwg-container-0.bwg-standard-thumbnails .bwg-item0 {        transition: all 0.3s ease 0s;-webkit-transition: all 0.3s ease 0s;      }      #bwg_container1_0 #bwg_container2_0 .bwg-container-0.bwg-standard-thumbnails .bwg-item0:hover {        -ms-transform: scale(1.1);        -webkit-transform: scale(1.1);        transform: scale(1.1);      }    }          #bwg_container1_0 #bwg_container2_0 .bwg-container-0.bwg-standard-thumbnails .bwg-item1 {      padding-top: 50%;    }        #bwg_container1_0 #bwg_container2_0 .bwg-container-0.bwg-standard-thumbnails .bwg-title2,    #bwg_container1_0 #bwg_container2_0 .bwg-container-0.bwg-standard-thumbnails .bwg-ecommerce2 {      color: #CCCCCC;      font-family: segoe ui;      font-size: 16px;      font-weight: bold;      padding: 2px;      text-shadow: 0px 0px 0px #888888;      max-height: 100%;    }    #bwg_container1_0 #bwg_container2_0 .bwg-container-0.bwg-standard-thumbnails .bwg-thumb-description span {    color: #323A45;    font-family: Ubuntu;    font-size: 12px;    max-height: 100%;    word-wrap: break-word;    }    #bwg_container1_0 #bwg_container2_0 .bwg-container-0.bwg-standard-thumbnails .bwg-play-icon2 {      font-size: 32px;    }    #bwg_container1_0 #bwg_container2_0 .bwg-container-0.bwg-standard-thumbnails .bwg-ecommerce2 {      font-size: 19.2px;      color: #CCCCCC;    }    <\/style>    <div id=\"bwg_container1_0\"         class=\"bwg_container bwg_thumbnail bwg_thumbnails \"         data-right-click-protection=\"0\"         data-bwg=\"0\"         data-scroll=\"0\"         data-gallery-type=\"thumbnails\"         data-gallery-view-type=\"thumbnails\"         data-current-url=\"\/new\/wp-json\/wp\/v2\/pages\/22556\"         data-lightbox-url=\"https:\/\/pbp.womczest.edu.pl\/new\/wp-admin\/admin-ajax.php?action=GalleryBox&#038;current_view=0&#038;gallery_id=412&#038;tag=0&#038;theme_id=1&#038;shortcode_id=1075&#038;sort_by=order&#038;order_by=asc&#038;current_url=%2Fnew%2Fwp-json%2Fwp%2Fv2%2Fpages%2F22556\"         data-gallery-id=\"412\"         data-popup-width=\"800\"         data-popup-height=\"500\"         data-is-album=\"gallery\"         data-buttons-position=\"bottom\">      <div id=\"bwg_container2_0\">             <div id=\"ajax_loading_0\" class=\"bwg_loading_div_1\">      <div class=\"bwg_loading_div_2\">        <div class=\"bwg_loading_div_3\">          <div id=\"loading_div_0\" class=\"bwg_spider_ajax_loading\">          <\/div>        <\/div>      <\/div>    <\/div>            <form id=\"gal_front_form_0\"              class=\"bwg-hidden\"              method=\"post\"              action=\"#\"              data-current=\"0\"              data-shortcode-id=\"1075\"              data-gallery-type=\"thumbnails\"              data-gallery-id=\"412\"              data-tag=\"0\"              data-album-id=\"0\"              data-theme-id=\"1\"              data-ajax-url=\"https:\/\/pbp.womczest.edu.pl\/new\/wp-admin\/admin-ajax.php?action=bwg_frontend_data\">          <div id=\"bwg_container3_0\" class=\"bwg-background bwg-background-0\">                <div data-max-count=\"5\"         data-thumbnail-width=\"180\"         data-bwg=\"0\"         data-gallery-id=\"412\"         data-lightbox-url=\"https:\/\/pbp.womczest.edu.pl\/new\/wp-admin\/admin-ajax.php?action=GalleryBox&amp;current_view=0&amp;gallery_id=412&amp;tag=0&amp;theme_id=1&amp;shortcode_id=1075&amp;sort_by=order&amp;order_by=asc&amp;current_url=%2Fnew%2Fwp-json%2Fwp%2Fv2%2Fpages%2F22556\"         id=\"bwg_thumbnails_0\"         class=\"bwg-container-0 bwg-thumbnails bwg-standard-thumbnails bwg-container bwg-border-box\">            <div class=\"bwg-item\">        <a class=\"bwg-a  bwg_lightbox\"  data-image-id=\"6854\" href=\"https:\/\/pbp.womczest.edu.pl\/new\/wp-content\/uploads\/photo-gallery\/2022_11_legendy_lubliniec\/IMG_2149.jpg?bwg=1669967809\" data-elementor-open-lightbox=\"no\">                <div class=\"bwg-item0 \">          <div class=\"bwg-item1 \">            <div class=\"bwg-item2\">              <img class=\"skip-lazy bwg_standart_thumb_img_0 \"                   data-id=\"6854\"                   data-width=\"146.00\"                   data-height=\"300.00\"                   data-src=\"https:\/\/pbp.womczest.edu.pl\/new\/wp-content\/uploads\/photo-gallery\/2022_11_legendy_lubliniec\/thumb\/IMG_2149.jpg?bwg=1669967809\"                   src=\"https:\/\/pbp.womczest.edu.pl\/new\/wp-content\/uploads\/photo-gallery\/2022_11_legendy_lubliniec\/thumb\/IMG_2149.jpg?bwg=1669967809\"                   alt=\"IMG 2149\"                   title=\"IMG 2149\" \/>            <\/div>            <div class=\"\">                                                      <\/div>          <\/div>        <\/div>                        <\/a>              <\/div>            <div class=\"bwg-item\">        <a class=\"bwg-a  bwg_lightbox\"  data-image-id=\"6855\" href=\"https:\/\/pbp.womczest.edu.pl\/new\/wp-content\/uploads\/photo-gallery\/2022_11_legendy_lubliniec\/IMG_2142.jpg?bwg=1669967809\" data-elementor-open-lightbox=\"no\">                <div class=\"bwg-item0 \">          <div class=\"bwg-item1 \">            <div class=\"bwg-item2\">              <img class=\"skip-lazy bwg_standart_thumb_img_0 \"                   data-id=\"6855\"                   data-width=\"225.00\"                   data-height=\"300.00\"                   data-src=\"https:\/\/pbp.womczest.edu.pl\/new\/wp-content\/uploads\/photo-gallery\/2022_11_legendy_lubliniec\/thumb\/IMG_2142.jpg?bwg=1669967809\"                   src=\"https:\/\/pbp.womczest.edu.pl\/new\/wp-content\/uploads\/photo-gallery\/2022_11_legendy_lubliniec\/thumb\/IMG_2142.jpg?bwg=1669967809\"                   alt=\"IMG 2142\"                   title=\"IMG 2142\" \/>            <\/div>            <div class=\"\">                                                      <\/div>          <\/div>        <\/div>                        <\/a>              <\/div>            <div class=\"bwg-item\">        <a class=\"bwg-a  bwg_lightbox\"  data-image-id=\"6856\" href=\"https:\/\/pbp.womczest.edu.pl\/new\/wp-content\/uploads\/photo-gallery\/2022_11_legendy_lubliniec\/IMG_21471.jpg?bwg=1669967809\" data-elementor-open-lightbox=\"no\">                <div class=\"bwg-item0 \">          <div class=\"bwg-item1 \">            <div class=\"bwg-item2\">              <img class=\"skip-lazy bwg_standart_thumb_img_0 \"                   data-id=\"6856\"                   data-width=\"206.00\"                   data-height=\"300.00\"                   data-src=\"https:\/\/pbp.womczest.edu.pl\/new\/wp-content\/uploads\/photo-gallery\/2022_11_legendy_lubliniec\/thumb\/IMG_21471.jpg?bwg=1669967809\"                   src=\"https:\/\/pbp.womczest.edu.pl\/new\/wp-content\/uploads\/photo-gallery\/2022_11_legendy_lubliniec\/thumb\/IMG_21471.jpg?bwg=1669967809\"                   alt=\"IMG 21471\"                   title=\"IMG 21471\" \/>            <\/div>            <div class=\"\">                                                      <\/div>          <\/div>        <\/div>                        <\/a>              <\/div>            <div class=\"bwg-item\">        <a class=\"bwg-a  bwg_lightbox\"  data-image-id=\"6857\" href=\"https:\/\/pbp.womczest.edu.pl\/new\/wp-content\/uploads\/photo-gallery\/2022_11_legendy_lubliniec\/IMG_2150.jpg?bwg=1669967809\" data-elementor-open-lightbox=\"no\">                <div class=\"bwg-item0 \">          <div class=\"bwg-item1 \">            <div class=\"bwg-item2\">              <img class=\"skip-lazy bwg_standart_thumb_img_0 \"                   data-id=\"6857\"                   data-width=\"300.00\"                   data-height=\"225.00\"                   data-src=\"https:\/\/pbp.womczest.edu.pl\/new\/wp-content\/uploads\/photo-gallery\/2022_11_legendy_lubliniec\/thumb\/IMG_2150.jpg?bwg=1669967809\"                   src=\"https:\/\/pbp.womczest.edu.pl\/new\/wp-content\/uploads\/photo-gallery\/2022_11_legendy_lubliniec\/thumb\/IMG_2150.jpg?bwg=1669967809\"                   alt=\"IMG 2150\"                   title=\"IMG 2150\" \/>            <\/div>            <div class=\"\">                                                      <\/div>          <\/div>        <\/div>                        <\/a>              <\/div>            <div class=\"bwg-item\">        <a class=\"bwg-a  bwg_lightbox\"  data-image-id=\"6858\" href=\"https:\/\/pbp.womczest.edu.pl\/new\/wp-content\/uploads\/photo-gallery\/2022_11_legendy_lubliniec\/IMG_2151.jpg?bwg=1669967809\" data-elementor-open-lightbox=\"no\">                <div class=\"bwg-item0 \">          <div class=\"bwg-item1 \">            <div class=\"bwg-item2\">              <img class=\"skip-lazy bwg_standart_thumb_img_0 \"                   data-id=\"6858\"                   data-width=\"300.00\"                   data-height=\"225.00\"                   data-src=\"https:\/\/pbp.womczest.edu.pl\/new\/wp-content\/uploads\/photo-gallery\/2022_11_legendy_lubliniec\/thumb\/IMG_2151.jpg?bwg=1669967809\"                   src=\"https:\/\/pbp.womczest.edu.pl\/new\/wp-content\/uploads\/photo-gallery\/2022_11_legendy_lubliniec\/thumb\/IMG_2151.jpg?bwg=1669967809\"                   alt=\"IMG 2151\"                   title=\"IMG 2151\" \/>            <\/div>            <div class=\"\">                                                      <\/div>          <\/div>        <\/div>                        <\/a>              <\/div>            <div class=\"bwg-item\">        <a class=\"bwg-a  bwg_lightbox\"  data-image-id=\"6859\" href=\"https:\/\/pbp.womczest.edu.pl\/new\/wp-content\/uploads\/photo-gallery\/2022_11_legendy_lubliniec\/IMG_2152.jpg?bwg=1669967809\" data-elementor-open-lightbox=\"no\">                <div class=\"bwg-item0 \">          <div class=\"bwg-item1 \">            <div class=\"bwg-item2\">              <img class=\"skip-lazy bwg_standart_thumb_img_0 \"                   data-id=\"6859\"                   data-width=\"300.00\"                   data-height=\"225.00\"                   data-src=\"https:\/\/pbp.womczest.edu.pl\/new\/wp-content\/uploads\/photo-gallery\/2022_11_legendy_lubliniec\/thumb\/IMG_2152.jpg?bwg=1669967809\"                   src=\"https:\/\/pbp.womczest.edu.pl\/new\/wp-content\/uploads\/photo-gallery\/2022_11_legendy_lubliniec\/thumb\/IMG_2152.jpg?bwg=1669967809\"                   alt=\"IMG 2152\"                   title=\"IMG 2152\" \/>            <\/div>            <div class=\"\">                                                      <\/div>          <\/div>        <\/div>                        <\/a>              <\/div>            <div class=\"bwg-item\">        <a class=\"bwg-a  bwg_lightbox\"  data-image-id=\"6860\" href=\"https:\/\/pbp.womczest.edu.pl\/new\/wp-content\/uploads\/photo-gallery\/2022_11_legendy_lubliniec\/IMG_2153.jpg?bwg=1669967809\" data-elementor-open-lightbox=\"no\">                <div class=\"bwg-item0 \">          <div class=\"bwg-item1 \">            <div class=\"bwg-item2\">              <img class=\"skip-lazy bwg_standart_thumb_img_0 \"                   data-id=\"6860\"                   data-width=\"300.00\"                   data-height=\"225.00\"                   data-src=\"https:\/\/pbp.womczest.edu.pl\/new\/wp-content\/uploads\/photo-gallery\/2022_11_legendy_lubliniec\/thumb\/IMG_2153.jpg?bwg=1669967809\"                   src=\"https:\/\/pbp.womczest.edu.pl\/new\/wp-content\/uploads\/photo-gallery\/2022_11_legendy_lubliniec\/thumb\/IMG_2153.jpg?bwg=1669967809\"                   alt=\"IMG 2153\"                   title=\"IMG 2153\" \/>            <\/div>            <div class=\"\">                                                      <\/div>          <\/div>        <\/div>                        <\/a>              <\/div>          <\/div>    <style>      \/*pagination styles*\/      #bwg_container1_0 #bwg_container2_0 .tablenav-pages_0 {\t\t\t\ttext-align: center;\t\t\t\tfont-size: 12px;\t\t\t\tfont-family: segoe ui;\t\t\t\tfont-weight: bold;\t\t\t\tcolor: #666666;\t\t\t\tmargin: 6px 0 4px;\t\t\t\tdisplay: block;      }      @media only screen and (max-width : 320px) {      #bwg_container1_0 #bwg_container2_0 .displaying-num_0 {     \t display: none;      }      }      #bwg_container1_0 #bwg_container2_0 .displaying-num_0 {\t\t\t\tfont-size: 12px;\t\t\t\tfont-family: segoe ui;\t\t\t\tfont-weight: bold;\t\t\t\tcolor: #666666;\t\t\t\tmargin-right: 10px;\t\t\t\tvertical-align: middle;      }      #bwg_container1_0 #bwg_container2_0 .paging-input_0 {\t\t\t\tfont-size: 12px;\t\t\t\tfont-family: segoe ui;\t\t\t\tfont-weight: bold;\t\t\t\tcolor: #666666;\t\t\t\tvertical-align: middle;      }      #bwg_container1_0 #bwg_container2_0 .tablenav-pages_0 a.disabled,      #bwg_container1_0 #bwg_container2_0 .tablenav-pages_0 a.disabled:hover,      #bwg_container1_0 #bwg_container2_0 .tablenav-pages_0 a.disabled:focus,\t\t\t#bwg_container1_0 #bwg_container2_0 .tablenav-pages_0 input.bwg_current_page {\t\t\t\tcursor: default;\t\t\t\tcolor: rgba(102, 102, 102, 0.5);      }      #bwg_container1_0 #bwg_container2_0 .tablenav-pages_0 a,      #bwg_container1_0 #bwg_container2_0 .tablenav-pages_0 input.bwg_current_page {\t\t\t\tcursor: pointer;\t\t\t\ttext-align: center;\t\t\t\tfont-size: 12px;\t\t\t\tfont-family: segoe ui;\t\t\t\tfont-weight: bold;\t\t\t\tcolor: #666666;\t\t\t\ttext-decoration: none;\t\t\t\tpadding: 3px 6px;\t\t\t\tmargin: 0;\t\t\t\tborder-radius: 0;\t\t\t\tborder-style: solid;\t\t\t\tborder-width: 1px;\t\t\t\tborder-color: #E3E3E3;\t\t\t\t\t\t\t\tbackground-color: rgba(255, 255, 255, 1.00);\t\t\t\tbox-shadow: 0;\t\t\t\ttransition: all 0.3s ease 0s;-webkit-transition: all 0.3s ease 0s;      }      <\/style>      <span class=\"bwg_nav_cont_0\">              <div class=\"tablenav-pages_0\">                  <\/div>                <input type=\"hidden\" id=\"page_number_0\" name=\"page_number_0\" value=\"1\" \/>      <script type=\"text\/javascript\">        if( jQuery('.bwg_nav_cont_0').length > 1 ) {          jQuery('.bwg_nav_cont_0').first().remove()        }        function spider_page_0(cur, x, y, load_more) {          if (typeof load_more == \"undefined\") {            var load_more = false;          }          if (jQuery(cur).hasClass('disabled')) {            return false;          }          var items_county_0 = 1;          switch (y) {            case 1:              if (x >= items_county_0) {                document.getElementById('page_number_0').value = items_county_0;              }              else {                document.getElementById('page_number_0').value = x + 1;              }              break;            case 2:              document.getElementById('page_number_0').value = items_county_0;              break;            case -1:              if (x == 1) {                document.getElementById('page_number_0').value = 1;              }              else {                document.getElementById('page_number_0').value = x - 1;              }              break;            case -2:              document.getElementById('page_number_0').value = 1;              break;\t\t\t\t\t\tcase 0:              document.getElementById('page_number_0').value = x;              break;            default:              document.getElementById('page_number_0').value = 1;          }          bwg_ajax('gal_front_form_0', '0', 'bwg_thumbnails_0', '0', '', 'gallery', 0, '', '', load_more, '', 1);        }                    jQuery('.first-page-0').on('click', function () {              spider_page_0(this, 1, -2, 'numeric');              return false;            });            jQuery('.prev-page-0').on('click', function () {              spider_page_0(this, 1, -1, 'numeric');              return false;            });            jQuery('.next-page-0').on('click', function () {              spider_page_0(this, 1, 1, 'numeric');              return false;            });            jQuery('.last-page-0').on('click', function () {              spider_page_0(this, 1, 2, 'numeric');              return false;            });        \t\t\t\t\/* Change page on input enter. *\/        function bwg_change_page_0( e, that ) {          if (  e.key == 'Enter' ) {            var to_page = parseInt(jQuery(that).val());            var pages_count = jQuery(that).parents(\".pagination-links\").data(\"pages-count\");            var current_url_param = jQuery(that).attr('data-url-info');            if (to_page > pages_count) {              to_page = 1;            }\t \t\t\t\t\t\t\t\t\t\t\t\tspider_page_0(this, to_page, 0, 'numeric');\t\t\t\t\t\t\treturn false;\t\t\t\t\t\t          }          return true;        }        jQuery('.bwg_load_btn_0').on('click', function () {            spider_page_0(this, 1, 1, true);            return false;        });      <\/script>      <\/span>                <\/div>        <\/form>        <style>          #bwg_container1_0 #bwg_container2_0 #spider_popup_overlay_0 {          background-color: #000000;          opacity: 0.70;          }          <\/style>        <div id=\"bwg_spider_popup_loading_0\" class=\"bwg_spider_popup_loading\"><\/div>        <div id=\"spider_popup_overlay_0\" class=\"spider_popup_overlay\" onclick=\"spider_destroypopup(1000)\"><\/div>        <input type=\"hidden\" id=\"bwg_random_seed_0\" value=\"568502085\">                <\/div>    <\/div>    <script>      if (document.readyState === 'complete') {        if( typeof bwg_main_ready == 'function' ) {          if ( jQuery(\"#bwg_container1_0\").height() ) {            bwg_main_ready(jQuery(\"#bwg_container1_0\"));          }        }      } else {        document.addEventListener('DOMContentLoaded', function() {          if( typeof bwg_main_ready == 'function' ) {            if ( jQuery(\"#bwg_container1_0\").height() ) {             bwg_main_ready(jQuery(\"#bwg_container1_0\"));            }          }        });      }    <\/script>    \n","protected":false},"excerpt":{"rendered":"<p>10 listopada 2022 r. komisja konkursowa w\u00a0sk\u0142adzie: Izabela Bajor i\u00a0Marek Czarno\u0142\u0119ski, nauczyciele bibliotekarze Publicznej Biblioteki Pedagogicznej RODN \u201eWOM\u201d w\u00a0Cz\u0119stochowie, oceni\u0142a prace uczni\u00f3w klas V\u00a0szk\u00f3\u0142 podstawowych powiatu lublinieckiego. I\u00a0miejsce zaj\u0119\u0142a Emilia Sosnowska \u2013 uczennica Szko\u0142y Podstawowej nr\u00a04 w\u00a0Lubli\u0144cu za\u00a0prac\u0119 \u201eZaginione miasto Rozenau\u201d. II\u00a0miejsce zaj\u0105\u0142 Antoni Ciwi\u0144ski \u2013 ucze\u0144 Szko\u0142y Podstawowej nr\u00a01 w\u00a0Lubli\u0144cu za\u00a0prac\u0119 \u201eTa g\u00f3ra jest mi\u00a0Lubsza\u201d. III\u00a0miejsce zaj\u0119\u0142a Wiktoria Bry\u0142a \u2013 uczennica Zespo\u0142u Szkolno-Przedszkolnego w\u00a0Olszynie za\u00a0prac\u0119 \u201eDobry duch kopalni\u201d. Wyr\u00f3\u017cnienia<span class=\"ellipsis\">&hellip;<\/span><\/p>\n<div class=\"read-more\"><a href=\"https:\/\/pbp.womczest.edu.pl\/new\/basnie-legendy-i-podania-gornego-slaska\/\">Czytaj wi\u0119cej &#8250;<\/a><\/div>\n<p><!-- end of .read-more --><\/p>\n","protected":false},"author":6,"featured_media":0,"parent":0,"menu_order":0,"comment_status":"closed","ping_status":"closed","template":"","meta":{"footnotes":""},"jetpack_sharing_enabled":true,"jetpack_shortlink":"https:\/\/wp.me\/PgmV4H-5RO","_links":{"self":[{"href":"https:\/\/pbp.womczest.edu.pl\/new\/wp-json\/wp\/v2\/pages\/22556"}],"collection":[{"href":"https:\/\/pbp.womczest.edu.pl\/new\/wp-json\/wp\/v2\/pages"}],"about":[{"href":"https:\/\/pbp.womczest.edu.pl\/new\/wp-json\/wp\/v2\/types\/page"}],"author":[{"embeddable":true,"href":"https:\/\/pbp.womczest.edu.pl\/new\/wp-json\/wp\/v2\/users\/6"}],"replies":[{"embeddable":true,"href":"https:\/\/pbp.womczest.edu.pl\/new\/wp-json\/wp\/v2\/comments?post=22556"}],"version-history":[{"count":2,"href":"https:\/\/pbp.womczest.edu.pl\/new\/wp-json\/wp\/v2\/pages\/22556\/revisions"}],"predecessor-version":[{"id":22568,"href":"https:\/\/pbp.womczest.edu.pl\/new\/wp-json\/wp\/v2\/pages\/22556\/revisions\/22568"}],"wp:attachment":[{"href":"https:\/\/pbp.womczest.edu.pl\/new\/wp-json\/wp\/v2\/media?parent=22556"}],"curies":[{"name":"wp","href":"https:\/\/api.w.org\/{rel}","templated":true}]}}