


{"id":22548,"date":"2023-03-08T09:35:04","date_gmt":"2023-03-08T08:35:04","guid":{"rendered":"https:\/\/pbp.womczest.edu.pl\/new\/?page_id=22548"},"modified":"2023-03-08T09:35:04","modified_gmt":"2023-03-08T08:35:04","slug":"pocztowka-z-lublinca","status":"publish","type":"page","link":"https:\/\/pbp.womczest.edu.pl\/new\/pocztowka-z-lublinca\/","title":{"rendered":"Poczt\u00f3wka z Lubli\u0144ca"},"content":{"rendered":"<p>27 maja 2022 r. zako\u0144czy\u0142 si\u0119 konkurs plastyczny pod\u00a0Patronatem Honorowym Burmistrza Miasta Lubli\u0144ca \u201ePoczt\u00f3wka z\u00a0Lubli\u0144ca\u201d.<\/p>\n<p>W\u015br\u00f3d nades\u0142anych prac wy\u0142oniono zwyci\u0119zc\u00f3w w\u00a0dw\u00f3ch kategoriach.<\/p>\n<p><strong>Kategoria: Klasy 4-6:<\/strong><\/p>\n<p>I\u00a0miejsce \u2013 Antoni Kwiatkowski, kl. V b, SP nr 3<\/p>\n<p>II\u00a0miejsce \u2013 Filip Glanc, kl. IV b, SP nr 4<\/p>\n<p>III\u00a0miejsce \u2013 Mi\u0142osz Mika, kl. IV a, SP nr 4<\/p>\n<p><strong>Kategoria: Klasy 5-8:<\/strong><\/p>\n<p>I\u00a0miejsce \u2013 Hanna Sirek, kl. VII a, SP nr 4<\/p>\n<p>I\u00a0miejsce \u2013 Micha\u0142 Mukoid, kl. VII b, SP nr 1<\/p>\n<p>II\u00a0miejsce \u2013 Katarzyna Malitowska, kl. VII b, SP nr 3<\/p>\n<p>II\u00a0miejsce \u2013 Lena Nowak, kl. VIII d, SP nr 1<\/p>\n<p>III\u00a0miejsce \u2013 Lena Kawalec, kl. VII a, SP nr 1<\/p>\n<p>III\u00a0miejsce \u2013 Emilia Kosmala, kl. VII b, SP nr 3<\/p>\n<p><strong>Wyr\u00f3\u017cnienia:<\/strong><\/p>\n<p>Oliver Bedlechowicz, kl. VII a, SP nr\u00a03<\/p>\n<p>Wiktoria Pabi\u015b, kl. VII d, SP nr\u00a01<\/p>\n<p>Martyna Pawe\u0142czyk, kl. VI a, SP nr\u00a03<\/p>\n<p>Oskar Sulej, kl. VIII b, SP nr\u00a01<\/p>\n<p>&nbsp;<\/p>\n<p>&nbsp;<\/p>\n","protected":false},"excerpt":{"rendered":"<p>27 maja 2022 r. zako\u0144czy\u0142 si\u0119 konkurs plastyczny pod\u00a0Patronatem Honorowym Burmistrza Miasta Lubli\u0144ca \u201ePoczt\u00f3wka z\u00a0Lubli\u0144ca\u201d. W\u015br\u00f3d nades\u0142anych prac wy\u0142oniono zwyci\u0119zc\u00f3w w\u00a0dw\u00f3ch kategoriach. Kategoria: Klasy 4-6: I\u00a0miejsce \u2013 Antoni Kwiatkowski, kl. V b, SP nr 3 II\u00a0miejsce \u2013 Filip Glanc, kl. IV b, SP nr 4 III\u00a0miejsce \u2013 Mi\u0142osz Mika, kl. IV a, SP nr 4 Kategoria: Klasy 5-8: I\u00a0miejsce \u2013 Hanna Sirek, kl. VII a, SP nr 4 I\u00a0miejsce \u2013<span class=\"ellipsis\">&hellip;<\/span><\/p>\n<div class=\"read-more\"><a href=\"https:\/\/pbp.womczest.edu.pl\/new\/pocztowka-z-lublinca\/\">Czytaj wi\u0119cej &#8250;<\/a><\/div>\n<p><!-- end of .read-more --><\/p>\n","protected":false},"author":6,"featured_media":0,"parent":0,"menu_order":0,"comment_status":"closed","ping_status":"closed","template":"","meta":{"footnotes":""},"jetpack_sharing_enabled":true,"jetpack_shortlink":"https:\/\/wp.me\/PgmV4H-5RG","_links":{"self":[{"href":"https:\/\/pbp.womczest.edu.pl\/new\/wp-json\/wp\/v2\/pages\/22548"}],"collection":[{"href":"https:\/\/pbp.womczest.edu.pl\/new\/wp-json\/wp\/v2\/pages"}],"about":[{"href":"https:\/\/pbp.womczest.edu.pl\/new\/wp-json\/wp\/v2\/types\/page"}],"author":[{"embeddable":true,"href":"https:\/\/pbp.womczest.edu.pl\/new\/wp-json\/wp\/v2\/users\/6"}],"replies":[{"embeddable":true,"href":"https:\/\/pbp.womczest.edu.pl\/new\/wp-json\/wp\/v2\/comments?post=22548"}],"version-history":[{"count":1,"href":"https:\/\/pbp.womczest.edu.pl\/new\/wp-json\/wp\/v2\/pages\/22548\/revisions"}],"predecessor-version":[{"id":22549,"href":"https:\/\/pbp.womczest.edu.pl\/new\/wp-json\/wp\/v2\/pages\/22548\/revisions\/22549"}],"wp:attachment":[{"href":"https:\/\/pbp.womczest.edu.pl\/new\/wp-json\/wp\/v2\/media?parent=22548"}],"curies":[{"name":"wp","href":"https:\/\/api.w.org\/{rel}","templated":true}]}}