


{"id":22542,"date":"2023-03-08T09:30:54","date_gmt":"2023-03-08T08:30:54","guid":{"rendered":"https:\/\/pbp.womczest.edu.pl\/new\/?page_id=22542"},"modified":"2023-03-08T09:30:54","modified_gmt":"2023-03-08T08:30:54","slug":"basnie-legendy-i-podania-gornego-slaska-2021-2","status":"publish","type":"page","link":"https:\/\/pbp.womczest.edu.pl\/new\/basnie-legendy-i-podania-gornego-slaska-2021-2\/","title":{"rendered":"Ba\u015bnie, legendy i\u00a0podania G\u00f3rnego \u015al\u0105ska 2021"},"content":{"rendered":"<p>22\u00a0 listopada 2021 roku w\u00a0Publicznej Bibliotece Pedagogicznej RODN \u201eWOM\u201d w\u00a0Cz\u0119stochowie Filia w\u00a0Lubli\u0144cu odby\u0142 si\u0119 fina\u0142 XIII edycji konkursu plastycznego\u00a0<em>Ba\u015bnie, legendy i\u00a0podania G\u00f3rnego \u015al\u0105ska<\/em>. Spotkanie zosta\u0142o przeprowadzone w\u00a0trybie online.<\/p>\n<p>Celem konkursu by\u0142o zach\u0119cenie pi\u0105toklasist\u00f3w do\u00a0czytania poda\u0144 i\u00a0legend zwi\u0105zanych z\u00a0dziedzictwem kulturowym w\u0142asnego regionu.<\/p>\n<p>W\u00a0konkursie wzi\u0119li udzia\u0142 uczniowie reprezentuj\u0105cy 11 szk\u00f3\u0142 powiatu lublinieckiego.<\/p>\n<ul>\n<li>Szko\u0142a Podstawowa nr\u00a01 im.\u00a0Marii Konopnickiej w\u00a0Lubli\u0144cu,<\/li>\n<li>Specjalny O\u015brodek Szkolno-Wychowawczy im.\u00a0Konrada Ma\u0144ki w\u00a0Lubli\u0144cu,<\/li>\n<li>Szko\u0142a Podstawowa nr\u00a03 im.\u00a0Bohater\u00f3w Westerplatte w\u00a0Lubli\u0144cu,<\/li>\n<li>Szko\u0142a Podstawowa nr\u00a04 im.\u00a074 G\u00f3rno\u015bl\u0105skiego Pu\u0142ku Piechoty w\u00a0Lubli\u0144cu,<\/li>\n<li>Szko\u0142a Podstawowa w\u00a0Zborowskiem,<\/li>\n<li>Zesp\u00f3\u0142 Plac\u00f3wek O\u015bwiatowych im.\u00a0Unii Europejskiej w\u00a0Boronowie,<\/li>\n<li>Szko\u0142a Podstawowa im.\u00a0Wandy Kawy i\u00a0Bronis\u0142awy Kawy w\u00a0Ko\u015bmidrach,<\/li>\n<li>Zesp\u00f3\u0142 Szkolno-Przedszkolny im.\u00a0Janusza Korczaka w\u00a0Kochcicach,<\/li>\n<li>Zesp\u00f3\u0142 Szkolno-Przedszkolny, Szko\u0142a Podstawowa im.\u00a0Powsta\u0144c\u00f3w \u015al\u0105skich w\u00a0Ciasnej,<\/li>\n<li>Szko\u0142a Podstawowa im.\u00a0Jana Paw\u0142a II\u00a0w\u00a0Kosz\u0119cinie,<\/li>\n<li>Zesp\u00f3l Szk\u00f3\u0142, Szko\u0142a Podstawowa im.\u00a0Karola Miarki w\u00a0Kochanowicach.<\/li>\n<\/ul>\n<p>\u0141\u0105cznie zebrano 58 prac plastycznych. Jury przyzna\u0142o nast\u0119puj\u0105ce miejsca:<\/p>\n<p><strong>I\u00a0miejsce<\/strong><\/p>\n<p>Milena Foryta, SP nr\u00a01 w\u00a0Lubli\u0144cu \u2013<em>\u00a0Ta\u00a0g\u00f3ra jest mi\u00a0Lubsza<\/em><\/p>\n<p>Paulina Wilk, SP nr\u00a04 w\u00a0Lubli\u0144cu \u2013\u00a0<em>Z\u00a0przyg\u00f3d \u015bl\u0105skiego Sowizdrza\u0142a<\/em><\/p>\n<p><strong>II\u00a0miejsca<\/strong><\/p>\n<p>Dagmara Kubica, SP nr\u00a04 w\u00a0Lubli\u0144cu \u2013\u00a0<em>Legenda o\u00a0Utopku<\/em><\/p>\n<p>Daniel Br\u0105cel,\u00a0<em>ZS\u00a0<\/em>w\u00a0Kochanowicach \u2013<em>\u00a0O\u00a0Utopcu ze\u00a0stawu Wie\u015bniok<\/em><\/p>\n<p><strong>III\u00a0miejsce<\/strong><\/p>\n<p>Kacper Janota<em>,\u00a0<\/em>SPS nr\u00a02 SOS-W w\u00a0Lubli\u0144cu \u2013<em>\u00a0Kr\u00f3l \u0141okietek i\u00a0Kurzoki<\/em><\/p>\n<p>Wojciech Borzycki, ZS w\u00a0Kochanowicach \u2013<em>\u00a0Czarny kot z\u00a0Kotulina<\/em><\/p>\n<p>&nbsp;<\/p>\n","protected":false},"excerpt":{"rendered":"<p>22\u00a0 listopada 2021 roku w\u00a0Publicznej Bibliotece Pedagogicznej RODN \u201eWOM\u201d w\u00a0Cz\u0119stochowie Filia w\u00a0Lubli\u0144cu odby\u0142 si\u0119 fina\u0142 XIII edycji konkursu plastycznego\u00a0Ba\u015bnie, legendy i\u00a0podania G\u00f3rnego \u015al\u0105ska. Spotkanie zosta\u0142o przeprowadzone w\u00a0trybie online. Celem konkursu by\u0142o zach\u0119cenie pi\u0105toklasist\u00f3w do\u00a0czytania poda\u0144 i\u00a0legend zwi\u0105zanych z\u00a0dziedzictwem kulturowym w\u0142asnego regionu. W\u00a0konkursie wzi\u0119li udzia\u0142 uczniowie reprezentuj\u0105cy 11 szk\u00f3\u0142 powiatu lublinieckiego. Szko\u0142a Podstawowa nr\u00a01 im.\u00a0Marii Konopnickiej w\u00a0Lubli\u0144cu, Specjalny O\u015brodek Szkolno-Wychowawczy im.\u00a0Konrada Ma\u0144ki w\u00a0Lubli\u0144cu, Szko\u0142a Podstawowa nr\u00a03 im.\u00a0Bohater\u00f3w Westerplatte w\u00a0Lubli\u0144cu, Szko\u0142a Podstawowa<span class=\"ellipsis\">&hellip;<\/span><\/p>\n<div class=\"read-more\"><a href=\"https:\/\/pbp.womczest.edu.pl\/new\/basnie-legendy-i-podania-gornego-slaska-2021-2\/\">Czytaj wi\u0119cej &#8250;<\/a><\/div>\n<p><!-- end of .read-more --><\/p>\n","protected":false},"author":6,"featured_media":0,"parent":0,"menu_order":0,"comment_status":"closed","ping_status":"closed","template":"","meta":{"footnotes":""},"jetpack_sharing_enabled":true,"jetpack_shortlink":"https:\/\/wp.me\/PgmV4H-5RA","_links":{"self":[{"href":"https:\/\/pbp.womczest.edu.pl\/new\/wp-json\/wp\/v2\/pages\/22542"}],"collection":[{"href":"https:\/\/pbp.womczest.edu.pl\/new\/wp-json\/wp\/v2\/pages"}],"about":[{"href":"https:\/\/pbp.womczest.edu.pl\/new\/wp-json\/wp\/v2\/types\/page"}],"author":[{"embeddable":true,"href":"https:\/\/pbp.womczest.edu.pl\/new\/wp-json\/wp\/v2\/users\/6"}],"replies":[{"embeddable":true,"href":"https:\/\/pbp.womczest.edu.pl\/new\/wp-json\/wp\/v2\/comments?post=22542"}],"version-history":[{"count":1,"href":"https:\/\/pbp.womczest.edu.pl\/new\/wp-json\/wp\/v2\/pages\/22542\/revisions"}],"predecessor-version":[{"id":22543,"href":"https:\/\/pbp.womczest.edu.pl\/new\/wp-json\/wp\/v2\/pages\/22542\/revisions\/22543"}],"wp:attachment":[{"href":"https:\/\/pbp.womczest.edu.pl\/new\/wp-json\/wp\/v2\/media?parent=22542"}],"curies":[{"name":"wp","href":"https:\/\/api.w.org\/{rel}","templated":true}]}}