


{"id":22535,"date":"2023-03-08T09:22:35","date_gmt":"2023-03-08T08:22:35","guid":{"rendered":"https:\/\/pbp.womczest.edu.pl\/new\/?page_id=22535"},"modified":"2023-03-08T09:22:35","modified_gmt":"2023-03-08T08:22:35","slug":"legendy-i-podania-o-goralach-wojewodztwa-slaskiego","status":"publish","type":"page","link":"https:\/\/pbp.womczest.edu.pl\/new\/legendy-i-podania-o-goralach-wojewodztwa-slaskiego\/","title":{"rendered":"Legendy i podania o G\u00f3ralach wojew\u00f3dztwa \u015bl\u0105skiego"},"content":{"rendered":"<div class=\"post-entry\">\n<p>31 maja 2021 r. na\u00a0platformie ClickMeeting odby\u0142 si\u0119 fina\u0142 Mi\u0119dzyszkolnego konkursu czytelniczo-plastycznego\u00a0<em><strong>Legendy i\u00a0podania o\u00a0G\u00f3ralach wojew\u00f3dztwa \u015bl\u0105skiego<\/strong><\/em>, zorganizowanego przez\u00a0Publiczn\u0105 Bibliotek\u0119 Pedagogiczn\u0105 RODN \u201eWOM\u201d w\u00a0Cz\u0119stochowie Filia w\u00a0Lubli\u0144cu.<\/p>\n<p>Celem konkursu by\u0142o zach\u0119cenie czwartoklasist\u00f3w do\u00a0czytania poda\u0144 i\u00a0legend zwi\u0105zanych z\u00a0G\u00f3ralami wojew\u00f3dztwa \u015bl\u0105skiego, uwra\u017cliwienie na\u00a0warto\u015bci dziedzictwa kulturowego w\u0142asnego regionu oraz\u00a0promowanie tw\u00f3rczo\u015bci m\u0142odych artyst\u00f3w.<\/p>\n<p>W\u00a0konkursie wzi\u0119li udzia\u0142 uczniowie reprezentuj\u0105cy sze\u015b\u0107 szk\u00f3\u0142 powiatu lublinieckiego:<\/p>\n<p>Zesp\u00f3\u0142 Szk\u00f3\u0142 im.\u00a0Karola Miarki w\u00a0Kochanowicach,<br \/>\nSzko\u0142\u0119 Podstawow\u0105 im.\u00a0Juliusza Ligonia w\u00a0Strzebiniu,<br \/>\nSzko\u0142\u0119 Podstawow\u0105 im.\u00a0J\u00f3zefa Lompy w\u00a0Wo\u017anikach \u2013 Ligota Wo\u017anicka,<br \/>\nZesp\u00f3\u0142 Szkolno-Przedszkolny im.\u00a0Wandy Kawy i\u00a0Bronis\u0142awy Kawy w\u00a0Ko\u015bmidrach,<br \/>\nSzko\u0142\u0119 Podstawow\u0105 nr\u00a01 im.\u00a0Marii Konopnickiej w\u00a0Lubli\u0144cu,<br \/>\nSzko\u0142\u0119 Podstawow\u0105 nr\u00a03 im.\u00a0Bohater\u00f3w Westerplatte w\u00a0Lubli\u0144cu.<\/p>\n<p>Nades\u0142ano 13 prac plastycznych.<\/p>\n<p>Jury przyzna\u0142o nast\u0119puj\u0105ce miejsca:<\/p>\n<p><strong>I\u00a0MIEJSCE:<\/strong><br \/>\nLena Mukoid \u2013 \u201eLegenda o\u00a0czerwonych bruclikach istebnia\u0144skich\u201d<\/p>\n<p><strong>II\u00a0MIEJSCE:<\/strong><br \/>\n\u0141ukasz Jerominek \u2013 \u201eLegenda o\u00a0diabelskim m\u0142ynie na\u00a0R\u00f3wnicy\u201d<\/p>\n<p><strong>III\u00a0MIEJSCE:<\/strong><br \/>\nJulia Kowalczyk \u2013 \u201eLegenda o\u00a0zb\u00f3jniku Klimczoku\u201d<\/p>\n<p><strong>WYR\u00d3\u017bNIENIE<\/strong><br \/>\nHanna Seget \u2013 \u201eLegenda o\u00a0zb\u00f3jniku Klimczoku\u201d<\/p>\n<p style=\"text-align: right;\"><em>Tekst: Olimpia Zieli\u0144ska<\/em><\/p>\n<\/div>\n<div class=\"post-entry\">\n<div class=\"post-entry\"><\/div>\n<\/div>\n","protected":false},"excerpt":{"rendered":"<p>31 maja 2021 r. na\u00a0platformie ClickMeeting odby\u0142 si\u0119 fina\u0142 Mi\u0119dzyszkolnego konkursu czytelniczo-plastycznego\u00a0Legendy i\u00a0podania o\u00a0G\u00f3ralach wojew\u00f3dztwa \u015bl\u0105skiego, zorganizowanego przez\u00a0Publiczn\u0105 Bibliotek\u0119 Pedagogiczn\u0105 RODN \u201eWOM\u201d w\u00a0Cz\u0119stochowie Filia w\u00a0Lubli\u0144cu. Celem konkursu by\u0142o zach\u0119cenie czwartoklasist\u00f3w do\u00a0czytania poda\u0144 i\u00a0legend zwi\u0105zanych z\u00a0G\u00f3ralami wojew\u00f3dztwa \u015bl\u0105skiego, uwra\u017cliwienie na\u00a0warto\u015bci dziedzictwa kulturowego w\u0142asnego regionu oraz\u00a0promowanie tw\u00f3rczo\u015bci m\u0142odych artyst\u00f3w. W\u00a0konkursie wzi\u0119li udzia\u0142 uczniowie reprezentuj\u0105cy sze\u015b\u0107 szk\u00f3\u0142 powiatu lublinieckiego: Zesp\u00f3\u0142 Szk\u00f3\u0142 im.\u00a0Karola Miarki w\u00a0Kochanowicach, Szko\u0142\u0119 Podstawow\u0105 im.\u00a0Juliusza Ligonia w\u00a0Strzebiniu, Szko\u0142\u0119 Podstawow\u0105 im.\u00a0J\u00f3zefa Lompy<span class=\"ellipsis\">&hellip;<\/span><\/p>\n<div class=\"read-more\"><a href=\"https:\/\/pbp.womczest.edu.pl\/new\/legendy-i-podania-o-goralach-wojewodztwa-slaskiego\/\">Czytaj wi\u0119cej &#8250;<\/a><\/div>\n<p><!-- end of .read-more --><\/p>\n","protected":false},"author":6,"featured_media":0,"parent":0,"menu_order":0,"comment_status":"closed","ping_status":"closed","template":"","meta":{"footnotes":""},"jetpack_sharing_enabled":true,"jetpack_shortlink":"https:\/\/wp.me\/PgmV4H-5Rt","_links":{"self":[{"href":"https:\/\/pbp.womczest.edu.pl\/new\/wp-json\/wp\/v2\/pages\/22535"}],"collection":[{"href":"https:\/\/pbp.womczest.edu.pl\/new\/wp-json\/wp\/v2\/pages"}],"about":[{"href":"https:\/\/pbp.womczest.edu.pl\/new\/wp-json\/wp\/v2\/types\/page"}],"author":[{"embeddable":true,"href":"https:\/\/pbp.womczest.edu.pl\/new\/wp-json\/wp\/v2\/users\/6"}],"replies":[{"embeddable":true,"href":"https:\/\/pbp.womczest.edu.pl\/new\/wp-json\/wp\/v2\/comments?post=22535"}],"version-history":[{"count":1,"href":"https:\/\/pbp.womczest.edu.pl\/new\/wp-json\/wp\/v2\/pages\/22535\/revisions"}],"predecessor-version":[{"id":22536,"href":"https:\/\/pbp.womczest.edu.pl\/new\/wp-json\/wp\/v2\/pages\/22535\/revisions\/22536"}],"wp:attachment":[{"href":"https:\/\/pbp.womczest.edu.pl\/new\/wp-json\/wp\/v2\/media?parent=22535"}],"curies":[{"name":"wp","href":"https:\/\/api.w.org\/{rel}","templated":true}]}}