


{"id":22512,"date":"2023-03-07T13:52:40","date_gmt":"2023-03-07T12:52:40","guid":{"rendered":"https:\/\/pbp.womczest.edu.pl\/new\/?page_id=22512"},"modified":"2023-03-07T13:52:40","modified_gmt":"2023-03-07T12:52:40","slug":"najaktywniej-czytajacy-trzecioklasista-2022","status":"publish","type":"page","link":"https:\/\/pbp.womczest.edu.pl\/new\/najaktywniej-czytajacy-trzecioklasista-2022\/","title":{"rendered":"NAJAKTYWNIEJ CZYTAJ\u0104CY TRZECIOKLASISTA 2022"},"content":{"rendered":"<p>20 czerwca 2022 roku zako\u0144czy\u0142a si\u0119 X\u00a0edycja konkursu\u00a0<em>Najaktywniej Czytaj\u0105cy Trzecioklasista<\/em>\u00a0zorganizowanego we\u00a0wsp\u00f3\u0142pracy z\u00a0Bibliotek\u0105 Szko\u0142y Podstawowej nr\u00a01 w\u00a0Lubli\u0144cu. Do\u00a0konkursu przyst\u0105pi\u0142o 7 szk\u00f3\u0142 podstawowych z\u00a0powiatu lublinieckiego, kt\u00f3re wcze\u015bniej wy\u0142oni\u0142y kandydat\u00f3w na\u00a0najlepszego czytelnika.<\/p>\n<p>Zwyci\u0119zcy konkursu:<\/p>\n<p><strong>I miejsce: <\/strong><strong>Anna Hucz<\/strong>\u00a0\u2013 113 ksi\u0105\u017cek \u2013 Zesp\u00f3\u0142 Plac\u00f3wek O\u015bwiatowych im.\u00a0Unii Europejskiej w\u00a0Boronowie<\/p>\n<p><strong>II miejsce: <\/strong><strong>Hanna Kowalska<\/strong>\u00a0\u2013 63 ksi\u0105\u017cki \u2013 Szko\u0142a Podstawowa im.\u00a0Wandy Kawy i\u00a0Bronis\u0142awy Kawy w\u00a0Ko\u015bmidrach<\/p>\n<p><strong>III miejsce: <\/strong><strong>Emilia Kozie\u0142<\/strong>\u00a0\u2013 59 ksi\u0105\u017cek \u2013 Szko\u0142a Podstawowa nr\u00a03 im.\u00a0Bohater\u00f3w Westerplatte w\u00a0Lubli\u0144cu<\/p>\n<p>Gratulujemy i\u00a0zapraszamy do\u00a0udzia\u0142u w\u00a0kolejnych edycjach konkursu.<\/p>\n<p style=\"text-align: right;\"><em>Tekst: Olimpia Zieli\u0144ska<\/em><\/p>\n","protected":false},"excerpt":{"rendered":"<p>20 czerwca 2022 roku zako\u0144czy\u0142a si\u0119 X\u00a0edycja konkursu\u00a0Najaktywniej Czytaj\u0105cy Trzecioklasista\u00a0zorganizowanego we\u00a0wsp\u00f3\u0142pracy z\u00a0Bibliotek\u0105 Szko\u0142y Podstawowej nr\u00a01 w\u00a0Lubli\u0144cu. Do\u00a0konkursu przyst\u0105pi\u0142o 7 szk\u00f3\u0142 podstawowych z\u00a0powiatu lublinieckiego, kt\u00f3re wcze\u015bniej wy\u0142oni\u0142y kandydat\u00f3w na\u00a0najlepszego czytelnika. Zwyci\u0119zcy konkursu: I miejsce: Anna Hucz\u00a0\u2013 113 ksi\u0105\u017cek \u2013 Zesp\u00f3\u0142 Plac\u00f3wek O\u015bwiatowych im.\u00a0Unii Europejskiej w\u00a0Boronowie II miejsce: Hanna Kowalska\u00a0\u2013 63 ksi\u0105\u017cki \u2013 Szko\u0142a Podstawowa im.\u00a0Wandy Kawy i\u00a0Bronis\u0142awy Kawy w\u00a0Ko\u015bmidrach III miejsce: Emilia Kozie\u0142\u00a0\u2013 59 ksi\u0105\u017cek \u2013 Szko\u0142a Podstawowa nr\u00a03 im.\u00a0Bohater\u00f3w Westerplatte<span class=\"ellipsis\">&hellip;<\/span><\/p>\n<div class=\"read-more\"><a href=\"https:\/\/pbp.womczest.edu.pl\/new\/najaktywniej-czytajacy-trzecioklasista-2022\/\">Czytaj wi\u0119cej &#8250;<\/a><\/div>\n<p><!-- end of .read-more --><\/p>\n","protected":false},"author":6,"featured_media":0,"parent":0,"menu_order":0,"comment_status":"closed","ping_status":"closed","template":"","meta":{"footnotes":""},"jetpack_sharing_enabled":true,"jetpack_shortlink":"https:\/\/wp.me\/PgmV4H-5R6","_links":{"self":[{"href":"https:\/\/pbp.womczest.edu.pl\/new\/wp-json\/wp\/v2\/pages\/22512"}],"collection":[{"href":"https:\/\/pbp.womczest.edu.pl\/new\/wp-json\/wp\/v2\/pages"}],"about":[{"href":"https:\/\/pbp.womczest.edu.pl\/new\/wp-json\/wp\/v2\/types\/page"}],"author":[{"embeddable":true,"href":"https:\/\/pbp.womczest.edu.pl\/new\/wp-json\/wp\/v2\/users\/6"}],"replies":[{"embeddable":true,"href":"https:\/\/pbp.womczest.edu.pl\/new\/wp-json\/wp\/v2\/comments?post=22512"}],"version-history":[{"count":1,"href":"https:\/\/pbp.womczest.edu.pl\/new\/wp-json\/wp\/v2\/pages\/22512\/revisions"}],"predecessor-version":[{"id":22513,"href":"https:\/\/pbp.womczest.edu.pl\/new\/wp-json\/wp\/v2\/pages\/22512\/revisions\/22513"}],"wp:attachment":[{"href":"https:\/\/pbp.womczest.edu.pl\/new\/wp-json\/wp\/v2\/media?parent=22512"}],"curies":[{"name":"wp","href":"https:\/\/api.w.org\/{rel}","templated":true}]}}