


{"id":22496,"date":"2023-03-07T13:41:56","date_gmt":"2023-03-07T12:41:56","guid":{"rendered":"https:\/\/pbp.womczest.edu.pl\/new\/?page_id=22496"},"modified":"2023-03-07T13:41:56","modified_gmt":"2023-03-07T12:41:56","slug":"najaktywniej-czytajacy-trzecioklasista-2020-2021","status":"publish","type":"page","link":"https:\/\/pbp.womczest.edu.pl\/new\/najaktywniej-czytajacy-trzecioklasista-2020-2021\/","title":{"rendered":"NAJAKTYWNIEJ CZYTAJ\u0104CY TRZECIOKLASISTA 2020\/2021"},"content":{"rendered":"<p>18 czerwca 2021 r. na platformie ClickMeeting odby\u0142 si\u0119 fina\u0142 Mi\u0119dzyszkolnego konkursu czytelniczego \u201eNajaktywniej czytaj\u0105cy Trzecioklasista\u201d, zorganizowanego przez Publiczn\u0105 Bibliotek\u0119 Pedagogiczn\u0105 RODN \u201eWOM\u201d w Cz\u0119stochowie Filia w Lubli\u0144cu.<\/p>\n<p>Do\u00a0konkursowych zmaga\u0144 zg\u0142osi\u0142o si\u0119 dziesi\u0119\u0107 szk\u00f3\u0142 podstawowych z\u00a0powiatu lublinieckiego: Szko\u0142a Podstawowa nr\u00a01 im.\u00a0M. Konopnickiej w\u00a0Lubli\u0144cu, Publiczna Szko\u0142a Podstawowa im.\u00a0W.Kawy i\u00a0B.\u00a0Kawy w\u00a0Ko\u015bmidrach, Szko\u0142a Podstawowa nr\u00a04\u00a0im.\u00a074 G\u00f3rno\u015bl\u0105skiego Pu\u0142ku Piechoty w\u00a0Lubli\u0144cu, Zesp\u00f3\u0142 Szk\u00f3\u0142\u00a0im\u00a0\u015bw.\u00a0Edyty Stein w\u00a0Lubli\u0144cu, Szko\u0142a Podstawowa im.\u00a074\u00a0G\u00f3rno\u015bl\u0105skiego Pu\u0142ku Piechoty w\u00a0Sadowie, Szko\u0142a Podstawowa im.\u00a0Jana Paw\u0142a\u00a0II\u00a0w\u00a0Kosz\u0119cinie, Szko\u0142a Podstawowa im.\u00a0Juliusza Ligonia w\u00a0Strzebiniu, Szko\u0142a Podstawowa w\u00a0Wo\u017anikach \u2013 Ligota Wo\u017anicka, Szko\u0142a Podstawowa nr\u00a03\u00a0im.\u00a0Bohater\u00f3w Westerplatte w\u00a0Lubli\u0144cu, Szko\u0142a Podstawowa w\u00a0Rusinowicach.<\/p>\n<p>Celem konkursu by\u0142o rozbudzanie zainteresowa\u0144 czytelniczych w\u015br\u00f3d dzieci, kszta\u0142towanie nawyku systematycznego czytania oraz\u00a0promocja ksi\u0119gozbior\u00f3w bibliotek szkolnych. Bibliotekarze szkolni mieli za\u00a0zadanie wskaza\u0107 uczni\u00f3w trzecich klas szk\u00f3\u0142 podstawowych, kt\u00f3rzy\u00a0w\u00a0okresie od\u00a01\u00a0wrze\u015bnia\u00a02020\u00a0roku do\u00a031\u00a0maja 2021 roku przeczytali najwi\u0119cej ksi\u0105\u017cek dost\u0119pnych w\u00a0bibliotece szkolnej.<\/p>\n<p>Spo\u015br\u00f3d pi\u0119tnastu zg\u0142oszonych trzecioklasist\u00f3w najlepszymi czytelnikami okazali si\u0119:<\/p>\n<p><strong>I\u00a0MIEJSCE:<\/strong><br \/>\n<strong>Paulina Geroska<\/strong>\u00a0\u2013 Szko\u0142a Podstawowa nr\u00a01 im.\u00a0M. Konopnickiej w\u00a0Lubli\u0144cu<br \/>\n<strong>(252 ksi\u0105\u017cek)<\/strong><\/p>\n<p><strong>II\u00a0MIEJSCE:<\/strong><br \/>\n<strong>Iga Gizi\u0144ska<\/strong>\u00a0\u2013 Szko\u0142a Podstawowa nr\u00a01 im.\u00a0M. Konopnickiej w\u00a0Lubli\u0144cu<br \/>\n<strong>(136 ksi\u0105\u017cek)<\/strong><\/p>\n<p><strong>III\u00a0MIEJSCE:<\/strong><br \/>\n<strong>Mateusz Grabinski<\/strong>\u00a0\u2013 Publiczna Szko\u0142a Podstawowa im.\u00a0W. Kawy i\u00a0B.\u00a0Kawy w\u00a0Ko\u015bmidrach<br \/>\n<strong>(67 ksi\u0105\u017cek)<\/strong><\/p>\n<p>Dla wszystkich rywalizuj\u0105cych ze\u00a0sob\u0105 uczni\u00f3w przygotowano dyplomy, a\u00a0dla zwyci\u0119zc\u00f3w nagrody ksi\u0105\u017ckowe.<\/p>\n<p style=\"text-align: right;\"><em>Tekst: Olimpia Zieli\u0144ska<\/em><\/p>\n","protected":false},"excerpt":{"rendered":"<p>18 czerwca 2021 r. na platformie ClickMeeting odby\u0142 si\u0119 fina\u0142 Mi\u0119dzyszkolnego konkursu czytelniczego \u201eNajaktywniej czytaj\u0105cy Trzecioklasista\u201d, zorganizowanego przez Publiczn\u0105 Bibliotek\u0119 Pedagogiczn\u0105 RODN \u201eWOM\u201d w Cz\u0119stochowie Filia w Lubli\u0144cu. Do\u00a0konkursowych zmaga\u0144 zg\u0142osi\u0142o si\u0119 dziesi\u0119\u0107 szk\u00f3\u0142 podstawowych z\u00a0powiatu lublinieckiego: Szko\u0142a Podstawowa nr\u00a01 im.\u00a0M. Konopnickiej w\u00a0Lubli\u0144cu, Publiczna Szko\u0142a Podstawowa im.\u00a0W.Kawy i\u00a0B.\u00a0Kawy w\u00a0Ko\u015bmidrach, Szko\u0142a Podstawowa nr\u00a04\u00a0im.\u00a074 G\u00f3rno\u015bl\u0105skiego Pu\u0142ku Piechoty w\u00a0Lubli\u0144cu, Zesp\u00f3\u0142 Szk\u00f3\u0142\u00a0im\u00a0\u015bw.\u00a0Edyty Stein w\u00a0Lubli\u0144cu, Szko\u0142a Podstawowa im.\u00a074\u00a0G\u00f3rno\u015bl\u0105skiego Pu\u0142ku Piechoty w\u00a0Sadowie, Szko\u0142a Podstawowa im.\u00a0Jana Paw\u0142a\u00a0II\u00a0w\u00a0Kosz\u0119cinie,<span class=\"ellipsis\">&hellip;<\/span><\/p>\n<div class=\"read-more\"><a href=\"https:\/\/pbp.womczest.edu.pl\/new\/najaktywniej-czytajacy-trzecioklasista-2020-2021\/\">Czytaj wi\u0119cej &#8250;<\/a><\/div>\n<p><!-- end of .read-more --><\/p>\n","protected":false},"author":6,"featured_media":0,"parent":0,"menu_order":0,"comment_status":"closed","ping_status":"closed","template":"","meta":{"footnotes":""},"jetpack_sharing_enabled":true,"jetpack_shortlink":"https:\/\/wp.me\/PgmV4H-5QQ","_links":{"self":[{"href":"https:\/\/pbp.womczest.edu.pl\/new\/wp-json\/wp\/v2\/pages\/22496"}],"collection":[{"href":"https:\/\/pbp.womczest.edu.pl\/new\/wp-json\/wp\/v2\/pages"}],"about":[{"href":"https:\/\/pbp.womczest.edu.pl\/new\/wp-json\/wp\/v2\/types\/page"}],"author":[{"embeddable":true,"href":"https:\/\/pbp.womczest.edu.pl\/new\/wp-json\/wp\/v2\/users\/6"}],"replies":[{"embeddable":true,"href":"https:\/\/pbp.womczest.edu.pl\/new\/wp-json\/wp\/v2\/comments?post=22496"}],"version-history":[{"count":1,"href":"https:\/\/pbp.womczest.edu.pl\/new\/wp-json\/wp\/v2\/pages\/22496\/revisions"}],"predecessor-version":[{"id":22497,"href":"https:\/\/pbp.womczest.edu.pl\/new\/wp-json\/wp\/v2\/pages\/22496\/revisions\/22497"}],"wp:attachment":[{"href":"https:\/\/pbp.womczest.edu.pl\/new\/wp-json\/wp\/v2\/media?parent=22496"}],"curies":[{"name":"wp","href":"https:\/\/api.w.org\/{rel}","templated":true}]}}