


{"id":22259,"date":"2023-03-02T12:24:05","date_gmt":"2023-03-02T11:24:05","guid":{"rendered":"https:\/\/pbp.womczest.edu.pl\/new\/?page_id=22259"},"modified":"2023-03-02T12:24:05","modified_gmt":"2023-03-02T11:24:05","slug":"pasowanie-na-czytelnika-biblioteki","status":"publish","type":"page","link":"https:\/\/pbp.womczest.edu.pl\/new\/pasowanie-na-czytelnika-biblioteki\/","title":{"rendered":"Pasowanie na Czytelnika biblioteki"},"content":{"rendered":"<p>10 lutego 2022r. uczniowie klasy I\u00a0Zespo\u0142u Szkolno-Przedszkolnego w\u00a0Lelowie zostali przyj\u0119ci do\u00a0grona czytelnik\u00f3w biblioteki. Spotkanie mia\u0142o miejsce w\u00a0bibliotece szkolnej. Uczniowie poznali zasady wypo\u017cyczania i\u00a0zwracania ksi\u0105\u017cek, zapoznali si\u0119 z\u00a0ich pro\u015bbami, odgadywali zagadki literackie, wys\u0142uchali wiersza Jana Huszcza \u201eSkarga ksi\u0105\u017cki\u201d.<\/p>\n<p>W\u00a0obecno\u015bci Pani Dyrektor, Wychowawczyni oraz\u00a0Pracownik\u00f3w biblioteki pierwszoklasi\u015bci \u015blubowali, \u017ce\u00a0czytaj\u0105c ksi\u0105\u017cki, b\u0119d\u0105 je\u00a0szanowa\u0107 i\u00a0b\u0119d\u0105 o\u00a0nie\u00a0dba\u0107. Tym samym zostali w\u0142\u0105czeni w\u00a0poczet czytelnik\u00f3w i\u00a0przyjaci\u00f3\u0142 biblioteki. Na\u00a0pami\u0105tk\u0119 spotkania mali czytelnicy otrzymali zak\u0142adki do\u00a0ksi\u0105\u017cki, drobne upominki oraz\u00a0wsp\u00f3lny dyplom.<br \/>\nWszystkim Uczniom serdecznie gratulujemy i\u00a0\u017cyczymy ciekawych lektur.<\/p>\n<p>Pani Dyrektor, Wychowawczyni kl. I\u00a0oraz\u00a0Paniom z\u00a0biblioteki szkolnej dzi\u0119kujemy za\u00a0wsp\u00f3\u0142prac\u0119.<\/p>\n<p style=\"text-align: right;\"><em>Tekst: Dorota Kulawiak<\/em><\/p>\n","protected":false},"excerpt":{"rendered":"<p>10 lutego 2022r. uczniowie klasy I\u00a0Zespo\u0142u Szkolno-Przedszkolnego w\u00a0Lelowie zostali przyj\u0119ci do\u00a0grona czytelnik\u00f3w biblioteki. Spotkanie mia\u0142o miejsce w\u00a0bibliotece szkolnej. Uczniowie poznali zasady wypo\u017cyczania i\u00a0zwracania ksi\u0105\u017cek, zapoznali si\u0119 z\u00a0ich pro\u015bbami, odgadywali zagadki literackie, wys\u0142uchali wiersza Jana Huszcza \u201eSkarga ksi\u0105\u017cki\u201d. W\u00a0obecno\u015bci Pani Dyrektor, Wychowawczyni oraz\u00a0Pracownik\u00f3w biblioteki pierwszoklasi\u015bci \u015blubowali, \u017ce\u00a0czytaj\u0105c ksi\u0105\u017cki, b\u0119d\u0105 je\u00a0szanowa\u0107 i\u00a0b\u0119d\u0105 o\u00a0nie\u00a0dba\u0107. Tym samym zostali w\u0142\u0105czeni w\u00a0poczet czytelnik\u00f3w i\u00a0przyjaci\u00f3\u0142 biblioteki. Na\u00a0pami\u0105tk\u0119 spotkania mali czytelnicy otrzymali zak\u0142adki do\u00a0ksi\u0105\u017cki, drobne upominki oraz\u00a0wsp\u00f3lny dyplom.<span class=\"ellipsis\">&hellip;<\/span><\/p>\n<div class=\"read-more\"><a href=\"https:\/\/pbp.womczest.edu.pl\/new\/pasowanie-na-czytelnika-biblioteki\/\">Czytaj wi\u0119cej &#8250;<\/a><\/div>\n<p><!-- end of .read-more --><\/p>\n","protected":false},"author":6,"featured_media":0,"parent":0,"menu_order":0,"comment_status":"closed","ping_status":"closed","template":"","meta":{"footnotes":""},"jetpack_sharing_enabled":true,"jetpack_shortlink":"https:\/\/wp.me\/PgmV4H-5N1","_links":{"self":[{"href":"https:\/\/pbp.womczest.edu.pl\/new\/wp-json\/wp\/v2\/pages\/22259"}],"collection":[{"href":"https:\/\/pbp.womczest.edu.pl\/new\/wp-json\/wp\/v2\/pages"}],"about":[{"href":"https:\/\/pbp.womczest.edu.pl\/new\/wp-json\/wp\/v2\/types\/page"}],"author":[{"embeddable":true,"href":"https:\/\/pbp.womczest.edu.pl\/new\/wp-json\/wp\/v2\/users\/6"}],"replies":[{"embeddable":true,"href":"https:\/\/pbp.womczest.edu.pl\/new\/wp-json\/wp\/v2\/comments?post=22259"}],"version-history":[{"count":1,"href":"https:\/\/pbp.womczest.edu.pl\/new\/wp-json\/wp\/v2\/pages\/22259\/revisions"}],"predecessor-version":[{"id":22260,"href":"https:\/\/pbp.womczest.edu.pl\/new\/wp-json\/wp\/v2\/pages\/22259\/revisions\/22260"}],"wp:attachment":[{"href":"https:\/\/pbp.womczest.edu.pl\/new\/wp-json\/wp\/v2\/media?parent=22259"}],"curies":[{"name":"wp","href":"https:\/\/api.w.org\/{rel}","templated":true}]}}