


{"id":22254,"date":"2023-03-02T12:22:32","date_gmt":"2023-03-02T11:22:32","guid":{"rendered":"https:\/\/pbp.womczest.edu.pl\/new\/?page_id=22254"},"modified":"2023-03-02T12:22:32","modified_gmt":"2023-03-02T11:22:32","slug":"czytanie-wartosci-2021-2022","status":"publish","type":"page","link":"https:\/\/pbp.womczest.edu.pl\/new\/czytanie-wartosci-2021-2022\/","title":{"rendered":"Czytanie warto\u015bci 2021\/2022"},"content":{"rendered":"<p>W\u00a0ramach projektu<em><strong>\u00a0Czytanie warto\u015bci<\/strong>\u00a0<\/em>zako\u0144czyli\u015bmy \u00f3sm\u0105 edycj\u0119 spotka\u0144 z\u00a0uczniami klasy I\u00a0Zespo\u0142u Szkolno-Przedszkolnego w\u00a0Lelowie.<\/p>\n<p>Zaj\u0119cia rozpocz\u0119\u0142y si\u0119\u00a0<strong>14.09.2021 r.<\/strong>\u00a0i\u00a0trwa\u0142y do\u00a0<strong>04.02.2022 r.<\/strong>\u00a0Og\u00f3\u0142em odby\u0142o si\u0119 17 spotka\u0144, kt\u00f3rych\u00a0celem by\u0142o skierowanie uwagi dzieci na\u00a0ponadczasowy przekaz warto\u015bci zawartych w\u00a0bajkach, ba\u015bniach, opowiadaniach. Tematyka czytanych pozycji dotyczy\u0142a pi\u0119ciu obszar\u00f3w : rodziny \u2013 emocji, uczciwo\u015bci, odpowiedzialno\u015bci \u2013 dobra\u2013 z\u0142a, szacunku, odwagi \u2013 sprawiedliwo\u015bci. Czytanie o\u00a0ka\u017cdej z\u00a0warto\u015bci poprzedzone by\u0142o jej om\u00f3wieniem i\u00a0zach\u0119caniem do\u00a0w\u0142a\u015bciwego post\u0119powania.<\/p>\n<p>Uczniowie ch\u0119tnie uczestniczyli w\u00a0organizowanych zaj\u0119ciach. Zdobywali wiedz\u0119 na\u00a0temat systemu warto\u015bci w\u00a0przekonaniu, \u017ce\u00a0warto w\u00a0\u017cyciu post\u0119powa\u0107 zgodnie z\u00a0zasadami, niezale\u017cnie od\u00a0sytuacji. Potrafili oceni\u0107 zachowanie i\u00a0post\u0119powanie ksi\u0105\u017ckowych bohater\u00f3w oraz\u00a0por\u00f3wna\u0107 je\u00a0do\u00a0r\u00f3\u017cnych, znanych sobie przyk\u0142ad\u00f3w, nawet w\u00a0tak\u00a0trudnym dla wszystkich okresie, jakim jest pandemia \u2013 COVID 19. W\u00a0projekcie wykorzystano m.in.\u00a0pozycje ksi\u0105\u017ckowe zakupione ze\u00a0\u015brodk\u00f3w Narodowego Programu Rozwoju Czytelnictwa.<\/p>\n<p>W rol\u0119 lektor\u00f3w wcielili si\u0119 nauczyciele bibliotekarze PBP RODN \u201eWOM\u201d w Cz\u0119stochowie Filia w Lelowie. Pani Wychowawczyni klasy I\u00a0serdecznie dzi\u0119kujemy za\u00a0wsp\u00f3\u0142prac\u0119.<\/p>\n<p style=\"text-align: right;\"><em>Tekst i zdj\u0119cia: Dorota Kulawiak<\/em><\/p>\n","protected":false},"excerpt":{"rendered":"<p>W\u00a0ramach projektu\u00a0Czytanie warto\u015bci\u00a0zako\u0144czyli\u015bmy \u00f3sm\u0105 edycj\u0119 spotka\u0144 z\u00a0uczniami klasy I\u00a0Zespo\u0142u Szkolno-Przedszkolnego w\u00a0Lelowie. Zaj\u0119cia rozpocz\u0119\u0142y si\u0119\u00a014.09.2021 r.\u00a0i\u00a0trwa\u0142y do\u00a004.02.2022 r.\u00a0Og\u00f3\u0142em odby\u0142o si\u0119 17 spotka\u0144, kt\u00f3rych\u00a0celem by\u0142o skierowanie uwagi dzieci na\u00a0ponadczasowy przekaz warto\u015bci zawartych w\u00a0bajkach, ba\u015bniach, opowiadaniach. Tematyka czytanych pozycji dotyczy\u0142a pi\u0119ciu obszar\u00f3w : rodziny \u2013 emocji, uczciwo\u015bci, odpowiedzialno\u015bci \u2013 dobra\u2013 z\u0142a, szacunku, odwagi \u2013 sprawiedliwo\u015bci. Czytanie o\u00a0ka\u017cdej z\u00a0warto\u015bci poprzedzone by\u0142o jej om\u00f3wieniem i\u00a0zach\u0119caniem do\u00a0w\u0142a\u015bciwego post\u0119powania. Uczniowie ch\u0119tnie uczestniczyli w\u00a0organizowanych zaj\u0119ciach. Zdobywali wiedz\u0119 na\u00a0temat<span class=\"ellipsis\">&hellip;<\/span><\/p>\n<div class=\"read-more\"><a href=\"https:\/\/pbp.womczest.edu.pl\/new\/czytanie-wartosci-2021-2022\/\">Czytaj wi\u0119cej &#8250;<\/a><\/div>\n<p><!-- end of .read-more --><\/p>\n","protected":false},"author":6,"featured_media":0,"parent":0,"menu_order":0,"comment_status":"closed","ping_status":"closed","template":"","meta":{"footnotes":""},"jetpack_sharing_enabled":true,"jetpack_shortlink":"https:\/\/wp.me\/PgmV4H-5MW","_links":{"self":[{"href":"https:\/\/pbp.womczest.edu.pl\/new\/wp-json\/wp\/v2\/pages\/22254"}],"collection":[{"href":"https:\/\/pbp.womczest.edu.pl\/new\/wp-json\/wp\/v2\/pages"}],"about":[{"href":"https:\/\/pbp.womczest.edu.pl\/new\/wp-json\/wp\/v2\/types\/page"}],"author":[{"embeddable":true,"href":"https:\/\/pbp.womczest.edu.pl\/new\/wp-json\/wp\/v2\/users\/6"}],"replies":[{"embeddable":true,"href":"https:\/\/pbp.womczest.edu.pl\/new\/wp-json\/wp\/v2\/comments?post=22254"}],"version-history":[{"count":1,"href":"https:\/\/pbp.womczest.edu.pl\/new\/wp-json\/wp\/v2\/pages\/22254\/revisions"}],"predecessor-version":[{"id":22255,"href":"https:\/\/pbp.womczest.edu.pl\/new\/wp-json\/wp\/v2\/pages\/22254\/revisions\/22255"}],"wp:attachment":[{"href":"https:\/\/pbp.womczest.edu.pl\/new\/wp-json\/wp\/v2\/media?parent=22254"}],"curies":[{"name":"wp","href":"https:\/\/api.w.org\/{rel}","templated":true}]}}