


{"id":22185,"date":"2023-03-01T14:20:12","date_gmt":"2023-03-01T13:20:12","guid":{"rendered":"https:\/\/pbp.womczest.edu.pl\/new\/?page_id=22185"},"modified":"2023-03-01T14:20:12","modified_gmt":"2023-03-01T13:20:12","slug":"pasowanie-na-czytelnika-biblioteki-2021","status":"publish","type":"page","link":"https:\/\/pbp.womczest.edu.pl\/new\/pasowanie-na-czytelnika-biblioteki-2021\/","title":{"rendered":"Pasowanie na czytelnika biblioteki 2021"},"content":{"rendered":"<p><img decoding=\"async\" src=\"https:\/\/pbp.womczest.edu.pl\/new\/wp-content\/uploads\/2021\/02\/IMG_4218-150x150.jpg\" \/><\/p>\n<p>25 lutego 2021 r.\u00a0uczniowie klasy I Zespo\u0142u Szkolno-Przedszkolnego w Lelowie zostali przyj\u0119ci do grona czytelnik\u00f3w biblioteki. Spotkanie odby\u0142o si\u0119 w bibliotece szkolnej. Uczniowie poznali zasady wypo\u017cyczania i zwracania ksi\u0105\u017cek i wys\u0142uchali wiersza o ksi\u0105\u017cce. Rozmawiali o sposobach obchodzenia si\u0119 z ksi\u0105\u017ckami oraz\u00a0obejrzeli wystawk\u0119 ksi\u0105\u017cek zniszczonych.<\/p>\n<p>W obecno\u015bci Pani Dyrektor i Wychowawczyni pierwszoklasi\u015bci \u015blubowali, \u017ce czytaj\u0105c ksi\u0105\u017cki, b\u0119d\u0105 je szanowa\u0107 i dba\u0107 o nie. Tym samym zostali w\u0142\u0105czeni w poczet czytelnik\u00f3w i przyjaci\u00f3\u0142 biblioteki. Na pami\u0105tk\u0119 tej chwili mali czytelnicy otrzymali zak\u0142adki do ksi\u0105\u017cki, drobne upominki oraz\u00a0wsp\u00f3lny dyplom.<\/p>\n<p>Wszystkim uczniom serdecznie gratulujemy i\u00a0\u017cyczymy ciekawych lektur.<\/p>\n<p>Pani Dyrektor, Wychowawczyni kl. I oraz Pani z biblioteki szkolnej dzi\u0119kujemy za wsp\u00f3\u0142prac\u0119.<\/p>\n<p style=\"text-align: right;\"><em>Tekst i zdj\u0119cia: Dorota Kulawiak<\/em><\/p>\n","protected":false},"excerpt":{"rendered":"<p>25 lutego 2021 r.\u00a0uczniowie klasy I Zespo\u0142u Szkolno-Przedszkolnego w Lelowie zostali przyj\u0119ci do grona czytelnik\u00f3w biblioteki. Spotkanie odby\u0142o si\u0119 w bibliotece szkolnej. Uczniowie poznali zasady wypo\u017cyczania i zwracania ksi\u0105\u017cek i wys\u0142uchali wiersza o ksi\u0105\u017cce. Rozmawiali o sposobach obchodzenia si\u0119 z ksi\u0105\u017ckami oraz\u00a0obejrzeli wystawk\u0119 ksi\u0105\u017cek zniszczonych. W obecno\u015bci Pani Dyrektor i Wychowawczyni pierwszoklasi\u015bci \u015blubowali, \u017ce czytaj\u0105c ksi\u0105\u017cki, b\u0119d\u0105 je szanowa\u0107 i dba\u0107 o nie. Tym samym zostali w\u0142\u0105czeni w poczet czytelnik\u00f3w<span class=\"ellipsis\">&hellip;<\/span><\/p>\n<div class=\"read-more\"><a href=\"https:\/\/pbp.womczest.edu.pl\/new\/pasowanie-na-czytelnika-biblioteki-2021\/\">Czytaj wi\u0119cej &#8250;<\/a><\/div>\n<p><!-- end of .read-more --><\/p>\n","protected":false},"author":6,"featured_media":0,"parent":0,"menu_order":0,"comment_status":"closed","ping_status":"closed","template":"","meta":{"footnotes":""},"jetpack_sharing_enabled":true,"jetpack_shortlink":"https:\/\/wp.me\/PgmV4H-5LP","_links":{"self":[{"href":"https:\/\/pbp.womczest.edu.pl\/new\/wp-json\/wp\/v2\/pages\/22185"}],"collection":[{"href":"https:\/\/pbp.womczest.edu.pl\/new\/wp-json\/wp\/v2\/pages"}],"about":[{"href":"https:\/\/pbp.womczest.edu.pl\/new\/wp-json\/wp\/v2\/types\/page"}],"author":[{"embeddable":true,"href":"https:\/\/pbp.womczest.edu.pl\/new\/wp-json\/wp\/v2\/users\/6"}],"replies":[{"embeddable":true,"href":"https:\/\/pbp.womczest.edu.pl\/new\/wp-json\/wp\/v2\/comments?post=22185"}],"version-history":[{"count":1,"href":"https:\/\/pbp.womczest.edu.pl\/new\/wp-json\/wp\/v2\/pages\/22185\/revisions"}],"predecessor-version":[{"id":22186,"href":"https:\/\/pbp.womczest.edu.pl\/new\/wp-json\/wp\/v2\/pages\/22185\/revisions\/22186"}],"wp:attachment":[{"href":"https:\/\/pbp.womczest.edu.pl\/new\/wp-json\/wp\/v2\/media?parent=22185"}],"curies":[{"name":"wp","href":"https:\/\/api.w.org\/{rel}","templated":true}]}}