


{"id":22173,"date":"2023-03-01T14:10:26","date_gmt":"2023-03-01T13:10:26","guid":{"rendered":"https:\/\/pbp.womczest.edu.pl\/new\/?page_id=22173"},"modified":"2023-03-02T09:22:52","modified_gmt":"2023-03-02T08:22:52","slug":"czytanie-wartosci-2019-2020","status":"publish","type":"page","link":"https:\/\/pbp.womczest.edu.pl\/new\/czytanie-wartosci-2019-2020\/","title":{"rendered":"Czytanie warto\u015bci &#8211; 2019\/2020"},"content":{"rendered":"<p>W\u00a0ramach projektu\u00a0<strong>Czytanie warto\u015bci<\/strong>\u00a0zako\u0144czyli\u015bmy sz\u00f3st\u0105 edycj\u0119 spotka\u0144 z\u00a0uczniami klasy I\u00a0Zespo\u0142u Szkolno Przedszkolnego w\u00a0Lelowie.<\/p>\n<p>Spotkania odbywa\u0142y si\u0119 raz w\u00a0tygodniu\u00a0od\u00a007.10.2019 r.\u00a0do\u00a017.02.2020 r.\u00a0Odby\u0142o si\u0119 16 spotka\u0144, kt\u00f3rych\u00a0celem by\u0142o skierowanie uwagi dzieci na\u00a0ponad czasowy przekaz warto\u015bci zawartych w\u00a0ba\u015bniach, bajkach, opowiadaniach. Tematyka czytanych pozycji zosta\u0142a podzielona na\u00a0pi\u0119\u0107 obszar\u00f3w: szacunek, uczciwo\u015b\u0107, empatia, rodzina, dobre maniery. Czytanie ka\u017cdej warto\u015bci poprzedzone by\u0142o jej om\u00f3wieniem i\u00a0zach\u0119caniem do\u00a0w\u0142a\u015bciwego post\u0119powania.<\/p>\n<p>Po ka\u017cdorazowym czytaniu, dzieci ocenia\u0142y zachowanie i post\u0119powanie ksi\u0105\u017ckowych bohater\u00f3w oraz\u00a0por\u00f3wnywa\u0142y je do r\u00f3\u017cnych, znanych sobie sytuacji. Ch\u0119tnie uczestniczy\u0142y w organizowanych zaj\u0119ciach, zdobywa\u0142y wiedz\u0119 na temat systemu warto\u015bci w przekonaniu, \u017ce warto w \u017cyciu post\u0119powa\u0107 zgodnie z zasadami. Czytane teksty rozwija\u0142y wyobra\u017ani\u0119 i fantazj\u0119 dzieci, wzbudza\u0142y emocje i empati\u0119.<\/p>\n<p>Na\u00a0zako\u0144czenie, w\u00a0ramach ewaluacji, dzieci tworzy\u0142y\u00a0<strong><em>Drzewo warto\u015bci<\/em><\/strong>, na\u00a0kt\u00f3rym\u00a0umieszcza\u0142y wszystkie zapami\u0119tane pozytywne cechy charakteru, za\u015b cechy negatywne lokowa\u0142y w\u00a0s\u0142oiczku, kt\u00f3ry\u00a0zamkn\u0119\u0142y i\u00a0umie\u015bci\u0142y pod\u00a0drzewem jako nie\u00a0warte na\u015bladowania. Dzieci wykaza\u0142y zachowania zgodne z\u00a0obowi\u0105zuj\u0105cymi normami post\u0119powania. Wykonana praca pozosta\u0142a w\u00a0klasie.<\/p>\n<p><strong>W\u00a0projekcie wykorzystano pozycje ksi\u0105\u017ckowe zakupione ze\u00a0\u015brodk\u00f3w Narodowego Programu Rozwoju Czytelnictwa.<\/strong><\/p>\n<p>W\u00a0rol\u0119 lektor\u00f3w wcielili si\u0119 nauczyciele bibliotekarze PBP RODN \u201eWOM\u201d w\u00a0Cz\u0119stochowie Filia w\u00a0Lelowie.<\/p>\n<p style=\"text-align: right;\"><em>Tekst: Jadwiga G\u00f3recka<\/em><br \/>\n<em>Zdj\u0119cia : Dorota Kulawiak<\/p>\n<p><\/em><\/p>\n<style id=\"bwg-style-0\">    #bwg_container1_0 #bwg_container2_0 .bwg-container-0.bwg-standard-thumbnails {      width: 904px;              justify-content: center;        margin:0 auto !important;              background-color: rgba(255, 255, 255, 0.00);            padding-left: 4px;      padding-top: 4px;      max-width: 100%;            }        #bwg_container1_0 #bwg_container2_0 .bwg-container-0.bwg-standard-thumbnails .bwg-item {    justify-content: flex-start;      max-width: 180px;            width: 180px !important;          }    #bwg_container1_0 #bwg_container2_0 .bwg-container-0.bwg-standard-thumbnails .bwg-item a {       margin-right: 4px;       margin-bottom: 4px;    }    #bwg_container1_0 #bwg_container2_0 .bwg-container-0.bwg-standard-thumbnails .bwg-item0 {      padding: 0px;            background-color:rgba(255,255,255, 0.30);      border: 0px none #CCCCCC;      opacity: 1.00;      border-radius: 0;      box-shadow: 0px 0px 0px #888888;    }    #bwg_container1_0 #bwg_container2_0 .bwg-container-0.bwg-standard-thumbnails .bwg-item1 img {      max-height: none;      max-width: none;      padding: 0 !important;    }        @media only screen and (min-width: 480px) {      #bwg_container1_0 #bwg_container2_0 .bwg-container-0.bwg-standard-thumbnails .bwg-item0 {        transition: all 0.3s ease 0s;-webkit-transition: all 0.3s ease 0s;      }      #bwg_container1_0 #bwg_container2_0 .bwg-container-0.bwg-standard-thumbnails .bwg-item0:hover {        -ms-transform: scale(1.1);        -webkit-transform: scale(1.1);        transform: scale(1.1);      }    }          #bwg_container1_0 #bwg_container2_0 .bwg-container-0.bwg-standard-thumbnails .bwg-item1 {      padding-top: 50%;    }        #bwg_container1_0 #bwg_container2_0 .bwg-container-0.bwg-standard-thumbnails .bwg-title2,    #bwg_container1_0 #bwg_container2_0 .bwg-container-0.bwg-standard-thumbnails .bwg-ecommerce2 {      color: #CCCCCC;      font-family: segoe ui;      font-size: 16px;      font-weight: bold;      padding: 2px;      text-shadow: 0px 0px 0px #888888;      max-height: 100%;    }    #bwg_container1_0 #bwg_container2_0 .bwg-container-0.bwg-standard-thumbnails .bwg-thumb-description span {    color: #323A45;    font-family: Ubuntu;    font-size: 12px;    max-height: 100%;    word-wrap: break-word;    }    #bwg_container1_0 #bwg_container2_0 .bwg-container-0.bwg-standard-thumbnails .bwg-play-icon2 {      font-size: 32px;    }    #bwg_container1_0 #bwg_container2_0 .bwg-container-0.bwg-standard-thumbnails .bwg-ecommerce2 {      font-size: 19.2px;      color: #CCCCCC;    }    <\/style>    <div id=\"bwg_container1_0\"         class=\"bwg_container bwg_thumbnail bwg_thumbnails \"         data-right-click-protection=\"0\"         data-bwg=\"0\"         data-scroll=\"0\"         data-gallery-type=\"thumbnails\"         data-gallery-view-type=\"thumbnails\"         data-current-url=\"\/new\/wp-json\/wp\/v2\/pages\/22173\"         data-lightbox-url=\"https:\/\/pbp.womczest.edu.pl\/new\/wp-admin\/admin-ajax.php?action=GalleryBox&#038;current_view=0&#038;gallery_id=428&#038;tag=0&#038;theme_id=1&#038;shortcode_id=1038&#038;sort_by=order&#038;order_by=asc&#038;current_url=%2Fnew%2Fwp-json%2Fwp%2Fv2%2Fpages%2F22173\"         data-gallery-id=\"428\"         data-popup-width=\"800\"         data-popup-height=\"500\"         data-is-album=\"gallery\"         data-buttons-position=\"bottom\">      <div id=\"bwg_container2_0\">             <div id=\"ajax_loading_0\" class=\"bwg_loading_div_1\">      <div class=\"bwg_loading_div_2\">        <div class=\"bwg_loading_div_3\">          <div id=\"loading_div_0\" class=\"bwg_spider_ajax_loading\">          <\/div>        <\/div>      <\/div>    <\/div>            <form id=\"gal_front_form_0\"              class=\"bwg-hidden\"              method=\"post\"              action=\"#\"              data-current=\"0\"              data-shortcode-id=\"1038\"              data-gallery-type=\"thumbnails\"              data-gallery-id=\"428\"              data-tag=\"0\"              data-album-id=\"0\"              data-theme-id=\"1\"              data-ajax-url=\"https:\/\/pbp.womczest.edu.pl\/new\/wp-admin\/admin-ajax.php?action=bwg_frontend_data\">          <div id=\"bwg_container3_0\" class=\"bwg-background bwg-background-0\">                <div data-max-count=\"5\"         data-thumbnail-width=\"180\"         data-bwg=\"0\"         data-gallery-id=\"428\"         data-lightbox-url=\"https:\/\/pbp.womczest.edu.pl\/new\/wp-admin\/admin-ajax.php?action=GalleryBox&amp;current_view=0&amp;gallery_id=428&amp;tag=0&amp;theme_id=1&amp;shortcode_id=1038&amp;sort_by=order&amp;order_by=asc&amp;current_url=%2Fnew%2Fwp-json%2Fwp%2Fv2%2Fpages%2F22173\"         id=\"bwg_thumbnails_0\"         class=\"bwg-container-0 bwg-thumbnails bwg-standard-thumbnails bwg-container bwg-border-box\">            <div class=\"bwg-item\">        <a class=\"bwg-a  bwg_lightbox\"  data-image-id=\"7021\" href=\"https:\/\/pbp.womczest.edu.pl\/new\/wp-content\/uploads\/photo-gallery\/2020_02_czyt_wartosci_lelow\/415.jpg?bwg=1677745344\" data-elementor-open-lightbox=\"no\">                <div class=\"bwg-item0 \">          <div class=\"bwg-item1 \">            <div class=\"bwg-item2\">              <img class=\"skip-lazy bwg_standart_thumb_img_0 \"                   data-id=\"7021\"                   data-width=\"300.00\"                   data-height=\"236.00\"                   data-src=\"https:\/\/pbp.womczest.edu.pl\/new\/wp-content\/uploads\/photo-gallery\/2020_02_czyt_wartosci_lelow\/thumb\/415.jpg?bwg=1677745344\"                   src=\"https:\/\/pbp.womczest.edu.pl\/new\/wp-content\/uploads\/photo-gallery\/2020_02_czyt_wartosci_lelow\/thumb\/415.jpg?bwg=1677745344\"                   alt=\"415\"                   title=\"415\" \/>            <\/div>            <div class=\"\">                                                      <\/div>          <\/div>        <\/div>                        <\/a>              <\/div>            <div class=\"bwg-item\">        <a class=\"bwg-a  bwg_lightbox\"  data-image-id=\"7022\" href=\"https:\/\/pbp.womczest.edu.pl\/new\/wp-content\/uploads\/photo-gallery\/2020_02_czyt_wartosci_lelow\/414.jpg?bwg=1677745344\" data-elementor-open-lightbox=\"no\">                <div class=\"bwg-item0 \">          <div class=\"bwg-item1 \">            <div class=\"bwg-item2\">              <img class=\"skip-lazy bwg_standart_thumb_img_0 \"                   data-id=\"7022\"                   data-width=\"300.00\"                   data-height=\"226.00\"                   data-src=\"https:\/\/pbp.womczest.edu.pl\/new\/wp-content\/uploads\/photo-gallery\/2020_02_czyt_wartosci_lelow\/thumb\/414.jpg?bwg=1677745344\"                   src=\"https:\/\/pbp.womczest.edu.pl\/new\/wp-content\/uploads\/photo-gallery\/2020_02_czyt_wartosci_lelow\/thumb\/414.jpg?bwg=1677745344\"                   alt=\"414\"                   title=\"414\" \/>            <\/div>            <div class=\"\">                                                      <\/div>          <\/div>        <\/div>                        <\/a>              <\/div>            <div class=\"bwg-item\">        <a class=\"bwg-a  bwg_lightbox\"  data-image-id=\"7023\" href=\"https:\/\/pbp.womczest.edu.pl\/new\/wp-content\/uploads\/photo-gallery\/2020_02_czyt_wartosci_lelow\/423.jpg?bwg=1677745344\" data-elementor-open-lightbox=\"no\">                <div class=\"bwg-item0 \">          <div class=\"bwg-item1 \">            <div class=\"bwg-item2\">              <img class=\"skip-lazy bwg_standart_thumb_img_0 \"                   data-id=\"7023\"                   data-width=\"300.00\"                   data-height=\"215.00\"                   data-src=\"https:\/\/pbp.womczest.edu.pl\/new\/wp-content\/uploads\/photo-gallery\/2020_02_czyt_wartosci_lelow\/thumb\/423.jpg?bwg=1677745344\"                   src=\"https:\/\/pbp.womczest.edu.pl\/new\/wp-content\/uploads\/photo-gallery\/2020_02_czyt_wartosci_lelow\/thumb\/423.jpg?bwg=1677745344\"                   alt=\"423\"                   title=\"423\" \/>            <\/div>            <div class=\"\">                                                      <\/div>          <\/div>        <\/div>                        <\/a>              <\/div>            <div class=\"bwg-item\">        <a class=\"bwg-a  bwg_lightbox\"  data-image-id=\"7024\" href=\"https:\/\/pbp.womczest.edu.pl\/new\/wp-content\/uploads\/photo-gallery\/2020_02_czyt_wartosci_lelow\/426.jpg?bwg=1677745344\" data-elementor-open-lightbox=\"no\">                <div class=\"bwg-item0 \">          <div class=\"bwg-item1 \">            <div class=\"bwg-item2\">              <img class=\"skip-lazy bwg_standart_thumb_img_0 \"                   data-id=\"7024\"                   data-width=\"300.00\"                   data-height=\"213.00\"                   data-src=\"https:\/\/pbp.womczest.edu.pl\/new\/wp-content\/uploads\/photo-gallery\/2020_02_czyt_wartosci_lelow\/thumb\/426.jpg?bwg=1677745344\"                   src=\"https:\/\/pbp.womczest.edu.pl\/new\/wp-content\/uploads\/photo-gallery\/2020_02_czyt_wartosci_lelow\/thumb\/426.jpg?bwg=1677745344\"                   alt=\"426\"                   title=\"426\" \/>            <\/div>            <div class=\"\">                                                      <\/div>          <\/div>        <\/div>                        <\/a>              <\/div>            <div class=\"bwg-item\">        <a class=\"bwg-a  bwg_lightbox\"  data-image-id=\"7025\" href=\"https:\/\/pbp.womczest.edu.pl\/new\/wp-content\/uploads\/photo-gallery\/2020_02_czyt_wartosci_lelow\/410.jpg?bwg=1677745344\" data-elementor-open-lightbox=\"no\">                <div class=\"bwg-item0 \">          <div class=\"bwg-item1 \">            <div class=\"bwg-item2\">              <img class=\"skip-lazy bwg_standart_thumb_img_0 \"                   data-id=\"7025\"                   data-width=\"225.00\"                   data-height=\"300.00\"                   data-src=\"https:\/\/pbp.womczest.edu.pl\/new\/wp-content\/uploads\/photo-gallery\/2020_02_czyt_wartosci_lelow\/thumb\/410.jpg?bwg=1677745344\"                   src=\"https:\/\/pbp.womczest.edu.pl\/new\/wp-content\/uploads\/photo-gallery\/2020_02_czyt_wartosci_lelow\/thumb\/410.jpg?bwg=1677745344\"                   alt=\"??????????\"                   title=\"??????????\" \/>            <\/div>            <div class=\"\">                                                      <\/div>          <\/div>        <\/div>                        <\/a>              <\/div>          <\/div>    <style>      \/*pagination styles*\/      #bwg_container1_0 #bwg_container2_0 .tablenav-pages_0 {\t\t\t\ttext-align: center;\t\t\t\tfont-size: 12px;\t\t\t\tfont-family: segoe ui;\t\t\t\tfont-weight: bold;\t\t\t\tcolor: #666666;\t\t\t\tmargin: 6px 0 4px;\t\t\t\tdisplay: block;      }      @media only screen and (max-width : 320px) {      #bwg_container1_0 #bwg_container2_0 .displaying-num_0 {     \t display: none;      }      }      #bwg_container1_0 #bwg_container2_0 .displaying-num_0 {\t\t\t\tfont-size: 12px;\t\t\t\tfont-family: segoe ui;\t\t\t\tfont-weight: bold;\t\t\t\tcolor: #666666;\t\t\t\tmargin-right: 10px;\t\t\t\tvertical-align: middle;      }      #bwg_container1_0 #bwg_container2_0 .paging-input_0 {\t\t\t\tfont-size: 12px;\t\t\t\tfont-family: segoe ui;\t\t\t\tfont-weight: bold;\t\t\t\tcolor: #666666;\t\t\t\tvertical-align: middle;      }      #bwg_container1_0 #bwg_container2_0 .tablenav-pages_0 a.disabled,      #bwg_container1_0 #bwg_container2_0 .tablenav-pages_0 a.disabled:hover,      #bwg_container1_0 #bwg_container2_0 .tablenav-pages_0 a.disabled:focus,\t\t\t#bwg_container1_0 #bwg_container2_0 .tablenav-pages_0 input.bwg_current_page {\t\t\t\tcursor: default;\t\t\t\tcolor: rgba(102, 102, 102, 0.5);      }      #bwg_container1_0 #bwg_container2_0 .tablenav-pages_0 a,      #bwg_container1_0 #bwg_container2_0 .tablenav-pages_0 input.bwg_current_page {\t\t\t\tcursor: pointer;\t\t\t\ttext-align: center;\t\t\t\tfont-size: 12px;\t\t\t\tfont-family: segoe ui;\t\t\t\tfont-weight: bold;\t\t\t\tcolor: #666666;\t\t\t\ttext-decoration: none;\t\t\t\tpadding: 3px 6px;\t\t\t\tmargin: 0;\t\t\t\tborder-radius: 0;\t\t\t\tborder-style: solid;\t\t\t\tborder-width: 1px;\t\t\t\tborder-color: #E3E3E3;\t\t\t\t\t\t\t\tbackground-color: rgba(255, 255, 255, 1.00);\t\t\t\tbox-shadow: 0;\t\t\t\ttransition: all 0.3s ease 0s;-webkit-transition: all 0.3s ease 0s;      }      <\/style>      <span class=\"bwg_nav_cont_0\">              <div class=\"tablenav-pages_0\">                  <\/div>                <input type=\"hidden\" id=\"page_number_0\" name=\"page_number_0\" value=\"1\" \/>      <script type=\"text\/javascript\">        if( jQuery('.bwg_nav_cont_0').length > 1 ) {          jQuery('.bwg_nav_cont_0').first().remove()        }        function spider_page_0(cur, x, y, load_more) {          if (typeof load_more == \"undefined\") {            var load_more = false;          }          if (jQuery(cur).hasClass('disabled')) {            return false;          }          var items_county_0 = 1;          switch (y) {            case 1:              if (x >= items_county_0) {                document.getElementById('page_number_0').value = items_county_0;              }              else {                document.getElementById('page_number_0').value = x + 1;              }              break;            case 2:              document.getElementById('page_number_0').value = items_county_0;              break;            case -1:              if (x == 1) {                document.getElementById('page_number_0').value = 1;              }              else {                document.getElementById('page_number_0').value = x - 1;              }              break;            case -2:              document.getElementById('page_number_0').value = 1;              break;\t\t\t\t\t\tcase 0:              document.getElementById('page_number_0').value = x;              break;            default:              document.getElementById('page_number_0').value = 1;          }          bwg_ajax('gal_front_form_0', '0', 'bwg_thumbnails_0', '0', '', 'gallery', 0, '', '', load_more, '', 1);        }                    jQuery('.first-page-0').on('click', function () {              spider_page_0(this, 1, -2, 'numeric');              return false;            });            jQuery('.prev-page-0').on('click', function () {              spider_page_0(this, 1, -1, 'numeric');              return false;            });            jQuery('.next-page-0').on('click', function () {              spider_page_0(this, 1, 1, 'numeric');              return false;            });            jQuery('.last-page-0').on('click', function () {              spider_page_0(this, 1, 2, 'numeric');              return false;            });        \t\t\t\t\/* Change page on input enter. *\/        function bwg_change_page_0( e, that ) {          if (  e.key == 'Enter' ) {            var to_page = parseInt(jQuery(that).val());            var pages_count = jQuery(that).parents(\".pagination-links\").data(\"pages-count\");            var current_url_param = jQuery(that).attr('data-url-info');            if (to_page > pages_count) {              to_page = 1;            }\t \t\t\t\t\t\t\t\t\t\t\t\tspider_page_0(this, to_page, 0, 'numeric');\t\t\t\t\t\t\treturn false;\t\t\t\t\t\t          }          return true;        }        jQuery('.bwg_load_btn_0').on('click', function () {            spider_page_0(this, 1, 1, true);            return false;        });      <\/script>      <\/span>                <\/div>        <\/form>        <style>          #bwg_container1_0 #bwg_container2_0 #spider_popup_overlay_0 {          background-color: #000000;          opacity: 0.70;          }          <\/style>        <div id=\"bwg_spider_popup_loading_0\" class=\"bwg_spider_popup_loading\"><\/div>        <div id=\"spider_popup_overlay_0\" class=\"spider_popup_overlay\" onclick=\"spider_destroypopup(1000)\"><\/div>        <input type=\"hidden\" id=\"bwg_random_seed_0\" value=\"910296202\">                <\/div>    <\/div>    <script>      if (document.readyState === 'complete') {        if( typeof bwg_main_ready == 'function' ) {          if ( jQuery(\"#bwg_container1_0\").height() ) {            bwg_main_ready(jQuery(\"#bwg_container1_0\"));          }        }      } else {        document.addEventListener('DOMContentLoaded', function() {          if( typeof bwg_main_ready == 'function' ) {            if ( jQuery(\"#bwg_container1_0\").height() ) {             bwg_main_ready(jQuery(\"#bwg_container1_0\"));            }          }        });      }    <\/script>    \n","protected":false},"excerpt":{"rendered":"<p>W\u00a0ramach projektu\u00a0Czytanie warto\u015bci\u00a0zako\u0144czyli\u015bmy sz\u00f3st\u0105 edycj\u0119 spotka\u0144 z\u00a0uczniami klasy I\u00a0Zespo\u0142u Szkolno Przedszkolnego w\u00a0Lelowie. Spotkania odbywa\u0142y si\u0119 raz w\u00a0tygodniu\u00a0od\u00a007.10.2019 r.\u00a0do\u00a017.02.2020 r.\u00a0Odby\u0142o si\u0119 16 spotka\u0144, kt\u00f3rych\u00a0celem by\u0142o skierowanie uwagi dzieci na\u00a0ponad czasowy przekaz warto\u015bci zawartych w\u00a0ba\u015bniach, bajkach, opowiadaniach. Tematyka czytanych pozycji zosta\u0142a podzielona na\u00a0pi\u0119\u0107 obszar\u00f3w: szacunek, uczciwo\u015b\u0107, empatia, rodzina, dobre maniery. Czytanie ka\u017cdej warto\u015bci poprzedzone by\u0142o jej om\u00f3wieniem i\u00a0zach\u0119caniem do\u00a0w\u0142a\u015bciwego post\u0119powania. Po ka\u017cdorazowym czytaniu, dzieci ocenia\u0142y zachowanie i post\u0119powanie ksi\u0105\u017ckowych bohater\u00f3w oraz\u00a0por\u00f3wnywa\u0142y je<span class=\"ellipsis\">&hellip;<\/span><\/p>\n<div class=\"read-more\"><a href=\"https:\/\/pbp.womczest.edu.pl\/new\/czytanie-wartosci-2019-2020\/\">Czytaj wi\u0119cej &#8250;<\/a><\/div>\n<p><!-- end of .read-more --><\/p>\n","protected":false},"author":6,"featured_media":0,"parent":0,"menu_order":0,"comment_status":"closed","ping_status":"closed","template":"","meta":{"footnotes":""},"jetpack_sharing_enabled":true,"jetpack_shortlink":"https:\/\/wp.me\/PgmV4H-5LD","_links":{"self":[{"href":"https:\/\/pbp.womczest.edu.pl\/new\/wp-json\/wp\/v2\/pages\/22173"}],"collection":[{"href":"https:\/\/pbp.womczest.edu.pl\/new\/wp-json\/wp\/v2\/pages"}],"about":[{"href":"https:\/\/pbp.womczest.edu.pl\/new\/wp-json\/wp\/v2\/types\/page"}],"author":[{"embeddable":true,"href":"https:\/\/pbp.womczest.edu.pl\/new\/wp-json\/wp\/v2\/users\/6"}],"replies":[{"embeddable":true,"href":"https:\/\/pbp.womczest.edu.pl\/new\/wp-json\/wp\/v2\/comments?post=22173"}],"version-history":[{"count":4,"href":"https:\/\/pbp.womczest.edu.pl\/new\/wp-json\/wp\/v2\/pages\/22173\/revisions"}],"predecessor-version":[{"id":22217,"href":"https:\/\/pbp.womczest.edu.pl\/new\/wp-json\/wp\/v2\/pages\/22173\/revisions\/22217"}],"wp:attachment":[{"href":"https:\/\/pbp.womczest.edu.pl\/new\/wp-json\/wp\/v2\/media?parent=22173"}],"curies":[{"name":"wp","href":"https:\/\/api.w.org\/{rel}","templated":true}]}}