


{"id":22108,"date":"2023-02-28T14:02:15","date_gmt":"2023-02-28T13:02:15","guid":{"rendered":"https:\/\/pbp.womczest.edu.pl\/new\/?page_id=22108"},"modified":"2023-02-28T14:02:31","modified_gmt":"2023-02-28T13:02:31","slug":"miedzyszkolny-mol-biblioteczny-2021-2022","status":"publish","type":"page","link":"https:\/\/pbp.womczest.edu.pl\/new\/miedzyszkolny-mol-biblioteczny-2021-2022\/","title":{"rendered":"Mi\u0119dzyszkolny M\u00f3l Biblioteczny 2021\/2022"},"content":{"rendered":"<p>21 czerwca 2022 r. w naszej bibliotece odby\u0142o si\u0119 podsumowanie VI edycji mi\u0119dzyszkolnego konkursu czytelniczego\u00a0<em>W\u00a0ka\u017cdej szkole s\u0105\u00a0ksi\u0105\u017ckowe mole<\/em>, kt\u00f3rego\u00a0organizatorem by\u0142a Publiczna Biblioteka Pedagogiczna RODN \u201eWOM\u201d w\u00a0Cz\u0119stochowie Filia w\u00a0Lelowie.<\/p>\n<p>Konkurs skierowany by\u0142 do\u00a0wszystkich uczni\u00f3w Szk\u00f3\u0142 Podstawowych z\u00a0terenu Gminy Lel\u00f3w i\u00a0trwa\u0142 od\u00a01 wrze\u015bnia 2021 r. do\u00a031 maja 2022 r.<\/p>\n<p>Celem konkursu by\u0142o promowanie czytelnictwa w\u015br\u00f3d dzieci i\u00a0m\u0142odzie\u017cy a\u00a0tak\u017ce wy\u0142onienie uczni\u00f3w, kt\u00f3rzy\u00a0najaktywniej korzystali z\u00a0zasob\u00f3w swojej biblioteki szkolnej w\u00a0roku szkolnym 2021\/2022 i\u00a0zostali Szkolnymi Molami Bibliotecznymi.<\/p>\n<p>O\u00a0tytu\u0142 Mi\u0119dzyszkolnego Mola Bibliotecznego 2021\/2022 rywalizowali uczniowie ze\u00a0Szko\u0142y Podstawowej Zespo\u0142u Szkolno-Przedszkolnego w\u00a0Lelowie, Szko\u0142y Podstawowej w\u00a0Podlesiu i\u00a0Szko\u0142y Podstawowej w\u00a0\u015al\u0119zanach.<\/p>\n<p><strong>Tytu\u0142 i statuetk\u0119 <\/strong><strong>Mi\u0119dzyszkolnego Mola Bibliotecznego 2021\/2022<\/strong><br \/>\notrzyma\u0142a:<br \/>\n<strong>Agnieszka Rz\u0105dkowska<\/strong>\u00a0\u2013 uczennica kl. IV Szko\u0142y Podstawowej w\u00a0Podlesiu<\/p>\n<p>II miejsce zaj\u0105\u0142:<br \/>\n<strong>Szymon Milczarek<\/strong>\u00a0\u2013 ucze\u0144 kl. IV Zespo\u0142u Szkolno -Przedszkolnego w\u00a0Lelowie<\/p>\n<p>III miejsce zaj\u0119\u0142a:<br \/>\n<strong>\u0141ucja \u0141apaj<\/strong>\u00a0\u2013 uczennica kl. VIII Szko\u0142y Podstawowej w\u00a0\u015al\u0119zanach<br \/>\nWszyscy laureaci otrzymali dyplomy oraz\u00a0ksi\u0105\u017cki.<\/p>\n<p style=\"text-align: right;\"><em>Tekst i zdj\u0119cia: Dorota Kulawiak<\/em><\/p>\n","protected":false},"excerpt":{"rendered":"<p>21 czerwca 2022 r. w naszej bibliotece odby\u0142o si\u0119 podsumowanie VI edycji mi\u0119dzyszkolnego konkursu czytelniczego\u00a0W\u00a0ka\u017cdej szkole s\u0105\u00a0ksi\u0105\u017ckowe mole, kt\u00f3rego\u00a0organizatorem by\u0142a Publiczna Biblioteka Pedagogiczna RODN \u201eWOM\u201d w\u00a0Cz\u0119stochowie Filia w\u00a0Lelowie. Konkurs skierowany by\u0142 do\u00a0wszystkich uczni\u00f3w Szk\u00f3\u0142 Podstawowych z\u00a0terenu Gminy Lel\u00f3w i\u00a0trwa\u0142 od\u00a01 wrze\u015bnia 2021 r. do\u00a031 maja 2022 r. Celem konkursu by\u0142o promowanie czytelnictwa w\u015br\u00f3d dzieci i\u00a0m\u0142odzie\u017cy a\u00a0tak\u017ce wy\u0142onienie uczni\u00f3w, kt\u00f3rzy\u00a0najaktywniej korzystali z\u00a0zasob\u00f3w swojej biblioteki szkolnej w\u00a0roku szkolnym 2021\/2022 i\u00a0zostali Szkolnymi Molami<span class=\"ellipsis\">&hellip;<\/span><\/p>\n<div class=\"read-more\"><a href=\"https:\/\/pbp.womczest.edu.pl\/new\/miedzyszkolny-mol-biblioteczny-2021-2022\/\">Czytaj wi\u0119cej &#8250;<\/a><\/div>\n<p><!-- end of .read-more --><\/p>\n","protected":false},"author":6,"featured_media":0,"parent":0,"menu_order":0,"comment_status":"closed","ping_status":"closed","template":"","meta":{"footnotes":""},"jetpack_sharing_enabled":true,"jetpack_shortlink":"https:\/\/wp.me\/PgmV4H-5KA","_links":{"self":[{"href":"https:\/\/pbp.womczest.edu.pl\/new\/wp-json\/wp\/v2\/pages\/22108"}],"collection":[{"href":"https:\/\/pbp.womczest.edu.pl\/new\/wp-json\/wp\/v2\/pages"}],"about":[{"href":"https:\/\/pbp.womczest.edu.pl\/new\/wp-json\/wp\/v2\/types\/page"}],"author":[{"embeddable":true,"href":"https:\/\/pbp.womczest.edu.pl\/new\/wp-json\/wp\/v2\/users\/6"}],"replies":[{"embeddable":true,"href":"https:\/\/pbp.womczest.edu.pl\/new\/wp-json\/wp\/v2\/comments?post=22108"}],"version-history":[{"count":3,"href":"https:\/\/pbp.womczest.edu.pl\/new\/wp-json\/wp\/v2\/pages\/22108\/revisions"}],"predecessor-version":[{"id":22111,"href":"https:\/\/pbp.womczest.edu.pl\/new\/wp-json\/wp\/v2\/pages\/22108\/revisions\/22111"}],"wp:attachment":[{"href":"https:\/\/pbp.womczest.edu.pl\/new\/wp-json\/wp\/v2\/media?parent=22108"}],"curies":[{"name":"wp","href":"https:\/\/api.w.org\/{rel}","templated":true}]}}