


{"id":22104,"date":"2023-02-28T14:00:25","date_gmt":"2023-02-28T13:00:25","guid":{"rendered":"https:\/\/pbp.womczest.edu.pl\/new\/?page_id=22104"},"modified":"2023-02-28T14:00:25","modified_gmt":"2023-02-28T13:00:25","slug":"miedzygminny-mistrz-i-wicemistrz-ortografii-2022","status":"publish","type":"page","link":"https:\/\/pbp.womczest.edu.pl\/new\/miedzygminny-mistrz-i-wicemistrz-ortografii-2022\/","title":{"rendered":"Mi\u0119dzygminny Mistrz i Wicemistrz Ortografii 2022"},"content":{"rendered":"<p>14 czerwca 2022 roku w Szkole Podstawowej Zespo\u0142u Szkolno-Przedszkolnego w Lelowie odby\u0142a si\u0119 VIII edycja konkursu ortograficznego o tytu\u0142 Mi\u0119dzygminnego Mistrza i Wicemistrza Ortografii 2022. Konkurs skierowany by\u0142 dla uczni\u00f3w klas VI \u2013 VIII szk\u00f3\u0142 podstawowych z terenu Gminy Lel\u00f3w i gmin o\u015bciennych.<\/p>\n<p>Organizatorami konkursu byli: Publiczna Biblioteka Pedagogiczna RODN \u201eWOM\u201d w Cz\u0119stochowie Filia w Lelowie i Szko\u0142a Podstawowa Zespo\u0142u Szkolno-Przedszkolnego w Lelowie.<\/p>\n<p><strong>Patronat nad\u00a0konkursem obj\u0105\u0142 W\u00f3jt Gminy Lel\u00f3w Pan Krzysztof Molenda.<\/strong><\/p>\n<p>W\u00a0konkursie uczestniczy\u0142o 20 klasowych Mistrz\u00f3w ortografii ze\u00a0szk\u00f3\u0142: Szko\u0142y Podstawowej Zespo\u0142u Szkolno-Przedszkolnego w\u00a0Lelowie, Szko\u0142y Podstawowej w\u00a0\u015al\u0119zanach, Szko\u0142y Podstawowej w\u00a0Podlesiu, Szko\u0142y Podstawowej im.\u00a0Jana Ledwocha w\u00a0Irz\u0105dzach, Szko\u0142y Podstawowej w\u00a0Niegowie, Szko\u0142y Podstawowej nr\u00a02 im.\u00a0J\u00f3zefa Pi\u0142sudskiego w\u00a0Koniecpolu.<\/p>\n<p>Uczniowie po napisaniu dyktanda udali si\u0119 do Izby Tradycji Ziemi Lelowskiej przy Gminnej Bibliotece Publicznej w Lelowie. Obejrzeli znajduj\u0105ce si\u0119 tam eksponaty zwi\u0105zane z wielowiekow\u0105 tradycj\u0105 oraz lokaln\u0105 kultur\u0105. W wi\u0119kszo\u015bci przedmioty te mo\u017cna \u0142\u0105czy\u0107 z kultur\u0105 ludow\u0105 i z \u017cyciem polskiej wsi. Zapoznali si\u0119 z unikaln\u0105, drug\u0105 w Polsce, dioram\u0105 o tematyce \u017cydowskiej, autorstwa Romana Wo\u017aniaka, malarza i rze\u017abiarza z Krakowa. Diorama prezentuje najwa\u017cniejsze zwyczaje oraz \u015bwi\u0119ta \u017cydowskie. Ka\u017cda z sytuacji prezentowana jest za pomoc\u0105 niewielkiej, modelarskiej scenki obrotowej, wype\u0142nionej dziesi\u0105tkami figurek wkomponowanych w charakterystyczn\u0105 scenografi\u0119. Uzupe\u0142nieniem scenek jest g\u0142os lektora i \u017cydowska muzyka.<\/p>\n<p>Komisja po\u00a0sprawdzeniu prac przyzna\u0142a tytu\u0142:<\/p>\n<p><strong>Mi\u0119dzygminnego Mistrza Ortografii 2022<\/strong><\/p>\n<p><strong>Ma\u0142gorzacie Ra\u017aniak<\/strong>\u00a0\u2013 uczennicy klasy VIII a<br \/>\nSzko\u0142y Podstawowej Zespo\u0142u Szkolno-Przedszkolnego w\u00a0Lelowie<\/p>\n<p>Mi\u0119dzygminnego Wicemistrza Ortografii 2022<br \/>\n<strong>Aleksandrowi Kowalikowi<\/strong>\u00a0\u2013 uczniowi klasy VII a<br \/>\nSzko\u0142y Podstawowej Zespo\u0142u Szkolno-Przedszkolnego w\u00a0Lelowie<\/p>\n<p>Wyr\u00f3\u017cnienie otrzyma\u0142a<br \/>\n<strong>Karolina Zagzi\u0142<\/strong>\u00a0\u2013 uczennica klasy VII a<br \/>\nSzko\u0142y Podstawowej nr\u00a02 im.\u00a0J\u00f3zefa Pi\u0142sudskiego w\u00a0Koniecpolu<\/p>\n<p>Wr\u0119czenia nagr\u00f3d dokonali W\u00f3jt Gminy Lel\u00f3w oraz Dyrektor Zespo\u0142u Szkolno-Przedszkolnego w Lelowie.<\/p>\n<p style=\"text-align: right;\"><em>Tekst i zdj\u0119cia: Dorota Kulawiak<\/em><\/p>\n","protected":false},"excerpt":{"rendered":"<p>14 czerwca 2022 roku w Szkole Podstawowej Zespo\u0142u Szkolno-Przedszkolnego w Lelowie odby\u0142a si\u0119 VIII edycja konkursu ortograficznego o tytu\u0142 Mi\u0119dzygminnego Mistrza i Wicemistrza Ortografii 2022. Konkurs skierowany by\u0142 dla uczni\u00f3w klas VI \u2013 VIII szk\u00f3\u0142 podstawowych z terenu Gminy Lel\u00f3w i gmin o\u015bciennych. Organizatorami konkursu byli: Publiczna Biblioteka Pedagogiczna RODN \u201eWOM\u201d w Cz\u0119stochowie Filia w Lelowie i Szko\u0142a Podstawowa Zespo\u0142u Szkolno-Przedszkolnego w Lelowie. Patronat nad\u00a0konkursem obj\u0105\u0142 W\u00f3jt Gminy Lel\u00f3w Pan<span class=\"ellipsis\">&hellip;<\/span><\/p>\n<div class=\"read-more\"><a href=\"https:\/\/pbp.womczest.edu.pl\/new\/miedzygminny-mistrz-i-wicemistrz-ortografii-2022\/\">Czytaj wi\u0119cej &#8250;<\/a><\/div>\n<p><!-- end of .read-more --><\/p>\n","protected":false},"author":6,"featured_media":0,"parent":0,"menu_order":0,"comment_status":"closed","ping_status":"closed","template":"","meta":{"footnotes":""},"jetpack_sharing_enabled":true,"jetpack_shortlink":"https:\/\/wp.me\/PgmV4H-5Kw","_links":{"self":[{"href":"https:\/\/pbp.womczest.edu.pl\/new\/wp-json\/wp\/v2\/pages\/22104"}],"collection":[{"href":"https:\/\/pbp.womczest.edu.pl\/new\/wp-json\/wp\/v2\/pages"}],"about":[{"href":"https:\/\/pbp.womczest.edu.pl\/new\/wp-json\/wp\/v2\/types\/page"}],"author":[{"embeddable":true,"href":"https:\/\/pbp.womczest.edu.pl\/new\/wp-json\/wp\/v2\/users\/6"}],"replies":[{"embeddable":true,"href":"https:\/\/pbp.womczest.edu.pl\/new\/wp-json\/wp\/v2\/comments?post=22104"}],"version-history":[{"count":1,"href":"https:\/\/pbp.womczest.edu.pl\/new\/wp-json\/wp\/v2\/pages\/22104\/revisions"}],"predecessor-version":[{"id":22105,"href":"https:\/\/pbp.womczest.edu.pl\/new\/wp-json\/wp\/v2\/pages\/22104\/revisions\/22105"}],"wp:attachment":[{"href":"https:\/\/pbp.womczest.edu.pl\/new\/wp-json\/wp\/v2\/media?parent=22104"}],"curies":[{"name":"wp","href":"https:\/\/api.w.org\/{rel}","templated":true}]}}