


{"id":22096,"date":"2023-02-28T13:52:55","date_gmt":"2023-02-28T12:52:55","guid":{"rendered":"https:\/\/pbp.womczest.edu.pl\/new\/?page_id=22096"},"modified":"2023-03-01T12:24:12","modified_gmt":"2023-03-01T11:24:12","slug":"goralskie-cytanie","status":"publish","type":"page","link":"https:\/\/pbp.womczest.edu.pl\/new\/goralskie-cytanie\/","title":{"rendered":"\u201eG\u00f3ralskie Cytanie\u201d"},"content":{"rendered":"<p>Dnia 2 i\u00a03 grudnia 2021 r. odby\u0142o si\u0119 podsumowanie\u00a0 mi\u0119dzyszkolnego konkursu\u00a0<strong>\u201eG\u00f3ralskie Cytanie\u201d Gwarowych Tekst\u00f3w Literatury Regionalnej Cieszyna<\/strong>\u00a0na\u00a0naj\u0142adniej przeczytany tekst.<\/p>\n<p>Konkurs przeznaczony by\u0142 dla uczni\u00f3w szk\u00f3\u0142 podstawowych \u00a0z terenu Gminy Lel\u00f3w oraz gmin o\u015bciennych. Zorganizowany zosta\u0142 przez Publiczn\u0105 Bibliotek\u0119 Pedagogiczn\u0105 RODN \u201eWOM\u201d w Cz\u0119stochowie Filia w Lelowie\u00a0 w zwi\u0105zku z og\u0142oszeniem w wojew\u00f3dztwie \u015bl\u0105skim roku 2021 Rokiem G\u00f3rali. Konkurs obejmowa\u0142 dwie kategorie wiekowe: klasy II \u2013 IV i klasy V \u2013 VIII,\u00a0 polega\u0142 na wybraniu zgodnie ze swoj\u0105 kategori\u0105 wiekow\u0105, jednego z proponowanych Gwarowych Tekst\u00f3w Literatury Regionalnej Cieszyna i nagraniu uczestnika czytaj\u0105cego tekst.<strong>\u00a0\u00a0\u00a0\u00a0\u00a0\u00a0\u00a0\u00a0\u00a0\u00a0\u00a0\u00a0\u00a0\u00a0\u00a0\u00a0\u00a0\u00a0\u00a0\u00a0\u00a0\u00a0\u00a0\u00a0\u00a0\u00a0\u00a0\u00a0\u00a0\u00a0\u00a0\u00a0\u00a0\u00a0\u00a0\u00a0\u00a0\u00a0\u00a0\u00a0\u00a0\u00a0\u00a0\u00a0\u00a0\u00a0\u00a0\u00a0\u00a0\u00a0\u00a0\u00a0\u00a0<\/strong><\/p>\n<p>Og\u00f3\u0142em do konkursu przyst\u0105pi\u0142o 15 uczni\u00f3w ze szk\u00f3\u0142: Zesp\u00f3\u0142 Szkolno-Przedszkolny w Lelowie, Szko\u0142a Podstawowa w \u015al\u0119zanach i Szko\u0142a Podstawowa im. \u015bw. Stanis\u0142awa Kostki w Lgoczance.<\/p>\n<p><strong>Komisja konkursowa dokona\u0142a oceny i\u00a0przyzna\u0142a nast\u0119puj\u0105ce miejsca:<\/strong><\/p>\n<p><strong>kategoria klasy II\u00a0\u2013 IV<\/strong><\/p>\n<p><strong>I\u00a0miejsce<\/strong>\u00a0\u2013 Szymon Milczarek kl. IV Zesp\u00f3\u0142 Szkolno-Przedszklolny \u00a0w Lelowie,<\/p>\n<p>Aleksandra Jakubowska kl. IV Zesp\u00f3\u0142 Szkolno-Przedszklolny w\u00a0Lelowie<\/p>\n<p><strong>II\u00a0miejsce<\/strong>\u00a0\u2013 Paulina J\u0119druszek kl. IV \u00a0Zesp\u00f3\u0142 Szkolno-Przedszklolny w\u00a0Lelowie<\/p>\n<p><strong>III\u00a0miejsce<\/strong>\u00a0\u2013 Lena Lamch kl. IV \u00a0Zesp\u00f3\u0142 Szkolno-Przedszklolny w\u00a0Lelowie,<\/p>\n<p>Julia \u015apiewak kl. IV \u00a0Zesp\u00f3\u0142 Szkolno-Przedszklolny \u00a0w Lelowie<\/p>\n<p><strong>Kategoria klasy V\u00a0\u2013 VIII<\/strong><\/p>\n<p><strong>I\u00a0miejsce\u00a0<\/strong>\u2013 Natalia Dors kl. VIII Szko\u0142a Podstawowa w\u00a0\u015al\u0119zanach<\/p>\n<p><strong>II\u00a0miejsce\u00a0<\/strong>\u2013 Wiktoria \u0141apaj kl. VIII Szko\u0142a Podstawowa w\u00a0\u015al\u0119zanach<\/p>\n<p><strong>III\u00a0miejsce\u00a0<\/strong>\u2013 Marika Magiera kl. VII Szko\u0142a Podstawowa im.\u00a0\u015bw.\u00a0Stanis\u0142awa Kostki w\u00a0Lgoczance.<\/p>\n<p>Wszyscy uczestnicy konkursu otrzymali pami\u0105tkowe dyplomy, a\u00a0zwyci\u0119zcy dodatkowo nagrody ksi\u0105\u017ckowe. Podsumowanie konkursu oraz\u00a0wr\u0119czenie nagr\u00f3d odby\u0142o si\u0119 oddzielnie w\u00a0ka\u017cdej ze\u00a0szk\u00f3\u0142.<\/p>\n<p style=\"text-align: right;\"><em>Tekst i zdj\u0119cia: Dorota Kulawiak<br \/>\n<style id=\"bwg-style-0\">    #bwg_container1_0 #bwg_container2_0 .bwg-container-0.bwg-standard-thumbnails {      width: 904px;              justify-content: center;        margin:0 auto !important;              background-color: rgba(255, 255, 255, 0.00);            padding-left: 4px;      padding-top: 4px;      max-width: 100%;            }        #bwg_container1_0 #bwg_container2_0 .bwg-container-0.bwg-standard-thumbnails .bwg-item {    justify-content: flex-start;      max-width: 180px;            width: 180px !important;          }    #bwg_container1_0 #bwg_container2_0 .bwg-container-0.bwg-standard-thumbnails .bwg-item a {       margin-right: 4px;       margin-bottom: 4px;    }    #bwg_container1_0 #bwg_container2_0 .bwg-container-0.bwg-standard-thumbnails .bwg-item0 {      padding: 0px;            background-color:rgba(255,255,255, 0.30);      border: 0px none #CCCCCC;      opacity: 1.00;      border-radius: 0;      box-shadow: 0px 0px 0px #888888;    }    #bwg_container1_0 #bwg_container2_0 .bwg-container-0.bwg-standard-thumbnails .bwg-item1 img {      max-height: none;      max-width: none;      padding: 0 !important;    }        @media only screen and (min-width: 480px) {      #bwg_container1_0 #bwg_container2_0 .bwg-container-0.bwg-standard-thumbnails .bwg-item0 {        transition: all 0.3s ease 0s;-webkit-transition: all 0.3s ease 0s;      }      #bwg_container1_0 #bwg_container2_0 .bwg-container-0.bwg-standard-thumbnails .bwg-item0:hover {        -ms-transform: scale(1.1);        -webkit-transform: scale(1.1);        transform: scale(1.1);      }    }          #bwg_container1_0 #bwg_container2_0 .bwg-container-0.bwg-standard-thumbnails .bwg-item1 {      padding-top: 50%;    }        #bwg_container1_0 #bwg_container2_0 .bwg-container-0.bwg-standard-thumbnails .bwg-title2,    #bwg_container1_0 #bwg_container2_0 .bwg-container-0.bwg-standard-thumbnails .bwg-ecommerce2 {      color: #CCCCCC;      font-family: segoe ui;      font-size: 16px;      font-weight: bold;      padding: 2px;      text-shadow: 0px 0px 0px #888888;      max-height: 100%;    }    #bwg_container1_0 #bwg_container2_0 .bwg-container-0.bwg-standard-thumbnails .bwg-thumb-description span {    color: #323A45;    font-family: Ubuntu;    font-size: 12px;    max-height: 100%;    word-wrap: break-word;    }    #bwg_container1_0 #bwg_container2_0 .bwg-container-0.bwg-standard-thumbnails .bwg-play-icon2 {      font-size: 32px;    }    #bwg_container1_0 #bwg_container2_0 .bwg-container-0.bwg-standard-thumbnails .bwg-ecommerce2 {      font-size: 19.2px;      color: #CCCCCC;    }    <\/style>    <div id=\"bwg_container1_0\"         class=\"bwg_container bwg_thumbnail bwg_thumbnails \"         data-right-click-protection=\"0\"         data-bwg=\"0\"         data-scroll=\"0\"         data-gallery-type=\"thumbnails\"         data-gallery-view-type=\"thumbnails\"         data-current-url=\"\/new\/wp-json\/wp\/v2\/pages\/22096\"         data-lightbox-url=\"https:\/\/pbp.womczest.edu.pl\/new\/wp-admin\/admin-ajax.php?action=GalleryBox&#038;current_view=0&#038;gallery_id=359&#038;tag=0&#038;theme_id=1&#038;shortcode_id=1022&#038;sort_by=order&#038;order_by=asc&#038;current_url=%2Fnew%2Fwp-json%2Fwp%2Fv2%2Fpages%2F22096\"         data-gallery-id=\"359\"         data-popup-width=\"800\"         data-popup-height=\"500\"         data-is-album=\"gallery\"         data-buttons-position=\"bottom\">      <div id=\"bwg_container2_0\">             <div id=\"ajax_loading_0\" class=\"bwg_loading_div_1\">      <div class=\"bwg_loading_div_2\">        <div class=\"bwg_loading_div_3\">          <div id=\"loading_div_0\" class=\"bwg_spider_ajax_loading\">          <\/div>        <\/div>      <\/div>    <\/div>            <form id=\"gal_front_form_0\"              class=\"bwg-hidden\"              method=\"post\"              action=\"#\"              data-current=\"0\"              data-shortcode-id=\"1022\"              data-gallery-type=\"thumbnails\"              data-gallery-id=\"359\"              data-tag=\"0\"              data-album-id=\"0\"              data-theme-id=\"1\"              data-ajax-url=\"https:\/\/pbp.womczest.edu.pl\/new\/wp-admin\/admin-ajax.php?action=bwg_frontend_data\">          <div id=\"bwg_container3_0\" class=\"bwg-background bwg-background-0\">                <div data-max-count=\"5\"         data-thumbnail-width=\"180\"         data-bwg=\"0\"         data-gallery-id=\"359\"         data-lightbox-url=\"https:\/\/pbp.womczest.edu.pl\/new\/wp-admin\/admin-ajax.php?action=GalleryBox&amp;current_view=0&amp;gallery_id=359&amp;tag=0&amp;theme_id=1&amp;shortcode_id=1022&amp;sort_by=order&amp;order_by=asc&amp;current_url=%2Fnew%2Fwp-json%2Fwp%2Fv2%2Fpages%2F22096\"         id=\"bwg_thumbnails_0\"         class=\"bwg-container-0 bwg-thumbnails bwg-standard-thumbnails bwg-container bwg-border-box\">            <div class=\"bwg-item\">        <a class=\"bwg-a  bwg_lightbox\"  data-image-id=\"5884\" href=\"https:\/\/pbp.womczest.edu.pl\/new\/wp-content\/uploads\/photo-gallery\/2021_12_2_3_goralskie_cytanie_lelow\/IMG_0552.jpg?bwg=1640079400\" data-elementor-open-lightbox=\"no\">                <div class=\"bwg-item0 \">          <div class=\"bwg-item1 \">            <div class=\"bwg-item2\">              <img class=\"skip-lazy bwg_standart_thumb_img_0 \"                   data-id=\"5884\"                   data-width=\"400\"                   data-height=\"421\"                   data-src=\"https:\/\/pbp.womczest.edu.pl\/new\/wp-content\/uploads\/photo-gallery\/2021_12_2_3_goralskie_cytanie_lelow\/thumb\/IMG_0552.jpg?bwg=1640079400\"                   src=\"https:\/\/pbp.womczest.edu.pl\/new\/wp-content\/uploads\/photo-gallery\/2021_12_2_3_goralskie_cytanie_lelow\/thumb\/IMG_0552.jpg?bwg=1640079400\"                   alt=\"IMG 0552\"                   title=\"IMG 0552\" \/>            <\/div>            <div class=\"\">                                                      <\/div>          <\/div>        <\/div>                        <\/a>              <\/div>            <div class=\"bwg-item\">        <a class=\"bwg-a  bwg_lightbox\"  data-image-id=\"5883\" href=\"https:\/\/pbp.womczest.edu.pl\/new\/wp-content\/uploads\/photo-gallery\/2021_12_2_3_goralskie_cytanie_lelow\/IMG_0537.jpg?bwg=1640079400\" data-elementor-open-lightbox=\"no\">                <div class=\"bwg-item0 \">          <div class=\"bwg-item1 \">            <div class=\"bwg-item2\">              <img class=\"skip-lazy bwg_standart_thumb_img_0 \"                   data-id=\"5883\"                   data-width=\"641\"                   data-height=\"400\"                   data-src=\"https:\/\/pbp.womczest.edu.pl\/new\/wp-content\/uploads\/photo-gallery\/2021_12_2_3_goralskie_cytanie_lelow\/thumb\/IMG_0537.jpg?bwg=1640079400\"                   src=\"https:\/\/pbp.womczest.edu.pl\/new\/wp-content\/uploads\/photo-gallery\/2021_12_2_3_goralskie_cytanie_lelow\/thumb\/IMG_0537.jpg?bwg=1640079400\"                   alt=\"IMG 0537\"                   title=\"IMG 0537\" \/>            <\/div>            <div class=\"\">                                                      <\/div>          <\/div>        <\/div>                        <\/a>              <\/div>            <div class=\"bwg-item\">        <a class=\"bwg-a  bwg_lightbox\"  data-image-id=\"5882\" href=\"https:\/\/pbp.womczest.edu.pl\/new\/wp-content\/uploads\/photo-gallery\/2021_12_2_3_goralskie_cytanie_lelow\/IMG_0548.jpg?bwg=1640079400\" data-elementor-open-lightbox=\"no\">                <div class=\"bwg-item0 \">          <div class=\"bwg-item1 \">            <div class=\"bwg-item2\">              <img class=\"skip-lazy bwg_standart_thumb_img_0 \"                   data-id=\"5882\"                   data-width=\"400\"                   data-height=\"581\"                   data-src=\"https:\/\/pbp.womczest.edu.pl\/new\/wp-content\/uploads\/photo-gallery\/2021_12_2_3_goralskie_cytanie_lelow\/thumb\/IMG_0548.jpg?bwg=1640079400\"                   src=\"https:\/\/pbp.womczest.edu.pl\/new\/wp-content\/uploads\/photo-gallery\/2021_12_2_3_goralskie_cytanie_lelow\/thumb\/IMG_0548.jpg?bwg=1640079400\"                   alt=\"IMG 0548\"                   title=\"IMG 0548\" \/>            <\/div>            <div class=\"\">                                                      <\/div>          <\/div>        <\/div>                        <\/a>              <\/div>            <div class=\"bwg-item\">        <a class=\"bwg-a  bwg_lightbox\"  data-image-id=\"5881\" href=\"https:\/\/pbp.womczest.edu.pl\/new\/wp-content\/uploads\/photo-gallery\/2021_12_2_3_goralskie_cytanie_lelow\/IMG_0535.jpg?bwg=1640079400\" data-elementor-open-lightbox=\"no\">                <div class=\"bwg-item0 \">          <div class=\"bwg-item1 \">            <div class=\"bwg-item2\">              <img class=\"skip-lazy bwg_standart_thumb_img_0 \"                   data-id=\"5881\"                   data-width=\"628\"                   data-height=\"400\"                   data-src=\"https:\/\/pbp.womczest.edu.pl\/new\/wp-content\/uploads\/photo-gallery\/2021_12_2_3_goralskie_cytanie_lelow\/thumb\/IMG_0535.jpg?bwg=1640079400\"                   src=\"https:\/\/pbp.womczest.edu.pl\/new\/wp-content\/uploads\/photo-gallery\/2021_12_2_3_goralskie_cytanie_lelow\/thumb\/IMG_0535.jpg?bwg=1640079400\"                   alt=\"IMG 0535\"                   title=\"IMG 0535\" \/>            <\/div>            <div class=\"\">                                                      <\/div>          <\/div>        <\/div>                        <\/a>              <\/div>            <div class=\"bwg-item\">        <a class=\"bwg-a  bwg_lightbox\"  data-image-id=\"5880\" href=\"https:\/\/pbp.womczest.edu.pl\/new\/wp-content\/uploads\/photo-gallery\/2021_12_2_3_goralskie_cytanie_lelow\/IMG_0547.jpg?bwg=1640079400\" data-elementor-open-lightbox=\"no\">                <div class=\"bwg-item0 \">          <div class=\"bwg-item1 \">            <div class=\"bwg-item2\">              <img class=\"skip-lazy bwg_standart_thumb_img_0 \"                   data-id=\"5880\"                   data-width=\"400\"                   data-height=\"602\"                   data-src=\"https:\/\/pbp.womczest.edu.pl\/new\/wp-content\/uploads\/photo-gallery\/2021_12_2_3_goralskie_cytanie_lelow\/thumb\/IMG_0547.jpg?bwg=1640079400\"                   src=\"https:\/\/pbp.womczest.edu.pl\/new\/wp-content\/uploads\/photo-gallery\/2021_12_2_3_goralskie_cytanie_lelow\/thumb\/IMG_0547.jpg?bwg=1640079400\"                   alt=\"IMG 0547\"                   title=\"IMG 0547\" \/>            <\/div>            <div class=\"\">                                                      <\/div>          <\/div>        <\/div>                        <\/a>              <\/div>            <div class=\"bwg-item\">        <a class=\"bwg-a  bwg_lightbox\"  data-image-id=\"5879\" href=\"https:\/\/pbp.womczest.edu.pl\/new\/wp-content\/uploads\/photo-gallery\/2021_12_2_3_goralskie_cytanie_lelow\/IMG_0546.jpg?bwg=1640079400\" data-elementor-open-lightbox=\"no\">                <div class=\"bwg-item0 \">          <div class=\"bwg-item1 \">            <div class=\"bwg-item2\">              <img class=\"skip-lazy bwg_standart_thumb_img_0 \"                   data-id=\"5879\"                   data-width=\"512\"                   data-height=\"400\"                   data-src=\"https:\/\/pbp.womczest.edu.pl\/new\/wp-content\/uploads\/photo-gallery\/2021_12_2_3_goralskie_cytanie_lelow\/thumb\/IMG_0546.jpg?bwg=1640079400\"                   src=\"https:\/\/pbp.womczest.edu.pl\/new\/wp-content\/uploads\/photo-gallery\/2021_12_2_3_goralskie_cytanie_lelow\/thumb\/IMG_0546.jpg?bwg=1640079400\"                   alt=\"IMG 0546\"                   title=\"IMG 0546\" \/>            <\/div>            <div class=\"\">                                                      <\/div>          <\/div>        <\/div>                        <\/a>              <\/div>          <\/div>    <style>      \/*pagination styles*\/      #bwg_container1_0 #bwg_container2_0 .tablenav-pages_0 {\t\t\t\ttext-align: center;\t\t\t\tfont-size: 12px;\t\t\t\tfont-family: segoe ui;\t\t\t\tfont-weight: bold;\t\t\t\tcolor: #666666;\t\t\t\tmargin: 6px 0 4px;\t\t\t\tdisplay: block;      }      @media only screen and (max-width : 320px) {      #bwg_container1_0 #bwg_container2_0 .displaying-num_0 {     \t display: none;      }      }      #bwg_container1_0 #bwg_container2_0 .displaying-num_0 {\t\t\t\tfont-size: 12px;\t\t\t\tfont-family: segoe ui;\t\t\t\tfont-weight: bold;\t\t\t\tcolor: #666666;\t\t\t\tmargin-right: 10px;\t\t\t\tvertical-align: middle;      }      #bwg_container1_0 #bwg_container2_0 .paging-input_0 {\t\t\t\tfont-size: 12px;\t\t\t\tfont-family: segoe ui;\t\t\t\tfont-weight: bold;\t\t\t\tcolor: #666666;\t\t\t\tvertical-align: middle;      }      #bwg_container1_0 #bwg_container2_0 .tablenav-pages_0 a.disabled,      #bwg_container1_0 #bwg_container2_0 .tablenav-pages_0 a.disabled:hover,      #bwg_container1_0 #bwg_container2_0 .tablenav-pages_0 a.disabled:focus,\t\t\t#bwg_container1_0 #bwg_container2_0 .tablenav-pages_0 input.bwg_current_page {\t\t\t\tcursor: default;\t\t\t\tcolor: rgba(102, 102, 102, 0.5);      }      #bwg_container1_0 #bwg_container2_0 .tablenav-pages_0 a,      #bwg_container1_0 #bwg_container2_0 .tablenav-pages_0 input.bwg_current_page {\t\t\t\tcursor: pointer;\t\t\t\ttext-align: center;\t\t\t\tfont-size: 12px;\t\t\t\tfont-family: segoe ui;\t\t\t\tfont-weight: bold;\t\t\t\tcolor: #666666;\t\t\t\ttext-decoration: none;\t\t\t\tpadding: 3px 6px;\t\t\t\tmargin: 0;\t\t\t\tborder-radius: 0;\t\t\t\tborder-style: solid;\t\t\t\tborder-width: 1px;\t\t\t\tborder-color: #E3E3E3;\t\t\t\t\t\t\t\tbackground-color: rgba(255, 255, 255, 1.00);\t\t\t\tbox-shadow: 0;\t\t\t\ttransition: all 0.3s ease 0s;-webkit-transition: all 0.3s ease 0s;      }      <\/style>      <span class=\"bwg_nav_cont_0\">              <div class=\"tablenav-pages_0\">                  <\/div>                <input type=\"hidden\" id=\"page_number_0\" name=\"page_number_0\" value=\"1\" \/>      <script type=\"text\/javascript\">        if( jQuery('.bwg_nav_cont_0').length > 1 ) {          jQuery('.bwg_nav_cont_0').first().remove()        }        function spider_page_0(cur, x, y, load_more) {          if (typeof load_more == \"undefined\") {            var load_more = false;          }          if (jQuery(cur).hasClass('disabled')) {            return false;          }          var items_county_0 = 1;          switch (y) {            case 1:              if (x >= items_county_0) {                document.getElementById('page_number_0').value = items_county_0;              }              else {                document.getElementById('page_number_0').value = x + 1;              }              break;            case 2:              document.getElementById('page_number_0').value = items_county_0;              break;            case -1:              if (x == 1) {                document.getElementById('page_number_0').value = 1;              }              else {                document.getElementById('page_number_0').value = x - 1;              }              break;            case -2:              document.getElementById('page_number_0').value = 1;              break;\t\t\t\t\t\tcase 0:              document.getElementById('page_number_0').value = x;              break;            default:              document.getElementById('page_number_0').value = 1;          }          bwg_ajax('gal_front_form_0', '0', 'bwg_thumbnails_0', '0', '', 'gallery', 0, '', '', load_more, '', 1);        }                    jQuery('.first-page-0').on('click', function () {              spider_page_0(this, 1, -2, 'numeric');              return false;            });            jQuery('.prev-page-0').on('click', function () {              spider_page_0(this, 1, -1, 'numeric');              return false;            });            jQuery('.next-page-0').on('click', function () {              spider_page_0(this, 1, 1, 'numeric');              return false;            });            jQuery('.last-page-0').on('click', function () {              spider_page_0(this, 1, 2, 'numeric');              return false;            });        \t\t\t\t\/* Change page on input enter. *\/        function bwg_change_page_0( e, that ) {          if (  e.key == 'Enter' ) {            var to_page = parseInt(jQuery(that).val());            var pages_count = jQuery(that).parents(\".pagination-links\").data(\"pages-count\");            var current_url_param = jQuery(that).attr('data-url-info');            if (to_page > pages_count) {              to_page = 1;            }\t \t\t\t\t\t\t\t\t\t\t\t\tspider_page_0(this, to_page, 0, 'numeric');\t\t\t\t\t\t\treturn false;\t\t\t\t\t\t          }          return true;        }        jQuery('.bwg_load_btn_0').on('click', function () {            spider_page_0(this, 1, 1, true);            return false;        });      <\/script>      <\/span>                <\/div>        <\/form>        <style>          #bwg_container1_0 #bwg_container2_0 #spider_popup_overlay_0 {          background-color: #000000;          opacity: 0.70;          }          <\/style>        <div id=\"bwg_spider_popup_loading_0\" class=\"bwg_spider_popup_loading\"><\/div>        <div id=\"spider_popup_overlay_0\" class=\"spider_popup_overlay\" onclick=\"spider_destroypopup(1000)\"><\/div>        <input type=\"hidden\" id=\"bwg_random_seed_0\" value=\"933392042\">                <\/div>    <\/div>    <script>      if (document.readyState === 'complete') {        if( typeof bwg_main_ready == 'function' ) {          if ( jQuery(\"#bwg_container1_0\").height() ) {            bwg_main_ready(jQuery(\"#bwg_container1_0\"));          }        }      } else {        document.addEventListener('DOMContentLoaded', function() {          if( typeof bwg_main_ready == 'function' ) {            if ( jQuery(\"#bwg_container1_0\").height() ) {             bwg_main_ready(jQuery(\"#bwg_container1_0\"));            }          }        });      }    <\/script>    \n<\/em><\/p>\n","protected":false},"excerpt":{"rendered":"<p>Dnia 2 i\u00a03 grudnia 2021 r. odby\u0142o si\u0119 podsumowanie\u00a0 mi\u0119dzyszkolnego konkursu\u00a0\u201eG\u00f3ralskie Cytanie\u201d Gwarowych Tekst\u00f3w Literatury Regionalnej Cieszyna\u00a0na\u00a0naj\u0142adniej przeczytany tekst. Konkurs przeznaczony by\u0142 dla uczni\u00f3w szk\u00f3\u0142 podstawowych \u00a0z terenu Gminy Lel\u00f3w oraz gmin o\u015bciennych. Zorganizowany zosta\u0142 przez Publiczn\u0105 Bibliotek\u0119 Pedagogiczn\u0105 RODN \u201eWOM\u201d w Cz\u0119stochowie Filia w Lelowie\u00a0 w zwi\u0105zku z og\u0142oszeniem w wojew\u00f3dztwie \u015bl\u0105skim roku 2021 Rokiem G\u00f3rali. Konkurs obejmowa\u0142 dwie kategorie wiekowe: klasy II \u2013 IV i klasy V \u2013<span class=\"ellipsis\">&hellip;<\/span><\/p>\n<div class=\"read-more\"><a href=\"https:\/\/pbp.womczest.edu.pl\/new\/goralskie-cytanie\/\">Czytaj wi\u0119cej &#8250;<\/a><\/div>\n<p><!-- end of .read-more --><\/p>\n","protected":false},"author":6,"featured_media":0,"parent":0,"menu_order":0,"comment_status":"closed","ping_status":"closed","template":"","meta":{"footnotes":""},"jetpack_sharing_enabled":true,"jetpack_shortlink":"https:\/\/wp.me\/PgmV4H-5Ko","_links":{"self":[{"href":"https:\/\/pbp.womczest.edu.pl\/new\/wp-json\/wp\/v2\/pages\/22096"}],"collection":[{"href":"https:\/\/pbp.womczest.edu.pl\/new\/wp-json\/wp\/v2\/pages"}],"about":[{"href":"https:\/\/pbp.womczest.edu.pl\/new\/wp-json\/wp\/v2\/types\/page"}],"author":[{"embeddable":true,"href":"https:\/\/pbp.womczest.edu.pl\/new\/wp-json\/wp\/v2\/users\/6"}],"replies":[{"embeddable":true,"href":"https:\/\/pbp.womczest.edu.pl\/new\/wp-json\/wp\/v2\/comments?post=22096"}],"version-history":[{"count":3,"href":"https:\/\/pbp.womczest.edu.pl\/new\/wp-json\/wp\/v2\/pages\/22096\/revisions"}],"predecessor-version":[{"id":22135,"href":"https:\/\/pbp.womczest.edu.pl\/new\/wp-json\/wp\/v2\/pages\/22096\/revisions\/22135"}],"wp:attachment":[{"href":"https:\/\/pbp.womczest.edu.pl\/new\/wp-json\/wp\/v2\/media?parent=22096"}],"curies":[{"name":"wp","href":"https:\/\/api.w.org\/{rel}","templated":true}]}}