


{"id":22083,"date":"2023-02-28T13:20:55","date_gmt":"2023-02-28T12:20:55","guid":{"rendered":"https:\/\/pbp.womczest.edu.pl\/new\/?page_id=22083"},"modified":"2023-02-28T13:20:55","modified_gmt":"2023-02-28T12:20:55","slug":"miedzyszkolny-mol-biblioteczny-2018-2019","status":"publish","type":"page","link":"https:\/\/pbp.womczest.edu.pl\/new\/miedzyszkolny-mol-biblioteczny-2018-2019\/","title":{"rendered":"MI\u0118DZYSZKOLNY M\u00d3L BIBLIOTECZNY 2018\/2019"},"content":{"rendered":"<p>13 czerwca 2019 r. odby\u0142o si\u0119 podsumowanie mi\u0119dzyszkolnego konkursu czytelniczego\u00a0<em>W\u00a0ka\u017cdej szkole s\u0105\u00a0ksi\u0105\u017ckowe mole<\/em>, kt\u00f3rego\u00a0organizatorem by\u0142a Publiczna Biblioteka Pedagogiczna RODN \u201eWOM\u201d w\u00a0Cz\u0119stochowie Filia w\u00a0Lelowie.<\/p>\n<p>Konkurs skierowany by\u0142 do\u00a0wszystkich uczni\u00f3w szk\u00f3\u0142 podstawowych z\u00a0terenu gminy Lel\u00f3w i\u00a0trwa\u0142 od\u00a010 wrze\u015bnia 2018 r. do\u00a031 maja 2019 r. Celem konkursu by\u0142o wy\u0142onienie uczni\u00f3w, kt\u00f3rzy\u00a0najaktywniej korzystali z\u00a0zasob\u00f3w swojej biblioteki szkolnej w\u00a0roku szkolnym 2018\/2019 \u00a0i zostali\u00a0<strong>szkolnymi molami bibliotecznymi.<\/strong>\u00a0O\u00a0tytu\u0142 \u00a0<strong>Mi\u0119dzyszkolnego Mola Bibliotecznego 2018\/2019\u00a0<\/strong>\u00a0rywalizowali uczniowie ze\u00a0Szko\u0142y Podstawowej w\u00a0Lelowie, Nakle, Podlesiu i\u00a0\u015al\u0119zanach.<\/p>\n<p><strong>Statuetk\u0119 i\u00a0tytu\u0142\u00a0<\/strong><strong>Mi\u0119dzyszkolnego Mola Bibliotecznego 2018\/2019 <\/strong><strong>otrzyma\u0142a <\/strong><strong>Karina Zymek <\/strong>&#8211; uczennica kl. VII \u00a0Szko\u0142y Podstawowej w\u00a0Podlesiu<\/p>\n<p><strong>II miejsce zaj\u0119\u0142a Magdalena Soja &#8211; <\/strong>uczennica kl. II\u00a0b\u00a0Szko\u0142y Podstawowej Zespo\u0142u Szkolno Przedszkolnego w\u00a0Lelowie<\/p>\n<p><strong>III miejsce \u2013 Ma\u0142gorzata Pi\u0119tak &#8211; <\/strong>uczennica kl. II\u00a0Szko\u0142y Podstawowej w\u00a0\u015al\u0119zanach<\/p>\n<p><strong>IV miejsce \u2013 Laura Pawlik &#8211; <\/strong>uczennica kl. III Szko\u0142y Podstawowej Fundacji \u201eElementarz\u201d w Nakle.<\/p>\n<p>Laureatka I miejsca otrzyma\u0142a statuetk\u0119 Mi\u0119dzyszkolnego Mola Bibliotecznego 2018\/2019, dyplom oraz nagrod\u0119 ksi\u0105\u017ckow\u0105. Pozostali laureaci konkursu otrzymali pami\u0105tkowe dyplomy oraz ksi\u0105\u017cki. Zwyci\u0119zcom konkursu serdecznie \u00a0gratulujemy. Nauczycielom bibliotekarzom bibliotek szkolnych dzi\u0119kujemy za\u00a0wsp\u00f3\u0142prac\u0119.<\/p>\n<p><img decoding=\"async\" class=\"aligncenter\" src=\"https:\/\/pbp.womczest.edu.pl\/new\/wp-content\/uploads\/2019\/06\/047-300x255.jpg\" \/><\/p>\n<p>&nbsp;<\/p>\n","protected":false},"excerpt":{"rendered":"<p>13 czerwca 2019 r. odby\u0142o si\u0119 podsumowanie mi\u0119dzyszkolnego konkursu czytelniczego\u00a0W\u00a0ka\u017cdej szkole s\u0105\u00a0ksi\u0105\u017ckowe mole, kt\u00f3rego\u00a0organizatorem by\u0142a Publiczna Biblioteka Pedagogiczna RODN \u201eWOM\u201d w\u00a0Cz\u0119stochowie Filia w\u00a0Lelowie. Konkurs skierowany by\u0142 do\u00a0wszystkich uczni\u00f3w szk\u00f3\u0142 podstawowych z\u00a0terenu gminy Lel\u00f3w i\u00a0trwa\u0142 od\u00a010 wrze\u015bnia 2018 r. do\u00a031 maja 2019 r. Celem konkursu by\u0142o wy\u0142onienie uczni\u00f3w, kt\u00f3rzy\u00a0najaktywniej korzystali z\u00a0zasob\u00f3w swojej biblioteki szkolnej w\u00a0roku szkolnym 2018\/2019 \u00a0i zostali\u00a0szkolnymi molami bibliotecznymi.\u00a0O\u00a0tytu\u0142 \u00a0Mi\u0119dzyszkolnego Mola Bibliotecznego 2018\/2019\u00a0\u00a0rywalizowali uczniowie ze\u00a0Szko\u0142y Podstawowej w\u00a0Lelowie, Nakle, Podlesiu<span class=\"ellipsis\">&hellip;<\/span><\/p>\n<div class=\"read-more\"><a href=\"https:\/\/pbp.womczest.edu.pl\/new\/miedzyszkolny-mol-biblioteczny-2018-2019\/\">Czytaj wi\u0119cej &#8250;<\/a><\/div>\n<p><!-- end of .read-more --><\/p>\n","protected":false},"author":6,"featured_media":0,"parent":0,"menu_order":0,"comment_status":"closed","ping_status":"closed","template":"","meta":{"footnotes":""},"jetpack_sharing_enabled":true,"jetpack_shortlink":"https:\/\/wp.me\/PgmV4H-5Kb","_links":{"self":[{"href":"https:\/\/pbp.womczest.edu.pl\/new\/wp-json\/wp\/v2\/pages\/22083"}],"collection":[{"href":"https:\/\/pbp.womczest.edu.pl\/new\/wp-json\/wp\/v2\/pages"}],"about":[{"href":"https:\/\/pbp.womczest.edu.pl\/new\/wp-json\/wp\/v2\/types\/page"}],"author":[{"embeddable":true,"href":"https:\/\/pbp.womczest.edu.pl\/new\/wp-json\/wp\/v2\/users\/6"}],"replies":[{"embeddable":true,"href":"https:\/\/pbp.womczest.edu.pl\/new\/wp-json\/wp\/v2\/comments?post=22083"}],"version-history":[{"count":1,"href":"https:\/\/pbp.womczest.edu.pl\/new\/wp-json\/wp\/v2\/pages\/22083\/revisions"}],"predecessor-version":[{"id":22084,"href":"https:\/\/pbp.womczest.edu.pl\/new\/wp-json\/wp\/v2\/pages\/22083\/revisions\/22084"}],"wp:attachment":[{"href":"https:\/\/pbp.womczest.edu.pl\/new\/wp-json\/wp\/v2\/media?parent=22083"}],"curies":[{"name":"wp","href":"https:\/\/api.w.org\/{rel}","templated":true}]}}