


{"id":22016,"date":"2023-02-20T12:40:47","date_gmt":"2023-02-20T11:40:47","guid":{"rendered":"https:\/\/pbp.womczest.edu.pl\/new\/?page_id=22016"},"modified":"2023-04-04T08:45:49","modified_gmt":"2023-04-04T06:45:49","slug":"dzien-bezpiecznego-internetu-2023-relacja-z-zajec","status":"publish","type":"page","link":"https:\/\/pbp.womczest.edu.pl\/new\/dzien-bezpiecznego-internetu-2023-relacja-z-zajec\/","title":{"rendered":"Dzie\u0144 Bezpiecznego Internetu 2023"},"content":{"rendered":"<p>Dzie\u0144 Bezpiecznego Internetu obchodzony jest z inicjatywy Komisji Europejskiej od 2004 roku. Ma on na celu przede wszystkim podejmowanie i propagowanie dzia\u0142a\u0144 na rzecz bezpiecznego dost\u0119pu dzieci i m\u0142odzie\u017cy do zasob\u00f3w internetowych, zaznajomienie rodzic\u00f3w, nauczycieli i wychowawc\u00f3w z problematyk\u0105 bezpiecze\u0144stwa online oraz promocj\u0119 pozytywnego wykorzystywania internetu. G\u0142\u00f3wne obchody DBI w roku 2023 przypad\u0142y na dzie\u0144 7 lutego.<\/p>\n<p>W Publicznej Bibliotece Pedagogicznej RODN \u201eWOM\u201d w Cz\u0119stochowie zaj\u0119cia edukacyjne w ramach obchod\u00f3w Dnia Bezpiecznego Internetu odby\u0142y si\u0119 10, 16, 27 lutego, a przeprowadzi\u0142y je nauczyciele bibliotekarze Marta Ma\u0142ek oraz Barbara Witkowska.<\/p>\n<p>W pierwszych zaj\u0119ciach pt. \u201eZ\u0142odzieje czasu &#8211; dziecko w \u015bwiecie nowoczesnych technologii\u201d uczestniczy\u0142y dzieci sze\u015bcioletnie z Miejskiego Przedszkola nr 38 w Cz\u0119stochowie. W trakcie spotkania dzieci dowiedzia\u0142y si\u0119, dlaczego urz\u0105dzenia ekranowe nazywane s\u0105 \u201ez\u0142odziejami czasu\u201d i jakie s\u0105 skutki nadmiernego korzystania z nowoczesnych technologii przez najm\u0142odszych. Uczestnicy poznali r\u00f3wnie\u017c sposoby na kreatywne sp\u0119dzanie wolnego czasu bez tabletu, komputera czy telefonu. Prowadz\u0105ce om\u00f3wi\u0142y najwa\u017cniejsze zasady bezpiecznego i rozs\u0105dnego korzystania z urz\u0105dze\u0144 ekranowych i internetu. Dzieci wykonywa\u0142y prace plastyczne oraz bra\u0142y udzia\u0142 w zabawach ruchowych.<\/p>\n<p>W kolejnych zaj\u0119cia realizowanych z okazji obchod\u00f3w DBI uczestniczyli uczniowie klas 4 i 5 ze Szko\u0142y Podstawowej w Witkowicach. W trakcie spotkania pt. \u201ePrzeGRA\u0106 \u017cycie &#8211; jak nie uzale\u017cni\u0107 si\u0119 od gier i internetu?\u201d uczniowie zastanawiali si\u0119 nad korzy\u015bciami i zagro\u017ceniami wynikaj\u0105cymi z\u00a0korzystania z internetu. Nast\u0119pnie uczestnicy podzieleni na dwie grupy rozwa\u017cali plusy i minusy wynikaj\u0105ce z grania w gry komputerowe i\u00a0przedstawiali swoje argumenty przemawiaj\u0105ce za i przeciw. Po obejrzeniu filmu pt. \u201eKomputeromania\u201d uczniowie wymieniali skutki nadu\u017cywania gier i\u00a0internetu. U\u015bwiadomili sobie jak wa\u017cne jest aktywne sp\u0119dzanie wolnego czasu i kontrolowanie go w sieci.<\/p>\n<p>Uczestnicy dowiedzieli si\u0119 r\u00f3wnie\u017c co to jest higiena cyfrowa, dobrostan cyfrowy i dlaczego wa\u017cne jest przestrzeganie pewnych zasad i netykiety w korzystaniu z\u00a0internetu i urz\u0105dze\u0144 ekranowych. Nowoczesne technologie powinny nam s\u0142u\u017cy\u0107, a nie szkodzi\u0107. Dlatego nale\u017cy z nich korzysta\u0107 rozs\u0105dnie i z umiarem.<\/p>\n<p>W ostatnim spotkaniu uczestniczyli uczniowie klasy 3 z Jasnog\u00f3rskiej Szko\u0142y Muzycznej w Cz\u0119stochowie. Podczas zaj\u0119\u0107 pt. \u201eCyberprzemoc- jak jej przeciwdzia\u0142a\u0107?\u201d uczniowie opowiadali jak sp\u0119dzaj\u0105 czas wolny oraz jak cz\u0119sto i w jakim celu korzystaj\u0105 z internetu i urz\u0105dze\u0144 ekranowych. Uczestnicy wymieniali r\u00f3wnie\u017c korzy\u015bci i zagro\u017cenia internetu. Prowadz\u0105ca przybli\u017cy\u0142a uczniom poj\u0119cie cyberprzemocy oraz u\u015bwiadomi\u0142a jakie s\u0105 formy przemocy elektronicznej. Nast\u0119pnie uczestnicy obejrzeli filmik pt. &#8222;Dobry \u017cart\u201d i wsp\u00f3lnie zastanawiali si\u0119 w jaki spos\u00f3b zapobiega\u0107 cyberprzemocy r\u00f3wie\u015bniczej.<\/p>\n<p>Na zako\u0144czenie uczniowie wykonali prac\u0119 plastyczn\u0105 zwi\u0105zan\u0105 tematycznie z Dniem Bezpiecznego Internetu. W zaj\u0119ciach zorganizowanych w ramach Dnia Bezpiecznego Internetu wzi\u0119\u0142o udzia\u0142 70 uczni\u00f3w i 7 nauczycieli.<\/p>\n<p style=\"text-align: right;\"><em>Tekst i zdj\u0119cia: Marta Ma\u0142ek<\/em><\/p>\n","protected":false},"excerpt":{"rendered":"<p>Dzie\u0144 Bezpiecznego Internetu obchodzony jest z inicjatywy Komisji Europejskiej od 2004 roku. Ma on na celu przede wszystkim podejmowanie i propagowanie dzia\u0142a\u0144 na rzecz bezpiecznego dost\u0119pu dzieci i m\u0142odzie\u017cy do zasob\u00f3w internetowych, zaznajomienie rodzic\u00f3w, nauczycieli i wychowawc\u00f3w z problematyk\u0105 bezpiecze\u0144stwa online oraz promocj\u0119 pozytywnego wykorzystywania internetu. G\u0142\u00f3wne obchody DBI w roku 2023 przypad\u0142y na dzie\u0144 7 lutego. W Publicznej Bibliotece Pedagogicznej RODN \u201eWOM\u201d w Cz\u0119stochowie zaj\u0119cia edukacyjne w ramach obchod\u00f3w<span class=\"ellipsis\">&hellip;<\/span><\/p>\n<div class=\"read-more\"><a href=\"https:\/\/pbp.womczest.edu.pl\/new\/dzien-bezpiecznego-internetu-2023-relacja-z-zajec\/\">Czytaj wi\u0119cej &#8250;<\/a><\/div>\n<p><!-- end of .read-more --><\/p>\n","protected":false},"author":6,"featured_media":22021,"parent":0,"menu_order":0,"comment_status":"closed","ping_status":"closed","template":"","meta":{"footnotes":""},"jetpack_sharing_enabled":true,"jetpack_shortlink":"https:\/\/wp.me\/PgmV4H-5J6","_links":{"self":[{"href":"https:\/\/pbp.womczest.edu.pl\/new\/wp-json\/wp\/v2\/pages\/22016"}],"collection":[{"href":"https:\/\/pbp.womczest.edu.pl\/new\/wp-json\/wp\/v2\/pages"}],"about":[{"href":"https:\/\/pbp.womczest.edu.pl\/new\/wp-json\/wp\/v2\/types\/page"}],"author":[{"embeddable":true,"href":"https:\/\/pbp.womczest.edu.pl\/new\/wp-json\/wp\/v2\/users\/6"}],"replies":[{"embeddable":true,"href":"https:\/\/pbp.womczest.edu.pl\/new\/wp-json\/wp\/v2\/comments?post=22016"}],"version-history":[{"count":4,"href":"https:\/\/pbp.womczest.edu.pl\/new\/wp-json\/wp\/v2\/pages\/22016\/revisions"}],"predecessor-version":[{"id":22876,"href":"https:\/\/pbp.womczest.edu.pl\/new\/wp-json\/wp\/v2\/pages\/22016\/revisions\/22876"}],"wp:featuredmedia":[{"embeddable":true,"href":"https:\/\/pbp.womczest.edu.pl\/new\/wp-json\/wp\/v2\/media\/22021"}],"wp:attachment":[{"href":"https:\/\/pbp.womczest.edu.pl\/new\/wp-json\/wp\/v2\/media?parent=22016"}],"curies":[{"name":"wp","href":"https:\/\/api.w.org\/{rel}","templated":true}]}}