


{"id":21898,"date":"2023-02-01T10:14:34","date_gmt":"2023-02-01T09:14:34","guid":{"rendered":"https:\/\/pbp.womczest.edu.pl\/new\/?page_id=21898"},"modified":"2023-02-24T08:40:32","modified_gmt":"2023-02-24T07:40:32","slug":"powiatowy-konkurs-literacko-plastyczny-projektuje-okladke-ksiazki","status":"publish","type":"page","link":"https:\/\/pbp.womczest.edu.pl\/new\/powiatowy-konkurs-literacko-plastyczny-projektuje-okladke-ksiazki\/","title":{"rendered":"Powiatowy Konkurs Literacko-Plastyczny \u201eProjektuj\u0119 ok\u0142adk\u0119 ksi\u0105\u017cki\u201d"},"content":{"rendered":"<p>31 stycznia 2023 roku w auli Forum RODN &#8222;WOM&#8221; w Cz\u0119stochowie odby\u0142o si\u0119 uroczyste podsumowanie <strong>Powiatowego Konkursu Literacko-Plastycznego <\/strong><strong>\u201eProjektuj\u0119 ok\u0142adk\u0119 ksi\u0105\u017cki\u201d<\/strong>. Organizatorem konkursu by\u0142a Publiczna Biblioteka Pedagogiczna Regionalnego O\u015brodka Doskonalenia Nauczycieli &#8222;WOM&#8221; w Cz\u0119stochowie i Starostwo Powiatowe w Cz\u0119stochowie. Przedmiotem zmaga\u0144 konkursowych by\u0142o wykonanie projektu ok\u0142adki ulubionej lektury szkolnej, kt\u00f3ra w ciekawy i nowatorski spos\u00f3b nawi\u0105zuje do utworu (prozatorskiego lub poetyckiego). Adresatami konkursu byli uczniowie klas I-VI szk\u00f3\u0142 podstawowych powiatu cz\u0119stochowskiego w dw\u00f3ch kategoriach: klasy I-III i klasy IV-VI. Przedsi\u0119wzi\u0119cie mia\u0142o na celu upowszechnianie czytelnictwa w\u015br\u00f3d uczni\u00f3w, rozwijanie kompetencji czytelniczych, utrwalanie znajomo\u015bci lektur szkolnych, popularyzowanie prezentacji tw\u00f3rczo\u015bci literackiej w formie graficznej, rozwijanie wyobra\u017ani i umiej\u0119tno\u015bci artystycznej wypowiedzi uczni\u00f3w, a tak\u017ce zach\u0119canie do aktywno\u015bci tw\u00f3rczej. Organizatorami konkursu byli: dr Agata Arkabus i Anna P\u0142usa &#8211; nauczyciele bibliotekarze PBP RODN &#8222;WOM&#8221; w Cz\u0119stochowie oraz Renata Terlicka &#8211; inspektor Wydzia\u0142u Edukacji, Zdrowia, Kultury, Sportu i Promocji Powiatu Cz\u0119stochowskiego.<\/p>\n<p>W podsumowaniu konkursu uczestniczy\u0142a Renata Lipniewska &#8211; wicedyrektor ds. bibliotek pedagogicznych RODN &#8222;WOM w Cz\u0119stochowie i Leonard Smolarski &#8211; Naczelnik Wydzia\u0142u Edukacji, Zdrowia, Kultury, Sportu i Promocji Powiatu Cz\u0119stochowskiego.<strong><br \/>\n<\/strong><\/p>\n<p>Uroczysto\u015b\u0107 u\u015bwietni\u0142 wyst\u0119p uczennic Jasnog\u00f3rskiej Niepublicznej Og\u00f3lnokszta\u0142c\u0105cej Szko\u0142y Muzycznej II stopnia w Cz\u0119stochowie pod kierunkiem wicedyrektora ds. muzycznych Macieja Pi\u0105tka-Czarneckiego.<\/p>\n<p>W konkursie wzi\u0119\u0142o udzia\u0142 29 uczni\u00f3w w kategorii klas I-III oraz 40 uczni\u00f3w w kategorii klas IV-VI.<\/p>\n<p>Komisja konkursowa w sk\u0142adzie:<\/p>\n<ul>\n<li>dr hab. Jakub Jakubowski &#8211; prodziekan Wydzia\u0142u Sztuki Uniwersytetu Humanistyczno-Przyrodniczego im. Jana D\u0142ugosza w Cz\u0119stochowie &#8211; przewodnicz\u0105cy,<\/li>\n<li>Bogus\u0142awa Grzywi\u0144ska, nauczyciel Szko\u0142y Podstawowej nr 1 im. Zdobywc\u00f3w Przestworzy w Cz\u0119stochowie i Agata Dzielawska, nauczyciel Szko\u0142y Podstawowej nr 31 im. Or\u0142a Bia\u0142ego w Cz\u0119stochowie &#8211; cz\u0142onkowie,<\/li>\n<\/ul>\n<p>wy\u0142oni\u0142a nast\u0119puj\u0105cych laureat\u00f3w konkursu:<\/p>\n<p><strong>KATEGORIA: KLASY 1-3<\/strong><\/p>\n<p>WYR\u00d3\u017bNIENIE &#8211; DOMINIK KACZY\u0143SKI &#8211; Niepubliczna Szko\u0142a Podstawowa w Woli Mokrzeskiej<\/p>\n<p>WYR\u00d3\u017bNIENIE &#8211; Natalia Go\u0142uchowska &#8211; Szko\u0142a Podstawowa im. W. Broniewskiego w D\u0105browie Zielonej<\/p>\n<p>WYR\u00d3\u017bNIENIE &#8211; IGA KAPKOWSKA &#8211; Szko\u0142a Podstawowa w Olsztynie<\/p>\n<p>WYR\u00d3\u017bNIENIE &#8211; FILIP JASTRZ\u0104BEK Szko\u0142a Podstawowa im. W. Broniewskiego w D\u0105browie Zielonej<\/p>\n<p>WYR\u00d3\u017bNIENIE &#8211; JULIA KOWALIK &#8211; Szko\u0142a Podstawowa im. Henryka Sienkiewicza w Rzerz\u0119czycach<\/p>\n<p>III MIEJSCE &#8211; NATALIA NAPORA &#8211; Zesp\u00f3\u0142 Szkolno-Przedszkolny w Ma\u0142usach Wielkich<\/p>\n<p>III MIEJSCE &#8211; BARTOSZ RAKOWSKI &#8211; Szko\u0142a Podstawowa im. Jana Kochanowskiego w Witkowicach<\/p>\n<p>II MIEJSCE &#8211; ANNA WI\u0118C\u0141AWIK &#8211; Szko\u0142a Podstawowa im. M. Kacprzaka w Starym Cykarzewie<\/p>\n<p>II MIEJSCE &#8211; PATRYK DOBRAKOWSKI &#8211; Szko\u0142a Podstawowa im. Wo\u0142y\u0144skiej Brygady Kawalerii w Starym Kocinie<\/p>\n<p>I MIEJSCE &#8211; MARIA PABI\u015a Szko\u0142a Podstawowa im. Wo\u0142y\u0144skiej Brygady Kawalerii w Starym Kocinie<\/p>\n<p>I MIEJSCE &#8211; BARBARA SARNOWSKA Szko\u0142a Podstawowa im. W. Broniewskiego w D\u0105browie Zielonej<\/p>\n<p><strong>KATEGORIA: KLASY 4-6<\/strong><\/p>\n<p>WYR\u00d3\u017bNIENIE &#8211; KORNELIA BAUER &#8211; Szko\u0142a Podstawowa w Turowie<\/p>\n<p>WYR\u00d3\u017bNIENIE &#8211; OLIWIA PIOTROWSKA &#8211; Szko\u0142a Podstawowa im. K. Makuszy\u0144skiego w Brzyszowie<\/p>\n<p>WYR\u00d3\u017bNIENIE &#8211; KUBA WAWRZYNIAK &#8211; Zesp\u00f3\u0142 Szkolno-Przedszkolny w Ma\u0142usach Wielkich<\/p>\n<p>WYR\u00d3\u017bNIENIE &#8211; ALICJA CISOWSKA &#8211; Szko\u0142a Podstawowa im. Marcina Kacprzaka w Starym Cykarzewie<\/p>\n<p>WYR\u00d3\u017bNIENIE &#8211; LENA FOLTYN &#8211; Szko\u0142a Podstawowa im. \u015bw. Stanis\u0142awa Kostki w Lgoczance<\/p>\n<p>III MIEJSCE &#8211; IGOR \u017bAK &#8211; Szko\u0142a Podstawowa im. Tadeusza Ko\u015bciuszki w Mstowie<\/p>\n<p>III MIEJSCE &#8211; OLIWIA MUSIA\u0141 &#8211; Szko\u0142a Podstawowa im. W. Broniewskiego w D\u0105browie Zielonej<\/p>\n<p>II MIEJSCE &#8211; MATEUSZ SERWATKA &#8211; Szko\u0142a Podstawowa im. Jana Brzechwy w Radostkowie<\/p>\n<p>II MIEJSCE &#8211; KAROLINA SUKIENNIK &#8211; Szko\u0142a Podstawowa im. K. Makuszy\u0144skiego w Brzyszowie<\/p>\n<p>I MIEJSCE &#8211; OLIVIER WERNER &#8211; Szko\u0142a Podstawowa im. Jana Kochanowskiego w Witkowicach<\/p>\n<p>I MIEJSCE &#8211; ZUZANNA WILCZY\u0143SKA &#8211; Szko\u0142a Podstawowa im. W. Broniewskiego w Lus\u0142awicach<\/p>\n<p>Wszyscy laureaci otrzymali dyplomy oraz nagrody rzeczowe. Fundatorem nagr\u00f3d by\u0142 Krzysztof Smela &#8211; Starosta Cz\u0119stochowski. Uroczystemu podsumowaniu\u00a0 towarzyszy\u0142a wystawa prac uczni\u00f3w bior\u0105cych udzia\u0142 w konkursie, zaprezentowana w holu plac\u00f3wki.<\/p>\n<p style=\"text-align: right;\"><em>Tekst.: Anna P\u0142usa, zdj\u0119cia: Ernest Pidzik<br \/>\n<\/em><a href=\"https:\/\/pbp.womczest.edu.pl\/new\/galeria\/powiatowy-konkurs-literacko-plastyczny-projektuje-okladke-ksiazki-2023\/\"><strong>galeria<\/strong><\/a><em><br \/>\n<\/em><\/p>\n","protected":false},"excerpt":{"rendered":"<p>31 stycznia 2023 roku w auli Forum RODN &#8222;WOM&#8221; w Cz\u0119stochowie odby\u0142o si\u0119 uroczyste podsumowanie Powiatowego Konkursu Literacko-Plastycznego \u201eProjektuj\u0119 ok\u0142adk\u0119 ksi\u0105\u017cki\u201d. Organizatorem konkursu by\u0142a Publiczna Biblioteka Pedagogiczna Regionalnego O\u015brodka Doskonalenia Nauczycieli &#8222;WOM&#8221; w Cz\u0119stochowie i Starostwo Powiatowe w Cz\u0119stochowie. Przedmiotem zmaga\u0144 konkursowych by\u0142o wykonanie projektu ok\u0142adki ulubionej lektury szkolnej, kt\u00f3ra w ciekawy i nowatorski spos\u00f3b nawi\u0105zuje do utworu (prozatorskiego lub poetyckiego). Adresatami konkursu byli uczniowie klas I-VI szk\u00f3\u0142 podstawowych powiatu<span class=\"ellipsis\">&hellip;<\/span><\/p>\n<div class=\"read-more\"><a href=\"https:\/\/pbp.womczest.edu.pl\/new\/powiatowy-konkurs-literacko-plastyczny-projektuje-okladke-ksiazki\/\">Czytaj wi\u0119cej &#8250;<\/a><\/div>\n<p><!-- end of .read-more --><\/p>\n","protected":false},"author":5,"featured_media":0,"parent":0,"menu_order":0,"comment_status":"closed","ping_status":"closed","template":"","meta":{"footnotes":""},"jetpack_sharing_enabled":true,"jetpack_shortlink":"https:\/\/wp.me\/PgmV4H-5Hc","_links":{"self":[{"href":"https:\/\/pbp.womczest.edu.pl\/new\/wp-json\/wp\/v2\/pages\/21898"}],"collection":[{"href":"https:\/\/pbp.womczest.edu.pl\/new\/wp-json\/wp\/v2\/pages"}],"about":[{"href":"https:\/\/pbp.womczest.edu.pl\/new\/wp-json\/wp\/v2\/types\/page"}],"author":[{"embeddable":true,"href":"https:\/\/pbp.womczest.edu.pl\/new\/wp-json\/wp\/v2\/users\/5"}],"replies":[{"embeddable":true,"href":"https:\/\/pbp.womczest.edu.pl\/new\/wp-json\/wp\/v2\/comments?post=21898"}],"version-history":[{"count":4,"href":"https:\/\/pbp.womczest.edu.pl\/new\/wp-json\/wp\/v2\/pages\/21898\/revisions"}],"predecessor-version":[{"id":22067,"href":"https:\/\/pbp.womczest.edu.pl\/new\/wp-json\/wp\/v2\/pages\/21898\/revisions\/22067"}],"wp:attachment":[{"href":"https:\/\/pbp.womczest.edu.pl\/new\/wp-json\/wp\/v2\/media?parent=21898"}],"curies":[{"name":"wp","href":"https:\/\/api.w.org\/{rel}","templated":true}]}}