


{"id":21891,"date":"2023-01-31T12:50:26","date_gmt":"2023-01-31T11:50:26","guid":{"rendered":"https:\/\/pbp.womczest.edu.pl\/new\/?page_id=21891"},"modified":"2023-03-10T13:46:27","modified_gmt":"2023-03-10T12:46:27","slug":"maurycy-mochnacki","status":"publish","type":"page","link":"https:\/\/pbp.womczest.edu.pl\/new\/maurycy-mochnacki\/","title":{"rendered":"Maurycy Mochnacki"},"content":{"rendered":"<p><strong>Maurycy Mochnacki<\/strong> urodzi\u0142 si\u0119 13 wrze\u015bnia 1803 w Boja\u0144cu. By\u0142 polskim dzia\u0142aczem i publicyst\u0105 politycznym, filozofem, teoretykiem polskiego romantyzmu, pianist\u0105. Jako uczestnik i kronikarz powstania listopadowego napisa\u0142 <em>Powstanie narodu polskiego w roku 1830 i 1831.<\/em><\/p>\n<p>Studiowa\u0142 na Wydziale Prawa Uniwersytetu Warszawskiego, sk\u0105d rozkazem Ksi\u0119cia Konstantego zosta\u0142 relegowany. Zabroniono zatrudnia\u0107 go w urz\u0119dach publicznych. W latach 1823\u20131824 by\u0142 wi\u0119ziony przez Rosjan za przynale\u017cno\u015b\u0107 do Zwi\u0105zku Wolnych Polak\u00f3w. W latach 1825\u20131829 by\u0142 wsp\u00f3\u0142wydawc\u0105 miesi\u0119cznika naukowego <em>Dziennik Warszawski<\/em>. Wraz z Ksawerym Bronikowskim najpierw za\u0142o\u017cy\u0142 <em>Gazet\u0119 Polsk\u0105<\/em>, a nast\u0119pnie <em>Kurier Polski<\/em>, do kt\u00f3rego pisa\u0142 artyku\u0142y a\u017c do wybuchu powstania listopadowego. Na pocz\u0105tku 1831 za\u0142o\u017cy\u0142 nowy, wydawany kr\u00f3tko, dziennik <em>Nowa Polska<\/em>. Wraz z bratem Kamilem, s\u0142uchaczem Szko\u0142y Podchor\u0105\u017cych, bra\u0142 udzia\u0142 we wszystkich spiskach m\u0142odzie\u017cy wojskowej organizowanych przeciw Miko\u0142ajowi I. Od stycznia 1829 nale\u017ca\u0142 do Sprzysi\u0119\u017cenia Piotra Wysockiego.<\/p>\n<p>W czasie powstania by\u0142 jednym z przyw\u00f3dc\u00f3w obozu radykalnego, przeciwnikiem dzia\u0142a\u0144 Rady Administracyjnej i dyktatury J\u00f3zefa Ch\u0142opickiego. Micha\u0142 Gedeon Radziwi\u0142\u0142 &#8211; naczelny w\u00f3dz Si\u0142y Zbrojnej Narodowej przes\u0142a\u0142 Mochnackiemu patent oficerski, jednak ten jako szeregowiec zaci\u0105gn\u0105\u0142 si\u0119 do 1 Pu\u0142ku Strzelc\u00f3w Pieszych i wzi\u0105\u0142 udzia\u0142 w bitwie o Olszynk\u0119 Grochowsk\u0105, gdzie zosta\u0142\u00a0 ranny. Po wyzdrowieniu, ju\u017c w stopniu oficera walczy\u0142 m.in. w bitwie pod Ostro\u0142\u0119k\u0105. Po niej do upadku Warszawy nie bra\u0142 ju\u017c czynnego udzia\u0142u w walkach. Zwi\u0105za\u0142 si\u0119 z obozem dyktatora Jana Krukowieckiego. Pisa\u0142 artyku\u0142y do <em>Dziennika Powszechnego (Krajowego)<\/em>. By\u0142 wsp\u00f3\u0142za\u0142o\u017cycielem Towarzystwa Patriotycznego. Zosta\u0142 odznaczony Krzy\u017cem Orderu Virtuti Militari.<\/p>\n<p>Po kl\u0119sce powstania znalaz\u0142 si\u0119 na emigracji. By\u0142 krytykiem i teoretykiem romantyzmu polskiego, przyw\u00f3dc\u0105 m\u0142odych w Warszawie. Stworzenie przez Polak\u00f3w w\u0142asnej literatury uzna\u0142 za warunek istnienia narodu. By\u0142 naczelnym publicyst\u0105 w <em>Pami\u0119tniku Emigracji Polskiej<\/em>. Na \u0142amach tej gazety opublikowa\u0142 rozpraw\u0119 literack\u0105: <em>O duchu i \u017ar\u00f3d\u0142ach poezji w Polszcze<\/em>. W 1830 wyda\u0142 <em>O literaturze polskiej w wieku dziewi\u0119tnastym<\/em>, na emigracji za\u015b <em>Powstanie narodu polskiego<\/em>. W 1834 roku zosta\u0142 skazany przez w\u0142adze rosyjskie na powieszenie za udzia\u0142 w powstaniu listopadowym. Mochnacki zmar\u0142 20 grudnia 1834 w Auxerre, gdzie zosta\u0142 pochowany. 27 listopada 2021 odby\u0142 si\u0119 jego ponowny poch\u00f3wek na Cmentarzu Wojskowym na Pow\u0105zkach w Warszawie.<\/p>\n<p><em>\u0179r\u00f3d\u0142o: <a href=\"https:\/\/pl.wikipedia.org\/wiki\/Maurycy_Mochnacki\">https:\/\/pl.wikipedia.org\/wiki\/Maurycy_Mochnacki<\/a><\/em><\/p>\n<p><strong>Sejm Rzeczypospolitej Polskiej, uznaj\u0105c intelektualn\u0105, moraln\u0105 i patriotyczn\u0105 wielko\u015b\u0107 tego Wolnego Polaka, og\u0142asza rok 2023 Rokiem Maurycego Mochnackiego:<\/strong> <u><a href=\"https:\/\/dziennikustaw.gov.pl\/M2022000073901.pdf\">Uchwa\u0142a Sejmu Rzeczypospolitej Polskiej z dnia 22 lipca 2022 r. w sprawie ustanowienia roku 2023 Rokiem Maurycego Mochnackiego<\/a><\/u><\/p>\n<p><strong>Przydatne linki:<\/strong><\/p>\n<ul>\n<li><a href=\"https:\/\/polona.pl\/search\/?query=Maurycy_Mochnacki&amp;filters=creator:%22Mochnacki,_Maurycy_(1803--1834)%22,public:1,hasTextContent:0\">Publikacje Maurycego Mochnackiego w bibliotece Polona<\/a><u><\/u><\/li>\n<li><a href=\"https:\/\/polona.pl\/collections\/institutions\/1\/o-zyciu-i-dzielach-maurycego-mochnackiego,NTc5NzE5MzkwODAyOTA1NTQ3MA\/?sort=score%20desc\">O \u017cyciu i dzie\u0142ach Maurycego Mochnackiego w bibliotece Polona<\/a><\/li>\n<li><a href=\"https:\/\/encyklopediateatru.pl\/krytyk\/83475\/maurycy-mochnacki\">Encyklopedia teatru polskiego<\/a><\/li>\n<li><a href=\"https:\/\/literat.ug.edu.pl\/autors\/mochnac.htm\">Wirtualna biblioteka literatury polskiej<\/a><\/li>\n<li><a href=\"https:\/\/culture.pl\/pl\/tworca\/maurycy-mochnacki\">Maurycy Mochnacki<\/a><\/li>\n<li><a href=\"https:\/\/dzieje.pl\/wiadomosci\/maurycy-mochnacki-obywatel-polski-wrog-moskwy\">Maurycy Mochnacki &#8211; &#8222;obywatel Polski, wr\u00f3g Moskwy&#8221;<\/a><\/li>\n<li><a href=\"https:\/\/instytutksiazki.pl\/aktualnosci,2,185-lat-temu-zmarl-maurycy-mochnacki,4499.html\">185 lat temu zmar\u0142 Maurycy Mochnacki<\/a><\/li>\n<li><a href=\"https:\/\/apcz.umk.pl\/sztukaedycji\/article\/view\/SE.2019.0016\/23925\">Nieznane archiwum rodzinne Mochnackich \/ Miros\u0142aw Strzy\u017cewski \/\/ Sztuka Edycji. \u2013 2019, nr 1, s. 162-176<\/a><\/li>\n<li><a href=\"https:\/\/zpe.gov.pl\/b\/filozofia-polska-w-dobie-nowozytnej-maurycy-mochnacki\/PHHBj1V2H\">Filozofia polska w dobie nowo\u017cytnej: Maurycy Mochnacki (Zintegrowana Platforma Edukacyjna)<\/a><\/li>\n<\/ul>\n","protected":false},"excerpt":{"rendered":"<p>Maurycy Mochnacki urodzi\u0142 si\u0119 13 wrze\u015bnia 1803 w Boja\u0144cu. By\u0142 polskim dzia\u0142aczem i publicyst\u0105 politycznym, filozofem, teoretykiem polskiego romantyzmu, pianist\u0105. Jako uczestnik i kronikarz powstania listopadowego napisa\u0142 Powstanie narodu polskiego w roku 1830 i 1831. Studiowa\u0142 na Wydziale Prawa Uniwersytetu Warszawskiego, sk\u0105d rozkazem Ksi\u0119cia Konstantego zosta\u0142 relegowany. Zabroniono zatrudnia\u0107 go w urz\u0119dach publicznych. W latach 1823\u20131824 by\u0142 wi\u0119ziony przez Rosjan za przynale\u017cno\u015b\u0107 do Zwi\u0105zku Wolnych Polak\u00f3w. W latach 1825\u20131829 by\u0142<span class=\"ellipsis\">&hellip;<\/span><\/p>\n<div class=\"read-more\"><a href=\"https:\/\/pbp.womczest.edu.pl\/new\/maurycy-mochnacki\/\">Czytaj wi\u0119cej &#8250;<\/a><\/div>\n<p><!-- end of .read-more --><\/p>\n","protected":false},"author":6,"featured_media":0,"parent":0,"menu_order":0,"comment_status":"closed","ping_status":"closed","template":"","meta":{"footnotes":""},"jetpack_sharing_enabled":true,"jetpack_shortlink":"https:\/\/wp.me\/PgmV4H-5H5","_links":{"self":[{"href":"https:\/\/pbp.womczest.edu.pl\/new\/wp-json\/wp\/v2\/pages\/21891"}],"collection":[{"href":"https:\/\/pbp.womczest.edu.pl\/new\/wp-json\/wp\/v2\/pages"}],"about":[{"href":"https:\/\/pbp.womczest.edu.pl\/new\/wp-json\/wp\/v2\/types\/page"}],"author":[{"embeddable":true,"href":"https:\/\/pbp.womczest.edu.pl\/new\/wp-json\/wp\/v2\/users\/6"}],"replies":[{"embeddable":true,"href":"https:\/\/pbp.womczest.edu.pl\/new\/wp-json\/wp\/v2\/comments?post=21891"}],"version-history":[{"count":7,"href":"https:\/\/pbp.womczest.edu.pl\/new\/wp-json\/wp\/v2\/pages\/21891\/revisions"}],"predecessor-version":[{"id":22700,"href":"https:\/\/pbp.womczest.edu.pl\/new\/wp-json\/wp\/v2\/pages\/21891\/revisions\/22700"}],"wp:attachment":[{"href":"https:\/\/pbp.womczest.edu.pl\/new\/wp-json\/wp\/v2\/media?parent=21891"}],"curies":[{"name":"wp","href":"https:\/\/api.w.org\/{rel}","templated":true}]}}