


{"id":21791,"date":"2023-01-19T12:59:03","date_gmt":"2023-01-19T11:59:03","guid":{"rendered":"https:\/\/pbp.womczest.edu.pl\/new\/?page_id=21791"},"modified":"2023-01-25T09:51:06","modified_gmt":"2023-01-25T08:51:06","slug":"wideokonferencje-z-biblioterapii-2","status":"publish","type":"page","link":"https:\/\/pbp.womczest.edu.pl\/new\/wideokonferencje-z-biblioterapii-2\/","title":{"rendered":"Wideokonferencje z biblioterapii"},"content":{"rendered":"<p>Publiczna Biblioteka Pedagogiczna RODN \u201eWOM\u201d w Cz\u0119stochowie realizuje szkolenia, wideokonferencje, warsztaty dla nauczycieli bibliotekarzy z dziedziny biblioterapii, czyli terapii poprzez ksi\u0105\u017ck\u0119 i materia\u0142y czytelnicze. Szkolenia online odbywaj\u0105 si\u0119 na platformie ClickMeeting.<\/p>\n<p>14 listopada 2022 roku w Og\u00f3lnopolskim Dniu Biblioterapii Katarzyna Kucharzewska przeprowadzi\u0142a wideokonferencj\u0119 pt. <strong>\u201eBajkoterapia jako metoda wspomagaj\u0105ca rozw\u00f3j oraz wychowanie\u201d.<\/strong><\/p>\n<p>Prowadz\u0105ca przedstawi\u0142a teoretyczne podstawy bajkoterapii \u2013 jednej z dziedzin biblioterapii. Om\u00f3wi\u0142a jej rol\u0119 w rozwoju oraz wychowaniu dziecka w wieku przedszkolnym i wczesnoszkolnym, a tak\u017ce w niwelowaniu zaburze\u0144 l\u0119kowych i emocjonalnych. Zaprezentowana zosta\u0142a literatura bajkoterapeutyczna dost\u0119pna w naszej Bibliotece oraz przydatne strony internetowe. Uczestnicy mogli wys\u0142ucha\u0107 r\u00f3wnie\u017c teksty bajek terapeutycznych.<\/p>\n<p>7 grudnia 2022 roku nauczyciele bibliotekarze Katarzyna Kucharzewska i Marta Ma\u0142ek przeprowadzi\u0142y kolejn\u0105 wideokonferencj\u0119 pt. \u201e<strong>Dobrostan cyfrowy i techniki relaksacyjne w pracy z uczniem\u201d<\/strong>. Szkolenie sk\u0142ada\u0142o si\u0119 z dw\u00f3ch cz\u0119\u015bci: w pierwszej Marta Ma\u0142ek om\u00f3wi\u0142a rol\u0119 internetu i urz\u0105dze\u0144 ekranowych w \u017cyciu dzieci i m\u0142odzie\u017cy. Przedstawi\u0142a poj\u0119cie dobrostanu cyfrowego i om\u00f3wi\u0142a co zrobi\u0107, aby go osi\u0105gn\u0105\u0107. W kolejnej \u00a0cz\u0119\u015bci Katarzyna Kucharzewska zaprezentowa\u0142a r\u00f3\u017cne metody i techniki relaksacyjne w pracy z uczniem w celu przeciwdzia\u0142ania ich obawom oraz l\u0119kom: bajki i \u0107wiczenia relaksacyjne, uwa\u017cno\u015b\u0107 (mindfulness), metoda self-reg, wizualizacja. Na zako\u0144czenie przedstawi\u0142a literatur\u0119 biblioterapeutyczn\u0105 i materia\u0142y edukacyjne dla nauczycieli (karty pracy, strony internetowe), a tak\u017ce ksi\u0105\u017cki polecane dla uczni\u00f3w.<\/p>\n<p>Prowadz\u0105ce om\u00f3wi\u0142y tak\u017ce sytuacj\u0119 emocjonaln\u0105 dziecka w kryzysie (czas po pandemii, konflikt zbrojny na Ukrainie).<\/p>\n<p>Kolejna wideokonferencja pt. \u201e<strong>Ksi\u0105\u017cka alternatyw\u0105 dla internetu w czasie ferii zimowych\u201d<\/strong> odby\u0142a si\u0119 11 stycznia 2023 roku. W pierwszej cz\u0119\u015bci Marta Ma\u0142ek om\u00f3wi\u0142a nadu\u017cywanie internetu przez dzieci i m\u0142odzie\u017c oraz r\u00f3\u017cne zagro\u017cenia cyfrowego \u015bwiata. Nast\u0119pnie zaprezentowa\u0142a dzia\u0142ania jakie mo\u017cna podj\u0105\u0107 w ramach edukacji na rzecz bezpiecznego i kreatywnego wykorzystania zasob\u00f3w internetu. W drugiej cz\u0119\u015bci szkolenia Katarzyna Kucharzewska zaprezentowa\u0142a warsztat nauczyciela bibliotekarza, czyli ksi\u0105\u017cki biblioterapeutyczne dla uczni\u00f3w, nauczycieli oraz rodzic\u00f3w. Prowadz\u0105ce om\u00f3wi\u0142y tak\u017ce inne materia\u0142y edukacyjne dotycz\u0105ce biblioterapii oraz bezpiecze\u0144stwa dzieci i m\u0142odzie\u017cy dost\u0119pne w internecie.<\/p>\n<p>W szkoleniach wzi\u0119\u0142o udzia\u0142 153 nauczycieli r\u00f3\u017cnych przedmiot\u00f3w oraz nauczycieli bibliotekarzy z Cz\u0119stochowy, powiatu cz\u0119stochowskiego, a tak\u017ce z wielu miast Polski.<\/p>\n<p>Wszystkie dost\u0119pne wiadomo\u015bci na temat biblioterapii oraz wykorzystania ksi\u0105\u017cki do pracy z uczniem znajduj\u0105 si\u0119 w zak\u0142adce <em>Edukacja \u2013 Biblioterapia<\/em> na stronie internetowej PBP RODN \u201eWOM\u201d w Cz\u0119stochowie: <a href=\"http:\/\/www.pbp.womczest.edu.pl\">www.pbp.womczest.edu.pl<\/a>.<\/p>\n<p style=\"text-align: right;\"><em>Tekst i zdj\u0119cia: Katarzyna Kucharzewska<br \/>\n<style id=\"bwg-style-0\">    #bwg_container1_0 #bwg_container2_0 .bwg-container-0.bwg-standard-thumbnails {      width: 904px;              justify-content: center;        margin:0 auto !important;              background-color: rgba(255, 255, 255, 0.00);            padding-left: 4px;      padding-top: 4px;      max-width: 100%;            }        #bwg_container1_0 #bwg_container2_0 .bwg-container-0.bwg-standard-thumbnails .bwg-item {    justify-content: flex-start;      max-width: 180px;            width: 180px !important;          }    #bwg_container1_0 #bwg_container2_0 .bwg-container-0.bwg-standard-thumbnails .bwg-item a {       margin-right: 4px;       margin-bottom: 4px;    }    #bwg_container1_0 #bwg_container2_0 .bwg-container-0.bwg-standard-thumbnails .bwg-item0 {      padding: 0px;            background-color:rgba(255,255,255, 0.30);      border: 0px none #CCCCCC;      opacity: 1.00;      border-radius: 0;      box-shadow: 0px 0px 0px #888888;    }    #bwg_container1_0 #bwg_container2_0 .bwg-container-0.bwg-standard-thumbnails .bwg-item1 img {      max-height: none;      max-width: none;      padding: 0 !important;    }        @media only screen and (min-width: 480px) {      #bwg_container1_0 #bwg_container2_0 .bwg-container-0.bwg-standard-thumbnails .bwg-item0 {        transition: all 0.3s ease 0s;-webkit-transition: all 0.3s ease 0s;      }      #bwg_container1_0 #bwg_container2_0 .bwg-container-0.bwg-standard-thumbnails .bwg-item0:hover {        -ms-transform: scale(1.1);        -webkit-transform: scale(1.1);        transform: scale(1.1);      }    }          #bwg_container1_0 #bwg_container2_0 .bwg-container-0.bwg-standard-thumbnails .bwg-item1 {      padding-top: 50%;    }        #bwg_container1_0 #bwg_container2_0 .bwg-container-0.bwg-standard-thumbnails .bwg-title2,    #bwg_container1_0 #bwg_container2_0 .bwg-container-0.bwg-standard-thumbnails .bwg-ecommerce2 {      color: #CCCCCC;      font-family: segoe ui;      font-size: 16px;      font-weight: bold;      padding: 2px;      text-shadow: 0px 0px 0px #888888;      max-height: 100%;    }    #bwg_container1_0 #bwg_container2_0 .bwg-container-0.bwg-standard-thumbnails .bwg-thumb-description span {    color: #323A45;    font-family: Ubuntu;    font-size: 12px;    max-height: 100%;    word-wrap: break-word;    }    #bwg_container1_0 #bwg_container2_0 .bwg-container-0.bwg-standard-thumbnails .bwg-play-icon2 {      font-size: 32px;    }    #bwg_container1_0 #bwg_container2_0 .bwg-container-0.bwg-standard-thumbnails .bwg-ecommerce2 {      font-size: 19.2px;      color: #CCCCCC;    }    <\/style>    <div id=\"bwg_container1_0\"         class=\"bwg_container bwg_thumbnail bwg_thumbnails \"         data-right-click-protection=\"0\"         data-bwg=\"0\"         data-scroll=\"0\"         data-gallery-type=\"thumbnails\"         data-gallery-view-type=\"thumbnails\"         data-current-url=\"\/new\/wp-json\/wp\/v2\/pages\/21791\"         data-lightbox-url=\"https:\/\/pbp.womczest.edu.pl\/new\/wp-admin\/admin-ajax.php?action=GalleryBox&#038;current_view=0&#038;gallery_id=416&#038;tag=0&#038;theme_id=1&#038;shortcode_id=1009&#038;sort_by=order&#038;order_by=asc&#038;current_url=%2Fnew%2Fwp-json%2Fwp%2Fv2%2Fpages%2F21791\"         data-gallery-id=\"416\"         data-popup-width=\"800\"         data-popup-height=\"500\"         data-is-album=\"gallery\"         data-buttons-position=\"bottom\">      <div id=\"bwg_container2_0\">             <div id=\"ajax_loading_0\" class=\"bwg_loading_div_1\">      <div class=\"bwg_loading_div_2\">        <div class=\"bwg_loading_div_3\">          <div id=\"loading_div_0\" class=\"bwg_spider_ajax_loading\">          <\/div>        <\/div>      <\/div>    <\/div>            <form id=\"gal_front_form_0\"              class=\"bwg-hidden\"              method=\"post\"              action=\"#\"              data-current=\"0\"              data-shortcode-id=\"1009\"              data-gallery-type=\"thumbnails\"              data-gallery-id=\"416\"              data-tag=\"0\"              data-album-id=\"0\"              data-theme-id=\"1\"              data-ajax-url=\"https:\/\/pbp.womczest.edu.pl\/new\/wp-admin\/admin-ajax.php?action=bwg_frontend_data\">          <div id=\"bwg_container3_0\" class=\"bwg-background bwg-background-0\">                <div data-max-count=\"5\"         data-thumbnail-width=\"180\"         data-bwg=\"0\"         data-gallery-id=\"416\"         data-lightbox-url=\"https:\/\/pbp.womczest.edu.pl\/new\/wp-admin\/admin-ajax.php?action=GalleryBox&amp;current_view=0&amp;gallery_id=416&amp;tag=0&amp;theme_id=1&amp;shortcode_id=1009&amp;sort_by=order&amp;order_by=asc&amp;current_url=%2Fnew%2Fwp-json%2Fwp%2Fv2%2Fpages%2F21791\"         id=\"bwg_thumbnails_0\"         class=\"bwg-container-0 bwg-thumbnails bwg-standard-thumbnails bwg-container bwg-border-box\">            <div class=\"bwg-item\">        <a class=\"bwg-a  bwg_lightbox\"  data-image-id=\"6892\" href=\"https:\/\/pbp.womczest.edu.pl\/new\/wp-content\/uploads\/photo-gallery\/2023_video_biblioterapia\/4.jpg?bwg=1674636502\" data-elementor-open-lightbox=\"no\">                <div class=\"bwg-item0 \">          <div class=\"bwg-item1 \">            <div class=\"bwg-item2\">              <img class=\"skip-lazy bwg_standart_thumb_img_0 \"                   data-id=\"6892\"                   data-width=\"300.00\"                   data-height=\"169.00\"                   data-src=\"https:\/\/pbp.womczest.edu.pl\/new\/wp-content\/uploads\/photo-gallery\/2023_video_biblioterapia\/thumb\/4.jpg?bwg=1674636502\"                   src=\"https:\/\/pbp.womczest.edu.pl\/new\/wp-content\/uploads\/photo-gallery\/2023_video_biblioterapia\/thumb\/4.jpg?bwg=1674636502\"                   alt=\"4\"                   title=\"4\" \/>            <\/div>            <div class=\"\">                                                      <\/div>          <\/div>        <\/div>                        <\/a>              <\/div>            <div class=\"bwg-item\">        <a class=\"bwg-a  bwg_lightbox\"  data-image-id=\"6893\" href=\"https:\/\/pbp.womczest.edu.pl\/new\/wp-content\/uploads\/photo-gallery\/2023_video_biblioterapia\/1.jpg?bwg=1674636502\" data-elementor-open-lightbox=\"no\">                <div class=\"bwg-item0 \">          <div class=\"bwg-item1 \">            <div class=\"bwg-item2\">              <img class=\"skip-lazy bwg_standart_thumb_img_0 \"                   data-id=\"6893\"                   data-width=\"300.00\"                   data-height=\"169.00\"                   data-src=\"https:\/\/pbp.womczest.edu.pl\/new\/wp-content\/uploads\/photo-gallery\/2023_video_biblioterapia\/thumb\/1.jpg?bwg=1674636502\"                   src=\"https:\/\/pbp.womczest.edu.pl\/new\/wp-content\/uploads\/photo-gallery\/2023_video_biblioterapia\/thumb\/1.jpg?bwg=1674636502\"                   alt=\"1\"                   title=\"1\" \/>            <\/div>            <div class=\"\">                                                      <\/div>          <\/div>        <\/div>                        <\/a>              <\/div>            <div class=\"bwg-item\">        <a class=\"bwg-a  bwg_lightbox\"  data-image-id=\"6894\" href=\"https:\/\/pbp.womczest.edu.pl\/new\/wp-content\/uploads\/photo-gallery\/2023_video_biblioterapia\/2.jpg?bwg=1674636502\" data-elementor-open-lightbox=\"no\">                <div class=\"bwg-item0 \">          <div class=\"bwg-item1 \">            <div class=\"bwg-item2\">              <img class=\"skip-lazy bwg_standart_thumb_img_0 \"                   data-id=\"6894\"                   data-width=\"300.00\"                   data-height=\"169.00\"                   data-src=\"https:\/\/pbp.womczest.edu.pl\/new\/wp-content\/uploads\/photo-gallery\/2023_video_biblioterapia\/thumb\/2.jpg?bwg=1674636502\"                   src=\"https:\/\/pbp.womczest.edu.pl\/new\/wp-content\/uploads\/photo-gallery\/2023_video_biblioterapia\/thumb\/2.jpg?bwg=1674636502\"                   alt=\"2\"                   title=\"2\" \/>            <\/div>            <div class=\"\">                                                      <\/div>          <\/div>        <\/div>                        <\/a>              <\/div>            <div class=\"bwg-item\">        <a class=\"bwg-a  bwg_lightbox\"  data-image-id=\"6895\" href=\"https:\/\/pbp.womczest.edu.pl\/new\/wp-content\/uploads\/photo-gallery\/2023_video_biblioterapia\/3.jpg?bwg=1674636502\" data-elementor-open-lightbox=\"no\">                <div class=\"bwg-item0 \">          <div class=\"bwg-item1 \">            <div class=\"bwg-item2\">              <img class=\"skip-lazy bwg_standart_thumb_img_0 \"                   data-id=\"6895\"                   data-width=\"300.00\"                   data-height=\"169.00\"                   data-src=\"https:\/\/pbp.womczest.edu.pl\/new\/wp-content\/uploads\/photo-gallery\/2023_video_biblioterapia\/thumb\/3.jpg?bwg=1674636502\"                   src=\"https:\/\/pbp.womczest.edu.pl\/new\/wp-content\/uploads\/photo-gallery\/2023_video_biblioterapia\/thumb\/3.jpg?bwg=1674636502\"                   alt=\"3\"                   title=\"3\" \/>            <\/div>            <div class=\"\">                                                      <\/div>          <\/div>        <\/div>                        <\/a>              <\/div>            <div class=\"bwg-item\">        <a class=\"bwg-a  bwg_lightbox\"  data-image-id=\"6896\" href=\"https:\/\/pbp.womczest.edu.pl\/new\/wp-content\/uploads\/photo-gallery\/2023_video_biblioterapia\/5.jpg?bwg=1674636502\" data-elementor-open-lightbox=\"no\">                <div class=\"bwg-item0 \">          <div class=\"bwg-item1 \">            <div class=\"bwg-item2\">              <img class=\"skip-lazy bwg_standart_thumb_img_0 \"                   data-id=\"6896\"                   data-width=\"300.00\"                   data-height=\"169.00\"                   data-src=\"https:\/\/pbp.womczest.edu.pl\/new\/wp-content\/uploads\/photo-gallery\/2023_video_biblioterapia\/thumb\/5.jpg?bwg=1674636502\"                   src=\"https:\/\/pbp.womczest.edu.pl\/new\/wp-content\/uploads\/photo-gallery\/2023_video_biblioterapia\/thumb\/5.jpg?bwg=1674636502\"                   alt=\"5\"                   title=\"5\" \/>            <\/div>            <div class=\"\">                                                      <\/div>          <\/div>        <\/div>                        <\/a>              <\/div>            <div class=\"bwg-item\">        <a class=\"bwg-a  bwg_lightbox\"  data-image-id=\"6897\" href=\"https:\/\/pbp.womczest.edu.pl\/new\/wp-content\/uploads\/photo-gallery\/2023_video_biblioterapia\/6.jpg?bwg=1674636502\" data-elementor-open-lightbox=\"no\">                <div class=\"bwg-item0 \">          <div class=\"bwg-item1 \">            <div class=\"bwg-item2\">              <img class=\"skip-lazy bwg_standart_thumb_img_0 \"                   data-id=\"6897\"                   data-width=\"300.00\"                   data-height=\"169.00\"                   data-src=\"https:\/\/pbp.womczest.edu.pl\/new\/wp-content\/uploads\/photo-gallery\/2023_video_biblioterapia\/thumb\/6.jpg?bwg=1674636502\"                   src=\"https:\/\/pbp.womczest.edu.pl\/new\/wp-content\/uploads\/photo-gallery\/2023_video_biblioterapia\/thumb\/6.jpg?bwg=1674636502\"                   alt=\"6\"                   title=\"6\" \/>            <\/div>            <div class=\"\">                                                      <\/div>          <\/div>        <\/div>                        <\/a>              <\/div>            <div class=\"bwg-item\">        <a class=\"bwg-a  bwg_lightbox\"  data-image-id=\"6898\" href=\"https:\/\/pbp.womczest.edu.pl\/new\/wp-content\/uploads\/photo-gallery\/2023_video_biblioterapia\/9.jpg?bwg=1674636502\" data-elementor-open-lightbox=\"no\">                <div class=\"bwg-item0 \">          <div class=\"bwg-item1 \">            <div class=\"bwg-item2\">              <img class=\"skip-lazy bwg_standart_thumb_img_0 \"                   data-id=\"6898\"                   data-width=\"300.00\"                   data-height=\"200.00\"                   data-src=\"https:\/\/pbp.womczest.edu.pl\/new\/wp-content\/uploads\/photo-gallery\/2023_video_biblioterapia\/thumb\/9.jpg?bwg=1674636502\"                   src=\"https:\/\/pbp.womczest.edu.pl\/new\/wp-content\/uploads\/photo-gallery\/2023_video_biblioterapia\/thumb\/9.jpg?bwg=1674636502\"                   alt=\"9\"                   title=\"9\" \/>            <\/div>            <div class=\"\">                                                      <\/div>          <\/div>        <\/div>                        <\/a>              <\/div>            <div class=\"bwg-item\">        <a class=\"bwg-a  bwg_lightbox\"  data-image-id=\"6899\" href=\"https:\/\/pbp.womczest.edu.pl\/new\/wp-content\/uploads\/photo-gallery\/2023_video_biblioterapia\/7.jpg?bwg=1674636502\" data-elementor-open-lightbox=\"no\">                <div class=\"bwg-item0 \">          <div class=\"bwg-item1 \">            <div class=\"bwg-item2\">              <img class=\"skip-lazy bwg_standart_thumb_img_0 \"                   data-id=\"6899\"                   data-width=\"169.00\"                   data-height=\"300.00\"                   data-src=\"https:\/\/pbp.womczest.edu.pl\/new\/wp-content\/uploads\/photo-gallery\/2023_video_biblioterapia\/thumb\/7.jpg?bwg=1674636502\"                   src=\"https:\/\/pbp.womczest.edu.pl\/new\/wp-content\/uploads\/photo-gallery\/2023_video_biblioterapia\/thumb\/7.jpg?bwg=1674636502\"                   alt=\"7\"                   title=\"7\" \/>            <\/div>            <div class=\"\">                                                      <\/div>          <\/div>        <\/div>                        <\/a>              <\/div>            <div class=\"bwg-item\">        <a class=\"bwg-a  bwg_lightbox\"  data-image-id=\"6900\" href=\"https:\/\/pbp.womczest.edu.pl\/new\/wp-content\/uploads\/photo-gallery\/2023_video_biblioterapia\/8.jpg?bwg=1674636502\" data-elementor-open-lightbox=\"no\">                <div class=\"bwg-item0 \">          <div class=\"bwg-item1 \">            <div class=\"bwg-item2\">              <img class=\"skip-lazy bwg_standart_thumb_img_0 \"                   data-id=\"6900\"                   data-width=\"169.00\"                   data-height=\"300.00\"                   data-src=\"https:\/\/pbp.womczest.edu.pl\/new\/wp-content\/uploads\/photo-gallery\/2023_video_biblioterapia\/thumb\/8.jpg?bwg=1674636502\"                   src=\"https:\/\/pbp.womczest.edu.pl\/new\/wp-content\/uploads\/photo-gallery\/2023_video_biblioterapia\/thumb\/8.jpg?bwg=1674636502\"                   alt=\"8\"                   title=\"8\" \/>            <\/div>            <div class=\"\">                                                      <\/div>          <\/div>        <\/div>                        <\/a>              <\/div>          <\/div>    <style>      \/*pagination styles*\/      #bwg_container1_0 #bwg_container2_0 .tablenav-pages_0 {\t\t\t\ttext-align: center;\t\t\t\tfont-size: 12px;\t\t\t\tfont-family: segoe ui;\t\t\t\tfont-weight: bold;\t\t\t\tcolor: #666666;\t\t\t\tmargin: 6px 0 4px;\t\t\t\tdisplay: block;      }      @media only screen and (max-width : 320px) {      #bwg_container1_0 #bwg_container2_0 .displaying-num_0 {     \t display: none;      }      }      #bwg_container1_0 #bwg_container2_0 .displaying-num_0 {\t\t\t\tfont-size: 12px;\t\t\t\tfont-family: segoe ui;\t\t\t\tfont-weight: bold;\t\t\t\tcolor: #666666;\t\t\t\tmargin-right: 10px;\t\t\t\tvertical-align: middle;      }      #bwg_container1_0 #bwg_container2_0 .paging-input_0 {\t\t\t\tfont-size: 12px;\t\t\t\tfont-family: segoe ui;\t\t\t\tfont-weight: bold;\t\t\t\tcolor: #666666;\t\t\t\tvertical-align: middle;      }      #bwg_container1_0 #bwg_container2_0 .tablenav-pages_0 a.disabled,      #bwg_container1_0 #bwg_container2_0 .tablenav-pages_0 a.disabled:hover,      #bwg_container1_0 #bwg_container2_0 .tablenav-pages_0 a.disabled:focus,\t\t\t#bwg_container1_0 #bwg_container2_0 .tablenav-pages_0 input.bwg_current_page {\t\t\t\tcursor: default;\t\t\t\tcolor: rgba(102, 102, 102, 0.5);      }      #bwg_container1_0 #bwg_container2_0 .tablenav-pages_0 a,      #bwg_container1_0 #bwg_container2_0 .tablenav-pages_0 input.bwg_current_page {\t\t\t\tcursor: pointer;\t\t\t\ttext-align: center;\t\t\t\tfont-size: 12px;\t\t\t\tfont-family: segoe ui;\t\t\t\tfont-weight: bold;\t\t\t\tcolor: #666666;\t\t\t\ttext-decoration: none;\t\t\t\tpadding: 3px 6px;\t\t\t\tmargin: 0;\t\t\t\tborder-radius: 0;\t\t\t\tborder-style: solid;\t\t\t\tborder-width: 1px;\t\t\t\tborder-color: #E3E3E3;\t\t\t\t\t\t\t\tbackground-color: rgba(255, 255, 255, 1.00);\t\t\t\tbox-shadow: 0;\t\t\t\ttransition: all 0.3s ease 0s;-webkit-transition: all 0.3s ease 0s;      }      <\/style>      <span class=\"bwg_nav_cont_0\">              <div class=\"tablenav-pages_0\">                  <\/div>                <input type=\"hidden\" id=\"page_number_0\" name=\"page_number_0\" value=\"1\" \/>      <script type=\"text\/javascript\">        if( jQuery('.bwg_nav_cont_0').length > 1 ) {          jQuery('.bwg_nav_cont_0').first().remove()        }        function spider_page_0(cur, x, y, load_more) {          if (typeof load_more == \"undefined\") {            var load_more = false;          }          if (jQuery(cur).hasClass('disabled')) {            return false;          }          var items_county_0 = 1;          switch (y) {            case 1:              if (x >= items_county_0) {                document.getElementById('page_number_0').value = items_county_0;              }              else {                document.getElementById('page_number_0').value = x + 1;              }              break;            case 2:              document.getElementById('page_number_0').value = items_county_0;              break;            case -1:              if (x == 1) {                document.getElementById('page_number_0').value = 1;              }              else {                document.getElementById('page_number_0').value = x - 1;              }              break;            case -2:              document.getElementById('page_number_0').value = 1;              break;\t\t\t\t\t\tcase 0:              document.getElementById('page_number_0').value = x;              break;            default:              document.getElementById('page_number_0').value = 1;          }          bwg_ajax('gal_front_form_0', '0', 'bwg_thumbnails_0', '0', '', 'gallery', 0, '', '', load_more, '', 1);        }                    jQuery('.first-page-0').on('click', function () {              spider_page_0(this, 1, -2, 'numeric');              return false;            });            jQuery('.prev-page-0').on('click', function () {              spider_page_0(this, 1, -1, 'numeric');              return false;            });            jQuery('.next-page-0').on('click', function () {              spider_page_0(this, 1, 1, 'numeric');              return false;            });            jQuery('.last-page-0').on('click', function () {              spider_page_0(this, 1, 2, 'numeric');              return false;            });        \t\t\t\t\/* Change page on input enter. *\/        function bwg_change_page_0( e, that ) {          if (  e.key == 'Enter' ) {            var to_page = parseInt(jQuery(that).val());            var pages_count = jQuery(that).parents(\".pagination-links\").data(\"pages-count\");            var current_url_param = jQuery(that).attr('data-url-info');            if (to_page > pages_count) {              to_page = 1;            }\t \t\t\t\t\t\t\t\t\t\t\t\tspider_page_0(this, to_page, 0, 'numeric');\t\t\t\t\t\t\treturn false;\t\t\t\t\t\t          }          return true;        }        jQuery('.bwg_load_btn_0').on('click', function () {            spider_page_0(this, 1, 1, true);            return false;        });      <\/script>      <\/span>                <\/div>        <\/form>        <style>          #bwg_container1_0 #bwg_container2_0 #spider_popup_overlay_0 {          background-color: #000000;          opacity: 0.70;          }          <\/style>        <div id=\"bwg_spider_popup_loading_0\" class=\"bwg_spider_popup_loading\"><\/div>        <div id=\"spider_popup_overlay_0\" class=\"spider_popup_overlay\" onclick=\"spider_destroypopup(1000)\"><\/div>        <input type=\"hidden\" id=\"bwg_random_seed_0\" value=\"865864287\">                <\/div>    <\/div>    <script>      if (document.readyState === 'complete') {        if( typeof bwg_main_ready == 'function' ) {          if ( jQuery(\"#bwg_container1_0\").height() ) {            bwg_main_ready(jQuery(\"#bwg_container1_0\"));          }        }      } else {        document.addEventListener('DOMContentLoaded', function() {          if( typeof bwg_main_ready == 'function' ) {            if ( jQuery(\"#bwg_container1_0\").height() ) {             bwg_main_ready(jQuery(\"#bwg_container1_0\"));            }          }        });      }    <\/script>    \n<\/em><\/p>\n<p>&nbsp;<\/p>\n","protected":false},"excerpt":{"rendered":"<p>Publiczna Biblioteka Pedagogiczna RODN \u201eWOM\u201d w Cz\u0119stochowie realizuje szkolenia, wideokonferencje, warsztaty dla nauczycieli bibliotekarzy z dziedziny biblioterapii, czyli terapii poprzez ksi\u0105\u017ck\u0119 i materia\u0142y czytelnicze. Szkolenia online odbywaj\u0105 si\u0119 na platformie ClickMeeting. 14 listopada 2022 roku w Og\u00f3lnopolskim Dniu Biblioterapii Katarzyna Kucharzewska przeprowadzi\u0142a wideokonferencj\u0119 pt. \u201eBajkoterapia jako metoda wspomagaj\u0105ca rozw\u00f3j oraz wychowanie\u201d. Prowadz\u0105ca przedstawi\u0142a teoretyczne podstawy bajkoterapii \u2013 jednej z dziedzin biblioterapii. Om\u00f3wi\u0142a jej rol\u0119 w rozwoju oraz wychowaniu dziecka w<span class=\"ellipsis\">&hellip;<\/span><\/p>\n<div class=\"read-more\"><a href=\"https:\/\/pbp.womczest.edu.pl\/new\/wideokonferencje-z-biblioterapii-2\/\">Czytaj wi\u0119cej &#8250;<\/a><\/div>\n<p><!-- end of .read-more --><\/p>\n","protected":false},"author":5,"featured_media":0,"parent":0,"menu_order":0,"comment_status":"closed","ping_status":"closed","template":"","meta":{"footnotes":""},"jetpack_sharing_enabled":true,"jetpack_shortlink":"https:\/\/wp.me\/PgmV4H-5Ft","_links":{"self":[{"href":"https:\/\/pbp.womczest.edu.pl\/new\/wp-json\/wp\/v2\/pages\/21791"}],"collection":[{"href":"https:\/\/pbp.womczest.edu.pl\/new\/wp-json\/wp\/v2\/pages"}],"about":[{"href":"https:\/\/pbp.womczest.edu.pl\/new\/wp-json\/wp\/v2\/types\/page"}],"author":[{"embeddable":true,"href":"https:\/\/pbp.womczest.edu.pl\/new\/wp-json\/wp\/v2\/users\/5"}],"replies":[{"embeddable":true,"href":"https:\/\/pbp.womczest.edu.pl\/new\/wp-json\/wp\/v2\/comments?post=21791"}],"version-history":[{"count":3,"href":"https:\/\/pbp.womczest.edu.pl\/new\/wp-json\/wp\/v2\/pages\/21791\/revisions"}],"predecessor-version":[{"id":21880,"href":"https:\/\/pbp.womczest.edu.pl\/new\/wp-json\/wp\/v2\/pages\/21791\/revisions\/21880"}],"wp:attachment":[{"href":"https:\/\/pbp.womczest.edu.pl\/new\/wp-json\/wp\/v2\/media?parent=21791"}],"curies":[{"name":"wp","href":"https:\/\/api.w.org\/{rel}","templated":true}]}}