


{"id":21546,"date":"2022-11-16T10:18:56","date_gmt":"2022-11-16T09:18:56","guid":{"rendered":"https:\/\/pbp.womczest.edu.pl\/new\/?page_id=21546"},"modified":"2023-03-29T10:27:16","modified_gmt":"2023-03-29T08:27:16","slug":"przeglad-piesni-i-piosenek-gornego-slaska-relacja","status":"publish","type":"page","link":"https:\/\/pbp.womczest.edu.pl\/new\/przeglad-piesni-i-piosenek-gornego-slaska-relacja\/","title":{"rendered":"Przegl\u0105d Pie\u015bni i Piosenek G\u00f3rnego \u015al\u0105ska"},"content":{"rendered":"<p><a href=\"https:\/\/pbp.womczest.edu.pl\/new\/wp-content\/uploads\/2022\/10\/logo_przeglad_2022.png\"><img decoding=\"async\" loading=\"lazy\" class=\"aligncenter wp-image-21277\" src=\"https:\/\/pbp.womczest.edu.pl\/new\/wp-content\/uploads\/2022\/10\/logo_przeglad_2022.png\" alt=\"\" width=\"229\" height=\"220\" srcset=\"https:\/\/pbp.womczest.edu.pl\/new\/wp-content\/uploads\/2022\/10\/logo_przeglad_2022.png 733w, https:\/\/pbp.womczest.edu.pl\/new\/wp-content\/uploads\/2022\/10\/logo_przeglad_2022-300x288.png 300w, https:\/\/pbp.womczest.edu.pl\/new\/wp-content\/uploads\/2022\/10\/logo_przeglad_2022-100x96.png 100w, https:\/\/pbp.womczest.edu.pl\/new\/wp-content\/uploads\/2022\/10\/logo_przeglad_2022-150x144.png 150w, https:\/\/pbp.womczest.edu.pl\/new\/wp-content\/uploads\/2022\/10\/logo_przeglad_2022-200x192.png 200w, https:\/\/pbp.womczest.edu.pl\/new\/wp-content\/uploads\/2022\/10\/logo_przeglad_2022-450x432.png 450w, https:\/\/pbp.womczest.edu.pl\/new\/wp-content\/uploads\/2022\/10\/logo_przeglad_2022-600x575.png 600w\" sizes=\"(max-width: 229px) 100vw, 229px\" \/><\/a><\/p>\n<p>W 2022 roku Publiczna Biblioteka Pedagogiczna Regionalnego O\u015brodka Doskonalenia Nauczycieli \u201eWOM\u201d w Cz\u0119stochowie i Miejskie Przedszkole nr 25 im. Przyjaci\u00f3\u0142 Kubusia Puchatka w Cz\u0119stochowie zorganizowa\u0142y po raz pi\u0105ty Przegl\u0105d Pie\u015bni i Piosenki skierowany do dzieci sze\u015bcioletnich z terenu miasta Cz\u0119stochowy i powiatu cz\u0119stochowskiego, lublinieckiego i k\u0142obuckiego. Ka\u017cda z dotychczasowych edycji upami\u0119tnia\u0142a wa\u017cne wydarzenia zwi\u0105zane z histori\u0105 i kultur\u0105 Polski lub regionu. W zwi\u0105zku z rocznic\u0105 100-lecia przy\u0142\u0105czenia G\u00f3rnego \u015al\u0105ska do Polski obie plac\u00f3wki w\u0142\u0105czy\u0142y si\u0119 r\u00f3wnie\u017c w\u00a0 obchody i promocj\u0119 tych wydarze\u0144. Tegoroczna edycja konkursu mia\u0142a na celu upami\u0119tni\u0107 ten wa\u017cny, historyczny jubileusz. Repertuar muzyczny obejmowa\u0142 wi\u0119c piosenki i pie\u015bni zwi\u0105zane z G\u00f3rnym \u015al\u0105skiem.<\/p>\n<p>Organizatorami Przegl\u0105du Pie\u015bni i\u00a0Piosenek G\u00f3rnego \u015al\u0105ska by\u0142a Publiczna Biblioteka Pedagogiczna Regionalnego O\u015brodka Doskonalenia Nauczycieli \u201eWOM\u201d w\u00a0Cz\u0119stochowie i\u00a0Miejskie Przedszkola nr\u00a025 im.\u00a0Przyjaci\u00f3\u0142 Kubusia Puchatka w\u00a0Cz\u0119stochowie. Patronat honorowy nad\u00a0konkursem obj\u0105\u0142 Dyrektor Oddzia\u0142u Instytutu Pami\u0119ci Narodowej w\u00a0Katowicach.<\/p>\n<p>Do\u00a0organizacji i\u00a0przebiegu imprezy zaanga\u017cowali si\u0119 nauczyciele bibliotekarze PBP RODN \u201eWOM\u201d \u2013 dr\u00a0Agata Arkabus i\u00a0 Anna P\u0142usa oraz\u00a0nauczyciele MP nr\u00a025\u00a0 \u2013 dyrektor plac\u00f3wki Ma\u0142gorzata Stachurska i\u00a0Iwona Ledwo\u0144.<\/p>\n<p>Cele konkursu obejmowa\u0142y:<\/p>\n<ul>\n<li>Wspieranie integralnego rozwoju dzieci w\u00a0zakresie tw\u00f3rczo\u015bci artystycznej poprzez umo\u017cliwienie prezentacji ich umiej\u0119tno\u015bci wokalnych.<\/li>\n<li>Popularyzacja pie\u015bni i\u00a0piosenek o\u00a0G\u00f3rnym \u015al\u0105sku, jego miastach, historii, tradycji (piosenki i\u00a0pie\u015bni ludowe, tradycyjne, patriotyczne i\u00a0inne).<\/li>\n<li>Upami\u0119tnienie 100-lecia w\u0142\u0105czenia G\u00f3rnego \u015al\u0105ska do\u00a0Polski.<\/li>\n<li>Zach\u0119cenie dzieci i\u00a0m\u0142odzie\u017cy do\u00a0piel\u0119gnowania tradycji i\u00a0kulturowego dziedzictwa narodowego.<\/li>\n<li>Kszta\u0142towanie w\u015br\u00f3d dzieci postaw prioregionalnych oraz\u00a0przywi\u0105zania do\u00a0Ojczyzny i<\/li>\n<\/ul>\n<p>Przegl\u0105d Pie\u015bni i Piosenek G\u00f3rnego \u015al\u0105ska odby\u0142 si\u0119 15 listopada 2022 r. w Auli Forum Regionalnego O\u015brodka Doskonalenia Nauczycieli \u201eWOM\u201d w Cz\u0119stochowie. W komisji konkursowej pi\u0105tej edycji konkursu zasiedli specjali\u015bci, nauczyciele i arty\u015bci zwi\u0105zani z dzia\u0142alno\u015bci\u0105 muzyczn\u0105 i prac\u0105 dydaktyczn\u0105 z dzie\u0107mi i m\u0142odzie\u017cy:<\/p>\n<p>Piotr Hankus \u2013 przewodnicz\u0105cy komisji konkursowej; wieloletni solista Zespo\u0142u Pie\u015bni Ta\u0144ca \u201e\u015al\u0105sk\u201d. Specjalista ds.\u00a0edukacyjnych, pracownik \u015al\u0105skiego Centrum Edukacji Regionalnej w\u00a0Kosz\u0119cinie. Piotr Hankus prowadzi warsztaty wokalne, taneczne i\u00a0teatralne skierowane do\u00a0dzieci i\u00a0m\u0142odzie\u017cy. W\u00a02015 r. zosta\u0142 uhonorowany tytu\u0142em Mistrza Mowy Polskiej.<\/p>\n<p>Barbara Hrabia \u2013 cz\u0142onek komisji; nauczyciel i\u00a0pedagog Zespo\u0142u Szk\u00f3\u0142 Muzycznych im.\u00a0Marcina J\u00f3zefa \u017bebrowskiego w\u00a0Cz\u0119stochowie. Prowadzi zaj\u0119cia improwizacji fortepianowej i\u00a0fortepianu. Wieloletnia autorka i\u00a0organizatorka cyklicznych audycji muzycznych skierowanych do\u00a0dzieci takich jak:\u00a0<em>Obrazki muzyczne<\/em>\u00a0czy\u00a0<em>Tanecznym krokiem<\/em>.<\/p>\n<p>Joanna Szczerba \u2013 pianistka, gitarzystka, nauczyciel rytmiki. Absolwentka Zespo\u0142u Szk\u00f3\u0142 Muzycznych im.\u00a0Marcina J\u00f3zefa \u017bebrowskiego w\u00a0Cz\u0119stochowie oraz\u00a0Akademii Jana D\u0142ugosza w\u00a0Cz\u0119stochowie. Od\u00a0wielu lat prowadzi zaj\u0119cia rytmiczne i\u00a0umuzykalniaj\u0105ce dla dzieci.<\/p>\n<p>W\u00a0Przegl\u0105dzie Pie\u015bni i\u00a0Piosenek G\u00f3rnego \u015al\u0105ska uczestniczy\u0142y dzieci z\u00a0przedszkoli i\u00a0oddzia\u0142\u00f3w przedszkolnych\u00a0 Cz\u0119stochowy, powiatu cz\u0119stochowskiego, k\u0142obuckiego i\u00a0lublinieckiego. Zwyci\u0119zcami konkursu zostali:<\/p>\n<ul>\n<li>I\u00a0miejsce: Zofia B\u0142och \u2013 Publiczne Przedszkole Si\u00f3str Nazaretanek im.\u00a0\u015aw. Rodziny w\u00a0Cz\u0119stochowie, \u201eUwierz Polsko\u201d.<\/li>\n<li>II\u00a0miejsce: Zofia Jachura \u2013 Przedszkole w\u00a0Hucie Starej A, \u201eKarolinka\u201d.<\/li>\n<li>III miejsce: Anna Pilarska \u2013 Miejskie Przedszkole Integracyjne nr\u00a032 w\u00a0Cz\u0119stochowie, \u201ePosz\u0142a Karolinka do\u00a0Gogolina\u201d.<\/li>\n<li>Wyr\u00f3\u017cnienia:<br \/>\n\u2013 Alicja Roman \u2013 Miejskie Przedszkole nr\u00a08 \u2013 Oddzia\u0142y Zamiejscowe w\u00a0Cz\u0119stochowie, \u201eZasiali g\u00f3rale\u201d.<br \/>\n\u2013 Maksym Pacura \u2013 Niepubliczne Przedszkole J\u0119zykowe Zgromadzenia Si\u00f3str C\u00f3rek Maryi z\u00a0Pesche p.w. Matki Bo\u017cej Dobrej Rady w\u00a0Cz\u0119stochowie, \u201eOd Bytomia bita droga\u201d.<br \/>\n\u2013 Pola Kancerek \u2013 Miejskie Przedszkole nr\u00a025 im.\u00a0Przyjaci\u00f3\u0142 Kubusia Puchatka w\u00a0Cz\u0119stochowie, \u201eKarolinka\u201d.<br \/>\n\u2013 Alicja Lipa \u2013 Miejskie Przedszkole Integracyjne nr\u00a042 w\u00a0Cz\u0119stochowie, \u201eJa kocham G\u00f3rny \u015al\u0105sk\u201d.<br \/>\n\u2013 Oskar P\u0142onka \u2013 Przedszkole Miejskie nr\u00a02 w\u00a0Lubli\u0144cu \u201eGdzie\u017ce\u015b ty\u00a0bywa\u0142\u201d ze\u00a0zbioru\u00a0<em>Pie\u015bni Ludu Polskiego w\u00a0G\u00f3rnym \u015al\u0105sku.<\/em><\/li>\n<\/ul>\n<p>Zwyci\u0119zcy otrzymali dyplomy i\u00a0nagrody rzeczowe ufundowane przez\u00a0Dyrektora Oddzia\u0142u Instytutu Pami\u0119ci Narodowej w\u00a0Katowicach, Zesp\u00f3\u0142 Pie\u015bni i\u00a0Ta\u0144ca \u201e\u015al\u0105sk\u201d im.\u00a0Stanis\u0142awa Hadyny w\u00a0Kosz\u0119cinie oraz\u00a0Miejskie Przedszkole nr\u00a025 im.\u00a0Przyjaci\u00f3\u0142 Kubusia Puchatka w\u00a0Cz\u0119stochowie.<\/p>\n<p>Podczas konkursu dzieci, nauczyciele oraz\u00a0rodzice mogli pos\u0142ucha\u0107 i\u00a0obejrze\u0107 filmy promuj\u0105ce wojew\u00f3dztwo \u015bl\u0105skie, a\u00a0tak\u017ce pozna\u0107 gwar\u0119 \u015bl\u0105sk\u0105 na\u00a0przyk\u0142adzie bajki o\u00a0Czerwonym Kapturku. Organizatorzy dzi\u0119kuj\u0105 wszystkim uczestnikom, nauczycielom i\u00a0rodzicom za\u00a0uczestnictwo w\u00a0Przegl\u0105dzie Pie\u015bni i\u00a0Piosenek G\u00f3rnego \u015al\u0105ska oraz\u00a0komisji konkursowej za\u00a0prac\u0119, wk\u0142ad merytoryczny i\u00a0fachow\u0105 wiedz\u0119, kt\u00f3ra\u00a0przyczyni\u0142a si\u0119 do\u00a0wy\u0142onienia zwyci\u0119zc\u00f3w.<\/p>\n<p style=\"text-align: right;\"><em>Tekst: dr\u00a0Agata Arkabus, zdj\u0119cia: Izabela Bajor<\/em><\/p>\n","protected":false},"excerpt":{"rendered":"<p>W 2022 roku Publiczna Biblioteka Pedagogiczna Regionalnego O\u015brodka Doskonalenia Nauczycieli \u201eWOM\u201d w Cz\u0119stochowie i Miejskie Przedszkole nr 25 im. Przyjaci\u00f3\u0142 Kubusia Puchatka w Cz\u0119stochowie zorganizowa\u0142y po raz pi\u0105ty Przegl\u0105d Pie\u015bni i Piosenki skierowany do dzieci sze\u015bcioletnich z terenu miasta Cz\u0119stochowy i powiatu cz\u0119stochowskiego, lublinieckiego i k\u0142obuckiego. Ka\u017cda z dotychczasowych edycji upami\u0119tnia\u0142a wa\u017cne wydarzenia zwi\u0105zane z histori\u0105 i kultur\u0105 Polski lub regionu. W zwi\u0105zku z rocznic\u0105 100-lecia przy\u0142\u0105czenia G\u00f3rnego \u015al\u0105ska do<span class=\"ellipsis\">&hellip;<\/span><\/p>\n<div class=\"read-more\"><a href=\"https:\/\/pbp.womczest.edu.pl\/new\/przeglad-piesni-i-piosenek-gornego-slaska-relacja\/\">Czytaj wi\u0119cej &#8250;<\/a><\/div>\n<p><!-- end of .read-more --><\/p>\n","protected":false},"author":6,"featured_media":0,"parent":0,"menu_order":0,"comment_status":"closed","ping_status":"closed","template":"","meta":{"footnotes":""},"jetpack_sharing_enabled":true,"jetpack_shortlink":"https:\/\/wp.me\/PgmV4H-5Bw","_links":{"self":[{"href":"https:\/\/pbp.womczest.edu.pl\/new\/wp-json\/wp\/v2\/pages\/21546"}],"collection":[{"href":"https:\/\/pbp.womczest.edu.pl\/new\/wp-json\/wp\/v2\/pages"}],"about":[{"href":"https:\/\/pbp.womczest.edu.pl\/new\/wp-json\/wp\/v2\/types\/page"}],"author":[{"embeddable":true,"href":"https:\/\/pbp.womczest.edu.pl\/new\/wp-json\/wp\/v2\/users\/6"}],"replies":[{"embeddable":true,"href":"https:\/\/pbp.womczest.edu.pl\/new\/wp-json\/wp\/v2\/comments?post=21546"}],"version-history":[{"count":5,"href":"https:\/\/pbp.womczest.edu.pl\/new\/wp-json\/wp\/v2\/pages\/21546\/revisions"}],"predecessor-version":[{"id":22832,"href":"https:\/\/pbp.womczest.edu.pl\/new\/wp-json\/wp\/v2\/pages\/21546\/revisions\/22832"}],"wp:attachment":[{"href":"https:\/\/pbp.womczest.edu.pl\/new\/wp-json\/wp\/v2\/media?parent=21546"}],"curies":[{"name":"wp","href":"https:\/\/api.w.org\/{rel}","templated":true}]}}