


{"id":21439,"date":"2022-10-27T12:16:01","date_gmt":"2022-10-27T10:16:01","guid":{"rendered":"https:\/\/pbp.womczest.edu.pl\/new\/?page_id=21439"},"modified":"2022-11-25T12:12:09","modified_gmt":"2022-11-25T11:12:09","slug":"dyktus-2022-3","status":"publish","type":"page","link":"https:\/\/pbp.womczest.edu.pl\/new\/dyktus-2022-3\/","title":{"rendered":"Dyktu\u015b 2022"},"content":{"rendered":"<p>Po dw\u00f3ch latach przerwy spowodowanej pandemi\u0105 i zwi\u0105zanymi z ni\u0105 ograniczeniami mogli\u015bmy powr\u00f3ci\u0107 do organizacji\u00a0<em>Miejskiego konkursu ortograficznego dla uczni\u00f3w klas trzecich cz\u0119stochowskich szk\u00f3\u0142 podstawowych<\/em>.<\/p>\n<p>Wreszcie <em>Dyktu\u015b<\/em> doczeka\u0142 si\u0119 pe\u0142noletnio\u015bci i 12 maja 2022 roku szkolni Mistrzowie i Wicemistrzowie ortografii przyst\u0105pili do zmaga\u0144 fina\u0142owych.<\/p>\n<p>Do\u00a0udzia\u0142u w\u00a0konkursie zg\u0142osi\u0142o si\u0119 37 uczni\u00f3w z\u00a020 szk\u00f3\u0142 podstawowych. W\u00a0Auli \u201eForum\u201d Regionalnego O\u015brodka Doskonalenia Nauczycieli \u201eWOM\u201d, po\u00a0powitaniu przez\u00a0wicedyrektora ds.\u00a0Bibliotek Pedagogicznych Publicznej Biblioteki Pedagogicznej \u2013 Renat\u0119 Lipniewsk\u0105, uczniowie rozpocz\u0119li pisanie dyktanda. Jak ka\u017cdego roku tekst dyktanda znajdowa\u0142 si\u0119 w\u00a0zabezpieczonej kopercie, kt\u00f3r\u0105 komisyjnie otwarto przy wszystkich uczniach. Zmagania trwa\u0142y ponad godzin\u0119. Po napisaniu pracy uczniowie zostali pocz\u0119stowani wypiekami ufundowanymi przez Zak\u0142ad Cukierniczy <em>Micha\u015b<\/em> w Cz\u0119stochowie.<\/p>\n<p>Rozstrzygni\u0119cie konkursu, wr\u0119czenie dyplom\u00f3w i\u00a0nagr\u00f3d \u00a0odby\u0142o si\u0119 30 maja 2022 roku. Licznie przybyli na nie uczniowie, nauczyciele, rodzice, dziadkowie i opiekunowie. Obecni tak\u017ce byli \u2013 dyrektor Szko\u0142y Podstawowej nr 11 im. Marii D\u0105browskiej w Cz\u0119stochowie Pani Marzena Michalska oraz Pani Magdalena Krzemi\u0144ska \u2013 dyrektor Szko\u0142y Podstawowej im. Henryka Sienkiewicza nr\u00a014 w\u00a0Cz\u0119stochowie. Wszystkich przyby\u0142ych powita\u0142a Pani Renata Lipniewska \u2013 wicedyrektor Regionalnego O\u015brodka Doskonalenia Nauczycieli \u201eWOM\u201d w Cz\u0119stochowie ds. bibliotek pedagogicznych.<\/p>\n<p>Spotkanie rozpocz\u0105\u0142 wyst\u0119p wokalny uczennic ze\u00a0Szko\u0142y Podstawowej nr\u00a014 w\u00a0Cz\u0119stochowie.<\/p>\n<p>Kolejnym punktem spotkania by\u0142o odczytanie tekstu tegorocznego dyktanda. Jak ka\u017cdego roku, dyktando by\u0142o bardzo trudne. Jednak okaza\u0142o si\u0119, \u017ce Finalistom nie przeszkodzi\u0142 czas nauki w trybie online, bowiem dwie prace napisane by\u0142y bez b\u0142\u0119du ortograficznego, a w kolejnej pope\u0142niony zosta\u0142 tylko jeden. Wszystkie nagrodzone prace te\u017c mo\u017cna zaliczy\u0107 do wy\u015bmienitych. Dziesi\u0119ciu nagrodzonych Laureat\u00f3w dzieli\u0142y bardzo ma\u0142e r\u00f3\u017cnice punktowe. Skala trudno\u015bci odczytanego tekstu, jak zawsze, zrobi\u0142a du\u017ce wra\u017cenie na\u00a0osobach doros\u0142ych.<\/p>\n<p>Wszystkim uczestnikom wr\u0119czono dyplomy, nauczycielom podzi\u0119kowania, a dziesi\u0119ciu Laureatom gratulacje i nagrody. \u00a0Fundatorem ksi\u0105\u017ckowych upomink\u00f3w by\u0142\u00a0Prezydent Miasta Cz\u0119stochowy Krzysztof Matyjaszczyk, pod\u00a0kt\u00f3rego\u00a0patronatem odbywa si\u0119 ju\u017c kolejna edycja konkursu.<\/p>\n<p>A\u00a0oto nagrodzeni w XVIII edycji <em>Miejskiego konkursu<\/em> <em>ortograficznego dla uczni\u00f3w klas trzecich cz\u0119stochowskich szk\u00f3\u0142 podstawowych<\/em> <strong><em>Dyktu\u015b 2022<\/em><\/strong>.<\/p>\n<p><strong>Mistrz Ortografii<\/strong><\/p>\n<p><strong>Ewa Grabowska<\/strong>\u00a0\u2013 Szko\u0142a Podstawowa nr\u00a049 im.\u00a0Janusza Kusoci\u0144skiego w\u00a0Cz\u0119stochowie<\/p>\n<p><strong>Wicemistrz Ortografii<\/strong><\/p>\n<p><strong>Micha\u0142 Chabros \u2013\u00a0<\/strong>Szko\u0142a Podstawowa nr 16 im. Boles\u0142awa Chrobrego w\u00a0Cz\u0119stochowie<\/p>\n<p><strong>Maja Lamch \u2013\u00a0<\/strong>Szko\u0142a Podstawowa nr\u00a011 im. Marii D\u0105browskiej w\u00a0Cz\u0119stochowie<\/p>\n<p><strong>Wyr\u00f3\u017cnienia<\/strong><\/p>\n<p><strong>Zofia Toto\u015b \u2013\u00a0<\/strong>Szko\u0142a Podstawowa nr\u00a036 im.\u00a0Polskich Olimpijczyk\u00f3w w\u00a0Cz\u0119stochowie<\/p>\n<p><strong>Hubert Berski \u2013\u00a0<\/strong>Szko\u0142a Podstawowa nr\u00a053 z Oddzia\u0142ami Integracyjnymi w\u00a0Cz\u0119stochowie<\/p>\n<p><strong>Tymoteusz Lipi\u0144ski \u2013\u00a0<\/strong><strong>Spo\u0142eczna<\/strong> Szko\u0142a Podstawowa nr\u00a02 im. Z. Herberta w\u00a0Cz\u0119stochowie<\/p>\n<p><strong>Nina Szl\u0119zak \u2013\u00a0<\/strong>Szko\u0142a Podstawowa nr\u00a054 z Oddzia\u0142ami Integracyjnymi w\u00a0Cz\u0119stochowie<\/p>\n<p><strong>Kacper Bieda \u2013\u00a0<\/strong>Szko\u0142a Podstawowa nr\u00a014 im.\u00a0Henryka Sienkiewicza w\u00a0Cz\u0119stochowie<\/p>\n<p><strong>Emilia T<\/strong><strong>\u00fa<\/strong><strong>pac Szafert \u2013\u00a0<\/strong>Szko\u0142a Podstawowa nr 52 im. Ma\u0142ego Powsta\u0144ca w\u00a0Cz\u0119stochowie<\/p>\n<p><strong>Lena Por\u0119bi\u0144ska \u2013\u00a0<\/strong>Szko\u0142a Podstawowa nr\u00a032 im.\u00a0J. Dudy-Gracza w\u00a0Cz\u0119stochowie<\/p>\n<p><a href=\"https:\/\/pbp.womczest.edu.pl\/new\/wp-content\/uploads\/2022\/10\/Dyktus-2022.doc\">Tekst dyktanda<\/a><\/p>\n<p>Wszystkim Uczniom gratulujemy i\u00a0dzi\u0119kujemy za\u00a0udzia\u0142 w\u00a0<strong><em>Dyktusiu 2022<\/em><\/strong>. Dzi\u0119kujemy Nauczycielom za\u00a0przygotowanie dzieci do\u00a0zmaga\u0144 ortograficznych.<\/p>\n<p>Organizatorzy<\/p>\n<p><a href=\"https:\/\/pbp.womczest.edu.pl\/new\/galeria\/miejski-konkurs-ortograficzny-dla-uczniow-klas-trzecich-czestochowskich-szkol-podstawowych-dyktus-2022\/\">galeria<\/a><\/p>\n<p>&nbsp;<\/p>\n","protected":false},"excerpt":{"rendered":"<p>Po dw\u00f3ch latach przerwy spowodowanej pandemi\u0105 i zwi\u0105zanymi z ni\u0105 ograniczeniami mogli\u015bmy powr\u00f3ci\u0107 do organizacji\u00a0Miejskiego konkursu ortograficznego dla uczni\u00f3w klas trzecich cz\u0119stochowskich szk\u00f3\u0142 podstawowych. Wreszcie Dyktu\u015b doczeka\u0142 si\u0119 pe\u0142noletnio\u015bci i 12 maja 2022 roku szkolni Mistrzowie i Wicemistrzowie ortografii przyst\u0105pili do zmaga\u0144 fina\u0142owych. Do\u00a0udzia\u0142u w\u00a0konkursie zg\u0142osi\u0142o si\u0119 37 uczni\u00f3w z\u00a020 szk\u00f3\u0142 podstawowych. W\u00a0Auli \u201eForum\u201d Regionalnego O\u015brodka Doskonalenia Nauczycieli \u201eWOM\u201d, po\u00a0powitaniu przez\u00a0wicedyrektora ds.\u00a0Bibliotek Pedagogicznych Publicznej Biblioteki Pedagogicznej \u2013 Renat\u0119 Lipniewsk\u0105, uczniowie<span class=\"ellipsis\">&hellip;<\/span><\/p>\n<div class=\"read-more\"><a href=\"https:\/\/pbp.womczest.edu.pl\/new\/dyktus-2022-3\/\">Czytaj wi\u0119cej &#8250;<\/a><\/div>\n<p><!-- end of .read-more --><\/p>\n","protected":false},"author":6,"featured_media":0,"parent":0,"menu_order":0,"comment_status":"closed","ping_status":"closed","template":"","meta":{"footnotes":""},"jetpack_sharing_enabled":true,"jetpack_shortlink":"https:\/\/wp.me\/PgmV4H-5zN","_links":{"self":[{"href":"https:\/\/pbp.womczest.edu.pl\/new\/wp-json\/wp\/v2\/pages\/21439"}],"collection":[{"href":"https:\/\/pbp.womczest.edu.pl\/new\/wp-json\/wp\/v2\/pages"}],"about":[{"href":"https:\/\/pbp.womczest.edu.pl\/new\/wp-json\/wp\/v2\/types\/page"}],"author":[{"embeddable":true,"href":"https:\/\/pbp.womczest.edu.pl\/new\/wp-json\/wp\/v2\/users\/6"}],"replies":[{"embeddable":true,"href":"https:\/\/pbp.womczest.edu.pl\/new\/wp-json\/wp\/v2\/comments?post=21439"}],"version-history":[{"count":3,"href":"https:\/\/pbp.womczest.edu.pl\/new\/wp-json\/wp\/v2\/pages\/21439\/revisions"}],"predecessor-version":[{"id":21651,"href":"https:\/\/pbp.womczest.edu.pl\/new\/wp-json\/wp\/v2\/pages\/21439\/revisions\/21651"}],"wp:attachment":[{"href":"https:\/\/pbp.womczest.edu.pl\/new\/wp-json\/wp\/v2\/media?parent=21439"}],"curies":[{"name":"wp","href":"https:\/\/api.w.org\/{rel}","templated":true}]}}