


{"id":21415,"date":"2022-10-26T12:14:26","date_gmt":"2022-10-26T10:14:26","guid":{"rendered":"https:\/\/pbp.womczest.edu.pl\/new\/?page_id=21415"},"modified":"2022-10-26T12:14:53","modified_gmt":"2022-10-26T10:14:53","slug":"21415-2","status":"publish","type":"page","link":"https:\/\/pbp.womczest.edu.pl\/new\/21415-2\/","title":{"rendered":"Noc Bibliotek 2022 &#8211; \u201eTo si\u0119 musi powie\u015b\u0107\u201d"},"content":{"rendered":"<p><strong>W\u00a0sobot\u0119 1 pa\u017adziernika 2022 r. w\u00a0Publicznej Bibliotece Pedagogicznej RODN \u201eWOM\u201d w\u00a0Cz\u0119stochowie odby\u0142o si\u0119 VIII wydanie\u00a0og\u00f3lnopolskiej akcji Noc Bibliotek pod\u00a0has\u0142em \u201eTo si\u0119 musi powie\u015b\u0107\u201d.<\/strong><\/p>\n<p>Noc Bibliotek to\u00a0og\u00f3lnopolska akcja przekonuj\u0105ca do\u00a0czytania poprzez promocj\u0119 lokalnych bibliotek jako najbli\u017cszych miejsc spotka\u0144 z\u00a0kultur\u0105, z\u00a0r\u00f3\u017cnorodnymi zasobami i\u00a0bezp\u0142atn\u0105 ofert\u0105 dla spo\u0142eczno\u015bci, sprzyjaj\u0105cych wymianie idei i\u00a0integracji.<\/p>\n<p>Akcj\u0119 zainicjowa\u0142o Centrum Edukacji Obywatelskiej pod\u00a0patronatem Biblioteki Narodowej, z\u00a0udzia\u0142em wsp\u00f3\u0142organizator\u00f3w \u2013 Fundacji ABCXXI \u2013 Ca\u0142a Polska czyta dzieciom oraz\u00a0Fundacji Rozwoju Spo\u0142ecze\u0144stwa Informacyjnego, a\u00a0tak\u017ce licznych partner\u00f3w i\u00a0patron\u00f3w, np.\u00a0Wydawnictwo Platon.<\/p>\n<p>Spotkanie rozpocz\u0119\u0142o si\u0119 o\u00a0godzinie 16.30 powitaniem uczestnik\u00f3w oraz\u00a0projekcj\u0105 filmu \u201eBiuro Detektywistyczne Lassego i\u00a0Mai. Pierwsza tajemnica\u201d w\u00a0Auli Forum Regionalnego O\u015brodka Doskonalenia Nauczycieli \u201eWOM\u201d w\u00a0Cz\u0119stochowie.<\/p>\n<p>Po\u00a0projekcji filmu na\u00a0uczestnik\u00f3w czeka\u0142 bogaty program zaj\u0119\u0107 zwi\u0105zanych tematycznie z\u00a0tegorocznym has\u0142em akcji \u201eTo si\u0119 musi powie\u015b\u0107\u201d oraz\u00a0wiele innych atrakcji.<\/p>\n<p><strong>Powie\u015b powie\u015b\u0107!\u00a0<\/strong>Podczas zaj\u0119\u0107 uczestnicy mieli okazj\u0119 wys\u0142ucha\u0107 ciekawych fragment\u00f3w powie\u015bci znanych polskich i\u00a0zagranicznych pisarzy. G\u0142\u00f3wnym zadaniem uczni\u00f3w\u00a0 podczas tego spotkania by\u0142o dopasowanie ok\u0142adki do\u00a0danej powie\u015bci. Poprawno\u015b\u0107 wykonanego zadania uczestnicy mieli mo\u017cliwo\u015b\u0107 sprawdzi\u0107 poprzez wykorzystanie aplikacji \u201ePlickers\u201d. Finaln\u0105 rywalizacj\u0105 uczestnik\u00f3w by\u0142o rozszyfrowanie czytelniczego has\u0142a.<\/p>\n<p><strong>Czy\u00a0znam bohater\u00f3w powie\u015bci?<\/strong>\u00a0To\u00a0interaktywne zaj\u0119cia czytelnicze z\u00a0wykorzystaniem tablet\u00f3w sprawdzaj\u0105ce znajomo\u015b\u0107 powie\u015bciowych bohater\u00f3w. Zaj\u0119cia te\u00a0opiera\u0142y si\u0119 na\u00a0metodyce grywalizacji i\u00a0polega\u0142y na\u00a0rozwi\u0105zywania cyklu \u0107wicze\u0144 czytelniczych w\u00a0pi\u0119ciu grupach zadaniowych. Ich celem by\u0142o utrwalenie wiadomo\u015bci dotycz\u0105cych bohater\u00f3w literackich legend, bajek i\u00a0powie\u015bci najch\u0119tniej czytanych przez\u00a0uczni\u00f3w. Podczas zaj\u0119\u0107 uczestnicy z\u00a0wielkim entuzjazmem przenosili si\u0119 na\u00a0karty cytowanych lektur szkolnych: odgadywali \u017ar\u00f3d\u0142a cytat\u00f3w, uk\u0142adali interaktywne puzzle, rozwi\u0105zywali quizy, uzupe\u0142niali krzy\u017c\u00f3wki i\u00a0zadania z\u00a0lukami.<\/p>\n<p><strong>W\u00a0dawnym skryptorium<\/strong>\u00a0\u2013 jedn\u0105 z\u00a0atrakcji Nocy Bibliotek by\u0142y warsztaty pisania g\u0119sim pi\u00f3rem. W\u00a0czasie warsztat\u00f3w uczestnicy obejrzeli prezentacj\u0119 multimedialn\u0105 zawieraj\u0105c\u0105 ilustracje i\u00a0kr\u00f3tkie filmy, dzi\u0119ki kt\u00f3rym\u00a0przenie\u015bli si\u0119 w\u00a0czasie i\u00a0przestrzeni, by\u00a0dowiedzie\u0107 si\u0119, czym, na\u00a0czym i\u00a0co\u00a0pisali \u015bredniowieczni skrybowie i\u00a0iluminatorzy, a\u00a0tak\u017ce w\u00a0jakich warunkach pracowali. Nast\u0119pnie ka\u017cdy m\u00f3g\u0142 spr\u00f3bowa\u0107 swoich si\u0142 i\u00a0umiej\u0119tno\u015bci w\u00a0pisaniu g\u0119sim pi\u00f3rem. Powsta\u0142o wiele ciekawych i\u00a0inspiruj\u0105cych prac.<\/p>\n<p><strong>Malowana (o)powie\u015b\u0107<\/strong>\u00a0\u2013 warsztaty plastyczne dla dzieci, m\u0142odzie\u017cy i\u00a0doros\u0142ych, w\u00a0trakcie kt\u00f3rych\u00a0uczestnicy opowiadali o\u00a0swoich zainteresowaniach czytelniczych, zami\u0142owaniach oraz\u00a0pasjach. Prowadz\u0105ca przedstawi\u0142a r\u00f3\u017cne techniki i\u00a0narz\u0119dzia malarskie, opowiedzia\u0142a o\u00a0kolorach i\u00a0ich relacjach, g\u0142\u0119bi obrazu, rodzajach perspektyw oraz\u00a0zasadach kompozycji. Nast\u0119pnie uczestnicy samodzielnie wykonywali prace plastyczne r\u00f3\u017cnymi technikami malarskimi i\u00a0rysunkowymi, dobierali i\u00a0mieszali kolory, tworzyli w\u0142asne kompozycje z\u00a0wyobra\u017ani. Wyra\u017cali emocje u\u017cywaj\u0105c r\u00f3\u017cnorodnych malarskich \u015brodk\u00f3w wyrazu realizuj\u0105c r\u00f3\u017cne tematy: krajobraz, portret, kompozycja abstrakcyjna, perspektywa. Taka forma wyra\u017cania w\u0142asnych emocji wyzwala kreatywne my\u015blenie, rozwija wyobra\u017ani\u0119, sprawno\u015b\u0107 manualn\u0105, ponadto jest odzwierciedleniem pasji i\u00a0zainteresowa\u0144 uczni\u00f3w.<\/p>\n<p><strong>Relaksacja w\u00a0bibliotece<\/strong>\u00a0\u2013 zaj\u0119cia czytelnicze z\u00a0wykorzystaniem biblioterapii i\u00a0arteterapii oraz\u00a0metod i\u00a0technik relaksacyjnych. Zaj\u0119cia rozpocz\u0119\u0142y si\u0119 zabawami integracyjnymi maj\u0105cymi na\u00a0celu zapoznanie si\u0119 uczestnik\u00f3w. Uczniowie nazywali emocje \u2013 by\u0142a to\u00a0zabawa w\u00a0formie kalambur\u00f3w. Nast\u0119pnie rzucali kolorow\u0105 kostk\u0105, odpowiadaj\u0105c na\u00a0pytanie o\u00a0numerze zgodnym z\u00a0wylosowan\u0105 liczb\u0105 oczek. Uczniowie brali udzia\u0142 w\u00a0licznych \u0107wiczeniach relaksacyjnych maj\u0105cych na\u00a0celu wyciszenie i\u00a0odzyskanie r\u00f3wnowagi psychicznej. Uczestnicy warsztat\u00f3w wykonywali tak\u017ce wymy\u015blone przez\u00a0siebie kompozycje z\u00a0gazet oraz\u00a0tworzyli zak\u0142adki do\u00a0ksi\u0105\u017cek. G\u0142\u00f3wnym punktem zaj\u0119\u0107 by\u0142o kolorowanie mandali przy muzyce relaksacyjnej oraz\u00a0tworzenie w\u0142asnych mandali.<\/p>\n<p>Mi\u0142o\u015bnicy nowoczesnych technologii oraz\u00a0grafiki 3D mogli wzi\u0105\u0107 udzia\u0142 w\u00a0zaj\u0119ciach\u00a0<strong>3D, kt\u00f3rego\u00a0jeszcze nie\u00a0zna\u0142e\u015b.<\/strong>\u00a0Uczestnicy mieli okazj\u0119 pozna\u0107 kulisy nieznanego \u015bwiata tr\u00f3jwymiaru i\u00a0pozna\u0107 niespotykane dot\u0105d sztuczki tw\u00f3rc\u00f3w film\u00f3w oraz\u00a0odkry\u0107 kulisy nowoczesnej technologii, kt\u00f3ra\u00a0wykorzystywana jest niemal\u017ce wsz\u0119dzie.<\/p>\n<p>Dla uczestnik\u00f3w Nocy Bibliotek przygotowane zosta\u0142y r\u00f3wnie\u017c zabawy i\u00a0gry ruchowe<strong>\u00a0Harcerskie pl\u0105sy dla ma\u0142ych i\u00a0du\u017cych<\/strong>, kt\u00f3re poprowadzi\u0142a druhna zast\u0119powa 3\u00a0Cz\u0119stochowskiej Dru\u017cyny Harcerskiej \u201eWertepy\u201d. Zabawy skierowane by\u0142y do\u00a0dzieci i\u00a0m\u0142odzie\u017cy, ale\u00a0tak\u017ce os\u00f3b doros\u0142ych. Podczas wsp\u00f3lnych gier uczestnicy musieli wykaza\u0107 si\u0119 sprytem, refleksem oraz\u00a0szybko\u015bci\u0105 podejmowania decyzji.<\/p>\n<p><strong>Tw\u00f3rczy przedszkolak<\/strong>\u00a0\u2013 dla najm\u0142odszych uczestnik\u00f3w Nocy Bibliotek przygotowane zosta\u0142o ko\u0142o fortuny, kt\u00f3re cieszy\u0142o si\u0119 du\u017cym zainteresowaniem. Dzieci mia\u0142y mo\u017cliwo\u015b\u0107 wylosowania zadania o\u00a0r\u00f3\u017cnym stopniu trudno\u015bci, kt\u00f3re wykonywa\u0142y indywidulanie lub zespo\u0142owo. Zadania obejmowa\u0142y r\u00f3\u017cne aktywno\u015bci: ruchowe, umys\u0142owe, plastyczne. Wiele polece\u0144 opartych zosta\u0142o na\u00a0literaturze dla dzieci.<\/p>\n<p>Ponadto na\u00a0uczestnik\u00f3w tegorocznej Nocy Bibliotek czeka\u0142y dodatkowe atrakcje: trening pierwszej pomocy przedmedycznej, gry planszowe, pokaz ta\u0144ca i\u00a0warsztaty taneczne oraz\u00a0k\u0105cik zabaw dla dzieci.<\/p>\n<p>Nocy Bibliotek towarzyszy\u0142a wystawa zdj\u0119\u0107 S\u0142awomira Jod\u0142owskiego z\u00a0najciekawszych miejsc na\u00a0\u015bwiecie pn.\u00a0\u201eFotoperegrynacje\u201d oraz\u00a0akcja\u00a0<strong>\u201e<\/strong><strong>Podziel si\u0119 ksi\u0105\u017ckami\u201d<\/strong>\u00a0\u2013 zach\u0119caj\u0105ca czytelnik\u00f3w do\u00a0przynoszenia do\u00a0biblioteki przeczytanych nowo\u015bci wydawniczych, klasyki i\u00a0lektur oraz\u00a0innych poszukiwanych ksi\u0105\u017cek.<\/p>\n<p>Spotkanie zako\u0144czy\u0142o si\u0119 o\u00a020.30 nocnym zwiedzaniem biblioteki z\u00a0latarkami. Uczestnicy zostali po\u017cegnani przez\u00a0pracownik\u00f3w biblioteki przebranych za\u00a0r\u00f3\u017cne postacie bajkowe i\u00a0powie\u015bciowe, tj.\u00a0Calineczka, Pippi Po\u0144czoszanka, Czerwony Kapturek i\u00a0wilk, Sindbad \u017beglarz, Mary Lennox z\u00a0\u201eTajemniczego ogrodu\u201d czy\u00a0Harry Potter.<\/p>\n<p>Wszystkie dzia\u0142ania w\u00a0ramach akcji wspierali wolontariusze \u2013 uczniowie klas \u00f3smych z\u00a0cz\u0119stochowskich szk\u00f3\u0142 podstawowych.<\/p>\n<p>4 pa\u017adziernika, w\u00a0ramach tegorocznej Nocy Bibliotek w\u00a0Publicznej Bibliotece Pedagogicznej RODN \u201eWOM\u201d, odby\u0142a si\u0119 projekcja dodatkowego filmu dla m\u0142odzie\u017cy pt.\u00a0\u201eComedy Queen\u201d. Film obejrza\u0142o 80 uczni\u00f3w klas \u00f3smych z\u00a0cz\u0119stochowskich szk\u00f3\u0142 podstawowych wraz z\u00a0opiekunami.<\/p>\n<p>W akcji Noc Bibliotek 2022 wzi\u0119\u0142o udzia\u0142 \u0142\u0105cznie 238 os\u00f3b.<\/p>\n<p style=\"text-align: right;\"><em>Tekst: Marta Ma\u0142ek<\/em><br \/>\n<em>Zdj\u0119cia: Izabela Bajor<\/em><\/p>\n<p><a href=\"https:\/\/pbp.womczest.edu.pl\/new\/galeria\/ogolnopolska-noc-bibliotek-2022\/\"><em>galeria<\/em><\/a><\/p>\n","protected":false},"excerpt":{"rendered":"<p>W\u00a0sobot\u0119 1 pa\u017adziernika 2022 r. w\u00a0Publicznej Bibliotece Pedagogicznej RODN \u201eWOM\u201d w\u00a0Cz\u0119stochowie odby\u0142o si\u0119 VIII wydanie\u00a0og\u00f3lnopolskiej akcji Noc Bibliotek pod\u00a0has\u0142em \u201eTo si\u0119 musi powie\u015b\u0107\u201d. Noc Bibliotek to\u00a0og\u00f3lnopolska akcja przekonuj\u0105ca do\u00a0czytania poprzez promocj\u0119 lokalnych bibliotek jako najbli\u017cszych miejsc spotka\u0144 z\u00a0kultur\u0105, z\u00a0r\u00f3\u017cnorodnymi zasobami i\u00a0bezp\u0142atn\u0105 ofert\u0105 dla spo\u0142eczno\u015bci, sprzyjaj\u0105cych wymianie idei i\u00a0integracji. Akcj\u0119 zainicjowa\u0142o Centrum Edukacji Obywatelskiej pod\u00a0patronatem Biblioteki Narodowej, z\u00a0udzia\u0142em wsp\u00f3\u0142organizator\u00f3w \u2013 Fundacji ABCXXI \u2013 Ca\u0142a Polska czyta dzieciom oraz\u00a0Fundacji Rozwoju Spo\u0142ecze\u0144stwa Informacyjnego,<span class=\"ellipsis\">&hellip;<\/span><\/p>\n<div class=\"read-more\"><a href=\"https:\/\/pbp.womczest.edu.pl\/new\/21415-2\/\">Czytaj wi\u0119cej &#8250;<\/a><\/div>\n<p><!-- end of .read-more --><\/p>\n","protected":false},"author":6,"featured_media":0,"parent":0,"menu_order":0,"comment_status":"closed","ping_status":"closed","template":"","meta":{"footnotes":""},"jetpack_sharing_enabled":true,"jetpack_shortlink":"https:\/\/wp.me\/PgmV4H-5zp","_links":{"self":[{"href":"https:\/\/pbp.womczest.edu.pl\/new\/wp-json\/wp\/v2\/pages\/21415"}],"collection":[{"href":"https:\/\/pbp.womczest.edu.pl\/new\/wp-json\/wp\/v2\/pages"}],"about":[{"href":"https:\/\/pbp.womczest.edu.pl\/new\/wp-json\/wp\/v2\/types\/page"}],"author":[{"embeddable":true,"href":"https:\/\/pbp.womczest.edu.pl\/new\/wp-json\/wp\/v2\/users\/6"}],"replies":[{"embeddable":true,"href":"https:\/\/pbp.womczest.edu.pl\/new\/wp-json\/wp\/v2\/comments?post=21415"}],"version-history":[{"count":2,"href":"https:\/\/pbp.womczest.edu.pl\/new\/wp-json\/wp\/v2\/pages\/21415\/revisions"}],"predecessor-version":[{"id":21417,"href":"https:\/\/pbp.womczest.edu.pl\/new\/wp-json\/wp\/v2\/pages\/21415\/revisions\/21417"}],"wp:attachment":[{"href":"https:\/\/pbp.womczest.edu.pl\/new\/wp-json\/wp\/v2\/media?parent=21415"}],"curies":[{"name":"wp","href":"https:\/\/api.w.org\/{rel}","templated":true}]}}