


{"id":21410,"date":"2022-10-26T12:10:00","date_gmt":"2022-10-26T10:10:00","guid":{"rendered":"https:\/\/pbp.womczest.edu.pl\/new\/?page_id=21410"},"modified":"2022-10-27T10:26:55","modified_gmt":"2022-10-27T08:26:55","slug":"powiatowy-konkurs-recytatorski-poetyckie-krajobrazy-poswiecony-poezji-polskiego-romantyzmu-pod-honorowym-patronatem-starosty-czestochowskiego-oraz-towarzystwa-nauczycieli-bibliotekarzy-szkol-polskich","status":"publish","type":"page","link":"https:\/\/pbp.womczest.edu.pl\/new\/powiatowy-konkurs-recytatorski-poetyckie-krajobrazy-poswiecony-poezji-polskiego-romantyzmu-pod-honorowym-patronatem-starosty-czestochowskiego-oraz-towarzystwa-nauczycieli-bibliotekarzy-szkol-polskich\/","title":{"rendered":"Powiatowy Konkurs Recytatorski Poetyckie Krajobrazy po\u015bwi\u0119cony poezji polskiego romantyzmu pod honorowym patronatem Starosty Cz\u0119stochowskiego oraz Towarzystwa Nauczycieli Bibliotekarzy Szk\u00f3\u0142 Polskich Oddzia\u0142 w Cz\u0119stochowie"},"content":{"rendered":"<p>20 pa\u017adziernika 2022 roku w Regionalnym O\u015brodku Doskonalenia Nauczycieli \u201eWOM\u201d w Cz\u0119stochowie odby\u0142 si\u0119 Powiatowy Konkurs Recytatorski <em>Poetyckie Krajobrazy<\/em>, po\u015bwi\u0119cony poezji polskiego romantyzmu. Konkurs odbywa si\u0119 od 2011 roku. W tym roku odby\u0142a si\u0119 dwunasta edycja.<\/p>\n<p>Konkurs adresowany do\u00a0uczni\u00f3w klas VII i\u00a0VIII szk\u00f3\u0142 podstawowych z\u00a0miasta Cz\u0119stochowy oraz\u00a0powiatu cz\u0119stochowskiego zorganizowa\u0142a Publiczna Biblioteka Pedagogiczna RODN \u201eWOM\u201d w\u00a0Cz\u0119stochowie. Osob\u0105 odpowiedzialn\u0105 za przygotowanie konkursu by\u0142a Katarzyna Kucharzewska \u2013 nauczyciel bibliotekarz PBP RODN \u201eWOM\u201d w Cz\u0119stochowie.<\/p>\n<p>Konkurs odby\u0142 si\u0119 w zwi\u0105zku ustanowieniem przez Sejm RP Roku 2022 Rokiem Polskiego Romantyzmu.<\/p>\n<p>Honorowy patronat nad\u00a0konkursem obj\u0105\u0142 <strong>Pan Krzysztof Smela,<\/strong> Starosta Cz\u0119stochowski oraz\u00a0 Prezes Cz\u0119stochowskiego Oddzia\u0142u Towarzystwa Nauczycieli Bibliotekarzy Szk\u00f3\u0142 Polskich \u2013 Pani Alina Grabna. Go\u015bciem konkursu by\u0142a tak\u017ce Pani Renata Terlicka \u2013 przedstawiciel Starosty Cz\u0119stochowskiego, inspektor z Wydzia\u0142u Edukacji, Zdrowia, Kultury, Sportu i\u00a0Promocji Powiatu.<\/p>\n<p>Mottem konkursu by\u0142y s\u0142owa poety Cypriana Kamila Norwida:<br \/>\n\u201eS\u0142owo jest czynu testamentem\u201d. (\u201ePromethidion\u201d)<\/p>\n<p>Celem konkursu by\u0142o upami\u0119tnienie tw\u00f3rczo\u015bci poet\u00f3w polskiego romantyzmu, popularyzacja ich dorobku artystycznego, rozwijanie recytatorskich i\u00a0aktorskich uzdolnie\u0144 m\u0142odzie\u017cy, upowszechnianie kultury j\u0119zyka polskiego, inspirowanie m\u0142odego pokolenia do\u00a0aktywnego uczestnictwa w\u00a0kulturze, wzbudzenie zainteresowania poezj\u0105 polsk\u0105 oraz\u00a0krzewienie kultury \u017cywego s\u0142owa.<\/p>\n<p>W\u00a0tegorocznej edycji udzia\u0142 wzi\u0119\u0142o 9 uczni\u00f3w z\u00a0Cz\u0119stochowy i\u00a0powiatu cz\u0119stochowskiego (3 uczni\u00f3w z\u00a0Cz\u0119stochowy i\u00a06 uczni\u00f3w z\u00a0powiatu cz\u0119stochowskiego). Opiek\u0119 merytoryczn\u0105 nad\u00a0uczniami sprawowali nauczyciele z\u00a0danej szko\u0142y.<\/p>\n<p>Uczniowie prezentowali jeden z\u00a0wybranych przez\u00a0siebie wierszy poet\u00f3w polskiego romantyzmu. Uczniowie wybrali wiersze nast\u0119puj\u0105cych poet\u00f3w: Adam Mickiewicz, Juliusz S\u0142owacki, Cyprian Kamil Norwid, Teofil Lenartowicz. Recytacja odbywa\u0142a si\u0119 bez\u00a0mikrofonu i\u00a0materia\u0142\u00f3w audiowizualnych.<\/p>\n<p>Prezentacje uczestnik\u00f3w ocenia\u0142a komisja konkursowa w\u00a0sk\u0142adzie:<\/p>\n<p><strong>Beata Raczy\u0144ska<\/strong> \u2013 przewodnicz\u0105ca komisji, nauczyciel bibliotekarz Publicznej Biblioteki Pedagogicznej RODN \u201eWOM\u201d w\u00a0Cz\u0119stochowie.<\/p>\n<p><strong>Alina Grabna<\/strong> \u2013 nauczyciel bibliotekarz Zespo\u0142u Szk\u00f3\u0142 Samochodowych w\u00a0Cz\u0119stochowie, prezes cz\u0119stochowskiego Oddzia\u0142u Towarzystwa Nauczycieli Bibliotekarzy Szk\u00f3\u0142 Polskich.<\/p>\n<p><strong>Beata Gendek-Barhoumi<\/strong> \u2013 nauczyciel j\u0119zyka polskiego VII Liceum Og\u00f3lnokszta\u0142c\u0105cego im.\u00a0Miko\u0142aja Kopernika w\u00a0Cz\u0119stochowie, nauczyciel-doradca metodyczny j\u0119zyka polskiego w Regionalnym O\u015brodku Doskonalenia Nauczycieli \u201eWOM\u201d, prowadzi teatr szkolny <em>Grupa pod\u00a0Wisz\u0105cym Kotem, <\/em>kt\u00f3ry\u00a0zdobywa liczne nagrody w\u00a0kraju i\u00a0za\u00a0granic\u0105. Zdoby\u0142a tytu\u0142 <em>Animatora Kultury<\/em> w\u00a0presti\u017cowym Og\u00f3lnopolskim Konkursie Nauczyciela Roku 2015.<\/p>\n<p><strong>Ilona Kowalska<\/strong> \u2013 bibliotekarz, kierownik Filii nr\u00a09 Biblioteki Publicznej im.\u00a0dr.\u00a0W\u0142adys\u0142awa Biega\u0144skiego w\u00a0Cz\u0119stochowie. Jest organizatork\u0105 licznych konkurs\u00f3w, spotka\u0144 literackich i\u00a0przedsi\u0119wzi\u0119\u0107 czytelniczych.<\/p>\n<p><strong>Ewa Ossowska \u2013<\/strong> nauczyciel j\u0119zyka polskiego Szko\u0142y Podstawowej nr\u00a031 im.\u00a0Or\u0142a Bia\u0142ego w\u00a0Cz\u0119stochowie.<\/p>\n<p>Zgodnie z\u00a0regulaminem na\u00a0ocen\u0119 recytacji mia\u0142y wp\u0142yw nast\u0119puj\u0105ce elementy: dob\u00f3r repertuaru, stopie\u0144 opanowania tekstu, artystyczna interpretacja utworu, kultura s\u0142owa i\u00a0og\u00f3lne wra\u017cenia artystyczne.<\/p>\n<p>Decyzj\u0105 jury przyznano nast\u0119puj\u0105ce miejsca:<\/p>\n<p><strong>I miejsce<\/strong><\/p>\n<p><strong>Michalina Jedynak,<\/strong> Zesp\u00f3\u0142 Szkolno-Przedszkolny w Przyrowie, wiersz pt. \u201eZ\u0142oty kubek\u201d Teofil Lenartowicz<\/p>\n<p><strong>II miejsce <\/strong><\/p>\n<p><strong>Daniel Tomalski, <\/strong>Szko\u0142a Podstawowa nr 29 im. Kr\u00f3lowej Jadwigi w Cz\u0119stochowie, wiersz pt. \u201e\u015amier\u0107 pu\u0142kownika\u201d Adam Mickiewicz<\/p>\n<p><strong>Wyr\u00f3\u017cnienie<\/strong><\/p>\n<p><strong>Julia Kalinowska, <\/strong>Zesp\u00f3\u0142 Szkolno-Przedszkolny im. Jana Paw\u0142a II w Jaskrowie, wiersz pt. \u201e\u015awitezianka\u2019 Adam Mickiewicz.<\/p>\n<p>Zwyci\u0119zcy otrzymali nagrody ksi\u0105\u017ckowe i rzeczowe ufundowane przez Starost\u0119 Cz\u0119stochowskiego. W czasie obrad jury uczniowie mieli okazj\u0119 zwiedzi\u0107 bibliotek\u0119 pedagogiczn\u0105, dowiedzie\u0107 si\u0119 wi\u0119cej o pracy nauczyciela bibliotekarza. Konkursowi towarzyszy\u0142a wystawa po\u015bwi\u0119cona tw\u00f3rczo\u015bci poet\u00f3w epoki polskiego romantyzmu.<\/p>\n<p style=\"text-align: right;\"><em>Tekst: Katarzyna Kucharzewska<br \/>\n<\/em><em>Zdj\u0119cia: Izabela Bajor<br \/>\n<a href=\"https:\/\/pbp.womczest.edu.pl\/new\/galeria\/powiatowy-konkurs-recytatorski-poetyckie-krajobrazy-poswiecony-poezji-polskiego-romantyzmu-2022\/\">galeria<\/a><br \/>\n<\/em><\/p>\n","protected":false},"excerpt":{"rendered":"<p>20 pa\u017adziernika 2022 roku w Regionalnym O\u015brodku Doskonalenia Nauczycieli \u201eWOM\u201d w Cz\u0119stochowie odby\u0142 si\u0119 Powiatowy Konkurs Recytatorski Poetyckie Krajobrazy, po\u015bwi\u0119cony poezji polskiego romantyzmu. Konkurs odbywa si\u0119 od 2011 roku. W tym roku odby\u0142a si\u0119 dwunasta edycja. Konkurs adresowany do\u00a0uczni\u00f3w klas VII i\u00a0VIII szk\u00f3\u0142 podstawowych z\u00a0miasta Cz\u0119stochowy oraz\u00a0powiatu cz\u0119stochowskiego zorganizowa\u0142a Publiczna Biblioteka Pedagogiczna RODN \u201eWOM\u201d w\u00a0Cz\u0119stochowie. Osob\u0105 odpowiedzialn\u0105 za przygotowanie konkursu by\u0142a Katarzyna Kucharzewska \u2013 nauczyciel bibliotekarz PBP RODN \u201eWOM\u201d w<span class=\"ellipsis\">&hellip;<\/span><\/p>\n<div class=\"read-more\"><a href=\"https:\/\/pbp.womczest.edu.pl\/new\/powiatowy-konkurs-recytatorski-poetyckie-krajobrazy-poswiecony-poezji-polskiego-romantyzmu-pod-honorowym-patronatem-starosty-czestochowskiego-oraz-towarzystwa-nauczycieli-bibliotekarzy-szkol-polskich\/\">Czytaj wi\u0119cej &#8250;<\/a><\/div>\n<p><!-- end of .read-more --><\/p>\n","protected":false},"author":6,"featured_media":0,"parent":0,"menu_order":0,"comment_status":"closed","ping_status":"closed","template":"","meta":{"footnotes":""},"jetpack_sharing_enabled":true,"jetpack_shortlink":"https:\/\/wp.me\/PgmV4H-5zk","_links":{"self":[{"href":"https:\/\/pbp.womczest.edu.pl\/new\/wp-json\/wp\/v2\/pages\/21410"}],"collection":[{"href":"https:\/\/pbp.womczest.edu.pl\/new\/wp-json\/wp\/v2\/pages"}],"about":[{"href":"https:\/\/pbp.womczest.edu.pl\/new\/wp-json\/wp\/v2\/types\/page"}],"author":[{"embeddable":true,"href":"https:\/\/pbp.womczest.edu.pl\/new\/wp-json\/wp\/v2\/users\/6"}],"replies":[{"embeddable":true,"href":"https:\/\/pbp.womczest.edu.pl\/new\/wp-json\/wp\/v2\/comments?post=21410"}],"version-history":[{"count":2,"href":"https:\/\/pbp.womczest.edu.pl\/new\/wp-json\/wp\/v2\/pages\/21410\/revisions"}],"predecessor-version":[{"id":21431,"href":"https:\/\/pbp.womczest.edu.pl\/new\/wp-json\/wp\/v2\/pages\/21410\/revisions\/21431"}],"wp:attachment":[{"href":"https:\/\/pbp.womczest.edu.pl\/new\/wp-json\/wp\/v2\/media?parent=21410"}],"curies":[{"name":"wp","href":"https:\/\/api.w.org\/{rel}","templated":true}]}}