


{"id":20764,"date":"2022-06-22T14:09:00","date_gmt":"2022-06-22T12:09:00","guid":{"rendered":"https:\/\/pbp.womczest.edu.pl\/new\/?page_id=20764"},"modified":"2022-06-22T14:09:00","modified_gmt":"2022-06-22T12:09:00","slug":"wojewodzki-konkurs-recytatorski-to-wlasnie-polska-etap-regionalny","status":"publish","type":"page","link":"https:\/\/pbp.womczest.edu.pl\/new\/wojewodzki-konkurs-recytatorski-to-wlasnie-polska-etap-regionalny\/","title":{"rendered":"Wojew\u00f3dzki Konkurs Recytatorski \u201eTo w\u0142a\u015bnie Polska\u201d &#8211; etap regionalny"},"content":{"rendered":"<p>11 maja 2022 roku w Auli Forum Regionalnego O\u015brodka Doskonalenia Nauczycieli \u201eWOM\u201d w Cz\u0119stochowie odby\u0142 si\u0119 etap rejonowy Wojew\u00f3dzkiego Konkursu Recytatorskiego \u201eTo w\u0142a\u015bnie Polska\u201d. Organizatorami konkursu byli: Regionalny O\u015brodek Doskonalenia Nauczycieli \u201eWOM\u201d w Cz\u0119stochowie i Publiczna Biblioteka Pedagogiczna RODN \u201eWOM\u201d w Cz\u0119stochowie.<br \/>\nPrzedsi\u0119wzi\u0119cie odby\u0142o si\u0119 pod honorowym patronatem Pani Urszuli Bauer, \u015al\u0105skiego Kuratora O\u015bwiaty w Katowicach oraz Pana Jakuba Che\u0142stowskiego, Marsza\u0142ka Wojew\u00f3dztwa \u015al\u0105skiego. Konkurs skierowany by\u0142 do uczni\u00f3w klas I-III szk\u00f3\u0142 podstawowych powiatu k\u0142obuckiego i cz\u0119stochowskiego.<\/p>\n<p>Koordynatorzy konkursu:<\/p>\n<p>Pani Renata Lipniewska \u2013 wicedyrektor ds. bibliotek pedagogicznych Regionalnego O\u015brodka Doskonalenia Nauczycieli \u201eWOM\u201d w\u00a0Cz\u0119stochowie,<br \/>\nPani Katarzyna Treli\u0144ska \u2013 nauczyciel edukacji wczesnoszkolnej Szko\u0142y Podstawowej im. Powsta\u0144c\u00f3w Styczniowych w Kruszynie, nauczyciel-doradca metodyczny edukacji wczesnoszkolnej w Regionalnym O\u015brodku Doskonalenia Nauczycieli \u201eWOM\u201d w Cz\u0119stochowie.<\/p>\n<p>Cele konkursu to:<\/p>\n<ul>\n<li>kszta\u0142towanie w\u015br\u00f3d uczni\u00f3w postawy patriotycznej, uwra\u017cliwienie na pi\u0119kno naszego kraju, jego dorobek i dziedzictwo kulturowe,<\/li>\n<li>popularyzacja poezji dzieci\u0119cej,<\/li>\n<li>rozbudzanie wra\u017cliwo\u015bci na pi\u0119kno poezji,<\/li>\n<li>rozbudzanie talent\u00f3w i aktywno\u015bci tw\u00f3rczej dzieci,<\/li>\n<\/ul>\n<p>W\u00a0przedsi\u0119wzi\u0119ciu wzi\u0119\u0142o udzia\u0142 16 uczni\u00f3w.<\/p>\n<p>Komisja konkursowa w\u00a0sk\u0142adzie:<\/p>\n<ol>\n<li>Beata Raczy\u0144ska \u2013 przewodnicz\u0105ca komisji, nauczyciel j\u0119zyka polskiego, nauczyciel bibliotekarz PBP RODN \u201eWOM\u201d w\u00a0Cz\u0119stochowie,<\/li>\n<li>Justyna Milejska-Cie\u0144 \u2013 nauczyciel j\u0119zyka polskiego w Szkole Podstawowej im. Powsta\u0144c\u00f3w Styczniowych w Kruszynie, nauczyciel-doradca metodyczny j\u0119zyka polskiego w Regionalnym O\u015brodku Doskonalenia Nauczycieli \u201eWOM\u201d,<\/li>\n<li>dr Agata Arkabus \u2013 nauczyciel bibliotekarz Publicznej Biblioteki Pedagogicznej RODN \u201eWOM\u201d w Cz\u0119stochowie,<\/li>\n<\/ol>\n<p>przyzna\u0142a nagrody w dw\u00f3ch kategoriach: powiat k\u0142obucki i powiat cz\u0119stochowski.<\/p>\n<p><strong>Kategoria: powiat k\u0142obucki<\/strong><\/p>\n<p><u>I\u00a0miejsce<\/u><\/p>\n<p><strong>Ewa Otwinowska<\/strong>, Szko\u0142a Podstawowa nr 3 im. Jana Paw\u0142a II w K\u0142obucku, wiersz \u201eMoja piosnka II\u201d Cyprian Kamil Norwid;<\/p>\n<p><u>II\u00a0miejsce<\/u><\/p>\n<p><strong>Natalia Majewska<\/strong>, Szko\u0142a Podstawowa im. Tadeusza Ko\u015bciuszki w Pankach, wiersz \u201eZa co kocham m\u00f3j kraj, Polsk\u0119?\u201d Olivier Kurzacz;<\/p>\n<p><u>III\u00a0miejsce<\/u><\/p>\n<p><strong>Filip G\u0142\u0105b<\/strong>, Publiczna Szko\u0142a Podstawowa SPSK w Lgocie, wiersz \u201ePolska\u201d El\u017cbieta Krystek-Jones.<\/p>\n<p><strong>Kategoria: powiat cz\u0119stochowski<\/strong><\/p>\n<p><u>I\u00a0miejsce<\/u><\/p>\n<p><strong>Pola Tyrek<\/strong>, Zesp\u00f3\u0142 Szkolno-Przedszkolny w Przyrowie, wiersz \u201ePortret Polski\u201d Jan Wilkowski;<\/p>\n<p><u>II\u00a0miejsce<\/u><\/p>\n<p><strong>Lena Figler<\/strong>, Szko\u0142a Podstawowa im. Grzegorza Piramowicza w K\u0142omnicach, wiersz \u201ePolska\u201d El\u017cbieta Krystek-Jones;<\/p>\n<p><u>III\u00a0miejsce<\/u><\/p>\n<p><strong>Bartosz Tasarz<\/strong>, Szko\u0142a Podstawowa w Olbrachcicach, wiersz \u201eMoja piosnka II\u201d Cyprian Kamil Norwid.<\/p>\n<p><u>Wyr\u00f3\u017cnienia<\/u><\/p>\n<p><strong>Oliwia Musia\u0142<\/strong>, Szko\u0142a Podstawowa im. W\u0142adys\u0142awa Broniewskiego w\u00a0D\u0105browie Zielonej, wiersz \u201ePolska\u201d El\u017cbieta Krystek-Jones;<\/p>\n<p><strong>Liliana Jab\u0142o\u0144ska<\/strong>, Szko\u0142a Podstawowa im. \u015bw. Stanis\u0142awa Kostki w\u00a0Lgoczance, wiersz \u201eModlitwa za Ojczyzn\u0119\u201d W\u0142adys\u0142aw Be\u0142za.<\/p>\n<p>Uczniowie, kt\u00f3rzy zdobyli I i II miejsca zakwalifikowali si\u0119 do wojew\u00f3dzkiego etapu konkursu koordynowanego przez Regionalny O\u015brodek Doskonalenia Nauczycieli i Informacji Pedagogicznej w Rybniku.<\/p>\n<p style=\"text-align: right;\">\n<em>Fot.: Izabela Bajor<\/em><br \/>\n<a href=\"https:\/\/pbp.womczest.edu.pl\/new\/galeria\/wojewodzki-konkurs-recytatorski-to-wlasnie-polska-etap-regionalny-2022\/\">galeria<\/a><\/p>\n","protected":false},"excerpt":{"rendered":"<p>11 maja 2022 roku w Auli Forum Regionalnego O\u015brodka Doskonalenia Nauczycieli \u201eWOM\u201d w Cz\u0119stochowie odby\u0142 si\u0119 etap rejonowy Wojew\u00f3dzkiego Konkursu Recytatorskiego \u201eTo w\u0142a\u015bnie Polska\u201d. Organizatorami konkursu byli: Regionalny O\u015brodek Doskonalenia Nauczycieli \u201eWOM\u201d w Cz\u0119stochowie i Publiczna Biblioteka Pedagogiczna RODN \u201eWOM\u201d w Cz\u0119stochowie. Przedsi\u0119wzi\u0119cie odby\u0142o si\u0119 pod honorowym patronatem Pani Urszuli Bauer, \u015al\u0105skiego Kuratora O\u015bwiaty w Katowicach oraz Pana Jakuba Che\u0142stowskiego, Marsza\u0142ka Wojew\u00f3dztwa \u015al\u0105skiego. Konkurs skierowany by\u0142 do uczni\u00f3w klas I-III<span class=\"ellipsis\">&hellip;<\/span><\/p>\n<div class=\"read-more\"><a href=\"https:\/\/pbp.womczest.edu.pl\/new\/wojewodzki-konkurs-recytatorski-to-wlasnie-polska-etap-regionalny\/\">Czytaj wi\u0119cej &#8250;<\/a><\/div>\n<p><!-- end of .read-more --><\/p>\n","protected":false},"author":6,"featured_media":0,"parent":0,"menu_order":0,"comment_status":"closed","ping_status":"closed","template":"","meta":{"footnotes":""},"jetpack_sharing_enabled":true,"jetpack_shortlink":"https:\/\/wp.me\/PgmV4H-5oU","_links":{"self":[{"href":"https:\/\/pbp.womczest.edu.pl\/new\/wp-json\/wp\/v2\/pages\/20764"}],"collection":[{"href":"https:\/\/pbp.womczest.edu.pl\/new\/wp-json\/wp\/v2\/pages"}],"about":[{"href":"https:\/\/pbp.womczest.edu.pl\/new\/wp-json\/wp\/v2\/types\/page"}],"author":[{"embeddable":true,"href":"https:\/\/pbp.womczest.edu.pl\/new\/wp-json\/wp\/v2\/users\/6"}],"replies":[{"embeddable":true,"href":"https:\/\/pbp.womczest.edu.pl\/new\/wp-json\/wp\/v2\/comments?post=20764"}],"version-history":[{"count":1,"href":"https:\/\/pbp.womczest.edu.pl\/new\/wp-json\/wp\/v2\/pages\/20764\/revisions"}],"predecessor-version":[{"id":20765,"href":"https:\/\/pbp.womczest.edu.pl\/new\/wp-json\/wp\/v2\/pages\/20764\/revisions\/20765"}],"wp:attachment":[{"href":"https:\/\/pbp.womczest.edu.pl\/new\/wp-json\/wp\/v2\/media?parent=20764"}],"curies":[{"name":"wp","href":"https:\/\/api.w.org\/{rel}","templated":true}]}}