


{"id":20586,"date":"2022-06-07T14:04:28","date_gmt":"2022-06-07T12:04:28","guid":{"rendered":"https:\/\/pbp.womczest.edu.pl\/new\/?page_id=20586"},"modified":"2023-03-29T10:38:20","modified_gmt":"2023-03-29T08:38:20","slug":"miedzynarodowy-konkursu-polska-na-zawsze-w-moim-sercu-podsumowanie","status":"publish","type":"page","link":"https:\/\/pbp.womczest.edu.pl\/new\/miedzynarodowy-konkursu-polska-na-zawsze-w-moim-sercu-podsumowanie\/","title":{"rendered":"Mi\u0119dzynarodowy Konkurs \u201ePolska na\u00a0zawsze w\u00a0moim sercu\u201d"},"content":{"rendered":"<p>W\u00a0roku szkolnym 2021\/2022 Publiczna Biblioteka Pedagogiczna Regionalnego O\u015brodka Doskonalenia Nauczycieli \u201eWOM\u201d w\u00a0Cz\u0119stochowie i\u00a0Szko\u0142a Podstawowa nr\u00a021 im.\u00a0Ks.\u00a0Stanis\u0142awa Konarskiego w\u00a0Cz\u0119stochowie by\u0142y organizatorami Mi\u0119dzynarodowego Konkursu \u201ePolska na\u00a0zawsze w\u00a0moim sercu\u201d pod\u00a0honorowym patronatem Ministra Edukacji i\u00a0Nauki, Dyrektora Oddzia\u0142u Instytutu Pami\u0119ci Narodowej w\u00a0Katowicach i\u00a0Starosty Cz\u0119stochowskiego.<\/p>\n<p>Zadanie konkursowe polega\u0142o na\u00a0nagraniu kr\u00f3tkiego filmu ukazuj\u0105cego promocj\u0119 polsko\u015bci w\u00a0szkole i\/lub regionie oraz\u00a0dum\u0119 z\u00a0faktu bycia Polakiem. Koordynatorami konkursu byli nauczyciele: dr\u00a0Agata Arkabus \u2013 nauczyciel bibliotekarz PBP RODN \u201eWOM\u201d w\u00a0Cz\u0119stochowie, Joanna Otto \u2013 wicedyrektor SP nr\u00a021 w\u00a0Cz\u0119stochowie i\u00a0Iwona Walczak \u2013 nauczyciel bibliotekarz SP nr\u00a021 w\u00a0Cz\u0119stochowie. Adresatami konkursu byli uczniowie w\u00a0wieku 12\u201316 lat ucz\u0119szczaj\u0105cy do\u00a0szk\u00f3\u0142 z\u00a0teren\u00f3w Polski, Ukrainy, \u0141otwy, Litwy oraz\u00a0Bia\u0142orusi. Uczestnicy swoje prace mogli zg\u0142asza\u0107 w\u00a0dw\u00f3ch kategoriach: indywidualna lub dru\u017cyna szkolna.<\/p>\n<p>Cele konkursu:<\/p>\n<ol>\n<li>Podtrzymywanie i\u00a0upowszechnianie tradycji narodowej;<\/li>\n<li>Piel\u0119gnowanie polsko\u015bci, symboli narodowych, polskiej kultury, mowy, obyczaj\u00f3w tw\u00f3rczo\u015bci, kuchni, znanych postaci, jednostek zas\u0142u\u017conych w\u00a0krzewieniu polsko\u015bci;<\/li>\n<li>Wychowanie dzieci i\u00a0m\u0142odzie\u017cy w\u00a0duchu zrozumienia oraz\u00a0poszanowania warto\u015bci tradycji i\u00a0kultury;<\/li>\n<li>Propagowanie postaw patriotycznych;<\/li>\n<li>Popularyzowanie dzia\u0142a\u0144 i\u00a0dokona\u0144 znanych postaci historycznych i\u00a0wsp\u00f3\u0142czesnych;<\/li>\n<li>Rozwijanie zainteresowa\u0144 i\u00a0promowanie form audiowizualnych w\u015br\u00f3d uczni\u00f3w.<\/li>\n<\/ol>\n<p>Praca konkursowa obejmowa\u0142a przygotowanie i\u00a0nakr\u0119ceniu filmu wed\u0142ug w\u0142asnego scenariusza, spe\u0142niaj\u0105cego nast\u0119puj\u0105ce kryteria: si\u0142a przekazu, spos\u00f3b uj\u0119cia tematu i\u00a0og\u00f3lne wra\u017cenie. Filmy mog\u0142y zawiera\u0107 fragmenty wywiad\u00f3w; zaprezentowanie miejsc, obiekt\u00f3w, os\u00f3b, instytucji; kr\u00f3tkich relacji z\u00a0ciekawych, znacz\u0105cych uroczysto\u015bci i\u00a0wydarze\u0144 zwi\u0105zanych z\u00a0krzewieniem polsko\u015bci oraz\u00a0postaw patriotycznych.<\/p>\n<p>Prace filmowe ocenia\u0142o jury wed\u0142ug nast\u0119puj\u0105cych kryteri\u00f3w:<\/p>\n<ol>\n<li>Dob\u00f3r materia\u0142\u00f3w \u2013 tre\u015b\u0107 i\u00a0charakter zgodne z\u00a0za\u0142o\u017ceniami regulaminu;<\/li>\n<li>Warto\u015b\u0107 artystyczna wykorzystanych utwor\u00f3w oraz\u00a0element\u00f3w artystycznych;<\/li>\n<li>Przemy\u015blana kompozycja, sp\u00f3jno\u015b\u0107 przekazywanych tre\u015bci;<\/li>\n<li>Tw\u00f3rcze podej\u015bcie do\u00a0zagadnienia, oryginalno\u015b\u0107 pomys\u0142\u00f3w.<\/li>\n<\/ol>\n<p>W\u00a0pracach komisji konkursowej udzia\u0142 wzi\u0119li:<\/p>\n<p>Przewodnicz\u0105cy:<br \/>\n\u2013 Krzysztof Witkowski \u2013 dyrektor Muzeum Monet i\u00a0Medali im.\u00a0\u015aw. Jana Paw\u0142a II\u00a0w\u00a0Cz\u0119stochowie<br \/>\nCz\u0142onkowie:<br \/>\n\u2013 dr\u00a0Karol Motyl \u2013 doktor nauk spo\u0142ecznych w\u00a0dyscyplinie pedagogika, adiunkt badawczo-dydaktyczny w\u00a0Katedrze Pedagogiki Uniwersytetu Humanistyczno-Przyrodniczego im.\u00a0Jana D\u0142ugosza w\u00a0Cz\u0119stochowie<br \/>\n\u2013 Anna P\u0142usa \u2013 nauczyciel bibliotekarz Publicznej Biblioteki Pedagogicznej Regionalnego O\u015brodka Doskonalenia Nauczycieli WOM w\u00a0Cz\u0119stochowie.<\/p>\n<p>Na\u00a0posiedzeniu komisji konkursowej\u00a0 w\u00a0dniu 19. 05. 2022 r. komisja wy\u0142oni\u0142a nast\u0119puj\u0105cych laureat\u00f3w:<\/p>\n<p>KATEGORIA INDYWIDUALNA:<\/p>\n<p>I\u00a0miejsce: Wiktoria Trentkiewicz- Szko\u0142a Podstawowa nr\u00a049 im.\u00a0Janusza Kusoci\u0144skiego w\u00a0Cz\u0119stochowie;<br \/>\nTytu\u0142 filmu: \u201ePOLSKA NA\u00a0ZAWSZE W\u00a0MOIM SERCU\u201d<\/p>\n<p>II\u00a0miejsce: Dominik \u015alusarczyk \u2013 Specjalny O\u015brodek Szkolno-Wychowawczy Nr\u00a05 w\u00a0Cz\u0119stochowie;<br \/>\nTytu\u0142 filmu: \u201ePOLSKA NA\u00a0ZAWSZE W\u00a0MOIM SERCU\u201d<\/p>\n<p>III miejsce: Jan Kocop \u2013 Szko\u0142a Podstawowa im.\u00a0Dywizji J. H. D\u0105browskiego w\u00a0Ku\u017anicy Starej;<br \/>\nTytu\u0142 filmu: \u201eCZYM JEST HARCERSTWO?\u201d<\/p>\n<p>Wyr\u00f3\u017cnienia:<\/p>\n<p>\u2013 Maja Zapart \u2013 Szko\u0142a Podstawowa nr\u00a031 im.\u00a0Or\u0142a Bia\u0142ego w\u00a0Cz\u0119stochowie;<br \/>\nTytu\u0142 filmu: \u201ePAMI\u0118TAJMY. POLSKA NA\u00a0ZAWSZE W\u00a0MOIM SERCU\u201d<\/p>\n<p>\u2013 Adela Or\u0142owska \u2013 Szko\u0142a Podstawowa im.\u00a0\u015aw. Faustyny Kowalskiej w\u00a0Rzeszy ( Litwa );<br \/>\nTytu\u0142 filmu: \u201eJ\u00d3ZEF PI\u0141SUDSKI\u201d<\/p>\n<p>KATEGORIA DRU\u017bYNA SZKOLNA:<\/p>\n<p>I\u00a0miejsce: Zesp\u00f3\u0142 Szkolno-Przedszkolny im.\u00a0Tadeusza Ko\u015bciuszki w\u00a0Wierzchowisku;<br \/>\nTytu\u0142 filmu: \u201eNASZA POLSKA KRAINA\u201d<\/p>\n<p>II\u00a0miejsce: Zesp\u00f3\u0142 Szkolno-Przedszkolny im.\u00a0Tadeusza Ko\u015bciuszki w\u00a0Wierzchowisku;<br \/>\nTytu\u0142 filmu: \u201eMOJA POLSKA \u2013 MOJE\u00a0WSZYTSKO\u201d<\/p>\n<p>III miejsce: Szko\u0142a Podstawowa im.\u00a0Miko\u0142aja Kopernika w\u00a0Olszynie<br \/>\nTytu\u0142 filmu: \u201eLEPSZE CZASY\u201d<\/p>\n<p>Wyr\u00f3\u017cnienia:<\/p>\n<p>\u2013 Szko\u0142a Podstawowa nr\u00a02 im.\u00a0Gustawa Morcinka w\u00a0Toszku;<br \/>\nTytu\u0142 filmu: \u201eNASZE SERCA S\u0104 BIA\u0141O-CZERWONE\u201d.<\/p>\n<p>\u2013 Szko\u0142a Podstawowa im.\u00a0H. Sienkiewicza w\u00a0Kamienicy Polskiej;<br \/>\nTytu\u0142 filmu: \u201eKOCHAM CI\u0118 POLSKO\u201d<\/p>\n<p>\u2013 Gimnazjum im.\u00a0Anny Krepsztul w\u00a0Butryma\u0144cach (Litwa);<br \/>\nTytu\u0142 filmu: \u201eS\u0141AWNA POLKA REJONU SOLECZNICKIEGO \u2013 ANNA KREPSZTUL\u201d<\/p>\n<p>\u2013 Szko\u0142a Podstawowa w\u00a0Kiwiszkach (Litwa);<br \/>\nTytu\u0142 filmu: \u201ePOLSKO, NIE\u00a0ZAPOMNIJ O\u00a0NAS!\u201d<\/p>\n<p>\u2013 Pa\u0144stwowe Gimnazjum Polskie w\u00a0R\u0113zekne (\u0141otwa);<br \/>\nTytu\u0142 filmu: \u201ePOLSKA W\u00a0MOJEJ\u00a0SZKOLE\u201d<\/p>\n<p>\u2013 Szko\u0142a Podstawowa im.\u00a0\u015aw. Faustyny Kowalskiej w\u00a0Rzeszy ( Litwa );<br \/>\nTytu\u0142 filmu: \u201ePARADA POLSKO\u015aCI W\u00a0WILNIE 2022\u201d<\/p>\n<p>Rozstrzygni\u0119cie konkursu odby\u0142o si\u0119 3 czerwca 2022 r. w\u00a0Muzeum Monet i\u00a0Medali im.\u00a0\u015aw. Jana Paw\u0142a II\u00a0w\u00a0Cz\u0119stochowie i\u00a0by\u0142o r\u00f3wnie\u017c transmitowane online do\u00a0szk\u00f3\u0142 uczestnicz\u0105cych w\u00a0konkursie. Podczas uroczystej gali wr\u0119czono nagrody oraz\u00a0dyplomy dla zwyci\u0119zc\u00f3w. Nagrody dla Laureat\u00f3w ufundowali: Dyrektor Oddzia\u0142u IPN w\u00a0Katowicach, Dyrektor Muzeum Monet i\u00a0Medali im.\u00a0\u015aw. Paw\u0142a II\u00a0w\u00a0Cz\u0119stochowie, Wydawnictwo Edycja \u015aw. Paw\u0142a, Cz\u0119stochowski Oddzia\u0142 Stowarzyszenia Wsp\u00f3lnota Polska.<\/p>\n<p>Go\u015bciem specjalnym uroczysto\u015bci by\u0142 Zesp\u00f3\u0142 Pie\u015bni i\u00a0Ta\u0144ca Cz\u0119stochowa, kt\u00f3ry\u00a0swoim wyst\u0119pem otworzy\u0142 gal\u0119 podsumowuj\u0105ca Mi\u0119dzynarodowy Konkurs \u201ePolska na\u00a0zawsze w\u00a0moim sercu\u201d. Podczas uroczysto\u015bci na\u00a0scenie zaprezentowali si\u0119 m\u0142odzi wykonawcy \u2013 uczniowie Szko\u0142y Podstawowej nr\u00a021 im.\u00a0Ks.\u00a0Stanis\u0142awa Konarskiego w\u00a0Cz\u0119stochowie, kt\u00f3rzy\u00a0zaprezentowali swoje umiej\u0119tno\u015bci recytatorskie i\u00a0wokalne.<\/p>\n<p>Relacja wydarzenia w TV Orion: <a href=\"http:\/\/www.tvorion.pl\/polska-na-zawsze-w-moim-sercu\/\">http:\/\/www.tvorion.pl\/polska-na-zawsze-w-moim-sercu\/\u00a0<\/a><\/p>\n<p style=\"text-align: right;\"><em>dr\u00a0Agata Arkabus<br \/>\nZdj\u0119cia: Izabela Bajor<br \/>\n<a href=\"https:\/\/pbp.womczest.edu.pl\/new\/galeria\/miedzynarodowy-konkurs-polska-na-zawsze-w-moim-sercu-2022\/\">galeria<\/a><\/em><\/p>\n","protected":false},"excerpt":{"rendered":"<p>W\u00a0roku szkolnym 2021\/2022 Publiczna Biblioteka Pedagogiczna Regionalnego O\u015brodka Doskonalenia Nauczycieli \u201eWOM\u201d w\u00a0Cz\u0119stochowie i\u00a0Szko\u0142a Podstawowa nr\u00a021 im.\u00a0Ks.\u00a0Stanis\u0142awa Konarskiego w\u00a0Cz\u0119stochowie by\u0142y organizatorami Mi\u0119dzynarodowego Konkursu \u201ePolska na\u00a0zawsze w\u00a0moim sercu\u201d pod\u00a0honorowym patronatem Ministra Edukacji i\u00a0Nauki, Dyrektora Oddzia\u0142u Instytutu Pami\u0119ci Narodowej w\u00a0Katowicach i\u00a0Starosty Cz\u0119stochowskiego. Zadanie konkursowe polega\u0142o na\u00a0nagraniu kr\u00f3tkiego filmu ukazuj\u0105cego promocj\u0119 polsko\u015bci w\u00a0szkole i\/lub regionie oraz\u00a0dum\u0119 z\u00a0faktu bycia Polakiem. Koordynatorami konkursu byli nauczyciele: dr\u00a0Agata Arkabus \u2013 nauczyciel bibliotekarz PBP RODN \u201eWOM\u201d w\u00a0Cz\u0119stochowie, Joanna Otto<span class=\"ellipsis\">&hellip;<\/span><\/p>\n<div class=\"read-more\"><a href=\"https:\/\/pbp.womczest.edu.pl\/new\/miedzynarodowy-konkursu-polska-na-zawsze-w-moim-sercu-podsumowanie\/\">Czytaj wi\u0119cej &#8250;<\/a><\/div>\n<p><!-- end of .read-more --><\/p>\n","protected":false},"author":6,"featured_media":0,"parent":0,"menu_order":0,"comment_status":"closed","ping_status":"closed","template":"","meta":{"footnotes":""},"jetpack_sharing_enabled":true,"jetpack_shortlink":"https:\/\/wp.me\/PgmV4H-5m2","_links":{"self":[{"href":"https:\/\/pbp.womczest.edu.pl\/new\/wp-json\/wp\/v2\/pages\/20586"}],"collection":[{"href":"https:\/\/pbp.womczest.edu.pl\/new\/wp-json\/wp\/v2\/pages"}],"about":[{"href":"https:\/\/pbp.womczest.edu.pl\/new\/wp-json\/wp\/v2\/types\/page"}],"author":[{"embeddable":true,"href":"https:\/\/pbp.womczest.edu.pl\/new\/wp-json\/wp\/v2\/users\/6"}],"replies":[{"embeddable":true,"href":"https:\/\/pbp.womczest.edu.pl\/new\/wp-json\/wp\/v2\/comments?post=20586"}],"version-history":[{"count":3,"href":"https:\/\/pbp.womczest.edu.pl\/new\/wp-json\/wp\/v2\/pages\/20586\/revisions"}],"predecessor-version":[{"id":22835,"href":"https:\/\/pbp.womczest.edu.pl\/new\/wp-json\/wp\/v2\/pages\/20586\/revisions\/22835"}],"wp:attachment":[{"href":"https:\/\/pbp.womczest.edu.pl\/new\/wp-json\/wp\/v2\/media?parent=20586"}],"curies":[{"name":"wp","href":"https:\/\/api.w.org\/{rel}","templated":true}]}}