


{"id":20367,"date":"2022-04-29T10:22:46","date_gmt":"2022-04-29T08:22:46","guid":{"rendered":"https:\/\/pbp.womczest.edu.pl\/new\/?page_id=20367"},"modified":"2023-03-29T10:29:21","modified_gmt":"2023-03-29T08:29:21","slug":"powiatowy-konkurs-przyrodniczo-recytatorski-przyroda-uczy-najpiekniej-3","status":"publish","type":"page","link":"https:\/\/pbp.womczest.edu.pl\/new\/powiatowy-konkurs-przyrodniczo-recytatorski-przyroda-uczy-najpiekniej-3\/","title":{"rendered":"Powiatowy Konkurs Przyrodniczo-Recytatorski \u201ePrzyroda uczy najpi\u0119kniej\u201d"},"content":{"rendered":"<p>27 kwietnia 2022 roku w Auli Forum Regionalnego O\u015brodka Doskonalenia Nauczycieli &#8222;WOM&#8221; w Cz\u0119stochowie odby\u0142 si\u0119 <b>Powiatowy Konkurs Przyrodniczo-Recytatorski <\/b><b><br \/>\n\u201e<\/b><b>Przyroda uczy najpi\u0119kniej<\/b><b>\u201d<\/b>.<\/p>\n<p>Organizatorami konkursu by\u0142a Publiczna Biblioteka Pedagogiczna Regionalnego O\u015brodka Doskonalenia Nauczycieli \u201eWOM\u201d w Cz\u0119stochowie oraz Szko\u0142a Podstawowa nr 31 im. Or\u0142a Bia\u0142ego w Cz\u0119stochowie. Przedsi\u0119wzi\u0119cie odby\u0142o si\u0119 pod honorowym patronatem Prezydenta Miasta Cz\u0119stochowy Krzysztofa Matyjaszczyka i Starosty Cz\u0119stochowskiego Krzysztofa Smeli. Konkurs skierowany by\u0142 do uczni\u00f3w szk\u00f3l podstawowych klas IV-VIII.<\/p>\n<p>Koordynatorzy konkursu:<\/p>\n<p>Anna P\u0142usa &#8211; nauczyciel bibliotekarz Publicznej Biblioteki Pedagogicznej Regionalnego O\u015brodka Doskonalenia Nauczycieli \u201eWOM\u201d w Cz\u0119stochowie,<\/p>\n<p>Joanna Paw\u0142owska-Kramer &#8211; nauczyciel Szko\u0142y Podstawowowej nr 31 im. Or\u0142a Bia\u0142ego w Cz\u0119stochowie.<\/p>\n<p>Cele konkursu to:<\/p>\n<ol>\n<li>Popularyzacja tw\u00f3rczo\u015bci poetyckiej.<\/li>\n<li>Kszta\u0142towanie wra\u017cliwo\u015bci na pi\u0119kno i bogactwo j\u0119zyka literackiego.<\/li>\n<li>Rozwijanie recytatorskich uzdolnie\u0144 m\u0142odzie\u017cy.<\/li>\n<li>Upowszechnianie kultury j\u0119zyka.<\/li>\n<li>Inspirowanie m\u0142odego pokolenia do aktywnego uczestnictwa w kulturze.<\/li>\n<\/ol>\n<p>Sponsorami konkursu byli: Prezydent Miasta Cz\u0119stochowy Krzysztof Matyjaszczyk, Starosta Cz\u0119stochowski Krzysztof Smela, Teatr im. Adama Mickiewicza w Cz\u0119stochowie, Wydzia\u0142 Ochrony \u015arodowiska, Rolnictwa i Le\u015bnictwa Urz\u0119du Miasta w Cz\u0119stochowie i Zarz\u0105d Okr\u0119gu Ligii Ochrony Przyrody w Cz\u0119stochowie.<\/p>\n<p>W przedsi\u0119wzi\u0119ciu wzi\u0119\u0142o udzia\u0142 24 uczni\u00f3w.<\/p>\n<p>Komisja konkursowa w sk\u0142adzie:<\/p>\n<p><u>Przewodnicz\u0105ca<\/u>:<\/p>\n<p>Alina Grabna &#8211; Prezes Towarzystwa Nauczycieli Bibliotekarzy Szk\u00f3\u0142 Polskich oddzia\u0142 w Cz\u0119stochowie<\/p>\n<p><u>Cz\u0142onkowie<\/u>:<\/p>\n<p>Maria Jasi\u0144ska \u2013 wiceprezes Zarz\u0105du Okr\u0119gu Ligii Ochrony Przyrody w Cz\u0119stochowie<\/p>\n<p>Katarzyna \u015aliwi\u0144ska \u2013 inspektor Wydzia\u0142u Ochrony \u015arodowiska, Rolnictwa i Le\u015bnictwa Urz\u0119du Miasta Cz\u0119stochowy<\/p>\n<p>Tomasz \u0141uczy\u0144ski &#8211; inspektor Wydzia\u0142u Ochrony \u015arodowiska, Rolnictwa i Le\u015bnictwa Urz\u0119du Miasta Cz\u0119stochowy<\/p>\n<p>Beata Raczy\u0144ska \u2013 nauczyciel j\u0119zyka polskiego, nauczyciel bibliotekarz PBP RODN \u201eWOM\u201d w Cz\u0119stochowie<\/p>\n<p>przyzna\u0142a nagrody w dw\u00f3ch kategoriach: klasy IV-VI i VII-VII.<\/p>\n<p><strong>Kategoria: klasy IV-VI<\/strong><\/p>\n<p>I miejsce<\/p>\n<p><b>Emilia <\/b><b>Musieli\u0144ska<\/b><\/p>\n<p>Szko\u0142a Podstawowa im. Janusza Korczaka w Zawadzie<\/p>\n<p>W\u0142adys\u0142aw Dzi\u0119ga\u0142a \u201eCz\u0142owiek i przyroda\u201d<\/p>\n<p>II miejsce<\/p>\n<p><b>Jagoda <\/b><b>Trybu\u0142a<\/b><\/p>\n<p>Szko\u0142a Podstawowa nr 7 im. Konstantego Ildefonsa Ga\u0142czy\u0144skiego w Cz\u0119stochowie<\/p>\n<p>Konstanty Ildefons Ga\u0142czy\u0144ski \u201eKronika olszty\u0144ska\u201d (fragmenty)<\/p>\n<p><b>Pawe\u0142 <\/b><b>Banaszkiewicz<\/b><\/p>\n<p>Szko\u0142a Podstawowa nr 25 im. Stanis\u0142awa Staszica w Cz\u0119stochowie<\/p>\n<p>Adam Mickiewicz \u201eZaj\u0105c i \u017caba\u201d<\/p>\n<p>III miejsce<\/p>\n<p><b>Aleksandra <\/b><b>Lesi\u0144ska<\/b><\/p>\n<p>Szko\u0142a Podstawowa w Nieradzie<\/p>\n<p>Wis\u0142awa Szymborska \u201eMilczenie ro\u015blin\u201d<\/p>\n<p>Wyr\u00f3\u017cnienie<\/p>\n<p><b>Gabriela <\/b><b>Majchrzak<\/b><\/p>\n<p>Szko\u0142a Podstawowa nr 21 im. Ks. Stanis\u0142awa Konarskiego w Cz\u0119stochowie<\/p>\n<p>Wanda Chotomska \u201eBallada o kogucie\u201d<\/p>\n<p><b>Bartosz <\/b><b>Gazda<\/b><\/p>\n<p>Szko\u0142a Podstawowa im. Tadeusza Ko\u015bciuszki w Pankach<\/p>\n<p>Adam Mickiewicz \u201ePierwiosnek\u201d<\/p>\n<p><strong>Kategoria: klasy VII-VIII<\/strong><\/p>\n<p>I miejsce<\/p>\n<p><b>Lena <\/b><b>Arkabus<\/b><\/p>\n<p>Szko\u0142a Podstawowa nr 21 im. Ks. Stanis\u0142awa Konarskiego w Cz\u0119stochowie<\/p>\n<p>Julian Tuwim \u201ePtasie radio\u201d<\/p>\n<p>II miejsce<\/p>\n<p><b>Kamila <\/b><b>Jagusiak<\/b><\/p>\n<p>Szko\u0142a Podstawowa nr 7 im. Konstantego Ildefonsa Ga\u0142czy\u0144skiego w Cz\u0119stochowie<\/p>\n<p>Julian Tuwim \u201ePtasie radio\u201d<\/p>\n<p><b>Antonina <\/b><b>Grzywacz<\/b><\/p>\n<p>Szko\u0142a Podstawowa nr 27 w Cz\u0119stochowie<\/p>\n<p>Wis\u0142awa Szymborska \u201eMilczenie ro\u015blin\u201d<\/p>\n<p>III miejsce<\/p>\n<p><b>Lena <\/b><b>Gruca<\/b><\/p>\n<p>Szko\u0142a Podstawowa im. Tadeusza Ko\u015bciuszki w Pankach<\/p>\n<p>Adam Mickiewicz \u201ePan Tadeusz\u201d (Fragment <i>Chmury<\/i>)<\/p>\n<p><b>Dominik <\/b><b>G\u0142adysz<\/b><\/p>\n<p>Szko\u0142a Podstawowa nr 42 im. Jana Brzechwy w Cz\u0119stochowie<\/p>\n<p>Adam Mickiewicz \u201ePan Tadeusz\u201d (fragment &#8211; opis przyrody)<\/p>\n<p>&nbsp;<\/p>\n<p><a href=\"https:\/\/pbp.womczest.edu.pl\/new\/galeria\/powiatowy-konkurs-przyrodniczo-recytatorski-przyroda-uczy-najpiekniej-2022\/\">galeria<\/a><\/p>\n","protected":false},"excerpt":{"rendered":"<p>27 kwietnia 2022 roku w Auli Forum Regionalnego O\u015brodka Doskonalenia Nauczycieli &#8222;WOM&#8221; w Cz\u0119stochowie odby\u0142 si\u0119 Powiatowy Konkurs Przyrodniczo-Recytatorski \u201ePrzyroda uczy najpi\u0119kniej\u201d. Organizatorami konkursu by\u0142a Publiczna Biblioteka Pedagogiczna Regionalnego O\u015brodka Doskonalenia Nauczycieli \u201eWOM\u201d w Cz\u0119stochowie oraz Szko\u0142a Podstawowa nr 31 im. Or\u0142a Bia\u0142ego w Cz\u0119stochowie. Przedsi\u0119wzi\u0119cie odby\u0142o si\u0119 pod honorowym patronatem Prezydenta Miasta Cz\u0119stochowy Krzysztofa Matyjaszczyka i Starosty Cz\u0119stochowskiego Krzysztofa Smeli. Konkurs skierowany by\u0142 do uczni\u00f3w szk\u00f3l podstawowych klas IV-VIII.<span class=\"ellipsis\">&hellip;<\/span><\/p>\n<div class=\"read-more\"><a href=\"https:\/\/pbp.womczest.edu.pl\/new\/powiatowy-konkurs-przyrodniczo-recytatorski-przyroda-uczy-najpiekniej-3\/\">Czytaj wi\u0119cej &#8250;<\/a><\/div>\n<p><!-- end of .read-more --><\/p>\n","protected":false},"author":5,"featured_media":0,"parent":0,"menu_order":0,"comment_status":"closed","ping_status":"closed","template":"","meta":{"footnotes":""},"jetpack_sharing_enabled":true,"jetpack_shortlink":"https:\/\/wp.me\/PgmV4H-5iv","_links":{"self":[{"href":"https:\/\/pbp.womczest.edu.pl\/new\/wp-json\/wp\/v2\/pages\/20367"}],"collection":[{"href":"https:\/\/pbp.womczest.edu.pl\/new\/wp-json\/wp\/v2\/pages"}],"about":[{"href":"https:\/\/pbp.womczest.edu.pl\/new\/wp-json\/wp\/v2\/types\/page"}],"author":[{"embeddable":true,"href":"https:\/\/pbp.womczest.edu.pl\/new\/wp-json\/wp\/v2\/users\/5"}],"replies":[{"embeddable":true,"href":"https:\/\/pbp.womczest.edu.pl\/new\/wp-json\/wp\/v2\/comments?post=20367"}],"version-history":[{"count":4,"href":"https:\/\/pbp.womczest.edu.pl\/new\/wp-json\/wp\/v2\/pages\/20367\/revisions"}],"predecessor-version":[{"id":22833,"href":"https:\/\/pbp.womczest.edu.pl\/new\/wp-json\/wp\/v2\/pages\/20367\/revisions\/22833"}],"wp:attachment":[{"href":"https:\/\/pbp.womczest.edu.pl\/new\/wp-json\/wp\/v2\/media?parent=20367"}],"curies":[{"name":"wp","href":"https:\/\/api.w.org\/{rel}","templated":true}]}}