


{"id":19689,"date":"2022-02-11T12:47:39","date_gmt":"2022-02-11T11:47:39","guid":{"rendered":"https:\/\/pbp.womczest.edu.pl\/new\/?page_id=19689"},"modified":"2022-02-11T13:27:09","modified_gmt":"2022-02-11T12:27:09","slug":"dzien-bezpiecznego-internetu-2022","status":"publish","type":"page","link":"https:\/\/pbp.womczest.edu.pl\/new\/dzien-bezpiecznego-internetu-2022\/","title":{"rendered":"Dzie\u0144 Bezpiecznego Internetu 2022"},"content":{"rendered":"<div class=\"post-entry\">\n<p>Dzie\u0144 Bezpiecznego Internetu obchodzony jest z\u00a0inicjatywy Komisji Europejskiej od\u00a02004 roku. Ma on na\u00a0celu przede wszystkim podejmowanie i\u00a0propagowanie dzia\u0142a\u0144 na\u00a0rzecz bezpiecznego dost\u0119pu dzieci i\u00a0m\u0142odzie\u017cy do\u00a0zasob\u00f3w internetowych, zaznajomienie rodzic\u00f3w, nauczycieli i\u00a0wychowawc\u00f3w z\u00a0problematyk\u0105 bezpiecze\u0144stwa online oraz\u00a0promocj\u0119 pozytywnego wykorzystywania internetu.<\/p>\n<p>9 lutego 2022 r. Panie Marta Ma\u0142ek i\u00a0Katarzyna Kucharzewska \u2013 nauczyciele bibliotekarze Publicznej Biblioteki Pedagogicznej RODN w\u00a0Cz\u0119stochowie \u2013 przeprowadzi\u0142y online zaj\u0119cia edukacyjne w\u00a0ramach obchod\u00f3w Dnia Bezpiecznego Internetu. W\u00a0zaj\u0119ciach pod\u00a0tytu\u0142em \u201eJak by\u0107 bezpiecznym w\u00a0internecie i\u00a0nie\u00a0da\u0107 si\u0119 z\u0142apa\u0107 w\u00a0sieci?\u201d uczestniczyli uczniowie klas I\u00a0i\u00a0II Szko\u0142y Podstawowej nr\u00a038 w\u00a0Cz\u0119stochowie. Zaj\u0119cia dotyczy\u0142y aktualnych problem\u00f3w i\u00a0zagro\u017ce\u0144, na\u00a0kt\u00f3re nara\u017cone s\u0105 dzieci w\u00a0m\u0142odszym wieku szkolnym w\u00a0trakcie korzystania z\u00a0internetu, tj.\u00a0uwodzenie, nadmierne korzystanie z\u00a0sieci i\u00a0urz\u0105dze\u0144 ekranowych oraz\u00a0zagro\u017cenia zwi\u0105zane z\u00a0graniem w\u00a0gry online. G\u0142\u00f3wnym celem zaj\u0119\u0107 by\u0142o uwra\u017cliwienie na\u00a0ryzyko zwi\u0105zane<br \/>\nz nawi\u0105zywaniem kontakt\u00f3w w\u00a0internecie z\u00a0nieznanymi osobami, rozpoznawanie sygna\u0142\u00f3w \u015bwiadcz\u0105cych o\u00a0pr\u00f3bach manipulacji, kszta\u0142towanie zdolno\u015bci krytycznego my\u015blenia, poznanie w\u0142a\u015bciwych sposob\u00f3w reagowania na\u00a0pr\u00f3by nawi\u0105zania kontaktu podejmowane w\u00a0sieci przez\u00a0osoby nieznajome.<\/p>\n<p>Prowadz\u0105ce rozpocz\u0119\u0142y spotkanie zabaw\u0105 integracyjn\u0105 oraz\u00a0badaniem nastroju i\u00a0emocji uczni\u00f3w. Nast\u0119pnie uczestnicy wymieniali sposoby wykorzystania przez\u00a0nich zasob\u00f3w internetu oraz\u00a0ewentualne zagro\u017cenia, m.in.\u00a0niebezpieczne tre\u015bci i\u00a0kontakty z\u00a0nieznajomymi.<\/p>\n<p>Uczniowie obejrzeli animacj\u0119 pt.\u00a0\u201eZ\u0142ota rybka. Grooming\u201d (kampania \u201eB\u0105d\u017a z\u00a0innej bajki\u201d), na\u00a0podstawie kt\u00f3rej\u00a0om\u00f3wiono problem kontakt\u00f3w z\u00a0osobami poznanymi w\u00a0internecie oraz\u00a0jak zachowa\u0107 czujno\u015b\u0107 i\u00a0nie\u00a0da\u0107 si\u0119 zmanipulowa\u0107. Uczestnicy rozwi\u0105zali r\u00f3wnie\u017c quiz maj\u0105cy na\u00a0celu podsumowanie zdobytych wiadomo\u015bci. Wypracowany zosta\u0142 r\u00f3wnie\u017c katalog najwa\u017cniejszych zasad, kt\u00f3rymi nale\u017cy si\u0119 kierowa\u0107 korzystaj\u0105c z\u00a0internetu, aby by\u0107 bezpiecznym.<\/p>\n<p>W\u00a0zaj\u0119ciach wzi\u0119\u0142o udzia\u0142 131 uczni\u00f3w i\u00a012 nauczycieli.<\/p>\n<p style=\"text-align: center;\"><em>Tekst i\u00a0zdj\u0119cia: Marta Ma\u0142ek<br \/>\n<style id=\"bwg-style-0\">    #bwg_container1_0 #bwg_container2_0 .bwg-container-0.bwg-standard-thumbnails {      width: 904px;              justify-content: center;        margin:0 auto !important;              background-color: rgba(255, 255, 255, 0.00);            padding-left: 4px;      padding-top: 4px;      max-width: 100%;            }        #bwg_container1_0 #bwg_container2_0 .bwg-container-0.bwg-standard-thumbnails .bwg-item {    justify-content: flex-start;      max-width: 180px;            width: 180px !important;          }    #bwg_container1_0 #bwg_container2_0 .bwg-container-0.bwg-standard-thumbnails .bwg-item a {       margin-right: 4px;       margin-bottom: 4px;    }    #bwg_container1_0 #bwg_container2_0 .bwg-container-0.bwg-standard-thumbnails .bwg-item0 {      padding: 0px;            background-color:rgba(255,255,255, 0.30);      border: 0px none #CCCCCC;      opacity: 1.00;      border-radius: 0;      box-shadow: 0px 0px 0px #888888;    }    #bwg_container1_0 #bwg_container2_0 .bwg-container-0.bwg-standard-thumbnails .bwg-item1 img {      max-height: none;      max-width: none;      padding: 0 !important;    }        @media only screen and (min-width: 480px) {      #bwg_container1_0 #bwg_container2_0 .bwg-container-0.bwg-standard-thumbnails .bwg-item0 {        transition: all 0.3s ease 0s;-webkit-transition: all 0.3s ease 0s;      }      #bwg_container1_0 #bwg_container2_0 .bwg-container-0.bwg-standard-thumbnails .bwg-item0:hover {        -ms-transform: scale(1.1);        -webkit-transform: scale(1.1);        transform: scale(1.1);      }    }          #bwg_container1_0 #bwg_container2_0 .bwg-container-0.bwg-standard-thumbnails .bwg-item1 {      padding-top: 50%;    }        #bwg_container1_0 #bwg_container2_0 .bwg-container-0.bwg-standard-thumbnails .bwg-title2,    #bwg_container1_0 #bwg_container2_0 .bwg-container-0.bwg-standard-thumbnails .bwg-ecommerce2 {      color: #CCCCCC;      font-family: segoe ui;      font-size: 16px;      font-weight: bold;      padding: 2px;      text-shadow: 0px 0px 0px #888888;      max-height: 100%;    }    #bwg_container1_0 #bwg_container2_0 .bwg-container-0.bwg-standard-thumbnails .bwg-thumb-description span {    color: #323A45;    font-family: Ubuntu;    font-size: 12px;    max-height: 100%;    word-wrap: break-word;    }    #bwg_container1_0 #bwg_container2_0 .bwg-container-0.bwg-standard-thumbnails .bwg-play-icon2 {      font-size: 32px;    }    #bwg_container1_0 #bwg_container2_0 .bwg-container-0.bwg-standard-thumbnails .bwg-ecommerce2 {      font-size: 19.2px;      color: #CCCCCC;    }    <\/style>    <div id=\"bwg_container1_0\"         class=\"bwg_container bwg_thumbnail bwg_thumbnails \"         data-right-click-protection=\"0\"         data-bwg=\"0\"         data-scroll=\"0\"         data-gallery-type=\"thumbnails\"         data-gallery-view-type=\"thumbnails\"         data-current-url=\"\/new\/wp-json\/wp\/v2\/pages\/19689\"         data-lightbox-url=\"https:\/\/pbp.womczest.edu.pl\/new\/wp-admin\/admin-ajax.php?action=GalleryBox&#038;current_view=0&#038;gallery_id=361&#038;tag=0&#038;theme_id=1&#038;shortcode_id=880&#038;sort_by=order&#038;order_by=asc&#038;current_url=%2Fnew%2Fwp-json%2Fwp%2Fv2%2Fpages%2F19689\"         data-gallery-id=\"361\"         data-popup-width=\"800\"         data-popup-height=\"500\"         data-is-album=\"gallery\"         data-buttons-position=\"bottom\">      <div id=\"bwg_container2_0\">             <div id=\"ajax_loading_0\" class=\"bwg_loading_div_1\">      <div class=\"bwg_loading_div_2\">        <div class=\"bwg_loading_div_3\">          <div id=\"loading_div_0\" class=\"bwg_spider_ajax_loading\">          <\/div>        <\/div>      <\/div>    <\/div>            <form id=\"gal_front_form_0\"              class=\"bwg-hidden\"              method=\"post\"              action=\"#\"              data-current=\"0\"              data-shortcode-id=\"880\"              data-gallery-type=\"thumbnails\"              data-gallery-id=\"361\"              data-tag=\"0\"              data-album-id=\"0\"              data-theme-id=\"1\"              data-ajax-url=\"https:\/\/pbp.womczest.edu.pl\/new\/wp-admin\/admin-ajax.php?action=bwg_frontend_data\">          <div id=\"bwg_container3_0\" class=\"bwg-background bwg-background-0\">                <div data-max-count=\"5\"         data-thumbnail-width=\"180\"         data-bwg=\"0\"         data-gallery-id=\"361\"         data-lightbox-url=\"https:\/\/pbp.womczest.edu.pl\/new\/wp-admin\/admin-ajax.php?action=GalleryBox&amp;current_view=0&amp;gallery_id=361&amp;tag=0&amp;theme_id=1&amp;shortcode_id=880&amp;sort_by=order&amp;order_by=asc&amp;current_url=%2Fnew%2Fwp-json%2Fwp%2Fv2%2Fpages%2F19689\"         id=\"bwg_thumbnails_0\"         class=\"bwg-container-0 bwg-thumbnails bwg-standard-thumbnails bwg-container bwg-border-box\">            <div class=\"bwg-item\">        <a class=\"bwg-a  bwg_lightbox\"  data-image-id=\"5898\" href=\"https:\/\/pbp.womczest.edu.pl\/new\/wp-content\/uploads\/photo-gallery\/2022_DBI\/08.jpg?bwg=1644582380\" data-elementor-open-lightbox=\"no\">                <div class=\"bwg-item0 \">          <div class=\"bwg-item1 \">            <div class=\"bwg-item2\">              <img class=\"skip-lazy bwg_standart_thumb_img_0 \"                   data-id=\"5898\"                   data-width=\"1200\"                   data-height=\"800\"                   data-src=\"https:\/\/pbp.womczest.edu.pl\/new\/wp-content\/uploads\/photo-gallery\/2022_DBI\/thumb\/08.jpg?bwg=1644582380\"                   src=\"https:\/\/pbp.womczest.edu.pl\/new\/wp-content\/uploads\/photo-gallery\/2022_DBI\/thumb\/08.jpg?bwg=1644582380\"                   alt=\"08\"                   title=\"08\" \/>            <\/div>            <div class=\"\">                                                      <\/div>          <\/div>        <\/div>                        <\/a>              <\/div>            <div class=\"bwg-item\">        <a class=\"bwg-a  bwg_lightbox\"  data-image-id=\"5897\" href=\"https:\/\/pbp.womczest.edu.pl\/new\/wp-content\/uploads\/photo-gallery\/2022_DBI\/09.jpg?bwg=1644582380\" data-elementor-open-lightbox=\"no\">                <div class=\"bwg-item0 \">          <div class=\"bwg-item1 \">            <div class=\"bwg-item2\">              <img class=\"skip-lazy bwg_standart_thumb_img_0 \"                   data-id=\"5897\"                   data-width=\"960\"                   data-height=\"720\"                   data-src=\"https:\/\/pbp.womczest.edu.pl\/new\/wp-content\/uploads\/photo-gallery\/2022_DBI\/thumb\/09.jpg?bwg=1644582380\"                   src=\"https:\/\/pbp.womczest.edu.pl\/new\/wp-content\/uploads\/photo-gallery\/2022_DBI\/thumb\/09.jpg?bwg=1644582380\"                   alt=\"09\"                   title=\"09\" \/>            <\/div>            <div class=\"\">                                                      <\/div>          <\/div>        <\/div>                        <\/a>              <\/div>            <div class=\"bwg-item\">        <a class=\"bwg-a  bwg_lightbox\"  data-image-id=\"5896\" href=\"https:\/\/pbp.womczest.edu.pl\/new\/wp-content\/uploads\/photo-gallery\/2022_DBI\/07.jpg?bwg=1644582380\" data-elementor-open-lightbox=\"no\">                <div class=\"bwg-item0 \">          <div class=\"bwg-item1 \">            <div class=\"bwg-item2\">              <img class=\"skip-lazy bwg_standart_thumb_img_0 \"                   data-id=\"5896\"                   data-width=\"720\"                   data-height=\"960\"                   data-src=\"https:\/\/pbp.womczest.edu.pl\/new\/wp-content\/uploads\/photo-gallery\/2022_DBI\/thumb\/07.jpg?bwg=1644582380\"                   src=\"https:\/\/pbp.womczest.edu.pl\/new\/wp-content\/uploads\/photo-gallery\/2022_DBI\/thumb\/07.jpg?bwg=1644582380\"                   alt=\"07\"                   title=\"07\" \/>            <\/div>            <div class=\"\">                                                      <\/div>          <\/div>        <\/div>                        <\/a>              <\/div>            <div class=\"bwg-item\">        <a class=\"bwg-a  bwg_lightbox\"  data-image-id=\"5895\" href=\"https:\/\/pbp.womczest.edu.pl\/new\/wp-content\/uploads\/photo-gallery\/2022_DBI\/03.jpg?bwg=1644582380\" data-elementor-open-lightbox=\"no\">                <div class=\"bwg-item0 \">          <div class=\"bwg-item1 \">            <div class=\"bwg-item2\">              <img class=\"skip-lazy bwg_standart_thumb_img_0 \"                   data-id=\"5895\"                   data-width=\"1200\"                   data-height=\"800\"                   data-src=\"https:\/\/pbp.womczest.edu.pl\/new\/wp-content\/uploads\/photo-gallery\/2022_DBI\/thumb\/03.jpg?bwg=1644582380\"                   src=\"https:\/\/pbp.womczest.edu.pl\/new\/wp-content\/uploads\/photo-gallery\/2022_DBI\/thumb\/03.jpg?bwg=1644582380\"                   alt=\"03\"                   title=\"03\" \/>            <\/div>            <div class=\"\">                                                      <\/div>          <\/div>        <\/div>                        <\/a>              <\/div>            <div class=\"bwg-item\">        <a class=\"bwg-a  bwg_lightbox\"  data-image-id=\"5894\" href=\"https:\/\/pbp.womczest.edu.pl\/new\/wp-content\/uploads\/photo-gallery\/2022_DBI\/02.jpg?bwg=1644582380\" data-elementor-open-lightbox=\"no\">                <div class=\"bwg-item0 \">          <div class=\"bwg-item1 \">            <div class=\"bwg-item2\">              <img class=\"skip-lazy bwg_standart_thumb_img_0 \"                   data-id=\"5894\"                   data-width=\"720\"                   data-height=\"960\"                   data-src=\"https:\/\/pbp.womczest.edu.pl\/new\/wp-content\/uploads\/photo-gallery\/2022_DBI\/thumb\/02.jpg?bwg=1644582380\"                   src=\"https:\/\/pbp.womczest.edu.pl\/new\/wp-content\/uploads\/photo-gallery\/2022_DBI\/thumb\/02.jpg?bwg=1644582380\"                   alt=\"02\"                   title=\"02\" \/>            <\/div>            <div class=\"\">                                                      <\/div>          <\/div>        <\/div>                        <\/a>              <\/div>            <div class=\"bwg-item\">        <a class=\"bwg-a  bwg_lightbox\"  data-image-id=\"5893\" href=\"https:\/\/pbp.womczest.edu.pl\/new\/wp-content\/uploads\/photo-gallery\/2022_DBI\/04.jpg?bwg=1644582380\" data-elementor-open-lightbox=\"no\">                <div class=\"bwg-item0 \">          <div class=\"bwg-item1 \">            <div class=\"bwg-item2\">              <img class=\"skip-lazy bwg_standart_thumb_img_0 \"                   data-id=\"5893\"                   data-width=\"960\"                   data-height=\"720\"                   data-src=\"https:\/\/pbp.womczest.edu.pl\/new\/wp-content\/uploads\/photo-gallery\/2022_DBI\/thumb\/04.jpg?bwg=1644582380\"                   src=\"https:\/\/pbp.womczest.edu.pl\/new\/wp-content\/uploads\/photo-gallery\/2022_DBI\/thumb\/04.jpg?bwg=1644582380\"                   alt=\"04\"                   title=\"04\" \/>            <\/div>            <div class=\"\">                                                      <\/div>          <\/div>        <\/div>                        <\/a>              <\/div>            <div class=\"bwg-item\">        <a class=\"bwg-a  bwg_lightbox\"  data-image-id=\"5892\" href=\"https:\/\/pbp.womczest.edu.pl\/new\/wp-content\/uploads\/photo-gallery\/2022_DBI\/05.jpg?bwg=1644582380\" data-elementor-open-lightbox=\"no\">                <div class=\"bwg-item0 \">          <div class=\"bwg-item1 \">            <div class=\"bwg-item2\">              <img class=\"skip-lazy bwg_standart_thumb_img_0 \"                   data-id=\"5892\"                   data-width=\"960\"                   data-height=\"720\"                   data-src=\"https:\/\/pbp.womczest.edu.pl\/new\/wp-content\/uploads\/photo-gallery\/2022_DBI\/thumb\/05.jpg?bwg=1644582380\"                   src=\"https:\/\/pbp.womczest.edu.pl\/new\/wp-content\/uploads\/photo-gallery\/2022_DBI\/thumb\/05.jpg?bwg=1644582380\"                   alt=\"05\"                   title=\"05\" \/>            <\/div>            <div class=\"\">                                                      <\/div>          <\/div>        <\/div>                        <\/a>              <\/div>            <div class=\"bwg-item\">        <a class=\"bwg-a  bwg_lightbox\"  data-image-id=\"5891\" href=\"https:\/\/pbp.womczest.edu.pl\/new\/wp-content\/uploads\/photo-gallery\/2022_DBI\/06.jpg?bwg=1644582380\" data-elementor-open-lightbox=\"no\">                <div class=\"bwg-item0 \">          <div class=\"bwg-item1 \">            <div class=\"bwg-item2\">              <img class=\"skip-lazy bwg_standart_thumb_img_0 \"                   data-id=\"5891\"                   data-width=\"960\"                   data-height=\"720\"                   data-src=\"https:\/\/pbp.womczest.edu.pl\/new\/wp-content\/uploads\/photo-gallery\/2022_DBI\/thumb\/06.jpg?bwg=1644582380\"                   src=\"https:\/\/pbp.womczest.edu.pl\/new\/wp-content\/uploads\/photo-gallery\/2022_DBI\/thumb\/06.jpg?bwg=1644582380\"                   alt=\"06\"                   title=\"06\" \/>            <\/div>            <div class=\"\">                                                      <\/div>          <\/div>        <\/div>                        <\/a>              <\/div>            <div class=\"bwg-item\">        <a class=\"bwg-a  bwg_lightbox\"  data-image-id=\"5890\" href=\"https:\/\/pbp.womczest.edu.pl\/new\/wp-content\/uploads\/photo-gallery\/2022_DBI\/01.jpg?bwg=1644582380\" data-elementor-open-lightbox=\"no\">                <div class=\"bwg-item0 \">          <div class=\"bwg-item1 \">            <div class=\"bwg-item2\">              <img class=\"skip-lazy bwg_standart_thumb_img_0 \"                   data-id=\"5890\"                   data-width=\"768\"                   data-height=\"513\"                   data-src=\"https:\/\/pbp.womczest.edu.pl\/new\/wp-content\/uploads\/photo-gallery\/2022_DBI\/thumb\/01.jpg?bwg=1644582380\"                   src=\"https:\/\/pbp.womczest.edu.pl\/new\/wp-content\/uploads\/photo-gallery\/2022_DBI\/thumb\/01.jpg?bwg=1644582380\"                   alt=\"01\"                   title=\"01\" \/>            <\/div>            <div class=\"\">                                                      <\/div>          <\/div>        <\/div>                        <\/a>              <\/div>          <\/div>    <style>      \/*pagination styles*\/      #bwg_container1_0 #bwg_container2_0 .tablenav-pages_0 {\t\t\t\ttext-align: center;\t\t\t\tfont-size: 12px;\t\t\t\tfont-family: segoe ui;\t\t\t\tfont-weight: bold;\t\t\t\tcolor: #666666;\t\t\t\tmargin: 6px 0 4px;\t\t\t\tdisplay: block;      }      @media only screen and (max-width : 320px) {      #bwg_container1_0 #bwg_container2_0 .displaying-num_0 {     \t display: none;      }      }      #bwg_container1_0 #bwg_container2_0 .displaying-num_0 {\t\t\t\tfont-size: 12px;\t\t\t\tfont-family: segoe ui;\t\t\t\tfont-weight: bold;\t\t\t\tcolor: #666666;\t\t\t\tmargin-right: 10px;\t\t\t\tvertical-align: middle;      }      #bwg_container1_0 #bwg_container2_0 .paging-input_0 {\t\t\t\tfont-size: 12px;\t\t\t\tfont-family: segoe ui;\t\t\t\tfont-weight: bold;\t\t\t\tcolor: #666666;\t\t\t\tvertical-align: middle;      }      #bwg_container1_0 #bwg_container2_0 .tablenav-pages_0 a.disabled,      #bwg_container1_0 #bwg_container2_0 .tablenav-pages_0 a.disabled:hover,      #bwg_container1_0 #bwg_container2_0 .tablenav-pages_0 a.disabled:focus,\t\t\t#bwg_container1_0 #bwg_container2_0 .tablenav-pages_0 input.bwg_current_page {\t\t\t\tcursor: default;\t\t\t\tcolor: rgba(102, 102, 102, 0.5);      }      #bwg_container1_0 #bwg_container2_0 .tablenav-pages_0 a,      #bwg_container1_0 #bwg_container2_0 .tablenav-pages_0 input.bwg_current_page {\t\t\t\tcursor: pointer;\t\t\t\ttext-align: center;\t\t\t\tfont-size: 12px;\t\t\t\tfont-family: segoe ui;\t\t\t\tfont-weight: bold;\t\t\t\tcolor: #666666;\t\t\t\ttext-decoration: none;\t\t\t\tpadding: 3px 6px;\t\t\t\tmargin: 0;\t\t\t\tborder-radius: 0;\t\t\t\tborder-style: solid;\t\t\t\tborder-width: 1px;\t\t\t\tborder-color: #E3E3E3;\t\t\t\t\t\t\t\tbackground-color: rgba(255, 255, 255, 1.00);\t\t\t\tbox-shadow: 0;\t\t\t\ttransition: all 0.3s ease 0s;-webkit-transition: all 0.3s ease 0s;      }      <\/style>      <span class=\"bwg_nav_cont_0\">              <div class=\"tablenav-pages_0\">                  <\/div>                <input type=\"hidden\" id=\"page_number_0\" name=\"page_number_0\" value=\"1\" \/>      <script type=\"text\/javascript\">        if( jQuery('.bwg_nav_cont_0').length > 1 ) {          jQuery('.bwg_nav_cont_0').first().remove()        }        function spider_page_0(cur, x, y, load_more) {          if (typeof load_more == \"undefined\") {            var load_more = false;          }          if (jQuery(cur).hasClass('disabled')) {            return false;          }          var items_county_0 = 1;          switch (y) {            case 1:              if (x >= items_county_0) {                document.getElementById('page_number_0').value = items_county_0;              }              else {                document.getElementById('page_number_0').value = x + 1;              }              break;            case 2:              document.getElementById('page_number_0').value = items_county_0;              break;            case -1:              if (x == 1) {                document.getElementById('page_number_0').value = 1;              }              else {                document.getElementById('page_number_0').value = x - 1;              }              break;            case -2:              document.getElementById('page_number_0').value = 1;              break;\t\t\t\t\t\tcase 0:              document.getElementById('page_number_0').value = x;              break;            default:              document.getElementById('page_number_0').value = 1;          }          bwg_ajax('gal_front_form_0', '0', 'bwg_thumbnails_0', '0', '', 'gallery', 0, '', '', load_more, '', 1);        }                    jQuery('.first-page-0').on('click', function () {              spider_page_0(this, 1, -2, 'numeric');              return false;            });            jQuery('.prev-page-0').on('click', function () {              spider_page_0(this, 1, -1, 'numeric');              return false;            });            jQuery('.next-page-0').on('click', function () {              spider_page_0(this, 1, 1, 'numeric');              return false;            });            jQuery('.last-page-0').on('click', function () {              spider_page_0(this, 1, 2, 'numeric');              return false;            });        \t\t\t\t\/* Change page on input enter. *\/        function bwg_change_page_0( e, that ) {          if (  e.key == 'Enter' ) {            var to_page = parseInt(jQuery(that).val());            var pages_count = jQuery(that).parents(\".pagination-links\").data(\"pages-count\");            var current_url_param = jQuery(that).attr('data-url-info');            if (to_page > pages_count) {              to_page = 1;            }\t \t\t\t\t\t\t\t\t\t\t\t\tspider_page_0(this, to_page, 0, 'numeric');\t\t\t\t\t\t\treturn false;\t\t\t\t\t\t          }          return true;        }        jQuery('.bwg_load_btn_0').on('click', function () {            spider_page_0(this, 1, 1, true);            return false;        });      <\/script>      <\/span>                <\/div>        <\/form>        <style>          #bwg_container1_0 #bwg_container2_0 #spider_popup_overlay_0 {          background-color: #000000;          opacity: 0.70;          }          <\/style>        <div id=\"bwg_spider_popup_loading_0\" class=\"bwg_spider_popup_loading\"><\/div>        <div id=\"spider_popup_overlay_0\" class=\"spider_popup_overlay\" onclick=\"spider_destroypopup(1000)\"><\/div>        <input type=\"hidden\" id=\"bwg_random_seed_0\" value=\"372290426\">                <\/div>    <\/div>    <script>      if (document.readyState === 'complete') {        if( typeof bwg_main_ready == 'function' ) {          if ( jQuery(\"#bwg_container1_0\").height() ) {            bwg_main_ready(jQuery(\"#bwg_container1_0\"));          }        }      } else {        document.addEventListener('DOMContentLoaded', function() {          if( typeof bwg_main_ready == 'function' ) {            if ( jQuery(\"#bwg_container1_0\").height() ) {             bwg_main_ready(jQuery(\"#bwg_container1_0\"));            }          }        });      }    <\/script>    \n<\/em><\/p>\n<\/div>\n","protected":false},"excerpt":{"rendered":"<p>Dzie\u0144 Bezpiecznego Internetu obchodzony jest z\u00a0inicjatywy Komisji Europejskiej od\u00a02004 roku. Ma on na\u00a0celu przede wszystkim podejmowanie i\u00a0propagowanie dzia\u0142a\u0144 na\u00a0rzecz bezpiecznego dost\u0119pu dzieci i\u00a0m\u0142odzie\u017cy do\u00a0zasob\u00f3w internetowych, zaznajomienie rodzic\u00f3w, nauczycieli i\u00a0wychowawc\u00f3w z\u00a0problematyk\u0105 bezpiecze\u0144stwa online oraz\u00a0promocj\u0119 pozytywnego wykorzystywania internetu. 9 lutego 2022 r. Panie Marta Ma\u0142ek i\u00a0Katarzyna Kucharzewska \u2013 nauczyciele bibliotekarze Publicznej Biblioteki Pedagogicznej RODN w\u00a0Cz\u0119stochowie \u2013 przeprowadzi\u0142y online zaj\u0119cia edukacyjne w\u00a0ramach obchod\u00f3w Dnia Bezpiecznego Internetu. W\u00a0zaj\u0119ciach pod\u00a0tytu\u0142em \u201eJak by\u0107 bezpiecznym w\u00a0internecie i\u00a0nie\u00a0da\u0107<span class=\"ellipsis\">&hellip;<\/span><\/p>\n<div class=\"read-more\"><a href=\"https:\/\/pbp.womczest.edu.pl\/new\/dzien-bezpiecznego-internetu-2022\/\">Czytaj wi\u0119cej &#8250;<\/a><\/div>\n<p><!-- end of .read-more --><\/p>\n","protected":false},"author":6,"featured_media":0,"parent":0,"menu_order":0,"comment_status":"closed","ping_status":"closed","template":"","meta":{"footnotes":""},"jetpack_sharing_enabled":true,"jetpack_shortlink":"https:\/\/wp.me\/PgmV4H-57z","_links":{"self":[{"href":"https:\/\/pbp.womczest.edu.pl\/new\/wp-json\/wp\/v2\/pages\/19689"}],"collection":[{"href":"https:\/\/pbp.womczest.edu.pl\/new\/wp-json\/wp\/v2\/pages"}],"about":[{"href":"https:\/\/pbp.womczest.edu.pl\/new\/wp-json\/wp\/v2\/types\/page"}],"author":[{"embeddable":true,"href":"https:\/\/pbp.womczest.edu.pl\/new\/wp-json\/wp\/v2\/users\/6"}],"replies":[{"embeddable":true,"href":"https:\/\/pbp.womczest.edu.pl\/new\/wp-json\/wp\/v2\/comments?post=19689"}],"version-history":[{"count":2,"href":"https:\/\/pbp.womczest.edu.pl\/new\/wp-json\/wp\/v2\/pages\/19689\/revisions"}],"predecessor-version":[{"id":19700,"href":"https:\/\/pbp.womczest.edu.pl\/new\/wp-json\/wp\/v2\/pages\/19689\/revisions\/19700"}],"wp:attachment":[{"href":"https:\/\/pbp.womczest.edu.pl\/new\/wp-json\/wp\/v2\/media?parent=19689"}],"curies":[{"name":"wp","href":"https:\/\/api.w.org\/{rel}","templated":true}]}}