


{"id":19388,"date":"2021-12-14T10:25:26","date_gmt":"2021-12-14T09:25:26","guid":{"rendered":"https:\/\/pbp.womczest.edu.pl\/new\/?page_id=19388"},"modified":"2021-12-14T10:28:30","modified_gmt":"2021-12-14T09:28:30","slug":"vlogi-o-ksiazkach","status":"publish","type":"page","link":"https:\/\/pbp.womczest.edu.pl\/new\/vlogi-o-ksiazkach\/","title":{"rendered":"VLOGI O KSI\u0104\u017bKACH"},"content":{"rendered":"<ul>\n<li><a href=\"https:\/\/www.youtube.com\/c\/Bestselerki\/videos\">Bestselerki<\/a><\/li>\n<li><a href=\"https:\/\/www.youtube.com\/channel\/UCTE2zfrfEP0MtV--qZYV4Eg\">Book Reviews by Anita<\/a><\/li>\n<li><a href=\"https:\/\/www.youtube.com\/c\/DoktorBook\">Doktor Book<\/a><\/li>\n<li><a href=\"https:\/\/www.youtube.com\/channel\/UCqlFRolcl5bsBGwesgfH7-g\">Kr\u00f3tka Przerwa<\/a><\/li>\n<li><a href=\"https:\/\/www.youtube.com\/strefaczytacza\">Strefa Czytacza<\/a><\/li>\n<li><a href=\"https:\/\/wielkibuk.com\/\">Wielki Buk<\/a><\/li>\n<li><a href=\"https:\/\/www.youtube.com\/channel\/UCP0LnBml_CVq5gaDD6qcsxw\">Zaksi\u0105\u017ckowane<\/a><\/li>\n<\/ul>\n<p>&nbsp;<\/p>\n<p>&nbsp;<\/p>\n","protected":false},"excerpt":{"rendered":"<p>Bestselerki Book Reviews by Anita Doktor Book Kr\u00f3tka Przerwa Strefa Czytacza Wielki Buk Zaksi\u0105\u017ckowane &nbsp; &nbsp;<\/p>\n","protected":false},"author":6,"featured_media":0,"parent":0,"menu_order":0,"comment_status":"closed","ping_status":"closed","template":"","meta":{"footnotes":""},"jetpack_sharing_enabled":true,"jetpack_shortlink":"https:\/\/wp.me\/PgmV4H-52I","_links":{"self":[{"href":"https:\/\/pbp.womczest.edu.pl\/new\/wp-json\/wp\/v2\/pages\/19388"}],"collection":[{"href":"https:\/\/pbp.womczest.edu.pl\/new\/wp-json\/wp\/v2\/pages"}],"about":[{"href":"https:\/\/pbp.womczest.edu.pl\/new\/wp-json\/wp\/v2\/types\/page"}],"author":[{"embeddable":true,"href":"https:\/\/pbp.womczest.edu.pl\/new\/wp-json\/wp\/v2\/users\/6"}],"replies":[{"embeddable":true,"href":"https:\/\/pbp.womczest.edu.pl\/new\/wp-json\/wp\/v2\/comments?post=19388"}],"version-history":[{"count":3,"href":"https:\/\/pbp.womczest.edu.pl\/new\/wp-json\/wp\/v2\/pages\/19388\/revisions"}],"predecessor-version":[{"id":19392,"href":"https:\/\/pbp.womczest.edu.pl\/new\/wp-json\/wp\/v2\/pages\/19388\/revisions\/19392"}],"wp:attachment":[{"href":"https:\/\/pbp.womczest.edu.pl\/new\/wp-json\/wp\/v2\/media?parent=19388"}],"curies":[{"name":"wp","href":"https:\/\/api.w.org\/{rel}","templated":true}]}}