


{"id":18889,"date":"2021-09-09T11:51:58","date_gmt":"2021-09-09T09:51:58","guid":{"rendered":"https:\/\/pbp.womczest.edu.pl\/new\/?page_id=18889"},"modified":"2023-03-06T14:08:08","modified_gmt":"2023-03-06T13:08:08","slug":"ogolnopolski-dzien-glosnego-czytania-2019","status":"publish","type":"page","link":"https:\/\/pbp.womczest.edu.pl\/new\/ogolnopolski-dzien-glosnego-czytania-2019\/","title":{"rendered":"OG\u00d3LNOPOLSKI DZIE\u0143 G\u0141O\u015aNEGO CZYTANIA 2019"},"content":{"rendered":"<p>W dniach 25\u00a0 i 30 wrze\u015bnia 2019 r. w ramach Og\u00f3lnopolskiego Dnia G\u0142o\u015bnego Czytania, nauczyciele bibliotekarze naszej plac\u00f3wki zorganizowali zaj\u0119cia czytelnicze dla przedszkolak\u00f3w i uczni\u00f3w szk\u00f3\u0142 podstawowych. W Szkole Podstawowej w W\u0119dzinie dzieci w klasach 1 -3 wys\u0142ucha\u0142y bajki El\u017cbiety Zubrzyckiej \u201eChc\u0119 mie\u0107 przyjaciela. O dziewczynce, kt\u00f3ra chcia\u0142a zaprzyja\u017ani\u0107 si\u0119 z krokodylem\u201d. W Szkole\u00a0 Podstawowej w Sierakowie \u015al\u0105skim uczniowie 4 klasy czytali \u201e120 przyg\u00f3d Kozio\u0142ka Mato\u0142ka\u201d Kornela Makuszy\u0144skiego i Mariana Walentynowicza, a sz\u00f3stoklasi\u015bci \u2013 fragmenty \u201eMitologii\u201d Jana Parandowskiego. W Przedszkolu Pod D\u0119bem w Kosz\u0119cinie wychowankowie wys\u0142uchali bajki \u201eMa\u0142a myszka zmienia szko\u0142\u0119\u201d oraz \u201eBardzo, bardzo, bardzo grzeczna owieczka\u201d Barbary Sta\u0144czuk z ksi\u0105\u017cki \u201eBajki pomagajki\u2026 na dobry dzie\u0144 i jeszcze lepsze jutro\u201d.<\/p>\n<p style=\"text-align: right;\"><em>Tekst: Olimpia Zieli\u0144ska i Anna <\/em><em>Bidzi\u0144ska &#8211; Kristof<\/em><\/p>\n","protected":false},"excerpt":{"rendered":"<p>W dniach 25\u00a0 i 30 wrze\u015bnia 2019 r. w ramach Og\u00f3lnopolskiego Dnia G\u0142o\u015bnego Czytania, nauczyciele bibliotekarze naszej plac\u00f3wki zorganizowali zaj\u0119cia czytelnicze dla przedszkolak\u00f3w i uczni\u00f3w szk\u00f3\u0142 podstawowych. W Szkole Podstawowej w W\u0119dzinie dzieci w klasach 1 -3 wys\u0142ucha\u0142y bajki El\u017cbiety Zubrzyckiej \u201eChc\u0119 mie\u0107 przyjaciela. O dziewczynce, kt\u00f3ra chcia\u0142a zaprzyja\u017ani\u0107 si\u0119 z krokodylem\u201d. W Szkole\u00a0 Podstawowej w Sierakowie \u015al\u0105skim uczniowie 4 klasy czytali \u201e120 przyg\u00f3d Kozio\u0142ka Mato\u0142ka\u201d Kornela Makuszy\u0144skiego i Mariana<span class=\"ellipsis\">&hellip;<\/span><\/p>\n<div class=\"read-more\"><a href=\"https:\/\/pbp.womczest.edu.pl\/new\/ogolnopolski-dzien-glosnego-czytania-2019\/\">Czytaj wi\u0119cej &#8250;<\/a><\/div>\n<p><!-- end of .read-more --><\/p>\n","protected":false},"author":3,"featured_media":0,"parent":0,"menu_order":0,"comment_status":"closed","ping_status":"closed","template":"","meta":{"footnotes":""},"jetpack_sharing_enabled":true,"jetpack_shortlink":"https:\/\/wp.me\/PgmV4H-4UF","_links":{"self":[{"href":"https:\/\/pbp.womczest.edu.pl\/new\/wp-json\/wp\/v2\/pages\/18889"}],"collection":[{"href":"https:\/\/pbp.womczest.edu.pl\/new\/wp-json\/wp\/v2\/pages"}],"about":[{"href":"https:\/\/pbp.womczest.edu.pl\/new\/wp-json\/wp\/v2\/types\/page"}],"author":[{"embeddable":true,"href":"https:\/\/pbp.womczest.edu.pl\/new\/wp-json\/wp\/v2\/users\/3"}],"replies":[{"embeddable":true,"href":"https:\/\/pbp.womczest.edu.pl\/new\/wp-json\/wp\/v2\/comments?post=18889"}],"version-history":[{"count":2,"href":"https:\/\/pbp.womczest.edu.pl\/new\/wp-json\/wp\/v2\/pages\/18889\/revisions"}],"predecessor-version":[{"id":22428,"href":"https:\/\/pbp.womczest.edu.pl\/new\/wp-json\/wp\/v2\/pages\/18889\/revisions\/22428"}],"wp:attachment":[{"href":"https:\/\/pbp.womczest.edu.pl\/new\/wp-json\/wp\/v2\/media?parent=18889"}],"curies":[{"name":"wp","href":"https:\/\/api.w.org\/{rel}","templated":true}]}}