


{"id":18883,"date":"2021-09-09T11:45:52","date_gmt":"2021-09-09T09:45:52","guid":{"rendered":"https:\/\/pbp.womczest.edu.pl\/new\/?page_id=18883"},"modified":"2021-09-09T11:45:52","modified_gmt":"2021-09-09T09:45:52","slug":"depresja-i-proby-samobojcze-u-dzieci-i-mlodziezy-literatura-wykorzystywana-w-pracy-z-uczniem","status":"publish","type":"page","link":"https:\/\/pbp.womczest.edu.pl\/new\/depresja-i-proby-samobojcze-u-dzieci-i-mlodziezy-literatura-wykorzystywana-w-pracy-z-uczniem\/","title":{"rendered":"\u201eDepresja i pr\u00f3by samob\u00f3jcze u dzieci i m\u0142odzie\u017cy \u2013 literatura wykorzystywana w pracy z uczniem\u201d"},"content":{"rendered":"<p>W dniu 15.11.2019 r. w bibliotece Zespo\u0142u Szk\u00f3\u0142 Og\u00f3lnokszta\u0142c\u0105co-Technicznych w Lubli\u0144cu odby\u0142o si\u0119 seminarium \u201eDepresja i pr\u00f3by samob\u00f3jcze u dzieci i m\u0142odzie\u017cy \u2013 literatura wykorzystywana w pracy z uczniem\u201d, kt\u00f3re zorganizowa\u0142y\u015bmy we wsp\u00f3\u0142pracy z pani\u0105 Lilian\u0105 Bia\u0142as \u2013 psycholog z Publicznej Poradni Psychologiczno-Pedagogicznej w Lubli\u0144cu. Podczas spotkania nauczyciele bibliotekarze zapoznali si\u0119 z literatur\u0105 zwi\u0105zan\u0105 z tym tematem, kt\u00f3r\u0105 posiadamy w swoich zbiorach. Dowiedzieli si\u0119 tak\u017ce o\u00a0przyczynach i skutkach depresji u\u00a0m\u0142odych ludzi, sposobach jej zapobiegania i leczenia. Pani psycholog opowiedzia\u0142a o swojej pracy z dzie\u0107mi i\u00a0m\u0142odzie\u017c\u0105 chorymi na depresj\u0119 oraz przypadkach pr\u00f3b samob\u00f3jczych i\u00a0samob\u00f3jstw.<\/p>\n<p><a href=\"https:\/\/pbp.womczest.edu.pl\/new\/wp-content\/uploads\/2019\/11\/IMG_1045.jpg\"><img decoding=\"async\" loading=\"lazy\" class=\"alignnone wp-image-14887 size-thumbnail\" src=\"https:\/\/pbp.womczest.edu.pl\/new\/wp-content\/uploads\/2019\/11\/IMG_1041-150x150.jpg\" alt=\"\u201eDepresja i pr\u00f3by samob\u00f3jcze u dzieci i m\u0142odzie\u017cy \u2013 literatura wykorzystywana w pracy z uczniem\u201d\" width=\"150\" height=\"150\" \/><img decoding=\"async\" loading=\"lazy\" class=\"alignnone wp-image-14888 size-thumbnail\" src=\"https:\/\/pbp.womczest.edu.pl\/new\/wp-content\/uploads\/2019\/11\/IMG_1045-150x150.jpg\" alt=\"\u201eDepresja i pr\u00f3by samob\u00f3jcze u dzieci i m\u0142odzie\u017cy \u2013 literatura wykorzystywana w pracy z uczniem\u201d\" width=\"150\" height=\"150\" \/><\/a><\/p>\n<p style=\"text-align: right;\">Tekst i zdj\u0119cia: <em>Ma\u0142gorzata Goinda, Olimpia Zieli\u0144ska<\/em><\/p>\n","protected":false},"excerpt":{"rendered":"<p>W dniu 15.11.2019 r. w bibliotece Zespo\u0142u Szk\u00f3\u0142 Og\u00f3lnokszta\u0142c\u0105co-Technicznych w Lubli\u0144cu odby\u0142o si\u0119 seminarium \u201eDepresja i pr\u00f3by samob\u00f3jcze u dzieci i m\u0142odzie\u017cy \u2013 literatura wykorzystywana w pracy z uczniem\u201d, kt\u00f3re zorganizowa\u0142y\u015bmy we wsp\u00f3\u0142pracy z pani\u0105 Lilian\u0105 Bia\u0142as \u2013 psycholog z Publicznej Poradni Psychologiczno-Pedagogicznej w Lubli\u0144cu. Podczas spotkania nauczyciele bibliotekarze zapoznali si\u0119 z literatur\u0105 zwi\u0105zan\u0105 z tym tematem, kt\u00f3r\u0105 posiadamy w swoich zbiorach. Dowiedzieli si\u0119 tak\u017ce o\u00a0przyczynach i skutkach depresji u\u00a0m\u0142odych<span class=\"ellipsis\">&hellip;<\/span><\/p>\n<div class=\"read-more\"><a href=\"https:\/\/pbp.womczest.edu.pl\/new\/depresja-i-proby-samobojcze-u-dzieci-i-mlodziezy-literatura-wykorzystywana-w-pracy-z-uczniem\/\">Czytaj wi\u0119cej &#8250;<\/a><\/div>\n<p><!-- end of .read-more --><\/p>\n","protected":false},"author":3,"featured_media":0,"parent":0,"menu_order":0,"comment_status":"closed","ping_status":"closed","template":"","meta":{"footnotes":""},"jetpack_sharing_enabled":true,"jetpack_shortlink":"https:\/\/wp.me\/PgmV4H-4Uz","_links":{"self":[{"href":"https:\/\/pbp.womczest.edu.pl\/new\/wp-json\/wp\/v2\/pages\/18883"}],"collection":[{"href":"https:\/\/pbp.womczest.edu.pl\/new\/wp-json\/wp\/v2\/pages"}],"about":[{"href":"https:\/\/pbp.womczest.edu.pl\/new\/wp-json\/wp\/v2\/types\/page"}],"author":[{"embeddable":true,"href":"https:\/\/pbp.womczest.edu.pl\/new\/wp-json\/wp\/v2\/users\/3"}],"replies":[{"embeddable":true,"href":"https:\/\/pbp.womczest.edu.pl\/new\/wp-json\/wp\/v2\/comments?post=18883"}],"version-history":[{"count":1,"href":"https:\/\/pbp.womczest.edu.pl\/new\/wp-json\/wp\/v2\/pages\/18883\/revisions"}],"predecessor-version":[{"id":18884,"href":"https:\/\/pbp.womczest.edu.pl\/new\/wp-json\/wp\/v2\/pages\/18883\/revisions\/18884"}],"wp:attachment":[{"href":"https:\/\/pbp.womczest.edu.pl\/new\/wp-json\/wp\/v2\/media?parent=18883"}],"curies":[{"name":"wp","href":"https:\/\/api.w.org\/{rel}","templated":true}]}}