


{"id":18882,"date":"2021-09-09T11:47:16","date_gmt":"2021-09-09T09:47:16","guid":{"rendered":"https:\/\/pbp.womczest.edu.pl\/new\/?page_id=18882"},"modified":"2021-09-09T11:47:16","modified_gmt":"2021-09-09T09:47:16","slug":"powiatowy-konkurs-plastyczny-czytam-bo-lubie","status":"publish","type":"page","link":"https:\/\/pbp.womczest.edu.pl\/new\/powiatowy-konkurs-plastyczny-czytam-bo-lubie\/","title":{"rendered":"POWIATOWY KONKURS PLASTYCZNY \u201eCZYTAM BO LUBI\u0118\u201d"},"content":{"rendered":"<p>Dnia 28 pa\u017adziernika 2019 r. w Szkole Podstawowej nr 3 w Lubli\u0144cu odby\u0142 si\u0119 Powiatowy Konkurs Plastyczny \u201eCZYTAM BO LUBI\u0118\u201d dla klas VI szk\u00f3\u0142 podstawowych powiatu lublinieckiego. W ramach wsp\u00f3\u0142pracy bra\u0142y\u015bmy udzia\u0142 w tym wydarzeniu. Do zmaga\u0144 konkursowych przyst\u0105pi\u0142o szesna\u015bcioro uczni\u00f3w reprezentuj\u0105cych osiem szk\u00f3\u0142 podstawowych. Tematem konkursu by\u0142y przygody bohater\u00f3w ksi\u0105\u017cki Rafa\u0142a Kosika \u201eFelix, Net i Nika\u201d. Konkurs rozpocz\u0119\u0142y\u015bmy czytaniem \u201epo \u015bl\u0105sku\u201d wiersza \u201ePawe\u0142 i Gawe\u0142\u201d oraz bajki \u201eCzerwony Kapturek\u201d. Uczestniczy\u0142y\u015bmy w pracach jury oraz prowadzi\u0142y\u015bmy zaj\u0119cia plastyczne. Aby zach\u0119ci\u0107 dzieci do przeczytania kolejnych rozdzia\u0142\u00f3w ksi\u0105\u017cki konkursowej, zaprosi\u0142y\u015bmy je do wsp\u00f3lnego tworzenia figurek origami i obraz\u00f3w 3D.<\/p>\n<p><a href=\"https:\/\/pbp.womczest.edu.pl\/new\/wp-content\/uploads\/2019\/11\/IMG_20191028_115047308-2.jpg\"><img decoding=\"async\" loading=\"lazy\" class=\"alignnone wp-image-14845 size-thumbnail\" src=\"https:\/\/pbp.womczest.edu.pl\/new\/wp-content\/uploads\/2019\/11\/IMG_20191028_115047308-2-150x150.jpg\" alt=\"POWIATOWY KONKURS PLASTYCZNY \u201eCZYTAM BO LUBI\u0118\u201d\" width=\"150\" height=\"150\" \/> <\/a><a href=\"https:\/\/pbp.womczest.edu.pl\/new\/wp-content\/uploads\/2019\/11\/IMG_20191028_115047308-2.jpg\"><img decoding=\"async\" loading=\"lazy\" class=\"alignnone wp-image-14846 size-thumbnail\" src=\"https:\/\/pbp.womczest.edu.pl\/new\/wp-content\/uploads\/2019\/11\/IMG_20191028_134111141-150x150.jpg\" alt=\"POWIATOWY KONKURS PLASTYCZNY \u201eCZYTAM BO LUBI\u0118\u201d\" width=\"150\" height=\"150\" \/><\/a><\/p>\n<p style=\"text-align: right;\">Tekst i zdj\u0119cia: <em>Olimpia Zieli\u0144ska, Anna Bidzi\u0144ska-Kristof, Ma\u0142gorzata Goinda<\/em><\/p>\n","protected":false},"excerpt":{"rendered":"<p>Dnia 28 pa\u017adziernika 2019 r. w Szkole Podstawowej nr 3 w Lubli\u0144cu odby\u0142 si\u0119 Powiatowy Konkurs Plastyczny \u201eCZYTAM BO LUBI\u0118\u201d dla klas VI szk\u00f3\u0142 podstawowych powiatu lublinieckiego. W ramach wsp\u00f3\u0142pracy bra\u0142y\u015bmy udzia\u0142 w tym wydarzeniu. Do zmaga\u0144 konkursowych przyst\u0105pi\u0142o szesna\u015bcioro uczni\u00f3w reprezentuj\u0105cych osiem szk\u00f3\u0142 podstawowych. Tematem konkursu by\u0142y przygody bohater\u00f3w ksi\u0105\u017cki Rafa\u0142a Kosika \u201eFelix, Net i Nika\u201d. Konkurs rozpocz\u0119\u0142y\u015bmy czytaniem \u201epo \u015bl\u0105sku\u201d wiersza \u201ePawe\u0142 i Gawe\u0142\u201d oraz bajki \u201eCzerwony Kapturek\u201d.<span class=\"ellipsis\">&hellip;<\/span><\/p>\n<div class=\"read-more\"><a href=\"https:\/\/pbp.womczest.edu.pl\/new\/powiatowy-konkurs-plastyczny-czytam-bo-lubie\/\">Czytaj wi\u0119cej &#8250;<\/a><\/div>\n<p><!-- end of .read-more --><\/p>\n","protected":false},"author":3,"featured_media":0,"parent":0,"menu_order":0,"comment_status":"closed","ping_status":"closed","template":"","meta":{"footnotes":""},"jetpack_sharing_enabled":true,"jetpack_shortlink":"https:\/\/wp.me\/PgmV4H-4Uy","_links":{"self":[{"href":"https:\/\/pbp.womczest.edu.pl\/new\/wp-json\/wp\/v2\/pages\/18882"}],"collection":[{"href":"https:\/\/pbp.womczest.edu.pl\/new\/wp-json\/wp\/v2\/pages"}],"about":[{"href":"https:\/\/pbp.womczest.edu.pl\/new\/wp-json\/wp\/v2\/types\/page"}],"author":[{"embeddable":true,"href":"https:\/\/pbp.womczest.edu.pl\/new\/wp-json\/wp\/v2\/users\/3"}],"replies":[{"embeddable":true,"href":"https:\/\/pbp.womczest.edu.pl\/new\/wp-json\/wp\/v2\/comments?post=18882"}],"version-history":[{"count":1,"href":"https:\/\/pbp.womczest.edu.pl\/new\/wp-json\/wp\/v2\/pages\/18882\/revisions"}],"predecessor-version":[{"id":18886,"href":"https:\/\/pbp.womczest.edu.pl\/new\/wp-json\/wp\/v2\/pages\/18882\/revisions\/18886"}],"wp:attachment":[{"href":"https:\/\/pbp.womczest.edu.pl\/new\/wp-json\/wp\/v2\/media?parent=18882"}],"curies":[{"name":"wp","href":"https:\/\/api.w.org\/{rel}","templated":true}]}}