


{"id":18878,"date":"2021-09-09T11:49:23","date_gmt":"2021-09-09T09:49:23","guid":{"rendered":"https:\/\/pbp.womczest.edu.pl\/new\/?page_id=18878"},"modified":"2023-03-08T09:37:03","modified_gmt":"2023-03-08T08:37:03","slug":"miedzynarodowy-miesiac-bibliotek-szkolnych-odbyl-sie-w-tym-roku-pod-haslem-wyobraz-sobie","status":"publish","type":"page","link":"https:\/\/pbp.womczest.edu.pl\/new\/miedzynarodowy-miesiac-bibliotek-szkolnych-odbyl-sie-w-tym-roku-pod-haslem-wyobraz-sobie\/","title":{"rendered":"Mi\u0119dzynarodowy Miesi\u0105c Bibliotek Szkolnych"},"content":{"rendered":"<p>Mi\u0119dzynarodowy Miesi\u0105c Bibliotek Szkolnych odby\u0142 si\u0119 w\u00a0tym roku pod\u00a0has\u0142em: WYOBRA\u0179 SOBIE\u2026<\/p>\n<p>W\u00a0ramach tego wydarzenia, w\u00a0dniu 11.10.2019 r., przeprowadzi\u0142y\u015bmy zaj\u0119cia dla uczni\u00f3w klas\u00a0 I-III w\u00a0Szkole Podstawowej w\u00a0Ko\u015bmidrach. Podczas spotkania dzieci wys\u0142ucha\u0142y opowiadania \u201eCzy tylko\u00a0je\u017c mo\u017ce by\u0107 naje\u017cony? (Dlaczego warto pokonywa\u0107 swoje z\u0142e nawyki?)\u201d z\u00a0ksi\u0105\u017cki \u201eBajki pomagajki\u201d Barbary Sta\u0144czuk.<\/p>\n<p>W dniu 17.10.2019 r. odby\u0142y si\u0119 zaj\u0119cia czytelnicze w przedszkolu w Ciasnej, a 25.10.2019 r. by\u0142y\u015bmy w Szkole Podstawowej nr 1 w Lubli\u0144cu, gdzie czyta\u0142y\u015bmy pierwszoklasistom ksi\u0105\u017ck\u0119 El\u017cbiety Zubrzyckiej \u201eChc\u0119 mie\u0107 przyjaciela. O dziewczynce, kt\u00f3ra chcia\u0142a zaprzyja\u017ani\u0107 si\u0119 z krokodylem\u201d oraz bajk\u0119 \u201eZielona z zazdro\u015bci? Tym razem raczej br\u0105zowa (jak sobie radzi\u0107 z r\u00f3\u017cnymi, niezbyt \u0142atwymi uczuciami?)\u201d z ksi\u0105\u017cki \u201eBajki pomagajki\u201d Barbary Sta\u0144czuk.<\/p>\n<p>Wszystkim spotkaniom towarzyszy\u0142o przedstawienie teatrzyku Kamishibai, przy kt\u00f3rym\u00a0wsp\u00f3lnie bawili\u015bmy si\u0119 do\u00a0opowiadania \u201eGroszek\u201d i\u00a0wys\u0142uchali\u015bmy bajki \u201eTrzeba b\u0119dzie \u2026\u201d.<\/p>\n<p>Wielkie zainteresowanie wzbudzi\u0142y w\u015br\u00f3d dzieci zaprezentowane przez\u00a0nas r\u00f3\u017cne formy ksi\u0105\u017cki: leporello, \u201eksi\u0105\u017cki m\u00f3wi\u0105ce\u201d i\u00a0bajki rozk\u0142adanki.<\/p>\n<p><a href=\"https:\/\/pbp.womczest.edu.pl\/new\/wp-content\/uploads\/2019\/10\/unnamed-file.jpg\"><img decoding=\"async\" loading=\"lazy\" class=\"alignnone wp-image-14677 size-thumbnail\" src=\"https:\/\/pbp.womczest.edu.pl\/new\/wp-content\/uploads\/2019\/10\/unnamed-file-150x150.jpg\" alt=\"Mi\u0119dzynarodowy Miesi\u0105c Bibliotek Szkolnych odby\u0142 si\u0119 w\u00a0tym roku pod\u00a0has\u0142em: WYOBRA\u0179 SOBIE\u2026 \" width=\"150\" height=\"150\" \/><\/a><a href=\"https:\/\/pbp.womczest.edu.pl\/new\/wp-content\/uploads\/2019\/10\/20191011_114500.jpg\"> <img decoding=\"async\" loading=\"lazy\" class=\"alignnone wp-image-14798 size-thumbnail\" src=\"https:\/\/pbp.womczest.edu.pl\/new\/wp-content\/uploads\/2019\/11\/IMG_1001-150x150.jpg\" alt=\"\" width=\"150\" height=\"150\" \/> <\/a><a href=\"https:\/\/pbp.womczest.edu.pl\/new\/wp-content\/uploads\/2019\/10\/20191011_114500.jpg\"><img decoding=\"async\" loading=\"lazy\" class=\"alignnone wp-image-14678 size-thumbnail\" src=\"https:\/\/pbp.womczest.edu.pl\/new\/wp-content\/uploads\/2019\/10\/20191011_114500-150x150.jpg\" alt=\"Mi\u0119dzynarodowy Miesi\u0105c Bibliotek Szkolnych odby\u0142 si\u0119 w\u00a0tym roku pod\u00a0has\u0142em: WYOBRA\u0179 SOBIE\u2026 \" width=\"150\" height=\"150\" \/><\/a> <a href=\"https:\/\/pbp.womczest.edu.pl\/new\/wp-content\/uploads\/2019\/10\/20191011_114500.jpg\"><img decoding=\"async\" loading=\"lazy\" class=\"alignnone wp-image-14799 size-thumbnail\" src=\"https:\/\/pbp.womczest.edu.pl\/new\/wp-content\/uploads\/2019\/11\/IMG_1006-150x150.jpg\" alt=\"Mi\u0119dzynarodowy Miesi\u0105c Bibliotek Szkolnych odby\u0142 si\u0119 w\u00a0tym roku pod\u00a0has\u0142em: WYOBRA\u0179 SOBIE\u2026 \" width=\"150\" height=\"150\" \/><\/a><\/p>\n<p style=\"text-align: right;\"><em>Tekst i zdj\u0119cia: Olimpia Zieli\u0144ska, Ma\u0142gorzata Goinda, Anna Bidzi\u0144ska-Kristof<br \/>\n<\/em><\/p>\n<hr \/>\n","protected":false},"excerpt":{"rendered":"<p>Mi\u0119dzynarodowy Miesi\u0105c Bibliotek Szkolnych odby\u0142 si\u0119 w\u00a0tym roku pod\u00a0has\u0142em: WYOBRA\u0179 SOBIE\u2026 W\u00a0ramach tego wydarzenia, w\u00a0dniu 11.10.2019 r., przeprowadzi\u0142y\u015bmy zaj\u0119cia dla uczni\u00f3w klas\u00a0 I-III w\u00a0Szkole Podstawowej w\u00a0Ko\u015bmidrach. Podczas spotkania dzieci wys\u0142ucha\u0142y opowiadania \u201eCzy tylko\u00a0je\u017c mo\u017ce by\u0107 naje\u017cony? (Dlaczego warto pokonywa\u0107 swoje z\u0142e nawyki?)\u201d z\u00a0ksi\u0105\u017cki \u201eBajki pomagajki\u201d Barbary Sta\u0144czuk. W dniu 17.10.2019 r. odby\u0142y si\u0119 zaj\u0119cia czytelnicze w przedszkolu w Ciasnej, a 25.10.2019 r. by\u0142y\u015bmy w Szkole Podstawowej nr 1 w Lubli\u0144cu,<span class=\"ellipsis\">&hellip;<\/span><\/p>\n<div class=\"read-more\"><a href=\"https:\/\/pbp.womczest.edu.pl\/new\/miedzynarodowy-miesiac-bibliotek-szkolnych-odbyl-sie-w-tym-roku-pod-haslem-wyobraz-sobie\/\">Czytaj wi\u0119cej &#8250;<\/a><\/div>\n<p><!-- end of .read-more --><\/p>\n","protected":false},"author":3,"featured_media":0,"parent":0,"menu_order":0,"comment_status":"closed","ping_status":"closed","template":"","meta":{"footnotes":""},"jetpack_sharing_enabled":true,"jetpack_shortlink":"https:\/\/wp.me\/PgmV4H-4Uu","_links":{"self":[{"href":"https:\/\/pbp.womczest.edu.pl\/new\/wp-json\/wp\/v2\/pages\/18878"}],"collection":[{"href":"https:\/\/pbp.womczest.edu.pl\/new\/wp-json\/wp\/v2\/pages"}],"about":[{"href":"https:\/\/pbp.womczest.edu.pl\/new\/wp-json\/wp\/v2\/types\/page"}],"author":[{"embeddable":true,"href":"https:\/\/pbp.womczest.edu.pl\/new\/wp-json\/wp\/v2\/users\/3"}],"replies":[{"embeddable":true,"href":"https:\/\/pbp.womczest.edu.pl\/new\/wp-json\/wp\/v2\/comments?post=18878"}],"version-history":[{"count":2,"href":"https:\/\/pbp.womczest.edu.pl\/new\/wp-json\/wp\/v2\/pages\/18878\/revisions"}],"predecessor-version":[{"id":22551,"href":"https:\/\/pbp.womczest.edu.pl\/new\/wp-json\/wp\/v2\/pages\/18878\/revisions\/22551"}],"wp:attachment":[{"href":"https:\/\/pbp.womczest.edu.pl\/new\/wp-json\/wp\/v2\/media?parent=18878"}],"curies":[{"name":"wp","href":"https:\/\/api.w.org\/{rel}","templated":true}]}}