


{"id":18876,"date":"2021-09-09T11:41:48","date_gmt":"2021-09-09T09:41:48","guid":{"rendered":"https:\/\/pbp.womczest.edu.pl\/new\/?page_id=18876"},"modified":"2021-09-09T11:41:48","modified_gmt":"2021-09-09T09:41:48","slug":"ferie-z-ksiazka-i-zabawa","status":"publish","type":"page","link":"https:\/\/pbp.womczest.edu.pl\/new\/ferie-z-ksiazka-i-zabawa\/","title":{"rendered":"FERIE Z KSI\u0104\u017bK\u0104 I ZABAW\u0104"},"content":{"rendered":"<p><a href=\"https:\/\/pbp.womczest.edu.pl\/new\/wp-content\/uploads\/2020\/01\/2.jpg\"><img decoding=\"async\" loading=\"lazy\" class=\"alignleft wp-image-15154 size-thumbnail\" src=\"https:\/\/pbp.womczest.edu.pl\/new\/wp-content\/uploads\/2020\/01\/2-150x150.jpg\" alt=\"FERIE Z KSI\u0104\u017bK\u0104 I ZABAW\u0104\" width=\"150\" height=\"150\" \/><\/a>W dniu 22.01.2020 r. nauczyciel bibliotekarz naszej plac\u00f3wki by\u0142 wsp\u00f3\u0142organizatorem zaj\u0119\u0107 feryjnych w Przedszkolu Pod D\u0119bem w Kosz\u0119cinie. Wsp\u00f3lnie z nauczycielami przedszkola przeczytano opowiadania w\u00a0teatrze ilustracji \u201eKamishibai\u201d: \u201eGroszek\u201d, \u201eM\u00f3j przyjaciel Kemushi\u201d i\u00a0\u201eSzukaj\u0105c Marudka\u201d. Szczeg\u00f3lnym zainteresowaniem w\u015br\u00f3d dzieci cieszy\u0142o si\u0119, po\u0142\u0105czone z\u00a0zabaw\u0105 ruchow\u0105, opowiadanie \u201eGroszek\u201d. Dobra zabawa towarzyszy\u0142a nam r\u00f3wnie\u017c przy uk\u0142adaniu puzzli i\u00a0budowaniu wie\u017cy z klock\u00f3w.<\/p>\n<p><a href=\"https:\/\/pbp.womczest.edu.pl\/new\/wp-content\/uploads\/2020\/01\/4.jpg\"><img decoding=\"async\" loading=\"lazy\" class=\"alignnone wp-image-15155 size-thumbnail\" src=\"https:\/\/pbp.womczest.edu.pl\/new\/wp-content\/uploads\/2020\/01\/4-150x150.jpg\" alt=\"FERIE Z KSI\u0104\u017bK\u0104 I ZABAW\u0104\" width=\"150\" height=\"150\" \/><\/a> <a href=\"https:\/\/pbp.womczest.edu.pl\/new\/wp-content\/uploads\/2020\/01\/1.jpg\"><img decoding=\"async\" loading=\"lazy\" class=\"alignnone wp-image-15156 size-thumbnail\" src=\"https:\/\/pbp.womczest.edu.pl\/new\/wp-content\/uploads\/2020\/01\/1-150x150.jpg\" alt=\"FERIE Z KSI\u0104\u017bK\u0104 I ZABAW\u0104\" width=\"150\" height=\"150\" \/><\/a> <a href=\"https:\/\/pbp.womczest.edu.pl\/new\/wp-content\/uploads\/2020\/01\/3.jpg\"><img decoding=\"async\" loading=\"lazy\" class=\"alignnone wp-image-15157 size-thumbnail\" src=\"https:\/\/pbp.womczest.edu.pl\/new\/wp-content\/uploads\/2020\/01\/3-150x150.jpg\" alt=\"FERIE Z KSI\u0104\u017bK\u0104 I ZABAW\u0104\" width=\"150\" height=\"150\" \/><\/a><\/p>\n<p style=\"text-align: right;\">Tekst i zdj\u0119cia: <em>Anna Bidzi\u0144ska-Kristof<\/em><\/p>\n","protected":false},"excerpt":{"rendered":"<p>W dniu 22.01.2020 r. nauczyciel bibliotekarz naszej plac\u00f3wki by\u0142 wsp\u00f3\u0142organizatorem zaj\u0119\u0107 feryjnych w Przedszkolu Pod D\u0119bem w Kosz\u0119cinie. Wsp\u00f3lnie z nauczycielami przedszkola przeczytano opowiadania w\u00a0teatrze ilustracji \u201eKamishibai\u201d: \u201eGroszek\u201d, \u201eM\u00f3j przyjaciel Kemushi\u201d i\u00a0\u201eSzukaj\u0105c Marudka\u201d. Szczeg\u00f3lnym zainteresowaniem w\u015br\u00f3d dzieci cieszy\u0142o si\u0119, po\u0142\u0105czone z\u00a0zabaw\u0105 ruchow\u0105, opowiadanie \u201eGroszek\u201d. Dobra zabawa towarzyszy\u0142a nam r\u00f3wnie\u017c przy uk\u0142adaniu puzzli i\u00a0budowaniu wie\u017cy z klock\u00f3w. Tekst i zdj\u0119cia: Anna Bidzi\u0144ska-Kristof<\/p>\n","protected":false},"author":3,"featured_media":0,"parent":0,"menu_order":0,"comment_status":"closed","ping_status":"closed","template":"","meta":{"footnotes":""},"jetpack_sharing_enabled":true,"jetpack_shortlink":"https:\/\/wp.me\/PgmV4H-4Us","_links":{"self":[{"href":"https:\/\/pbp.womczest.edu.pl\/new\/wp-json\/wp\/v2\/pages\/18876"}],"collection":[{"href":"https:\/\/pbp.womczest.edu.pl\/new\/wp-json\/wp\/v2\/pages"}],"about":[{"href":"https:\/\/pbp.womczest.edu.pl\/new\/wp-json\/wp\/v2\/types\/page"}],"author":[{"embeddable":true,"href":"https:\/\/pbp.womczest.edu.pl\/new\/wp-json\/wp\/v2\/users\/3"}],"replies":[{"embeddable":true,"href":"https:\/\/pbp.womczest.edu.pl\/new\/wp-json\/wp\/v2\/comments?post=18876"}],"version-history":[{"count":1,"href":"https:\/\/pbp.womczest.edu.pl\/new\/wp-json\/wp\/v2\/pages\/18876\/revisions"}],"predecessor-version":[{"id":18877,"href":"https:\/\/pbp.womczest.edu.pl\/new\/wp-json\/wp\/v2\/pages\/18876\/revisions\/18877"}],"wp:attachment":[{"href":"https:\/\/pbp.womczest.edu.pl\/new\/wp-json\/wp\/v2\/media?parent=18876"}],"curies":[{"name":"wp","href":"https:\/\/api.w.org\/{rel}","templated":true}]}}