


{"id":18872,"date":"2021-09-09T11:38:26","date_gmt":"2021-09-09T09:38:26","guid":{"rendered":"https:\/\/pbp.womczest.edu.pl\/new\/?page_id=18872"},"modified":"2021-09-09T11:38:26","modified_gmt":"2021-09-09T09:38:26","slug":"najaktywniej-czytajacy-trzecioklasista-wyniki-konkursu","status":"publish","type":"page","link":"https:\/\/pbp.womczest.edu.pl\/new\/najaktywniej-czytajacy-trzecioklasista-wyniki-konkursu\/","title":{"rendered":"\u201eNajaktywniej czytaj\u0105cy trzecioklasista\u201d \u2013 wyniki konkursu"},"content":{"rendered":"<p><strong>W tegorocznej, VII ju\u017c edycji konkursu, wzi\u0119\u0142y udzia\u0142 cztery szko\u0142y<\/strong> podstawowe z\u00a0powiatu lublinieckiego: Publiczna Szko\u0142a Podstawowa im.\u00a0W. Kawy i\u00a0B.\u00a0Kawy w\u00a0Ko\u015bmidrach, Szko\u0142a Podstawowa nr\u00a01 im.\u00a0M. Konopnickiej w\u00a0Lubli\u0144cu, Szko\u0142a Podstawowa im. Jana Paw\u0142a II w\u00a0Kosz\u0119cinie i\u00a0Szko\u0142a Podstawowa im.\u00a074 G\u00f3rno\u015bl\u0105skiego Pu\u0142ku Piechoty w\u00a0Sadowie.<\/p>\n<p>Celem konkursu by\u0142o rozbudzanie zainteresowa\u0144 czytelniczych w\u015br\u00f3d dzieci, kszta\u0142towanie nawyku systematycznego czytania oraz\u00a0promocja ksi\u0119gozbior\u00f3w bibliotek szkolnych. Bibliotekarze szkolni mieli za\u00a0zadanie wskaza\u0107 uczni\u00f3w trzecich klas szk\u00f3\u0142 podstawowych, kt\u00f3rzy\u00a0w\u00a0okresie od\u00a01 wrze\u015bnia 2019 roku do\u00a031 maja 2020 roku przeczytali najwi\u0119cej ksi\u0105\u017cek dost\u0119pnych w\u00a0bibliotece szkolnej.<\/p>\n<p>Spo\u015br\u00f3d siedmiu zg\u0142oszonych trzecioklasist\u00f3w najlepszymi czytelnikami okazali si\u0119:<\/p>\n<p><strong>I\u00a0MIEJSCE:<\/strong><br \/>\n<strong>Oliwia Krawczyk<\/strong> \u2013 Szko\u0142a Podstawowa nr\u00a01 im.\u00a0M. Konopnickiej w\u00a0Lubli\u0144cu<br \/>\n<strong>(175 ksi\u0105\u017cek)<\/strong><\/p>\n<p><strong>II MIEJSCE:<\/strong><br \/>\n<strong>Laura Styczyrz <\/strong>\u2013 Szko\u0142a Podstawowa nr\u00a01 im.\u00a0M. Konopnickiej w\u00a0Lubli\u0144cu<br \/>\n<strong>(164 ksi\u0105\u017cek)<\/strong><\/p>\n<p><strong>III MIEJSCE:<\/strong><br \/>\n<strong>Oliwer Swoboda<\/strong> \u2013 Publiczna Szko\u0142a Podstawowa im.\u00a0W. Kawy i\u00a0B.\u00a0Kawy w\u00a0Ko\u015bmidrach<br \/>\n<strong>(163 ksi\u0105\u017cek)<\/strong><\/p>\n<p>Wszyscy rywalizuj\u0105cy ze\u00a0sob\u0105 uczniowie otrzymali dyplomy i nagrody ksi\u0105\u017ckowe.<\/p>\n","protected":false},"excerpt":{"rendered":"<p>W tegorocznej, VII ju\u017c edycji konkursu, wzi\u0119\u0142y udzia\u0142 cztery szko\u0142y podstawowe z\u00a0powiatu lublinieckiego: Publiczna Szko\u0142a Podstawowa im.\u00a0W. Kawy i\u00a0B.\u00a0Kawy w\u00a0Ko\u015bmidrach, Szko\u0142a Podstawowa nr\u00a01 im.\u00a0M. Konopnickiej w\u00a0Lubli\u0144cu, Szko\u0142a Podstawowa im. Jana Paw\u0142a II w\u00a0Kosz\u0119cinie i\u00a0Szko\u0142a Podstawowa im.\u00a074 G\u00f3rno\u015bl\u0105skiego Pu\u0142ku Piechoty w\u00a0Sadowie. Celem konkursu by\u0142o rozbudzanie zainteresowa\u0144 czytelniczych w\u015br\u00f3d dzieci, kszta\u0142towanie nawyku systematycznego czytania oraz\u00a0promocja ksi\u0119gozbior\u00f3w bibliotek szkolnych. Bibliotekarze szkolni mieli za\u00a0zadanie wskaza\u0107 uczni\u00f3w trzecich klas szk\u00f3\u0142 podstawowych, kt\u00f3rzy\u00a0w\u00a0okresie od\u00a01 wrze\u015bnia 2019<span class=\"ellipsis\">&hellip;<\/span><\/p>\n<div class=\"read-more\"><a href=\"https:\/\/pbp.womczest.edu.pl\/new\/najaktywniej-czytajacy-trzecioklasista-wyniki-konkursu\/\">Czytaj wi\u0119cej &#8250;<\/a><\/div>\n<p><!-- end of .read-more --><\/p>\n","protected":false},"author":3,"featured_media":0,"parent":0,"menu_order":0,"comment_status":"closed","ping_status":"closed","template":"","meta":{"footnotes":""},"jetpack_sharing_enabled":true,"jetpack_shortlink":"https:\/\/wp.me\/PgmV4H-4Uo","_links":{"self":[{"href":"https:\/\/pbp.womczest.edu.pl\/new\/wp-json\/wp\/v2\/pages\/18872"}],"collection":[{"href":"https:\/\/pbp.womczest.edu.pl\/new\/wp-json\/wp\/v2\/pages"}],"about":[{"href":"https:\/\/pbp.womczest.edu.pl\/new\/wp-json\/wp\/v2\/types\/page"}],"author":[{"embeddable":true,"href":"https:\/\/pbp.womczest.edu.pl\/new\/wp-json\/wp\/v2\/users\/3"}],"replies":[{"embeddable":true,"href":"https:\/\/pbp.womczest.edu.pl\/new\/wp-json\/wp\/v2\/comments?post=18872"}],"version-history":[{"count":1,"href":"https:\/\/pbp.womczest.edu.pl\/new\/wp-json\/wp\/v2\/pages\/18872\/revisions"}],"predecessor-version":[{"id":18873,"href":"https:\/\/pbp.womczest.edu.pl\/new\/wp-json\/wp\/v2\/pages\/18872\/revisions\/18873"}],"wp:attachment":[{"href":"https:\/\/pbp.womczest.edu.pl\/new\/wp-json\/wp\/v2\/media?parent=18872"}],"curies":[{"name":"wp","href":"https:\/\/api.w.org\/{rel}","templated":true}]}}