


{"id":18869,"date":"2021-09-09T11:36:01","date_gmt":"2021-09-09T09:36:01","guid":{"rendered":"https:\/\/pbp.womczest.edu.pl\/new\/?page_id=18869"},"modified":"2023-03-08T09:17:24","modified_gmt":"2023-03-08T08:17:24","slug":"basnie-legendy-i-podania-gornego-slaska-wyniki-konkursu","status":"publish","type":"page","link":"https:\/\/pbp.womczest.edu.pl\/new\/basnie-legendy-i-podania-gornego-slaska-wyniki-konkursu\/","title":{"rendered":"BA\u015aNIE, LEGENDY I PODANIA G\u00d3RNEGO \u015aL\u0104SKA \u2013 wyniki konkursu"},"content":{"rendered":"<p>20 listopada 2020 r. zako\u0144czy\u0142 si\u0119 XII Powiatowy Konkurs Plastyczny Ba\u015bnie, legendy i podania G\u00f3rnego \u015al\u0105ska, zorganizowany przez Publiczn\u0105 Bibliotek\u0119 Pedagogiczn\u0105 RODN \u201eWOM\u201d w Cz\u0119stochowie Filia w Lubli\u0144cu oraz Szko\u0142\u0119 Podstawow\u0105 nr 1 w Lubli\u0144cu.<\/p>\n<p>Celem konkursu by\u0142o zach\u0119cenie pi\u0105toklasist\u00f3w do czytania poda\u0144 i legend zwi\u0105zanych z dziedzictwem kulturowym w\u0142asnego regionu.<\/p>\n<p>W konkursie wzi\u0119li udzia\u0142 uczniowie reprezentuj\u0105cy 7 szk\u00f3\u0142 powiatu lublinieckiego:<br \/>\n\u2022 Specjalny O\u015brodek Szkolno-Wychowawczy im. Konrada Ma\u0144ki w Lubli\u0144cu,<br \/>\n\u2022 Szko\u0142\u0119 Podstawow\u0105 im. Juliusza Ligonia w Strzebiniu,<br \/>\n\u2022 Szko\u0142\u0119 Podstawow\u0105 im. Wandy Kawy i Bronis\u0142awy Kawy w Ko\u015bmidrach,<br \/>\n\u2022 Szko\u0142\u0119 Podstawow\u0105 nr 1 im. Marii Konopnickiej w Lubli\u0144cu,<br \/>\n\u2022 Zesp\u00f3\u0142 Plac\u00f3wek O\u015bwiatowych im. Unii Europejskiej w Boronowie,<br \/>\n\u2022 Szko\u0142\u0119 Podstawow\u0105 im. Tadeusza Ko\u015bciuszki w Pawonkowie,<br \/>\n\u2022 Szko\u0142\u0119 Podstawow\u0105 w Zborowskiem.<\/p>\n<p>\u0141\u0105cznie nades\u0142ano 20 prac plastycznych.<br \/>\nJury Publicznej Biblioteki Pedagogicznej RODN \u201eWOM\u201d w Cz\u0119stochowie oceni\u0142o prace i przyzna\u0142o nast\u0119puj\u0105ce miejsca:<\/p>\n<p><strong>I MIEJSCE:<\/strong><br \/>\nWIKTORIA KLYTA, kl.5 c, SP w Pawonkowie \u2013 Bazyliszek w koronie<\/p>\n<p><strong>II MIEJSCE:<\/strong><br \/>\nMAJA KACZMARCZYK, kl. 5 , SP w Pawonkowie \u2013 Bazyliszek w koronie<br \/>\nWIKTORIA MIKULSKA, kl. 5, SP 1 Lubliniec \u2013 Syrenka<\/p>\n<p><strong>III MIEJSCE:<\/strong><br \/>\nMAJA MA\u0143KA, kl. 5, SP w Ko\u015bmidrach \u2013 Studnia trzech braci<\/p>\n<p><strong>WYR\u00d3\u017bNIENIE:<\/strong><br \/>\nDAWID GRYCHTO\u0141, kl. 5, SPS nr 2 SOS-W w Lubli\u0144cu \u2013 Czy duch ksi\u0119cia straszy?<br \/>\nKINGA WO\u0179NIAK, kl. 5, SPS nr 2 SOS-W w Lubli\u0144cu \u2013 Czy duch ksi\u0119cia straszy?<\/p>\n<p>&nbsp;<\/p>\n","protected":false},"excerpt":{"rendered":"<p>20 listopada 2020 r. zako\u0144czy\u0142 si\u0119 XII Powiatowy Konkurs Plastyczny Ba\u015bnie, legendy i podania G\u00f3rnego \u015al\u0105ska, zorganizowany przez Publiczn\u0105 Bibliotek\u0119 Pedagogiczn\u0105 RODN \u201eWOM\u201d w Cz\u0119stochowie Filia w Lubli\u0144cu oraz Szko\u0142\u0119 Podstawow\u0105 nr 1 w Lubli\u0144cu. Celem konkursu by\u0142o zach\u0119cenie pi\u0105toklasist\u00f3w do czytania poda\u0144 i legend zwi\u0105zanych z dziedzictwem kulturowym w\u0142asnego regionu. W konkursie wzi\u0119li udzia\u0142 uczniowie reprezentuj\u0105cy 7 szk\u00f3\u0142 powiatu lublinieckiego: \u2022 Specjalny O\u015brodek Szkolno-Wychowawczy im. Konrada Ma\u0144ki w Lubli\u0144cu,<span class=\"ellipsis\">&hellip;<\/span><\/p>\n<div class=\"read-more\"><a href=\"https:\/\/pbp.womczest.edu.pl\/new\/basnie-legendy-i-podania-gornego-slaska-wyniki-konkursu\/\">Czytaj wi\u0119cej &#8250;<\/a><\/div>\n<p><!-- end of .read-more --><\/p>\n","protected":false},"author":3,"featured_media":0,"parent":0,"menu_order":0,"comment_status":"closed","ping_status":"closed","template":"","meta":{"footnotes":""},"jetpack_sharing_enabled":true,"jetpack_shortlink":"https:\/\/wp.me\/PgmV4H-4Ul","_links":{"self":[{"href":"https:\/\/pbp.womczest.edu.pl\/new\/wp-json\/wp\/v2\/pages\/18869"}],"collection":[{"href":"https:\/\/pbp.womczest.edu.pl\/new\/wp-json\/wp\/v2\/pages"}],"about":[{"href":"https:\/\/pbp.womczest.edu.pl\/new\/wp-json\/wp\/v2\/types\/page"}],"author":[{"embeddable":true,"href":"https:\/\/pbp.womczest.edu.pl\/new\/wp-json\/wp\/v2\/users\/3"}],"replies":[{"embeddable":true,"href":"https:\/\/pbp.womczest.edu.pl\/new\/wp-json\/wp\/v2\/comments?post=18869"}],"version-history":[{"count":2,"href":"https:\/\/pbp.womczest.edu.pl\/new\/wp-json\/wp\/v2\/pages\/18869\/revisions"}],"predecessor-version":[{"id":22530,"href":"https:\/\/pbp.womczest.edu.pl\/new\/wp-json\/wp\/v2\/pages\/18869\/revisions\/22530"}],"wp:attachment":[{"href":"https:\/\/pbp.womczest.edu.pl\/new\/wp-json\/wp\/v2\/media?parent=18869"}],"curies":[{"name":"wp","href":"https:\/\/api.w.org\/{rel}","templated":true}]}}